{"id":960,"date":"2026-02-05T17:49:23","date_gmt":"2026-02-05T15:49:23","guid":{"rendered":"https:\/\/advokatopaslaugos.lt\/lawyer-in-vilnius\/"},"modified":"2026-04-09T09:32:59","modified_gmt":"2026-04-09T07:32:59","slug":"lawyer-in-vilnius","status":"publish","type":"page","link":"https:\/\/advokatopaslaugos.lt\/en\/lawyer-in-vilnius\/","title":{"rendered":"Lawyer in Vilnius"},"content":{"rendered":"\t\t<div data-elementor-type=\"wp-page\" data-elementor-id=\"960\" class=\"elementor elementor-960 elementor-764\" data-elementor-post-type=\"page\">\n\t\t\t\t<div class=\"elementor-element elementor-element-424b22e e-flex e-con-boxed elementor-invisible e-con e-parent\" data-id=\"424b22e\" data-element_type=\"container\" data-e-type=\"container\" data-settings=\"{&quot;animation&quot;:&quot;fadeInUp&quot;,&quot;animation_delay&quot;:500}\">\n\t\t\t\t\t<div class=\"e-con-inner\">\n\t\t<div class=\"elementor-element elementor-element-18a86b3 e-con-full e-flex e-con e-child\" data-id=\"18a86b3\" data-element_type=\"container\" data-e-type=\"container\">\n\t\t\t\t<div class=\"elementor-element elementor-element-dff6361 elementor-widget elementor-widget-heading\" data-id=\"dff6361\" data-element_type=\"widget\" data-e-type=\"widget\" data-widget_type=\"heading.default\">\n\t\t\t\t\t<h1 class=\"elementor-heading-title elementor-size-default\">Lawyer in Vilnius<\/h1>\t\t\t\t<\/div>\n\t\t\t\t<div class=\"elementor-element elementor-element-549b2e6 elementor-widget elementor-widget-text-editor\" data-id=\"549b2e6\" data-element_type=\"widget\" data-e-type=\"widget\" data-widget_type=\"text-editor.default\">\n\t\t\t\t\t\t\t\t\t<p class=\"cdk-visually-hidden ng-star-inserted\"><span style=\"font-size: 16px;\">A qualified lawyer in Vilnius is your guarantor for seeking justice in the most complex legal processes. A criminal law attorney and an economic cases lawyer working in the capital will provide a professional defense, while an administrative law attorney will assist in disputes with government institutions. To solve family issues, a family law attorney or a specialized divorce lawyer is called upon, and safety is ensured by a domestic violence lawyer. Civil relations are managed by a civil law attorney and an obligations and contracts lawyer, while disputes between employers and employees are handled by an employment law attorney.<\/span><\/p>\n\t\t\t\t\t\t\t\t<\/div>\n\t\t\t\t<\/div>\n\t\t<div class=\"elementor-element elementor-element-298626b e-con-full e-flex e-con e-child\" data-id=\"298626b\" data-element_type=\"container\" data-e-type=\"container\">\n\t\t\t\t<div class=\"elementor-element elementor-element-6118531 elementor-widget elementor-widget-image\" data-id=\"6118531\" data-element_type=\"widget\" data-e-type=\"widget\" data-widget_type=\"image.default\">\n\t\t\t\t\t\t\t\t\t\t\t\t\t\t\t<img fetchpriority=\"high\" decoding=\"async\" width=\"1024\" height=\"607\" src=\"https:\/\/advokatopaslaugos.lt\/wp-content\/uploads\/advokat-1024x607.jpg\" class=\"attachment-large size-large wp-image-695\" alt=\"Vie\u0161\u0173j\u0173 pirkim\u0173 advokatas\" srcset=\"https:\/\/advokatopaslaugos.lt\/wp-content\/uploads\/advokat-1024x607.jpg 1024w, https:\/\/advokatopaslaugos.lt\/wp-content\/uploads\/advokat-300x178.jpg 300w, https:\/\/advokatopaslaugos.lt\/wp-content\/uploads\/advokat-150x89.jpg 150w, https:\/\/advokatopaslaugos.lt\/wp-content\/uploads\/advokat-768x455.jpg 768w, https:\/\/advokatopaslaugos.lt\/wp-content\/uploads\/advokat.jpg 1200w\" sizes=\"(max-width: 1024px) 100vw, 1024px\" \/>\t\t\t\t\t\t\t\t\t\t\t\t\t\t\t<\/div>\n\t\t\t\t<\/div>\n\t\t\t\t\t<\/div>\n\t\t\t\t<\/div>\n\t\t<div class=\"elementor-element elementor-element-80e99ce e-flex e-con-boxed elementor-invisible e-con e-parent\" data-id=\"80e99ce\" data-element_type=\"container\" data-e-type=\"container\" data-settings=\"{&quot;background_background&quot;:&quot;classic&quot;,&quot;animation&quot;:&quot;fadeInUp&quot;}\">\n\t\t\t\t\t<div class=\"e-con-inner\">\n\t\t\t\t<div class=\"elementor-element elementor-element-553da19 elementor-widget elementor-widget-heading\" data-id=\"553da19\" data-element_type=\"widget\" data-e-type=\"widget\" data-widget_type=\"heading.default\">\n\t\t\t\t\t<h2 class=\"elementor-heading-title elementor-size-default\">Professional help<\/h2>\t\t\t\t<\/div>\n\t\t<div class=\"elementor-element elementor-element-f65205c e-con-full e-flex e-con e-child\" data-id=\"f65205c\" data-element_type=\"container\" data-e-type=\"container\">\n\t\t<div class=\"elementor-element elementor-element-32dbc12 e-con-full e-flex e-con e-child\" data-id=\"32dbc12\" data-element_type=\"container\" data-e-type=\"container\">\n\t\t\t\t<div class=\"elementor-element elementor-element-e796356 elementor-widget elementor-widget-text-editor\" data-id=\"e796356\" data-element_type=\"widget\" data-e-type=\"widget\" data-widget_type=\"text-editor.default\">\n\t\t\t\t\t\t\t\t\t<p>In the modern business world, a lawyer in Vilnius becomes an indispensable partner: a commercial law attorney and an intellectual property lawyer help protect the company&#8217;s value. Specific issues are successfully resolved by a tax law attorney, a public procurement lawyer, and a migration lawyer. If your questions concern property, a professional opinion will be provided by a real estate attorney and a land law lawyer. By choosing an expert in the appropriate field in Vilnius, you will ensure comprehensive legal security and professional representation in any institution.<\/p>\n\t\t\t\t\t\t\t\t<\/div>\n\t\t\t\t<div class=\"elementor-element elementor-element-ec666a5 elementor-widget elementor-widget-button\" data-id=\"ec666a5\" data-element_type=\"widget\" data-e-type=\"widget\" data-widget_type=\"button.default\">\n\t\t\t\t\t\t\t\t\t\t<a class=\"elementor-button elementor-button-link elementor-size-sm\" href=\"tel:+37060877800\">\n\t\t\t\t\t\t<span class=\"elementor-button-content-wrapper\">\n\t\t\t\t\t\t\t\t\t<span class=\"elementor-button-text\">+37060877800<\/span>\n\t\t\t\t\t<\/span>\n\t\t\t\t\t<\/a>\n\t\t\t\t\t\t\t\t<\/div>\n\t\t\t\t<\/div>\n\t\t<div class=\"elementor-element elementor-element-2b54524 e-con-full e-flex e-con e-child\" data-id=\"2b54524\" data-element_type=\"container\" data-e-type=\"container\">\n\t\t\t\t<div class=\"elementor-element elementor-element-81b99f7 elementor-button-align-stretch elementor-widget elementor-widget-form\" data-id=\"81b99f7\" data-element_type=\"widget\" data-e-type=\"widget\" data-settings=\"{&quot;step_next_label&quot;:&quot;Next&quot;,&quot;step_previous_label&quot;:&quot;Previous&quot;,&quot;button_width&quot;:&quot;100&quot;,&quot;step_type&quot;:&quot;number_text&quot;,&quot;step_icon_shape&quot;:&quot;circle&quot;}\" data-widget_type=\"form.default\">\n\t\t\t\t\t\t\t<form class=\"elementor-form\" method=\"post\" id=\"ap1\" name=\"Inquiry\" aria-label=\"Inquiry\">\n\t\t\t<input type=\"hidden\" name=\"post_id\" value=\"960\"\/>\n\t\t\t<input type=\"hidden\" name=\"form_id\" value=\"81b99f7\"\/>\n\t\t\t<input type=\"hidden\" name=\"referer_title\" value=\"Lawyer in Vilnius - Advokato paslaugos\" \/>\n\n\t\t\t\t\t\t\t<input type=\"hidden\" name=\"queried_id\" value=\"960\"\/>\n\t\t\t\n\t\t\t<div class=\"elementor-form-fields-wrapper elementor-labels-\">\n\t\t\t\t\t\t\t\t<div class=\"elementor-field-type-text elementor-field-group elementor-column elementor-field-group-name elementor-col-100 elementor-field-required\">\n\t\t\t\t\t\t\t\t\t\t\t\t<label for=\"form-field-name\" class=\"elementor-field-label elementor-screen-only\">\n\t\t\t\t\t\t\t\tName\t\t\t\t\t\t\t<\/label>\n\t\t\t\t\t\t\t\t\t\t\t\t\t\t<input size=\"1\" type=\"text\" name=\"form_fields[name]\" id=\"form-field-name\" class=\"elementor-field elementor-size-sm  elementor-field-textual\" placeholder=\"Name\" required=\"required\">\n\t\t\t\t\t\t\t\t\t\t\t<\/div>\n\t\t\t\t\t\t\t\t<div class=\"elementor-field-type-email elementor-field-group elementor-column elementor-field-group-email elementor-col-100 elementor-field-required\">\n\t\t\t\t\t\t\t\t\t\t\t\t<label for=\"form-field-email\" class=\"elementor-field-label elementor-screen-only\">\n\t\t\t\t\t\t\t\tEmail\t\t\t\t\t\t\t<\/label>\n\t\t\t\t\t\t\t\t\t\t\t\t\t\t<input size=\"1\" type=\"email\" name=\"form_fields[email]\" id=\"form-field-email\" class=\"elementor-field elementor-size-sm  elementor-field-textual\" placeholder=\"Email\" required=\"required\">\n\t\t\t\t\t\t\t\t\t\t\t<\/div>\n\t\t\t\t\t\t\t\t<div class=\"elementor-field-type-tel elementor-field-group elementor-column elementor-field-group-field_42f4eb6 elementor-col-100 elementor-field-required\">\n\t\t\t\t\t\t\t\t\t\t\t\t<label for=\"form-field-field_42f4eb6\" class=\"elementor-field-label elementor-screen-only\">\n\t\t\t\t\t\t\t\tPhone\t\t\t\t\t\t\t<\/label>\n\t\t\t\t\t\t\t\t<input size=\"1\" type=\"tel\" name=\"form_fields[field_42f4eb6]\" id=\"form-field-field_42f4eb6\" class=\"elementor-field elementor-size-sm  elementor-field-textual\" placeholder=\"Phone\" required=\"required\" pattern=\"[0-9()#&amp;+*-=.]+\" title=\"Only numbers and phone characters (#, -, *, etc) are accepted.\">\n\n\t\t\t\t\t\t<\/div>\n\t\t\t\t\t\t\t\t<div class=\"elementor-field-type-textarea elementor-field-group elementor-column elementor-field-group-message elementor-col-100 elementor-field-required\">\n\t\t\t\t\t\t\t\t\t\t\t\t<label for=\"form-field-message\" class=\"elementor-field-label elementor-screen-only\">\n\t\t\t\t\t\t\t\tBriefly describe the situation\t\t\t\t\t\t\t<\/label>\n\t\t\t\t\t\t<textarea class=\"elementor-field-textual elementor-field  elementor-size-sm\" name=\"form_fields[message]\" id=\"form-field-message\" rows=\"7\" placeholder=\"Briefly describe the situation\" required=\"required\"><\/textarea>\t\t\t\t<\/div>\n\t\t\t\t\t\t\t\t<div class=\"elementor-field-type-recaptcha_v3 elementor-field-group elementor-column elementor-field-group-field_68a4a6d elementor-col-100 recaptcha_v3-bottomright\">\n\t\t\t\t\t<div class=\"elementor-field\" id=\"form-field-field_68a4a6d\"><div class=\"elementor-g-recaptcha\" data-sitekey=\"6Ld6W64sAAAAAE8svODokbULx6BQ9y9mrKno0dWl\" data-type=\"v3\" data-action=\"Form\" data-badge=\"bottomright\" data-size=\"invisible\"><\/div><\/div>\t\t\t\t<\/div>\n\t\t\t\t\t\t\t\t<div class=\"elementor-field-group elementor-column elementor-field-type-submit elementor-col-100 e-form__buttons\">\n\t\t\t\t\t<button class=\"elementor-button elementor-size-sm\" type=\"submit\">\n\t\t\t\t\t\t<span class=\"elementor-button-content-wrapper\">\n\t\t\t\t\t\t\t\t\t\t\t\t\t\t\t\t\t\t\t\t\t\t<span class=\"elementor-button-text\">Send<\/span>\n\t\t\t\t\t\t\t\t\t\t\t\t\t<\/span>\n\t\t\t\t\t<\/button>\n\t\t\t\t<\/div>\n\t\t\t<\/div>\n\t\t<\/form>\n\t\t\t\t\t\t<\/div>\n\t\t\t\t<\/div>\n\t\t\t\t<\/div>\n\t\t\t\t\t<\/div>\n\t\t\t\t<\/div>\n\t\t\t\t<\/div>\n\t\t","protected":false},"excerpt":{"rendered":"<p>Lawyer in Vilnius A qualified lawyer in Vilnius is your guarantor for seeking justice in the most complex legal processes. A criminal law attorney and an economic cases lawyer working in the capital will provide a professional defense, while an administrative law attorney will assist in disputes with government institutions. To solve family issues, a [&hellip;]<\/p>\n","protected":false},"author":1,"featured_media":0,"parent":0,"menu_order":0,"comment_status":"closed","ping_status":"closed","template":"","meta":{"_acf_changed":false,"footnotes":""},"class_list":["post-960","page","type-page","status-publish","hentry"],"acf":[],"_links":{"self":[{"href":"https:\/\/advokatopaslaugos.lt\/en\/wp-json\/wp\/v2\/pages\/960","targetHints":{"allow":["GET"]}}],"collection":[{"href":"https:\/\/advokatopaslaugos.lt\/en\/wp-json\/wp\/v2\/pages"}],"about":[{"href":"https:\/\/advokatopaslaugos.lt\/en\/wp-json\/wp\/v2\/types\/page"}],"author":[{"embeddable":true,"href":"https:\/\/advokatopaslaugos.lt\/en\/wp-json\/wp\/v2\/users\/1"}],"replies":[{"embeddable":true,"href":"https:\/\/advokatopaslaugos.lt\/en\/wp-json\/wp\/v2\/comments?post=960"}],"version-history":[{"count":1,"href":"https:\/\/advokatopaslaugos.lt\/en\/wp-json\/wp\/v2\/pages\/960\/revisions"}],"predecessor-version":[{"id":961,"href":"https:\/\/advokatopaslaugos.lt\/en\/wp-json\/wp\/v2\/pages\/960\/revisions\/961"}],"wp:attachment":[{"href":"https:\/\/advokatopaslaugos.lt\/en\/wp-json\/wp\/v2\/media?parent=960"}],"curies":[{"name":"wp","href":"https:\/\/api.w.org\/{rel}","templated":true}]}}