{"id":387,"date":"2025-02-10T12:20:57","date_gmt":"2025-02-10T10:20:57","guid":{"rendered":"https:\/\/advokatopaslaugos.lt\/uslugi-prawnicze\/"},"modified":"2025-05-27T14:23:47","modified_gmt":"2025-05-27T12:23:47","slug":"uslugi-prawnicze","status":"publish","type":"page","link":"https:\/\/advokatopaslaugos.lt\/pl\/","title":{"rendered":"Us\u0142ugi prawnicze"},"content":{"rendered":"\t\t<div data-elementor-type=\"wp-page\" data-elementor-id=\"387\" class=\"elementor elementor-387 elementor-6\" data-elementor-post-type=\"page\">\n\t\t\t\t<div class=\"elementor-element elementor-element-13f4af0 e-con-full e-flex e-con e-parent\" data-id=\"13f4af0\" data-element_type=\"container\" data-e-type=\"container\">\n\t\t\t\t<div class=\"elementor-element elementor-element-684c352 elementor-widget elementor-widget-n-carousel\" data-id=\"684c352\" data-element_type=\"widget\" data-e-type=\"widget\" data-settings=\"{&quot;carousel_items&quot;:[{&quot;slide_title&quot;:&quot;Slide #1&quot;,&quot;_id&quot;:&quot;a1825f4&quot;}],&quot;slides_to_show&quot;:&quot;1&quot;,&quot;slides_to_scroll&quot;:&quot;1&quot;,&quot;slides_to_show_tablet&quot;:&quot;2&quot;,&quot;slides_to_show_mobile&quot;:&quot;1&quot;,&quot;autoplay&quot;:&quot;yes&quot;,&quot;autoplay_speed&quot;:5000,&quot;pause_on_hover&quot;:&quot;yes&quot;,&quot;pause_on_interaction&quot;:&quot;yes&quot;,&quot;infinite&quot;:&quot;yes&quot;,&quot;speed&quot;:500,&quot;offset_sides&quot;:&quot;none&quot;,&quot;image_spacing_custom&quot;:{&quot;unit&quot;:&quot;px&quot;,&quot;size&quot;:10,&quot;sizes&quot;:[]},&quot;image_spacing_custom_tablet&quot;:{&quot;unit&quot;:&quot;px&quot;,&quot;size&quot;:&quot;&quot;,&quot;sizes&quot;:[]},&quot;image_spacing_custom_mobile&quot;:{&quot;unit&quot;:&quot;px&quot;,&quot;size&quot;:&quot;&quot;,&quot;sizes&quot;:[]}}\" data-widget_type=\"nested-carousel.default\">\n\t\t\t\t\t\t\t<div class=\"e-n-carousel swiper\" role=\"region\" aria-roledescription=\"carousel\" aria-label=\"Advokato paslaugos karusel\u0117\" dir=\"ltr\">\n\t\t\t<div class=\"swiper-wrapper\" aria-live=\"off\">\n\t\t\t\t\t\t\t\t\t\t<div class=\"swiper-slide\" data-slide=\"1\" role=\"group\" aria-roledescription=\"slide\" aria-label=\"1 of 1\">\n\t\t\t\t\t\t\t<div class=\"elementor-element elementor-element-cebf435 e-flex e-con-boxed e-con e-child\" data-id=\"cebf435\" data-element_type=\"container\" data-e-type=\"container\" data-settings=\"{&quot;background_background&quot;:&quot;classic&quot;}\">\n\t\t\t\t\t<div class=\"e-con-inner\">\n\t\t\t\t<div class=\"elementor-element elementor-element-1ba4f8d elementor-invisible elementor-widget elementor-widget-heading\" data-id=\"1ba4f8d\" data-element_type=\"widget\" data-e-type=\"widget\" data-settings=\"{&quot;_animation&quot;:&quot;fadeInLeft&quot;}\" data-widget_type=\"heading.default\">\n\t\t\t\t\t<h1 class=\"elementor-heading-title elementor-size-default\">Us\u0142ugi prawnicze<\/h1>\t\t\t\t<\/div>\n\t\t\t\t<div class=\"elementor-element elementor-element-ad945e7 elementor-invisible elementor-widget elementor-widget-text-editor\" data-id=\"ad945e7\" data-element_type=\"widget\" data-e-type=\"widget\" data-settings=\"{&quot;_animation&quot;:&quot;fadeInLeft&quot;,&quot;_animation_delay&quot;:500}\" data-widget_type=\"text-editor.default\">\n\t\t\t\t\t\t\t\t\t<p>Us\u0142ugi prawnicze w Wilnie i na terenie ca\u0142ej Litwy.<br \/>Tylko wysokiej jako\u015bci us\u0142ugi prawne i us\u0142ugi adwokackie.<\/p>\n\t\t\t\t\t\t\t\t<\/div>\n\t\t\t\t<div class=\"elementor-element elementor-element-6748e98 elementor-invisible elementor-widget elementor-widget-button\" data-id=\"6748e98\" data-element_type=\"widget\" data-e-type=\"widget\" data-settings=\"{&quot;_animation&quot;:&quot;fadeInUp&quot;,&quot;_animation_delay&quot;:1000}\" data-widget_type=\"button.default\">\n\t\t\t\t\t\t\t\t\t\t<a class=\"elementor-button elementor-button-link elementor-size-sm\" href=\"\">\n\t\t\t\t\t\t<span class=\"elementor-button-content-wrapper\">\n\t\t\t\t\t\t\t\t\t<span class=\"elementor-button-text\">+37060877800<\/span>\n\t\t\t\t\t<\/span>\n\t\t\t\t\t<\/a>\n\t\t\t\t\t\t\t\t<\/div>\n\t\t\t\t\t<\/div>\n\t\t\t\t<\/div>\n\t\t\t\t\t\t\t\t<\/div>\n\t\t\t\t\t\t\t\t<\/div>\n\t\t<\/div>\n\t\t\t\t\t\t<\/div>\n\t\t\t\t<\/div>\n\t\t<div class=\"elementor-element elementor-element-7d31ce0 e-flex e-con-boxed elementor-invisible e-con e-parent\" data-id=\"7d31ce0\" data-element_type=\"container\" data-e-type=\"container\" data-settings=\"{&quot;animation&quot;:&quot;fadeInUp&quot;,&quot;animation_delay&quot;:500}\">\n\t\t\t\t\t<div class=\"e-con-inner\">\n\t\t<div class=\"elementor-element elementor-element-6fccbbc e-con-full e-flex e-con e-child\" data-id=\"6fccbbc\" data-element_type=\"container\" data-e-type=\"container\">\n\t\t\t\t<div class=\"elementor-element elementor-element-4742154 elementor-widget elementor-widget-heading\" data-id=\"4742154\" data-element_type=\"widget\" data-e-type=\"widget\" data-widget_type=\"heading.default\">\n\t\t\t\t\t<h2 class=\"elementor-heading-title elementor-size-default\">Potrzebujesz najlepszego prawnika w Wilnie, Kownie, Alytusie, Szawlach, Poniewie\u017cu lub innym mie\u015bcie na Litwie?<\/h2>\t\t\t\t<\/div>\n\t\t\t\t<div class=\"elementor-element elementor-element-120982f elementor-widget elementor-widget-text-editor\" data-id=\"120982f\" data-element_type=\"widget\" data-e-type=\"widget\" data-widget_type=\"text-editor.default\">\n\t\t\t\t\t\t\t\t\t<p>Skontaktuj si\u0119 z nami!\u00a0Zapewniamy Pa\u0144stwu wysokiej jako\u015bci pomoc prawn\u0105 i profesjonalne us\u0142ugi adwokackie na terenie ca\u0142ej Litwy, a nawet poza jej granicami.<\/p>\n<p>Z\u0142\u00f3\u017c wniosek korzystaj\u0105c z formularza na naszej stronie internetowej lub skontaktuj si\u0119 z nami telefonicznie.<\/p>\n<p>Zgodnie z Pa\u0144stwa \u017cyczeniem, us\u0142ugi prawne b\u0119d\u0105 \u015bwiadczone przez do\u015bwiadczonego prawnika i\/lub adwokata. Zapytaj, a my ch\u0119tnie doradzimy lub udzielimy wskaz\u00f3wek.<\/p>\n\t\t\t\t\t\t\t\t<\/div>\n\t\t\t\t<\/div>\n\t\t<div class=\"elementor-element elementor-element-943b030 e-con-full e-flex e-con e-child\" data-id=\"943b030\" data-element_type=\"container\" data-e-type=\"container\">\n\t\t\t\t<div class=\"elementor-element elementor-element-8997d10 elementor-widget elementor-widget-heading\" data-id=\"8997d10\" data-element_type=\"widget\" data-e-type=\"widget\" data-widget_type=\"heading.default\">\n\t\t\t\t\t<h3 class=\"elementor-heading-title elementor-size-default\">Formularz zapytania<\/h3>\t\t\t\t<\/div>\n\t\t\t\t<div class=\"elementor-element elementor-element-b358722 elementor-button-align-stretch elementor-widget elementor-widget-form\" data-id=\"b358722\" data-element_type=\"widget\" data-e-type=\"widget\" data-settings=\"{&quot;step_next_label&quot;:&quot;Nast\\u0119pny&quot;,&quot;step_previous_label&quot;:&quot;Poprzedni&quot;,&quot;button_width&quot;:&quot;100&quot;,&quot;step_type&quot;:&quot;number_text&quot;,&quot;step_icon_shape&quot;:&quot;circle&quot;}\" data-widget_type=\"form.default\">\n\t\t\t\t\t\t\t<form class=\"elementor-form\" method=\"post\" id=\"ap1\" name=\"Nowy formularz\" aria-label=\"Nowy formularz\">\n\t\t\t<input type=\"hidden\" name=\"post_id\" value=\"387\"\/>\n\t\t\t<input type=\"hidden\" name=\"form_id\" value=\"b358722\"\/>\n\t\t\t<input type=\"hidden\" name=\"referer_title\" value=\"Us\u0142ugi prawnicze - Advokato paslaugos\" \/>\n\n\t\t\t\t\t\t\t<input type=\"hidden\" name=\"queried_id\" value=\"387\"\/>\n\t\t\t\n\t\t\t<div class=\"elementor-form-fields-wrapper elementor-labels-\">\n\t\t\t\t\t\t\t\t<div class=\"elementor-field-type-text elementor-field-group elementor-column elementor-field-group-name elementor-col-100 elementor-field-required\">\n\t\t\t\t\t\t\t\t\t\t\t\t<label for=\"form-field-name\" class=\"elementor-field-label elementor-screen-only\">\n\t\t\t\t\t\t\t\tNazwa\t\t\t\t\t\t\t<\/label>\n\t\t\t\t\t\t\t\t\t\t\t\t\t\t<input size=\"1\" type=\"text\" name=\"form_fields[name]\" id=\"form-field-name\" class=\"elementor-field elementor-size-sm  elementor-field-textual\" placeholder=\"Nazwa\" required=\"required\">\n\t\t\t\t\t\t\t\t\t\t\t<\/div>\n\t\t\t\t\t\t\t\t<div class=\"elementor-field-type-email elementor-field-group elementor-column elementor-field-group-email elementor-col-100 elementor-field-required\">\n\t\t\t\t\t\t\t\t\t\t\t\t<label for=\"form-field-email\" class=\"elementor-field-label elementor-screen-only\">\n\t\t\t\t\t\t\t\tE-mail\t\t\t\t\t\t\t<\/label>\n\t\t\t\t\t\t\t\t\t\t\t\t\t\t<input size=\"1\" type=\"email\" name=\"form_fields[email]\" id=\"form-field-email\" class=\"elementor-field elementor-size-sm  elementor-field-textual\" placeholder=\"E-mail\" required=\"required\">\n\t\t\t\t\t\t\t\t\t\t\t<\/div>\n\t\t\t\t\t\t\t\t<div class=\"elementor-field-type-tel elementor-field-group elementor-column elementor-field-group-field_42f4eb6 elementor-col-100 elementor-field-required\">\n\t\t\t\t\t\t\t\t\t\t\t\t<label for=\"form-field-field_42f4eb6\" class=\"elementor-field-label elementor-screen-only\">\n\t\t\t\t\t\t\t\tTelefon\t\t\t\t\t\t\t<\/label>\n\t\t\t\t\t\t\t\t<input size=\"1\" type=\"tel\" name=\"form_fields[field_42f4eb6]\" id=\"form-field-field_42f4eb6\" class=\"elementor-field elementor-size-sm  elementor-field-textual\" placeholder=\"Telefon\" required=\"required\" pattern=\"[0-9()#&amp;+*-=.]+\" title=\"Only numbers and phone characters (#, -, *, etc) are accepted.\">\n\n\t\t\t\t\t\t<\/div>\n\t\t\t\t\t\t\t\t<div class=\"elementor-field-type-select elementor-field-group elementor-column elementor-field-group-field_9d96080 elementor-col-100 elementor-field-required\">\n\t\t\t\t\t\t\t\t\t\t\t\t<label for=\"form-field-field_9d96080\" class=\"elementor-field-label elementor-screen-only\">\n\t\t\t\t\t\t\t\tDziedzina\t\t\t\t\t\t\t<\/label>\n\t\t\t\t\t\t\t\t<div class=\"elementor-field elementor-select-wrapper remove-before \">\n\t\t\t<div class=\"select-caret-down-wrapper\">\n\t\t\t\t<svg aria-hidden=\"true\" class=\"e-font-icon-svg e-eicon-caret-down\" viewBox=\"0 0 571.4 571.4\" xmlns=\"http:\/\/www.w3.org\/2000\/svg\"><path d=\"M571 393Q571 407 561 418L311 668Q300 679 286 679T261 668L11 418Q0 407 0 393T11 368 36 357H536Q550 357 561 368T571 393Z\"><\/path><\/svg>\t\t\t<\/div>\n\t\t\t<select name=\"form_fields[field_9d96080]\" id=\"form-field-field_9d96080\" class=\"elementor-field-textual elementor-size-sm\" required=\"required\">\n\t\t\t\t\t\t\t\t\t<option value=\"Nie wiem, jaki obszar&lt;br&gt;Prawo pracy&lt;br&gt;Prawo zam\u00f3wie\u0144 publicznych&lt;br&gt;Prawo cywilne i rozwodowe&lt;br&gt;Prawo um\u00f3w&lt;br&gt;Prawo karne&lt;br&gt;Prawo ubezpieczeniowe&lt;br&gt;Prawo papier\u00f3w warto\u015bciowych&lt;br&gt;Prawo rodzinne&lt;br&gt;Prawo migracyjne&lt;br&gt;Spory podatkowe&lt;br&gt;Biznes prawo&lt;br&gt;Podzia\u0142 maj\u0105tku&lt;br&gt;Prawo gruntowe i nieruchomo\u015bci\">Nie wiem, jaki obszar&lt;br&gt;Prawo pracy&lt;br&gt;Prawo zam\u00f3wie\u0144 publicznych&lt;br&gt;Prawo cywilne i rozwodowe&lt;br&gt;Prawo um\u00f3w&lt;br&gt;Prawo karne&lt;br&gt;Prawo ubezpieczeniowe&lt;br&gt;Prawo papier\u00f3w warto\u015bciowych&lt;br&gt;Prawo rodzinne&lt;br&gt;Prawo migracyjne&lt;br&gt;Spory podatkowe&lt;br&gt;Biznes prawo&lt;br&gt;Podzia\u0142 maj\u0105tku&lt;br&gt;Prawo gruntowe i nieruchomo\u015bci<\/option>\n\t\t\t\t\t\t\t<\/select>\n\t\t<\/div>\n\t\t\t\t\t\t<\/div>\n\t\t\t\t\t\t\t\t<div class=\"elementor-field-type-textarea elementor-field-group elementor-column elementor-field-group-message elementor-col-100 elementor-field-required\">\n\t\t\t\t\t\t\t\t\t\t\t\t<label for=\"form-field-message\" class=\"elementor-field-label elementor-screen-only\">\n\t\t\t\t\t\t\t\tKr\u00f3tko opisz sytuacj\u0119\t\t\t\t\t\t\t<\/label>\n\t\t\t\t\t\t<textarea class=\"elementor-field-textual elementor-field  elementor-size-sm\" name=\"form_fields[message]\" id=\"form-field-message\" rows=\"7\" placeholder=\"Kr\u00f3tko opisz sytuacj\u0119\" required=\"required\"><\/textarea>\t\t\t\t<\/div>\n\t\t\t\t\t\t\t\t<div class=\"elementor-field-group elementor-column elementor-field-type-submit elementor-col-100 e-form__buttons\">\n\t\t\t\t\t<button class=\"elementor-button elementor-size-sm\" type=\"submit\">\n\t\t\t\t\t\t<span class=\"elementor-button-content-wrapper\">\n\t\t\t\t\t\t\t\t\t\t\t\t\t\t\t\t\t\t\t\t\t\t<span class=\"elementor-button-text\">Wys\u0142a\u0107<\/span>\n\t\t\t\t\t\t\t\t\t\t\t\t\t<\/span>\n\t\t\t\t\t<\/button>\n\t\t\t\t<\/div>\n\t\t\t<\/div>\n\t\t<\/form>\n\t\t\t\t\t\t<\/div>\n\t\t\t\t<\/div>\n\t\t\t\t\t<\/div>\n\t\t\t\t<\/div>\n\t\t<div class=\"elementor-element elementor-element-5148535 e-flex e-con-boxed elementor-invisible e-con e-parent\" data-id=\"5148535\" data-element_type=\"container\" data-e-type=\"container\" data-settings=\"{&quot;background_background&quot;:&quot;classic&quot;,&quot;animation&quot;:&quot;fadeInUp&quot;}\">\n\t\t\t\t\t<div class=\"e-con-inner\">\n\t\t\t\t<div class=\"elementor-element elementor-element-7855391 elementor-widget elementor-widget-heading\" data-id=\"7855391\" data-element_type=\"widget\" data-e-type=\"widget\" data-widget_type=\"heading.default\">\n\t\t\t\t\t<h2 class=\"elementor-heading-title elementor-size-default\">Dlaczego warto si\u0119 z nami skontaktowa\u0107?<\/h2>\t\t\t\t<\/div>\n\t\t<div class=\"elementor-element elementor-element-ab1e826 e-grid e-con-full e-con e-child\" data-id=\"ab1e826\" data-element_type=\"container\" data-e-type=\"container\">\n\t\t\t\t<div class=\"elementor-element elementor-element-a8553e5 elementor-widget elementor-widget-icon-box\" data-id=\"a8553e5\" data-element_type=\"widget\" data-e-type=\"widget\" data-widget_type=\"icon-box.default\">\n\t\t\t\t\t\t\t<div class=\"elementor-icon-box-wrapper\">\n\n\t\t\t\n\t\t\t\t\t\t<div class=\"elementor-icon-box-content\">\n\n\t\t\t\t\t\t\t\t\t<h3 class=\"elementor-icon-box-title\">\n\t\t\t\t\t\t<span  >\n\t\t\t\t\t\t\tDo\u015bwiadczenie i profesjonalizm\t\t\t\t\t\t<\/span>\n\t\t\t\t\t<\/h3>\n\t\t\t\t\n\t\t\t\t\t\t\t\t\t<p class=\"elementor-icon-box-description\">\n\t\t\t\t\t\tNasi prawnicy posiadaj\u0105 wieloletnie do\u015bwiadczenie w r\u00f3\u017cnych dziedzinach prawa.\t\t\t\t\t<\/p>\n\t\t\t\t\n\t\t\t<\/div>\n\t\t\t\n\t\t<\/div>\n\t\t\t\t\t\t<\/div>\n\t\t\t\t<div class=\"elementor-element elementor-element-ee96e63 elementor-widget elementor-widget-icon-box\" data-id=\"ee96e63\" data-element_type=\"widget\" data-e-type=\"widget\" data-widget_type=\"icon-box.default\">\n\t\t\t\t\t\t\t<div class=\"elementor-icon-box-wrapper\">\n\n\t\t\t\n\t\t\t\t\t\t<div class=\"elementor-icon-box-content\">\n\n\t\t\t\t\t\t\t\t\t<h3 class=\"elementor-icon-box-title\">\n\t\t\t\t\t\t<span  >\n\t\t\t\t\t\t\tIndywidualne podej\u015bcie\t\t\t\t\t\t<\/span>\n\t\t\t\t\t<\/h3>\n\t\t\t\t\n\t\t\t\t\t\t\t\t\t<p class=\"elementor-icon-box-description\">\n\t\t\t\t\t\tKa\u017cdemu klientowi po\u015bwi\u0119camy osobist\u0105 uwag\u0119 i wybieramy najbardziej odpowiednie rozwi\u0105zanie.\t\t\t\t\t<\/p>\n\t\t\t\t\n\t\t\t<\/div>\n\t\t\t\n\t\t<\/div>\n\t\t\t\t\t\t<\/div>\n\t\t\t\t<div class=\"elementor-element elementor-element-8c3e377 elementor-widget elementor-widget-icon-box\" data-id=\"8c3e377\" data-element_type=\"widget\" data-e-type=\"widget\" data-widget_type=\"icon-box.default\">\n\t\t\t\t\t\t\t<div class=\"elementor-icon-box-wrapper\">\n\n\t\t\t\n\t\t\t\t\t\t<div class=\"elementor-icon-box-content\">\n\n\t\t\t\t\t\t\t\t\t<h3 class=\"elementor-icon-box-title\">\n\t\t\t\t\t\t<span  >\n\t\t\t\t\t\t\tPoufno\u015b\u0107\t\t\t\t\t\t<\/span>\n\t\t\t\t\t<\/h3>\n\t\t\t\t\n\t\t\t\t\t\t\t\t\t<p class=\"elementor-icon-box-description\">\n\t\t\t\t\t\tZapewniamy ca\u0142kowit\u0105 poufno\u015b\u0107 Twoich danych.\t\t\t\t\t<\/p>\n\t\t\t\t\n\t\t\t<\/div>\n\t\t\t\n\t\t<\/div>\n\t\t\t\t\t\t<\/div>\n\t\t\t\t<div class=\"elementor-element elementor-element-141b54f elementor-widget elementor-widget-icon-box\" data-id=\"141b54f\" data-element_type=\"widget\" data-e-type=\"widget\" data-widget_type=\"icon-box.default\">\n\t\t\t\t\t\t\t<div class=\"elementor-icon-box-wrapper\">\n\n\t\t\t\n\t\t\t\t\t\t<div class=\"elementor-icon-box-content\">\n\n\t\t\t\t\t\t\t\t\t<h3 class=\"elementor-icon-box-title\">\n\t\t\t\t\t\t<span  >\n\t\t\t\t\t\t\tSzybkie i skuteczne rozwi\u0105zanie\t\t\t\t\t\t<\/span>\n\t\t\t\t\t<\/h3>\n\t\t\t\t\n\t\t\t\t\t\t\t\t\t<p class=\"elementor-icon-box-description\">\n\t\t\t\t\t\tDok\u0142adamy wszelkich stara\u0144, aby rozwi\u0105za\u0107 Tw\u00f3j problem prawny tak szybko i skutecznie, jak to tylko mo\u017cliwe.\t\t\t\t\t<\/p>\n\t\t\t\t\n\t\t\t<\/div>\n\t\t\t\n\t\t<\/div>\n\t\t\t\t\t\t<\/div>\n\t\t\t\t<div class=\"elementor-element elementor-element-165431a elementor-widget elementor-widget-icon-box\" data-id=\"165431a\" data-element_type=\"widget\" data-e-type=\"widget\" data-widget_type=\"icon-box.default\">\n\t\t\t\t\t\t\t<div class=\"elementor-icon-box-wrapper\">\n\n\t\t\t\n\t\t\t\t\t\t<div class=\"elementor-icon-box-content\">\n\n\t\t\t\t\t\t\t\t\t<h3 class=\"elementor-icon-box-title\">\n\t\t\t\t\t\t<span  >\n\t\t\t\t\t\t\tUczciwa cena\t\t\t\t\t\t<\/span>\n\t\t\t\t\t<\/h3>\n\t\t\t\t\n\t\t\t\t\t\t\t\t\t<p class=\"elementor-icon-box-description\">\n\t\t\t\t\t\tOd razu podajemy cen\u0119 za porad\u0119 prawn\u0105\/us\u0142ug\u0119 prawnika.<br>Oferujemy kr\u00f3tkie, bezp\u0142atne konsultacje prawne za po\u015brednictwem poczty elektronicznej. poczt\u0105 lub telefonicznie.\t\t\t\t\t<\/p>\n\t\t\t\t\n\t\t\t<\/div>\n\t\t\t\n\t\t<\/div>\n\t\t\t\t\t\t<\/div>\n\t\t\t\t<\/div>\n\t\t\t\t\t<\/div>\n\t\t\t\t<\/div>\n\t\t<div class=\"elementor-element elementor-element-699d14b e-flex e-con-boxed elementor-invisible e-con e-parent\" data-id=\"699d14b\" data-element_type=\"container\" data-e-type=\"container\" data-settings=\"{&quot;animation&quot;:&quot;fadeInUp&quot;}\">\n\t\t\t\t\t<div class=\"e-con-inner\">\n\t\t\t\t<div class=\"elementor-element elementor-element-480ebd7 elementor-widget elementor-widget-heading\" data-id=\"480ebd7\" data-element_type=\"widget\" data-e-type=\"widget\" data-widget_type=\"heading.default\">\n\t\t\t\t\t<h2 class=\"elementor-heading-title elementor-size-default\">Nasze us\u0142ugi<\/h2>\t\t\t\t<\/div>\n\t\t<div class=\"elementor-element elementor-element-99bdfd4 e-con-full e-flex e-con e-child\" data-id=\"99bdfd4\" data-element_type=\"container\" data-e-type=\"container\">\n\t\t\t\t<div class=\"elementor-element elementor-element-9dd7ab7 elementor-widget__width-initial elementor-widget elementor-widget-text-editor\" data-id=\"9dd7ab7\" data-element_type=\"widget\" data-e-type=\"widget\" data-widget_type=\"text-editor.default\">\n\t\t\t\t\t\t\t\t\t<ul>\n<li>Prawo pracy<\/li>\n<li>Prawo zam\u00f3wie\u0144 publicznych<\/li>\n<li>Prawo cywilne i rozwodowe<\/li>\n<li>Prawo um\u00f3w<\/li>\n<li>Prawo karne<\/li>\n<li>Prawo ubezpieczeniowe<\/li>\n<li>Prawo papier\u00f3w warto\u015bciowych<\/li>\n<\/ul>\n\t\t\t\t\t\t\t\t<\/div>\n\t\t\t\t<div class=\"elementor-element elementor-element-a689d8c elementor-widget__width-initial elementor-widget elementor-widget-text-editor\" data-id=\"a689d8c\" data-element_type=\"widget\" data-e-type=\"widget\" data-widget_type=\"text-editor.default\">\n\t\t\t\t\t\t\t\t\t<ul>\n<li>Prawo rodzinne<\/li>\n<li>Prawo migracyjne<\/li>\n<li>Spory podatkowe<\/li>\n<li>Biznes prawo<\/li>\n<li>Podzia\u0142 maj\u0105tku<\/li>\n<li>Prawo gruntowe i nieruchomo\u015bci<\/li>\n<li>i innych dziedzin prawa<\/li>\n<\/ul>\n\t\t\t\t\t\t\t\t<\/div>\n\t\t\t\t<\/div>\n\t\t\t\t\t<\/div>\n\t\t\t\t<\/div>\n\t\t<div class=\"elementor-element elementor-element-5d9532d e-flex e-con-boxed elementor-invisible e-con e-parent\" data-id=\"5d9532d\" data-element_type=\"container\" data-e-type=\"container\" data-settings=\"{&quot;background_background&quot;:&quot;classic&quot;,&quot;animation&quot;:&quot;fadeInUp&quot;}\">\n\t\t\t\t\t<div class=\"e-con-inner\">\n\t\t\t\t<div class=\"elementor-element elementor-element-900f00d elementor-widget elementor-widget-heading\" data-id=\"900f00d\" data-element_type=\"widget\" data-e-type=\"widget\" data-widget_type=\"heading.default\">\n\t\t\t\t\t<h2 class=\"elementor-heading-title elementor-size-default\">Jak z\u0142o\u017cy\u0107 wniosek?<\/h2>\t\t\t\t<\/div>\n\t\t\t\t<div class=\"elementor-element elementor-element-b45efa9 elementor-widget__width-inherit elementor-widget elementor-widget-text-editor\" data-id=\"b45efa9\" data-element_type=\"widget\" data-e-type=\"widget\" data-widget_type=\"text-editor.default\">\n\t\t\t\t\t\t\t\t\t<p>Z\u0142\u00f3\u017c wniosek korzystaj\u0105c z formularza na naszej stronie internetowej lub skontaktuj si\u0119 z nami telefonicznie:<\/p>\n\t\t\t\t\t\t\t\t<\/div>\n\t\t\t\t<div class=\"elementor-element elementor-element-e6dfc27 elementor-widget elementor-widget-button\" data-id=\"e6dfc27\" data-element_type=\"widget\" data-e-type=\"widget\" data-widget_type=\"button.default\">\n\t\t\t\t\t\t\t\t\t\t<a class=\"elementor-button elementor-button-link elementor-size-sm\" href=\"\">\n\t\t\t\t\t\t<span class=\"elementor-button-content-wrapper\">\n\t\t\t\t\t\t\t\t\t<span class=\"elementor-button-text\">+37060877800<\/span>\n\t\t\t\t\t<\/span>\n\t\t\t\t\t<\/a>\n\t\t\t\t\t\t\t\t<\/div>\n\t\t\t\t\t<\/div>\n\t\t\t\t<\/div>\n\t\t\t\t<\/div>\n\t\t","protected":false},"excerpt":{"rendered":"<p>Us\u0142ugi prawnicze Us\u0142ugi prawnicze w Wilnie i na terenie ca\u0142ej Litwy.Tylko wysokiej jako\u015bci us\u0142ugi prawne i us\u0142ugi adwokackie. +37060877800 Us\u0142ugi prawnicze Us\u0142ugi prawnicze w Wilnie i na terenie ca\u0142ej Litwy.Tylko wysokiej jako\u015bci us\u0142ugi prawne i us\u0142ugi adwokackie. +37060877800 Potrzebujesz najlepszego prawnika w Wilnie, Kownie, Alytusie, Szawlach, Poniewie\u017cu lub innym mie\u015bcie na Litwie? Skontaktuj si\u0119 z [&hellip;]<\/p>\n","protected":false},"author":1,"featured_media":0,"parent":0,"menu_order":0,"comment_status":"closed","ping_status":"closed","template":"elementor_header_footer","meta":{"_acf_changed":false,"footnotes":""},"class_list":["post-387","page","type-page","status-publish","hentry"],"acf":[],"_links":{"self":[{"href":"https:\/\/advokatopaslaugos.lt\/pl\/wp-json\/wp\/v2\/pages\/387","targetHints":{"allow":["GET"]}}],"collection":[{"href":"https:\/\/advokatopaslaugos.lt\/pl\/wp-json\/wp\/v2\/pages"}],"about":[{"href":"https:\/\/advokatopaslaugos.lt\/pl\/wp-json\/wp\/v2\/types\/page"}],"author":[{"embeddable":true,"href":"https:\/\/advokatopaslaugos.lt\/pl\/wp-json\/wp\/v2\/users\/1"}],"replies":[{"embeddable":true,"href":"https:\/\/advokatopaslaugos.lt\/pl\/wp-json\/wp\/v2\/comments?post=387"}],"version-history":[{"count":7,"href":"https:\/\/advokatopaslaugos.lt\/pl\/wp-json\/wp\/v2\/pages\/387\/revisions"}],"predecessor-version":[{"id":595,"href":"https:\/\/advokatopaslaugos.lt\/pl\/wp-json\/wp\/v2\/pages\/387\/revisions\/595"}],"wp:attachment":[{"href":"https:\/\/advokatopaslaugos.lt\/pl\/wp-json\/wp\/v2\/media?parent=387"}],"curies":[{"name":"wp","href":"https:\/\/api.w.org\/{rel}","templated":true}]}}