{"id":395,"date":"2025-02-10T12:44:43","date_gmt":"2025-02-10T10:44:43","guid":{"rendered":"https:\/\/advokatopaslaugos.lt\/uslugi-prawnicze\/radca-prawny-ds-prawa-administracyjnego\/"},"modified":"2025-04-10T14:03:46","modified_gmt":"2025-04-10T12:03:46","slug":"radca-prawny-ds-prawa-administracyjnego","status":"publish","type":"page","link":"https:\/\/advokatopaslaugos.lt\/pl\/uslugi-prawnicze\/radca-prawny-ds-prawa-administracyjnego\/","title":{"rendered":"Radca prawny ds. prawa administracyjnego"},"content":{"rendered":"\t\t<div data-elementor-type=\"wp-page\" data-elementor-id=\"395\" class=\"elementor elementor-395 elementor-29\" data-elementor-post-type=\"page\">\n\t\t\t\t<div class=\"elementor-element elementor-element-32cd467a e-flex e-con-boxed elementor-invisible e-con e-parent\" data-id=\"32cd467a\" data-element_type=\"container\" data-e-type=\"container\" data-settings=\"{&quot;animation&quot;:&quot;fadeInUp&quot;,&quot;animation_delay&quot;:500}\">\n\t\t\t\t\t<div class=\"e-con-inner\">\n\t\t<div class=\"elementor-element elementor-element-42d1bc28 e-con-full e-flex e-con e-child\" data-id=\"42d1bc28\" data-element_type=\"container\" data-e-type=\"container\">\n\t\t\t\t<div class=\"elementor-element elementor-element-1b6be9c elementor-widget elementor-widget-heading\" data-id=\"1b6be9c\" data-element_type=\"widget\" data-e-type=\"widget\" data-widget_type=\"heading.default\">\n\t\t\t\t\t<h2 class=\"elementor-heading-title elementor-size-default\">Radca prawny specjalizuj\u0105cy si\u0119 w prawie administracyjnym: Zapewnienie obronno\u015bci i sprawiedliwo\u015bci w relacjach z pa\u0144stwem<\/h2>\t\t\t\t<\/div>\n\t\t\t\t<div class=\"elementor-element elementor-element-3ac98a91 elementor-widget elementor-widget-text-editor\" data-id=\"3ac98a91\" data-element_type=\"widget\" data-e-type=\"widget\" data-widget_type=\"text-editor.default\">\n\t\t\t\t\t\t\t\t\t<p data-sourcepos=\"5:1-5:364\">Prawo administracyjne jest ga\u0142\u0119zi\u0105 prawa reguluj\u0105c\u0105 stosunki mi\u0119dzy obywatelami a pa\u0144stwowymi instytucjami administracyjnymi. Niezale\u017cnie od tego, czy jeste\u015b przedsi\u0119biorc\u0105, kt\u00f3ry musi zmierzy\u0107 si\u0119 z decyzj\u0105 instytucji pa\u0144stwowej, czy osob\u0105 fizyczn\u0105 kwestionuj\u0105c\u0105 dzia\u0142ania gminy, prawnik specjalizuj\u0105cy si\u0119 w prawie administracyjnym w Wilnie jest gotowy udzieli\u0107 Ci wykwalifikowanej pomocy prawnej, pomagaj\u0105c chroni\u0107 Twoje prawa i uzasadnione interesy w relacjach z instytucjami pa\u0144stwowymi.<\/p>\n\t\t\t\t\t\t\t\t<\/div>\n\t\t\t\t<\/div>\n\t\t<div class=\"elementor-element elementor-element-3df68009 e-con-full e-flex e-con e-child\" data-id=\"3df68009\" data-element_type=\"container\" data-e-type=\"container\">\n\t\t\t\t<\/div>\n\t\t\t\t\t<\/div>\n\t\t\t\t<\/div>\n\t\t<div class=\"elementor-element elementor-element-2f4495ab e-flex e-con-boxed elementor-invisible e-con e-parent\" data-id=\"2f4495ab\" data-element_type=\"container\" data-e-type=\"container\" data-settings=\"{&quot;background_background&quot;:&quot;classic&quot;,&quot;animation&quot;:&quot;fadeInUp&quot;}\">\n\t\t\t\t\t<div class=\"e-con-inner\">\n\t\t\t\t<div class=\"elementor-element elementor-element-173f0c2e elementor-widget elementor-widget-heading\" data-id=\"173f0c2e\" data-element_type=\"widget\" data-e-type=\"widget\" data-widget_type=\"heading.default\">\n\t\t\t\t\t<h2 class=\"elementor-heading-title elementor-size-default\">Dlaczego potrzebujesz prawnika specjalizuj\u0105cego si\u0119 w prawie administracyjnym?<\/h2>\t\t\t\t<\/div>\n\t\t\t\t<div class=\"elementor-element elementor-element-2bf5c08b elementor-widget elementor-widget-text-editor\" data-id=\"2bf5c08b\" data-element_type=\"widget\" data-e-type=\"widget\" data-widget_type=\"text-editor.default\">\n\t\t\t\t\t\t\t\t\t<p data-sourcepos=\"9:1-9:143\">W stosunkach z pa\u0144stwem cz\u0119sto spotykamy si\u0119 ze skomplikowanymi procedurami i biurokracj\u0105. Radca specjalizuj\u0105cy si\u0119 w prawie administracyjnym jest niezb\u0119dny, poniewa\u017c:<\/p>\n<ul data-sourcepos=\"11:1-16:0\">\n<li data-sourcepos=\"11:1-11:263\"><strong>Zna zawi\u0142o\u015bci prawa administracyjnego:<\/strong> Zna dobrze Ustaw\u0119 o post\u0119powaniu administracyjnym Republiki Litewskiej, Ustaw\u0119 o administracji publicznej i inne akty prawne reguluj\u0105ce dzia\u0142alno\u015b\u0107 administracji pa\u0144stwowej i rozstrzyganie spor\u00f3w.<\/li>\n<li data-sourcepos=\"12:1-12:168\"><strong>Pomaga broni\u0107 Twoich praw wobec pa\u0144stwa:<\/strong> Broni Twoich praw w sporach z instytucjami pa\u0144stwowymi, gminami i innymi podmiotami administracji publicznej.<\/li>\n<li data-sourcepos=\"13:1-13:188\"><strong>Pomaga unika\u0107 b\u0142\u0119d\u00f3w w procesach administracyjnych:<\/strong> Doradza i pomaga w prawid\u0142owym przygotowywaniu dokument\u00f3w, przestrzeganiu procedur i unikaniu b\u0142\u0119d\u00f3w, kt\u00f3re mog\u0105 prowadzi\u0107 do negatywnych decyzji.<\/li>\n<li data-sourcepos=\"14:1-14:160\"><strong>Skutecznie reprezentuje Twoje interesy:<\/strong> Reprezentuje Twoje interesy w sporach administracyjnych w instytucjach post\u0119powania przygotowawczego i s\u0105dach administracyjnych.<\/li>\n<li data-sourcepos=\"15:1-16:0\"><strong>Oszcz\u0119dza Tw\u00f3j czas i nerwy:<\/strong> przejmuje rozwi\u0105zywanie skomplikowanych procedur administracyjnych i spor\u00f3w, pozwalaj\u0105c Ci skupi\u0107 si\u0119 na podstawowej dzia\u0142alno\u015bci Twojej firmy lub sprawach osobistych.<\/li>\n<\/ul>\n\t\t\t\t\t\t\t\t<\/div>\n\t\t\t\t\t<\/div>\n\t\t\t\t<\/div>\n\t\t<div class=\"elementor-element elementor-element-78349da6 e-flex e-con-boxed elementor-invisible e-con e-parent\" data-id=\"78349da6\" data-element_type=\"container\" data-e-type=\"container\" data-settings=\"{&quot;animation&quot;:&quot;fadeInUp&quot;}\">\n\t\t\t\t\t<div class=\"e-con-inner\">\n\t\t\t\t<div class=\"elementor-element elementor-element-7b3d7db elementor-widget elementor-widget-heading\" data-id=\"7b3d7db\" data-element_type=\"widget\" data-e-type=\"widget\" data-widget_type=\"heading.default\">\n\t\t\t\t\t<h2 class=\"elementor-heading-title elementor-size-default\">Kiedy potrzebna jest prawnika specjalizuj\u0105cego si\u0119 w prawie administracyjnym?<\/h2>\t\t\t\t<\/div>\n\t\t\t\t<div class=\"elementor-element elementor-element-305bbf73 elementor-widget elementor-widget-text-editor\" data-id=\"305bbf73\" data-element_type=\"widget\" data-e-type=\"widget\" data-widget_type=\"text-editor.default\">\n\t\t\t\t\t\t\t\t\t<p data-sourcepos=\"19:1-19:78\">Us\u0142ugi prawnika specjalizuj\u0105cego si\u0119 w prawie administracyjnym s\u0105 szczeg\u00f3lnie potrzebne w nast\u0119puj\u0105cych przypadkach:<\/p>\n<ul data-sourcepos=\"21:1-32:0\">\n<li data-sourcepos=\"21:1-21:259\"><strong>Spory z instytucjami pa\u0144stwowymi:<\/strong> Spory dotycz\u0105ce decyzji i dzia\u0142a\u0144 Pa\u0144stwowej Inspekcji Podatkowej (VMI), \u201eSodra\u201d, S\u0142u\u017cby Celnej, Krajowej S\u0142u\u017cby Ziemskiej, Pa\u0144stwowej Inspekcji Planowania Terytorialnego i Budownictwa oraz innych instytucji pa\u0144stwowych.<\/li>\n<li data-sourcepos=\"22:1-22:242\"><strong>Spory z gminami:<\/strong> Spory dotycz\u0105ce decyzji rad gminnych, zarz\u0105dze\u0144 dyrektora administracji gminnej, pozwole\u0144, licencji, dokument\u00f3w planowania terytorialnego, pozwole\u0144 na budow\u0119 i dzia\u0142a\u0144 innych instytucji gminnych.<\/li>\n<li data-sourcepos=\"23:1-23:253\"><strong>Odwo\u0142anie od kary administracyjnej:<\/strong> Odwo\u0142anie od kary administracyjnej na\u0142o\u017conej przez Policj\u0119, Pa\u0144stwow\u0105 Inspekcj\u0119 Pracy, Pa\u0144stwow\u0105 S\u0142u\u017cb\u0119 \u017bywno\u015bciow\u0105 i Weterynaryjn\u0105, Stra\u017c Po\u017carn\u0105 i Ratownictwo oraz inne instytucje.<\/li>\n<li data-sourcepos=\"24:1-24:154\"><strong>Zam\u00f3wienia publiczne:<\/strong> Pomoc prawna w zakresie uczestnictwa w zam\u00f3wieniach publicznych, przygotowywanie roszcze\u0144 i skarg, reprezentacja w sporach dotycz\u0105cych zam\u00f3wie\u0144 publicznych.<\/li>\n<li data-sourcepos=\"25:1-25:149\"><strong>Prawo budowlane:<\/strong> Uzyskiwanie pozwole\u0144 na budow\u0119, spory z inspekcj\u0105 budowlan\u0105, spory dotycz\u0105ce projekt\u00f3w budowlanych, legalizacja samowoli budowlanej.<\/li>\n<li data-sourcepos=\"26:1-26:175\"><strong>Prawo gruntowe (aspekty administracyjne):<\/strong> zmiana u\u017cytkowania grunt\u00f3w, planowanie terytorialne, kwestie u\u017cytkowania grunt\u00f3w i zarz\u0105dzania nimi, spory z Krajow\u0105 S\u0142u\u017cb\u0105 Ziemi.<\/li>\n<li data-sourcepos=\"27:1-27:137\"><strong>Prawo \u015brodowiskowy:<\/strong> Spory dotycz\u0105ce pozwole\u0144 \u015brodowiskowych, pozwole\u0144 na zanieczyszczenie, decyzji kontrolnych, ocen oddzia\u0142ywania na \u015brodowisko.<\/li>\n<li data-sourcepos=\"28:1-28:158\"><strong>Licencje i pozwolenia:<\/strong> Pomoc w uzyskaniu licencji i pozwole\u0144 na r\u00f3\u017cne rodzaje dzia\u0142alno\u015bci, zawieszanie lub cofanie licencji.<\/li>\n<li data-sourcepos=\"29:1-29:272\"><strong>Prawo migracyjne (aspekty administracyjne):<\/strong> Spory z Departamentem Migracji dotycz\u0105ce wiz, zezwole\u0144 na pobyt, obywatelstwa i innych kwestii migracyjnych.<\/li>\n<li data-sourcepos=\"30:1-30:137\"><strong>S\u0142u\u017cba cywilna:<\/strong> spory z urz\u0119dnik pa\u0144stwowy, konkursy w s\u0142u\u017cbie cywilnej, sankcje dyscyplinarne dla urz\u0119dnik pa\u0144stwowy.<\/li>\n<li data-sourcepos=\"31:1-32:0\"><strong>Pytania pozyskiwania informacji z instytucji pa\u0144stwowych:<\/strong> Pomoc w uzyskaniu informacji z instytucji pa\u0144stwowych, sporz\u0105dzanie skarg na nieudzielenie informacji.<\/li>\n<\/ul>\n<p><\/p>\n<p data-sourcepos=\"33:1-33:54\"><strong>Us\u0142ugi adwokackie z zakresu prawa administracyjnego w Wilnie<\/strong><\/p>\n<p><\/p>\n<p data-sourcepos=\"35:1-35:119\">Nasi prawnicy specjalizuj\u0105cy si\u0119 w prawie administracyjnym w Wilnie \u015bwiadcz\u0105 szeroki zakres us\u0142ug osobom prywatnym i firmom, w tym:<\/p>\n<p><\/p>\n<ul data-sourcepos=\"37:1-43:0\">\n<li data-sourcepos=\"37:1-37:165\"><strong>Konsultacje w sprawach prawa administracyjnego:<\/strong> Kompleksowe konsultacje we wszystkich kwestiach prawa administracyjnego, kt\u00f3re pomog\u0105 Ci zrozumie\u0107 Twoje prawa i obowi\u0105zki.<\/li>\n<li data-sourcepos=\"38:1-38:166\"><strong>Przygotowywanie i ocena dokument\u00f3w:<\/strong> Przygotowywanie i ocena prawna wniosk\u00f3w, skarg, roszcze\u0144, pozw\u00f3w i innych dokument\u00f3w prawnych w procesach administracyjnych.<\/li>\n<li data-sourcepos=\"39:1-39:225\"><strong>Reprezentacja przed organami administracyjnymi i s\u0105dami:<\/strong> Profesjonalna reprezentacja przed organami administracyjnymi, instytucjami przedprocesowego rozstrzygania spor\u00f3w oraz s\u0105dami administracyjnymi wszystkich instancji.<\/li>\n<li data-sourcepos=\"40:1-40:137\"><strong>Negocjacje i mediacje:<\/strong> Pomoc w negocjacjach z instytucjami pa\u0144stwowymi w celu osi\u0105gni\u0119cia pokojowych porozumie\u0144 w sporach administracyjnych.<\/li>\n<li data-sourcepos=\"41:1-41:188\"><strong>Audyt prawny (w zakresie prawa administracyjnego):<\/strong> Ocena prawna zgodno\u015bci dzia\u0142alno\u015bci przedsi\u0119biorstw z wymogami prawa administracyjnego, maj\u0105ca na celu identyfikacj\u0119 potencjalnych ryzyk i ich eliminacj\u0119.<\/li>\n<li data-sourcepos=\"42:1-43:0\"><strong>Wnioski i opinie prawne:<\/strong> Przygotowywanie wniosk\u00f3w i opinii prawnych w kwestiach prawa administracyjnego.<\/li>\n<\/ul>\n<p><\/p>\n<p data-sourcepos=\"44:1-44:62\">\n<p><\/p>\n\t\t\t\t\t\t\t\t<\/div>\n\t\t\t\t\t<\/div>\n\t\t\t\t<\/div>\n\t\t<div class=\"elementor-element elementor-element-538ffd17 e-flex e-con-boxed elementor-invisible e-con e-parent\" data-id=\"538ffd17\" data-element_type=\"container\" data-e-type=\"container\" data-settings=\"{&quot;background_background&quot;:&quot;classic&quot;,&quot;animation&quot;:&quot;fadeInUp&quot;}\">\n\t\t\t\t\t<div class=\"e-con-inner\">\n\t\t\t\t<div class=\"elementor-element elementor-element-32bfb8e7 elementor-widget elementor-widget-heading\" data-id=\"32bfb8e7\" data-element_type=\"widget\" data-e-type=\"widget\" data-widget_type=\"heading.default\">\n\t\t\t\t\t<h2 class=\"elementor-heading-title elementor-size-default\">Dlaczego warto wybra\u0107 naszych prawnik\u00f3w specjalizuj\u0105cych si\u0119 w prawie administracyjnym?<\/h2>\t\t\t\t<\/div>\n\t\t<div class=\"elementor-element elementor-element-757e9c46 e-con-full e-flex e-con e-child\" data-id=\"757e9c46\" data-element_type=\"container\" data-e-type=\"container\">\n\t\t<div class=\"elementor-element elementor-element-3ad7d421 e-con-full e-flex e-con e-child\" data-id=\"3ad7d421\" data-element_type=\"container\" data-e-type=\"container\">\n\t\t\t\t<div class=\"elementor-element elementor-element-2e19a9d8 elementor-widget elementor-widget-text-editor\" data-id=\"2e19a9d8\" data-element_type=\"widget\" data-e-type=\"widget\" data-widget_type=\"text-editor.default\">\n\t\t\t\t\t\t\t\t\t<ul>\n<li data-sourcepos=\"46:1-46:178\"><strong>Specjalizacja i do\u015bwiadczenie:<\/strong> Nasi prawnicy specjalizuj\u0105 si\u0119 w prawie administracyjnym i maj\u0105 wieloletnie do\u015bwiadczenie w reprezentowaniu klient\u00f3w w sporach z instytucjami pa\u0144stwowymi.<\/li>\n<li data-sourcepos=\"47:1-47:168\"><strong>G\u0142\u0119boka wiedza z zakresu prawa administracyjnego:<\/strong> Sta\u0142e \u015bledzenie innowacji w prawie administracyjnym i gotowo\u015b\u0107 do znajdowania optymalnych rozwi\u0105za\u0144 nawet w najbardziej skomplikowanych sytuacjach.<\/li>\n<li data-sourcepos=\"48:1-48:125\"><strong>Indywidualne podej\u015bcie:<\/strong> ka\u017cdemu klientowi po\u015bwi\u0119camy indywidualn\u0105 uwag\u0119 i starannie analizujemy ka\u017cd\u0105 sytuacj\u0119.<\/li>\n<li data-sourcepos=\"49:1-49:134\"><strong>Zorientowanie na wyniki:<\/strong> Dok\u0142adamy wszelkich stara\u0144, aby skutecznie i szybko rozwi\u0105zywa\u0107 problemy klient\u00f3w i osi\u0105ga\u0107 jak najlepsze wyniki.<\/li>\n<li data-sourcepos=\"50:1-50:119\"><strong>Poufno\u015b\u0107 i profesjonalizm:<\/strong> Gwarantujemy ca\u0142kowit\u0105 poufno\u015b\u0107 i najwy\u017csze standardy zawodowe.<\/li>\n<li data-sourcepos=\"51:1-52:0\"><strong>Do\u015bwiadczenie w sporach z r\u00f3\u017cnymi instytucjami:<\/strong> Posiadamy do\u015bwiadczenie w sporach z r\u00f3\u017cnymi instytucjami pa\u0144stwowymi i miejskimi.<\/li>\n<\/ul>\n\t\t\t\t\t\t\t\t<\/div>\n\t\t\t\t<div class=\"elementor-element elementor-element-a6a191a elementor-widget elementor-widget-button\" data-id=\"a6a191a\" data-element_type=\"widget\" data-e-type=\"widget\" data-widget_type=\"button.default\">\n\t\t\t\t\t\t\t\t\t\t<a class=\"elementor-button elementor-button-link elementor-size-sm\" href=\"\">\n\t\t\t\t\t\t<span class=\"elementor-button-content-wrapper\">\n\t\t\t\t\t\t\t\t\t<span class=\"elementor-button-text\">+37060877800<\/span>\n\t\t\t\t\t<\/span>\n\t\t\t\t\t<\/a>\n\t\t\t\t\t\t\t\t<\/div>\n\t\t\t\t<\/div>\n\t\t<div class=\"elementor-element elementor-element-6f8d13c1 e-con-full e-flex e-con e-child\" data-id=\"6f8d13c1\" data-element_type=\"container\" data-e-type=\"container\">\n\t\t\t\t<div class=\"elementor-element elementor-element-4304e7d5 elementor-button-align-stretch elementor-widget elementor-widget-form\" data-id=\"4304e7d5\" data-element_type=\"widget\" data-e-type=\"widget\" data-settings=\"{&quot;step_next_label&quot;:&quot;Nast\\u0119pny&quot;,&quot;step_previous_label&quot;:&quot;Poprzedni&quot;,&quot;button_width&quot;:&quot;100&quot;,&quot;step_type&quot;:&quot;number_text&quot;,&quot;step_icon_shape&quot;:&quot;circle&quot;}\" data-widget_type=\"form.default\">\n\t\t\t\t\t\t\t<form class=\"elementor-form\" method=\"post\" id=\"ap1\" name=\"Zapytanie\" aria-label=\"Zapytanie\">\n\t\t\t<input type=\"hidden\" name=\"post_id\" value=\"395\"\/>\n\t\t\t<input type=\"hidden\" name=\"form_id\" value=\"4304e7d5\"\/>\n\t\t\t<input type=\"hidden\" name=\"referer_title\" value=\"Radca prawny ds. prawa administracyjnego - Advokato paslaugos\" \/>\n\n\t\t\t\t\t\t\t<input type=\"hidden\" name=\"queried_id\" value=\"395\"\/>\n\t\t\t\n\t\t\t<div class=\"elementor-form-fields-wrapper elementor-labels-\">\n\t\t\t\t\t\t\t\t<div class=\"elementor-field-type-text elementor-field-group elementor-column elementor-field-group-name elementor-col-100 elementor-field-required\">\n\t\t\t\t\t\t\t\t\t\t\t\t<label for=\"form-field-name\" class=\"elementor-field-label elementor-screen-only\">\n\t\t\t\t\t\t\t\tNazwa\t\t\t\t\t\t\t<\/label>\n\t\t\t\t\t\t\t\t\t\t\t\t\t\t<input size=\"1\" type=\"text\" name=\"form_fields[name]\" id=\"form-field-name\" class=\"elementor-field elementor-size-sm  elementor-field-textual\" placeholder=\"Nazwa\" required=\"required\">\n\t\t\t\t\t\t\t\t\t\t\t<\/div>\n\t\t\t\t\t\t\t\t<div class=\"elementor-field-type-email elementor-field-group elementor-column elementor-field-group-email elementor-col-100 elementor-field-required\">\n\t\t\t\t\t\t\t\t\t\t\t\t<label for=\"form-field-email\" class=\"elementor-field-label elementor-screen-only\">\n\t\t\t\t\t\t\t\tE-mail\t\t\t\t\t\t\t<\/label>\n\t\t\t\t\t\t\t\t\t\t\t\t\t\t<input size=\"1\" type=\"email\" name=\"form_fields[email]\" id=\"form-field-email\" class=\"elementor-field elementor-size-sm  elementor-field-textual\" placeholder=\"E-mail\" required=\"required\">\n\t\t\t\t\t\t\t\t\t\t\t<\/div>\n\t\t\t\t\t\t\t\t<div class=\"elementor-field-type-tel elementor-field-group elementor-column elementor-field-group-field_42f4eb6 elementor-col-100 elementor-field-required\">\n\t\t\t\t\t\t\t\t\t\t\t\t<label for=\"form-field-field_42f4eb6\" class=\"elementor-field-label elementor-screen-only\">\n\t\t\t\t\t\t\t\tTelefon\t\t\t\t\t\t\t<\/label>\n\t\t\t\t\t\t\t\t<input size=\"1\" type=\"tel\" name=\"form_fields[field_42f4eb6]\" id=\"form-field-field_42f4eb6\" class=\"elementor-field elementor-size-sm  elementor-field-textual\" placeholder=\"Telefon\" required=\"required\" pattern=\"[0-9()#&amp;+*-=.]+\" title=\"Only numbers and phone characters (#, -, *, etc) are accepted.\">\n\n\t\t\t\t\t\t<\/div>\n\t\t\t\t\t\t\t\t<div class=\"elementor-field-type-textarea elementor-field-group elementor-column elementor-field-group-message elementor-col-100 elementor-field-required\">\n\t\t\t\t\t\t\t\t\t\t\t\t<label for=\"form-field-message\" class=\"elementor-field-label elementor-screen-only\">\n\t\t\t\t\t\t\t\tKr\u00f3tko opisz sytuacj\u0119\t\t\t\t\t\t\t<\/label>\n\t\t\t\t\t\t<textarea class=\"elementor-field-textual elementor-field  elementor-size-sm\" name=\"form_fields[message]\" id=\"form-field-message\" rows=\"7\" placeholder=\"Kr\u00f3tko opisz sytuacj\u0119\" required=\"required\"><\/textarea>\t\t\t\t<\/div>\n\t\t\t\t\t\t\t\t<div class=\"elementor-field-group elementor-column elementor-field-type-submit elementor-col-100 e-form__buttons\">\n\t\t\t\t\t<button class=\"elementor-button elementor-size-sm\" type=\"submit\">\n\t\t\t\t\t\t<span class=\"elementor-button-content-wrapper\">\n\t\t\t\t\t\t\t\t\t\t\t\t\t\t\t\t\t\t\t\t\t\t<span class=\"elementor-button-text\">Wys\u0142a\u0107<\/span>\n\t\t\t\t\t\t\t\t\t\t\t\t\t<\/span>\n\t\t\t\t\t<\/button>\n\t\t\t\t<\/div>\n\t\t\t<\/div>\n\t\t<\/form>\n\t\t\t\t\t\t<\/div>\n\t\t\t\t<\/div>\n\t\t\t\t<\/div>\n\t\t\t\t\t<\/div>\n\t\t\t\t<\/div>\n\t\t\t\t<\/div>\n\t\t","protected":false},"excerpt":{"rendered":"<p>Radca prawny specjalizuj\u0105cy si\u0119 w prawie administracyjnym: Zapewnienie obronno\u015bci i sprawiedliwo\u015bci w relacjach z pa\u0144stwem Prawo administracyjne jest ga\u0142\u0119zi\u0105 prawa reguluj\u0105c\u0105 stosunki mi\u0119dzy obywatelami a pa\u0144stwowymi instytucjami administracyjnymi. Niezale\u017cnie od tego, czy jeste\u015b przedsi\u0119biorc\u0105, kt\u00f3ry musi zmierzy\u0107 si\u0119 z decyzj\u0105 instytucji pa\u0144stwowej, czy osob\u0105 fizyczn\u0105 kwestionuj\u0105c\u0105 dzia\u0142ania gminy, prawnik specjalizuj\u0105cy si\u0119 w prawie administracyjnym w [&hellip;]<\/p>\n","protected":false},"author":1,"featured_media":0,"parent":387,"menu_order":0,"comment_status":"closed","ping_status":"closed","template":"","meta":{"_acf_changed":false,"footnotes":""},"class_list":["post-395","page","type-page","status-publish","hentry"],"acf":[],"_links":{"self":[{"href":"https:\/\/advokatopaslaugos.lt\/pl\/wp-json\/wp\/v2\/pages\/395","targetHints":{"allow":["GET"]}}],"collection":[{"href":"https:\/\/advokatopaslaugos.lt\/pl\/wp-json\/wp\/v2\/pages"}],"about":[{"href":"https:\/\/advokatopaslaugos.lt\/pl\/wp-json\/wp\/v2\/types\/page"}],"author":[{"embeddable":true,"href":"https:\/\/advokatopaslaugos.lt\/pl\/wp-json\/wp\/v2\/users\/1"}],"replies":[{"embeddable":true,"href":"https:\/\/advokatopaslaugos.lt\/pl\/wp-json\/wp\/v2\/comments?post=395"}],"version-history":[{"count":3,"href":"https:\/\/advokatopaslaugos.lt\/pl\/wp-json\/wp\/v2\/pages\/395\/revisions"}],"predecessor-version":[{"id":400,"href":"https:\/\/advokatopaslaugos.lt\/pl\/wp-json\/wp\/v2\/pages\/395\/revisions\/400"}],"up":[{"embeddable":true,"href":"https:\/\/advokatopaslaugos.lt\/pl\/wp-json\/wp\/v2\/pages\/387"}],"wp:attachment":[{"href":"https:\/\/advokatopaslaugos.lt\/pl\/wp-json\/wp\/v2\/media?parent=395"}],"curies":[{"name":"wp","href":"https:\/\/api.w.org\/{rel}","templated":true}]}}