{"id":403,"date":"2025-02-10T12:44:14","date_gmt":"2025-02-10T10:44:14","guid":{"rendered":"https:\/\/advokatopaslaugos.lt\/uslugi-prawnicze\/adwokat-prawa-cywilnego\/"},"modified":"2025-04-12T11:51:08","modified_gmt":"2025-04-12T09:51:08","slug":"adwokat-prawa-cywilnego","status":"publish","type":"page","link":"https:\/\/advokatopaslaugos.lt\/pl\/uslugi-prawnicze\/adwokat-prawa-cywilnego\/","title":{"rendered":"Adwokat prawa cywilnego"},"content":{"rendered":"\t\t<div data-elementor-type=\"wp-page\" data-elementor-id=\"403\" class=\"elementor elementor-403 elementor-26\" data-elementor-post-type=\"page\">\n\t\t\t\t<div class=\"elementor-element elementor-element-5e8e9aae e-flex e-con-boxed elementor-invisible e-con e-parent\" data-id=\"5e8e9aae\" data-element_type=\"container\" data-e-type=\"container\" data-settings=\"{&quot;animation&quot;:&quot;fadeInUp&quot;,&quot;animation_delay&quot;:500}\">\n\t\t\t\t\t<div class=\"e-con-inner\">\n\t\t<div class=\"elementor-element elementor-element-cc3d0d0 e-con-full e-flex e-con e-child\" data-id=\"cc3d0d0\" data-element_type=\"container\" data-e-type=\"container\">\n\t\t\t\t<div class=\"elementor-element elementor-element-136179f1 elementor-widget elementor-widget-heading\" data-id=\"136179f1\" data-element_type=\"widget\" data-e-type=\"widget\" data-widget_type=\"heading.default\">\n\t\t\t\t\t<h2 class=\"elementor-heading-title elementor-size-default\">Adwokat prawa cywilnego: Obrona i pomoc pewno\u015b\u0107 w sporach cywilnych<\/h2>\t\t\t\t<\/div>\n\t\t\t\t<div class=\"elementor-element elementor-element-304c9996 elementor-widget elementor-widget-text-editor\" data-id=\"304c9996\" data-element_type=\"widget\" data-e-type=\"widget\" data-widget_type=\"text-editor.default\">\n\t\t\t\t\t\t\t\t\t<p data-sourcepos=\"5:1-5:496\">Prawo cywilne to szeroka i kompleksowa ga\u0142\u0105\u017a prawa, kt\u00f3ra reguluje stosunki maj\u0105tkowe i osobiste, niemaj\u0105tkowe mi\u0119dzy osobami fizycznymi i prawnymi. Niezale\u017cnie od tego, czy potrzebujesz pomocy w rozwi\u0105zaniu spor\u00f3w rodzinnych, podziale maj\u0105tku, kwestiach dziedziczenia, naruszenia umowy, odszkodowa\u0144 lub innych sprawach cywilnych, prawnik specjalizuj\u0105cy si\u0119 w prawie cywilnym w Wilnie jest gotowy udzieli\u0107 Ci wykwalifikowanej pomocy prawnej, pomagaj\u0105c Ci chroni\u0107 Twoje prawa i podj\u0105\u0107 sprawiedliw\u0105 decyzj\u0119.<\/p>\n<p><\/p>\n<p data-sourcepos=\"7:1-7:54\">\n\t\t\t\t\t\t\t\t<\/div>\n\t\t\t\t<\/div>\n\t\t<div class=\"elementor-element elementor-element-1877058b e-con-full e-flex e-con e-child\" data-id=\"1877058b\" data-element_type=\"container\" data-e-type=\"container\">\n\t\t\t\t<\/div>\n\t\t\t\t\t<\/div>\n\t\t\t\t<\/div>\n\t\t<div class=\"elementor-element elementor-element-30eca208 e-flex e-con-boxed elementor-invisible e-con e-parent\" data-id=\"30eca208\" data-element_type=\"container\" data-e-type=\"container\" data-settings=\"{&quot;background_background&quot;:&quot;classic&quot;,&quot;animation&quot;:&quot;fadeInUp&quot;}\">\n\t\t\t\t\t<div class=\"e-con-inner\">\n\t\t\t\t<div class=\"elementor-element elementor-element-1ba8c83d elementor-widget elementor-widget-heading\" data-id=\"1ba8c83d\" data-element_type=\"widget\" data-e-type=\"widget\" data-widget_type=\"heading.default\">\n\t\t\t\t\t<h2 class=\"elementor-heading-title elementor-size-default\">Dlaczego potrzebujesz prawnika specjalizuj\u0105cego si\u0119 w prawie cywilnym?<\/h2>\t\t\t\t<\/div>\n\t\t\t\t<div class=\"elementor-element elementor-element-11d2322f elementor-widget elementor-widget-text-editor\" data-id=\"11d2322f\" data-element_type=\"widget\" data-e-type=\"widget\" data-widget_type=\"text-editor.default\">\n\t\t\t\t\t\t\t\t\t<p data-sourcepos=\"9:1-9:173\">Prawo cywilne jest bardzo szerokie i obejmuje wiele r\u00f3\u017cnych instytucji prawnych, kt\u00f3re wymagaj\u0105 specjalistycznej wiedzy i do\u015bwiadczenia. Prawnik specjalizuj\u0105cy si\u0119 w prawie cywilnym jest niezb\u0119dny, poniewa\u017c:<\/p>\n<ul data-sourcepos=\"11:1-16:0\">\n<li data-sourcepos=\"11:1-11:173\"><strong>Zna tajniki prawa cywilnego:<\/strong> Doskona\u0142a znajomo\u015b\u0107 Kodeksu cywilnego Republiki Litewskiej i innych ustaw reguluj\u0105cych stosunki cywilnoprawne.<\/li>\n<li data-sourcepos=\"12:1-12:159\"><strong>Pomaga chroni\u0107 Twoje prawa:<\/strong> Doradza i reprezentuje Twoje interesy w r\u00f3\u017cnych sprawach cywilnych, aby chroni\u0107 Twoje prawa i uzasadnione interesy.<\/li>\n<li data-sourcepos=\"13:1-13:146\"><strong>Pomaga unika\u0107 b\u0142\u0119d\u00f3w:<\/strong> zapewnia, \u017ce \u200b\u200bTwoje dzia\u0142ania s\u0105 zgodne ze wszystkimi wymogami prawnymi i pomaga unika\u0107 kosztownych b\u0142\u0119d\u00f3w.<\/li>\n<li data-sourcepos=\"14:1-14:135\"><strong>Skutecznie rozwi\u0105zuje spory cywilne:<\/strong> reprezentuje Twoje interesy w negocjacjach, mediacjach i przed s\u0105dem w przypadku spor\u00f3w cywilnych.<\/li>\n<li data-sourcepos=\"15:1-16:0\"><strong>Oszcz\u0119dza Tw\u00f3j czas i nerwy:<\/strong> przejmuje rozwi\u0105zywanie skomplikowanych kwestii prawa cywilnego, pozwalaj\u0105c Ci skupi\u0107 si\u0119 na podstawowej dzia\u0142alno\u015bci Twojej lub sprawach osobistych.<\/li>\n<\/ul>\n<p data-sourcepos=\"17:1-17:59\">\u00a0<\/p>\n\t\t\t\t\t\t\t\t<\/div>\n\t\t\t\t\t<\/div>\n\t\t\t\t<\/div>\n\t\t<div class=\"elementor-element elementor-element-68f7ad86 e-flex e-con-boxed elementor-invisible e-con e-parent\" data-id=\"68f7ad86\" data-element_type=\"container\" data-e-type=\"container\" data-settings=\"{&quot;animation&quot;:&quot;fadeInUp&quot;}\">\n\t\t\t\t\t<div class=\"e-con-inner\">\n\t\t\t\t<div class=\"elementor-element elementor-element-17bcb071 elementor-widget elementor-widget-heading\" data-id=\"17bcb071\" data-element_type=\"widget\" data-e-type=\"widget\" data-widget_type=\"heading.default\">\n\t\t\t\t\t<h2 class=\"elementor-heading-title elementor-size-default\">Kiedy potrzebna jest pomoc prawnika specjalizuj\u0105cego si\u0119 w prawie cywilnym?<\/h2>\t\t\t\t<\/div>\n\t\t\t\t<div class=\"elementor-element elementor-element-c0f96db elementor-widget elementor-widget-text-editor\" data-id=\"c0f96db\" data-element_type=\"widget\" data-e-type=\"widget\" data-widget_type=\"text-editor.default\">\n\t\t\t\t\t\t\t\t\t<p data-sourcepos=\"19:1-19:72\">Us\u0142ugi adwokata prawa cywilnego s\u0105 szczeg\u00f3lnie potrzebne w nast\u0119puj\u0105cych przypadkach:<\/p>\n<ul data-sourcepos=\"21:1-30:0\">\n<li data-sourcepos=\"21:1-21:245\"><strong>Zagadnienia prawa rodzinnego:<\/strong> rozw\u00f3d, podzia\u0142 maj\u0105tku, alimenty, ustalenie miejsca zamieszkania dzieci, procedura komunikacji z dzie\u0107mi, ustalenie i sp\u00f3r o ojcostwo, opiek\u0119 i kuratel\u0119, zawieranie um\u00f3w ma\u0142\u017ce\u0144skich i spory.<\/li>\n<li data-sourcepos=\"22:1-22:175\"><strong>Zagadnienia prawa spadkowego:<\/strong> przyj\u0119cie spadku, zrzeczenie si\u0119 dziedziczenia, sporz\u0105dzanie i kwestionowanie testament\u00f3w, zachowek, spory spadkowe mi\u0119dzy spadkobiercami.<\/li>\n<li data-sourcepos=\"23:1-23:161\"><strong>Zagadnienia prawa zobowi\u0105za\u0144:<\/strong> zawieranie, wykonywanie i rozwi\u0105zywanie um\u00f3w, spory umowne, windykacja nale\u017cno\u015bci, odszkodowania, bezpodstawne wzbogacenie.<\/li>\n<li data-sourcepos=\"24:1-24:202\"><strong>Zagadnienia prawa nieruchomo\u015bci:<\/strong> kupno i sprzeda\u017c nieruchomo\u015bci, wynajem, darowizna, dziedziczenie, zagadnienia prawa gruntowego, zagadnienia prawa budowlanego, spory dotycz\u0105ce nieruchomo\u015bci.<\/li>\n<li data-sourcepos=\"25:1-25:130\"><strong>Zagadnienia prawa w\u0142asno\u015bci:<\/strong> ochrona praw w\u0142asno\u015bci, s\u0142u\u017cebno\u015bci, u\u017cytkowanie, prawa do zarz\u0105dzania, spory o prawa w\u0142asno\u015bci.<\/li>\n<li data-sourcepos=\"26:1-26:163\"><strong>Prawa konsumenta:<\/strong> Ochrona praw konsumenta przy zakupie towar\u00f3w lub us\u0142ug, spory ze sprzedawcami i dostawcami us\u0142ug, wymagania jako\u015bciowe dotycz\u0105ce towar\u00f3w i us\u0142ug.<\/li>\n<li data-sourcepos=\"27:1-27:150\"><strong>Sprawy o odszkodowanie za szkody:<\/strong> szkody wyrz\u0105dzone w mieniu lub zdrowiu, roszczenia o odszkodowanie, sprawy ubezpieczeniowe, wypadki drogowe, wypadki.<\/li>\n<li data-sourcepos=\"28:1-28:104\"><strong>Obrona honoru i godno\u015bci:<\/strong>Znies\u0142awienie a kwestie godno\u015bci i honoru, zaprzeczenie informacji.<\/li>\n<li data-sourcepos=\"29:1-30:0\"><strong>Sprawy administracyjne (w niekt\u00f3rych przypadkach):<\/strong> spory z instytucjami pa\u0144stwowymi, odwo\u0142ania od decyzji i dzia\u0142a\u0144 (w niekt\u00f3rych cywilnych sporach administracyjnych).<\/li>\n<\/ul>\n<p data-sourcepos=\"31:1-31:48\"><strong>Us\u0142ugi prawnika ds. prawa cywilnego w Wilnie<\/strong><\/p>\n<p data-sourcepos=\"33:1-33:113\">Nasi prawnicy ds. prawa cywilnego w Wilnie \u015bwiadcz\u0105 szeroki zakres us\u0142ug osobom prywatnym i firmom, w tym:<\/p>\n<ul data-sourcepos=\"35:1-41:0\">\n<li data-sourcepos=\"35:1-35:153\"><strong>Konsultacje w sprawach prawa cywilnego:<\/strong> Kompleksowe konsultacje we wszystkich kwestiach prawa cywilnego, kt\u00f3re pomog\u0105 Ci zrozumie\u0107 Twoje prawa i obowi\u0105zki.<\/li>\n<li data-sourcepos=\"36:1-36:145\"><strong>Przygotowywanie i ocena dokument\u00f3w:<\/strong> Przygotowywanie i ocena prawna um\u00f3w, roszcze\u0144, wniosk\u00f3w, skarg, testament\u00f3w i innych dokument\u00f3w prawnych.<\/li>\n<li data-sourcepos=\"37:1-37:181\"><strong>Reprezentacja przed s\u0105dami i innymi instytucjami:<\/strong> Profesjonalne reprezentowanie przed s\u0105dami wszystkich instancji, arbitra\u017cem, notariuszami, komornikami i innymi instytucjami.<\/li>\n<li data-sourcepos=\"38:1-38:119\"><strong>Negocjacje i mediacje:<\/strong> Pomoc w negocjacjach ze stron\u0105 przeciwn\u0105 w celu osi\u0105gni\u0119cia pokojowego porozumienia w sporach cywilnych.<\/li>\n<li data-sourcepos=\"39:1-39:176\"><strong>Audyt prawny (w zakresie prawa cywilnego):<\/strong> Ocena prawna um\u00f3w, transakcji i innych dokument\u00f3w cywilnoprawnych w celu identyfikacji potencjalnych ryzyk i ich eliminacji.<\/li>\n<li data-sourcepos=\"40:1-41:0\"><strong>Wnioski i opinie prawne:<\/strong> Przygotowywanie wniosk\u00f3w i opinii prawnych w sprawach z zakresu prawa cywilnego.<\/li>\n<\/ul>\n<p data-sourcepos=\"42:1-42:56\">\u00a0<\/p>\n\t\t\t\t\t\t\t\t<\/div>\n\t\t\t\t\t<\/div>\n\t\t\t\t<\/div>\n\t\t<div class=\"elementor-element elementor-element-70ee9d5f e-flex e-con-boxed elementor-invisible e-con e-parent\" data-id=\"70ee9d5f\" data-element_type=\"container\" data-e-type=\"container\" data-settings=\"{&quot;background_background&quot;:&quot;classic&quot;,&quot;animation&quot;:&quot;fadeInUp&quot;}\">\n\t\t\t\t\t<div class=\"e-con-inner\">\n\t\t\t\t<div class=\"elementor-element elementor-element-3b943beb elementor-widget elementor-widget-heading\" data-id=\"3b943beb\" data-element_type=\"widget\" data-e-type=\"widget\" data-widget_type=\"heading.default\">\n\t\t\t\t\t<h2 class=\"elementor-heading-title elementor-size-default\">Dlaczego warto wybra\u0107 naszych prawnik\u00f3w specjalizuj\u0105cych si\u0119 w prawie cywilnym?<\/h2>\t\t\t\t<\/div>\n\t\t<div class=\"elementor-element elementor-element-767e8ac5 e-con-full e-flex e-con e-child\" data-id=\"767e8ac5\" data-element_type=\"container\" data-e-type=\"container\">\n\t\t<div class=\"elementor-element elementor-element-143d0b35 e-con-full e-flex e-con e-child\" data-id=\"143d0b35\" data-element_type=\"container\" data-e-type=\"container\">\n\t\t\t\t<div class=\"elementor-element elementor-element-3bca3367 elementor-widget elementor-widget-text-editor\" data-id=\"3bca3367\" data-element_type=\"widget\" data-e-type=\"widget\" data-widget_type=\"text-editor.default\">\n\t\t\t\t\t\t\t\t\t<ul data-sourcepos=\"44:1-50:0\">\n<li data-sourcepos=\"44:1-44:168\"><strong>Szeroka specjalizacja:<\/strong> Nasi prawnicy specjalizuj\u0105 si\u0119 w r\u00f3\u017cnych dziedzinach prawa cywilnego i maj\u0105 wieloletnie do\u015bwiadczenie w rozwi\u0105zywaniu spraw cywilnych o r\u00f3\u017cnym stopniu skomplikowania.<\/li>\n<li data-sourcepos=\"45:1-45:156\"><strong>G\u0142\u0119boka wiedza z zakresu prawa cywilnego:<\/strong> stale \u015bledzi innowacje w prawie cywilnym i jest gotowy znale\u017a\u0107 optymalne rozwi\u0105zania nawet w najbardziej skomplikowanych sytuacjach.<\/li>\n<li data-sourcepos=\"46:1-46:125\"><strong>Indywidualne podej\u015bcie:<\/strong> ka\u017cdemu klientowi po\u015bwi\u0119camy indywidualn\u0105 uwag\u0119 i dok\u0142adnie analizujemy ka\u017cd\u0105 sytuacj\u0119.<\/li>\n<li data-sourcepos=\"47:1-47:134\"><strong>Zorientowanie na wyniki:<\/strong> Staramy si\u0119 skutecznie i szybko rozwi\u0105zywa\u0107 problemy klient\u00f3w i osi\u0105ga\u0107 jak najlepsze wyniki.<\/li>\n<li data-sourcepos=\"48:1-48:119\"><strong>Poufno\u015b\u0107 i profesjonalizm:<\/strong> Gwarantujemy ca\u0142kowit\u0105 poufno\u015b\u0107 i najwy\u017csze standardy zawodowe.<\/li>\n<li data-sourcepos=\"49:1-50:0\"><strong>Empatia i zrozumienie:<\/strong> Rozumiemy, \u017ce spory cywilne s\u0105 cz\u0119sto skomplikowane pod wzgl\u0119dem emocjonalnym, dlatego jeste\u015bmy gotowi zapewni\u0107 Ci nie tylko wsparcie prawne, ale tak\u017ce ludzkie.<\/li>\n<\/ul>\n<p data-sourcepos=\"51:1-51:24\">\u00a0<\/p>\n\t\t\t\t\t\t\t\t<\/div>\n\t\t\t\t<div class=\"elementor-element elementor-element-3f04620b elementor-widget elementor-widget-button\" data-id=\"3f04620b\" data-element_type=\"widget\" data-e-type=\"widget\" data-widget_type=\"button.default\">\n\t\t\t\t\t\t\t\t\t\t<a class=\"elementor-button elementor-button-link elementor-size-sm\" href=\"\">\n\t\t\t\t\t\t<span class=\"elementor-button-content-wrapper\">\n\t\t\t\t\t\t\t\t\t<span class=\"elementor-button-text\">+37060877800<\/span>\n\t\t\t\t\t<\/span>\n\t\t\t\t\t<\/a>\n\t\t\t\t\t\t\t\t<\/div>\n\t\t\t\t<\/div>\n\t\t<div class=\"elementor-element elementor-element-1fe9c39d e-con-full e-flex e-con e-child\" data-id=\"1fe9c39d\" data-element_type=\"container\" data-e-type=\"container\">\n\t\t\t\t<div class=\"elementor-element elementor-element-7112983c elementor-button-align-stretch elementor-widget elementor-widget-form\" data-id=\"7112983c\" data-element_type=\"widget\" data-e-type=\"widget\" data-settings=\"{&quot;step_next_label&quot;:&quot;Nast\\u0119pny&quot;,&quot;step_previous_label&quot;:&quot;Poprzedni&quot;,&quot;button_width&quot;:&quot;100&quot;,&quot;step_type&quot;:&quot;number_text&quot;,&quot;step_icon_shape&quot;:&quot;circle&quot;}\" data-widget_type=\"form.default\">\n\t\t\t\t\t\t\t<form class=\"elementor-form\" method=\"post\" id=\"ap1\" name=\"Zapytanie\" aria-label=\"Zapytanie\">\n\t\t\t<input type=\"hidden\" name=\"post_id\" value=\"403\"\/>\n\t\t\t<input type=\"hidden\" name=\"form_id\" value=\"7112983c\"\/>\n\t\t\t<input type=\"hidden\" name=\"referer_title\" value=\"Adwokat prawa cywilnego - Advokato paslaugos\" \/>\n\n\t\t\t\t\t\t\t<input type=\"hidden\" name=\"queried_id\" value=\"403\"\/>\n\t\t\t\n\t\t\t<div class=\"elementor-form-fields-wrapper elementor-labels-\">\n\t\t\t\t\t\t\t\t<div class=\"elementor-field-type-text elementor-field-group elementor-column elementor-field-group-name elementor-col-100 elementor-field-required\">\n\t\t\t\t\t\t\t\t\t\t\t\t<label for=\"form-field-name\" class=\"elementor-field-label elementor-screen-only\">\n\t\t\t\t\t\t\t\tNazwa\t\t\t\t\t\t\t<\/label>\n\t\t\t\t\t\t\t\t\t\t\t\t\t\t<input size=\"1\" type=\"text\" name=\"form_fields[name]\" id=\"form-field-name\" class=\"elementor-field elementor-size-sm  elementor-field-textual\" placeholder=\"Nazwa\" required=\"required\">\n\t\t\t\t\t\t\t\t\t\t\t<\/div>\n\t\t\t\t\t\t\t\t<div class=\"elementor-field-type-email elementor-field-group elementor-column elementor-field-group-email elementor-col-100 elementor-field-required\">\n\t\t\t\t\t\t\t\t\t\t\t\t<label for=\"form-field-email\" class=\"elementor-field-label elementor-screen-only\">\n\t\t\t\t\t\t\t\tE-mail\t\t\t\t\t\t\t<\/label>\n\t\t\t\t\t\t\t\t\t\t\t\t\t\t<input size=\"1\" type=\"email\" name=\"form_fields[email]\" id=\"form-field-email\" class=\"elementor-field elementor-size-sm  elementor-field-textual\" placeholder=\"E-mail\" required=\"required\">\n\t\t\t\t\t\t\t\t\t\t\t<\/div>\n\t\t\t\t\t\t\t\t<div class=\"elementor-field-type-tel elementor-field-group elementor-column elementor-field-group-field_42f4eb6 elementor-col-100 elementor-field-required\">\n\t\t\t\t\t\t\t\t\t\t\t\t<label for=\"form-field-field_42f4eb6\" class=\"elementor-field-label elementor-screen-only\">\n\t\t\t\t\t\t\t\tTelefon\t\t\t\t\t\t\t<\/label>\n\t\t\t\t\t\t\t\t<input size=\"1\" type=\"tel\" name=\"form_fields[field_42f4eb6]\" id=\"form-field-field_42f4eb6\" class=\"elementor-field elementor-size-sm  elementor-field-textual\" placeholder=\"Telefon\" required=\"required\" pattern=\"[0-9()#&amp;+*-=.]+\" title=\"Only numbers and phone characters (#, -, *, etc) are accepted.\">\n\n\t\t\t\t\t\t<\/div>\n\t\t\t\t\t\t\t\t<div class=\"elementor-field-type-textarea elementor-field-group elementor-column elementor-field-group-message elementor-col-100 elementor-field-required\">\n\t\t\t\t\t\t\t\t\t\t\t\t<label for=\"form-field-message\" class=\"elementor-field-label elementor-screen-only\">\n\t\t\t\t\t\t\t\tKr\u00f3tko opisz sytuacj\u0119\t\t\t\t\t\t\t<\/label>\n\t\t\t\t\t\t<textarea class=\"elementor-field-textual elementor-field  elementor-size-sm\" name=\"form_fields[message]\" id=\"form-field-message\" rows=\"7\" placeholder=\"Kr\u00f3tko opisz sytuacj\u0119\" required=\"required\"><\/textarea>\t\t\t\t<\/div>\n\t\t\t\t\t\t\t\t<div class=\"elementor-field-group elementor-column elementor-field-type-submit elementor-col-100 e-form__buttons\">\n\t\t\t\t\t<button class=\"elementor-button elementor-size-sm\" type=\"submit\">\n\t\t\t\t\t\t<span class=\"elementor-button-content-wrapper\">\n\t\t\t\t\t\t\t\t\t\t\t\t\t\t\t\t\t\t\t\t\t\t<span class=\"elementor-button-text\">Wys\u0142a\u0107<\/span>\n\t\t\t\t\t\t\t\t\t\t\t\t\t<\/span>\n\t\t\t\t\t<\/button>\n\t\t\t\t<\/div>\n\t\t\t<\/div>\n\t\t<\/form>\n\t\t\t\t\t\t<\/div>\n\t\t\t\t<\/div>\n\t\t\t\t<\/div>\n\t\t\t\t\t<\/div>\n\t\t\t\t<\/div>\n\t\t\t\t<\/div>\n\t\t","protected":false},"excerpt":{"rendered":"<p>Adwokat prawa cywilnego: Obrona i pomoc pewno\u015b\u0107 w sporach cywilnych Prawo cywilne to szeroka i kompleksowa ga\u0142\u0105\u017a prawa, kt\u00f3ra reguluje stosunki maj\u0105tkowe i osobiste, niemaj\u0105tkowe mi\u0119dzy osobami fizycznymi i prawnymi. Niezale\u017cnie od tego, czy potrzebujesz pomocy w rozwi\u0105zaniu spor\u00f3w rodzinnych, podziale maj\u0105tku, kwestiach dziedziczenia, naruszenia umowy, odszkodowa\u0144 lub innych sprawach cywilnych, prawnik specjalizuj\u0105cy si\u0119 w [&hellip;]<\/p>\n","protected":false},"author":1,"featured_media":0,"parent":387,"menu_order":0,"comment_status":"closed","ping_status":"closed","template":"","meta":{"_acf_changed":false,"footnotes":""},"class_list":["post-403","page","type-page","status-publish","hentry"],"acf":[],"_links":{"self":[{"href":"https:\/\/advokatopaslaugos.lt\/pl\/wp-json\/wp\/v2\/pages\/403","targetHints":{"allow":["GET"]}}],"collection":[{"href":"https:\/\/advokatopaslaugos.lt\/pl\/wp-json\/wp\/v2\/pages"}],"about":[{"href":"https:\/\/advokatopaslaugos.lt\/pl\/wp-json\/wp\/v2\/types\/page"}],"author":[{"embeddable":true,"href":"https:\/\/advokatopaslaugos.lt\/pl\/wp-json\/wp\/v2\/users\/1"}],"replies":[{"embeddable":true,"href":"https:\/\/advokatopaslaugos.lt\/pl\/wp-json\/wp\/v2\/comments?post=403"}],"version-history":[{"count":1,"href":"https:\/\/advokatopaslaugos.lt\/pl\/wp-json\/wp\/v2\/pages\/403\/revisions"}],"predecessor-version":[{"id":404,"href":"https:\/\/advokatopaslaugos.lt\/pl\/wp-json\/wp\/v2\/pages\/403\/revisions\/404"}],"up":[{"embeddable":true,"href":"https:\/\/advokatopaslaugos.lt\/pl\/wp-json\/wp\/v2\/pages\/387"}],"wp:attachment":[{"href":"https:\/\/advokatopaslaugos.lt\/pl\/wp-json\/wp\/v2\/media?parent=403"}],"curies":[{"name":"wp","href":"https:\/\/api.w.org\/{rel}","templated":true}]}}