{"id":405,"date":"2025-02-10T12:47:23","date_gmt":"2025-02-10T10:47:23","guid":{"rendered":"https:\/\/advokatopaslaugos.lt\/uslugi-prawnicze\/advokat-prawa-pracy\/"},"modified":"2025-04-12T13:43:21","modified_gmt":"2025-04-12T11:43:21","slug":"advokat-prawa-pracy","status":"publish","type":"page","link":"https:\/\/advokatopaslaugos.lt\/pl\/uslugi-prawnicze\/advokat-prawa-pracy\/","title":{"rendered":"Advokat prawa pracy."},"content":{"rendered":"\t\t<div data-elementor-type=\"wp-page\" data-elementor-id=\"405\" class=\"elementor elementor-405 elementor-47\" data-elementor-post-type=\"page\">\n\t\t\t\t<div class=\"elementor-element elementor-element-378e4d4e e-flex e-con-boxed elementor-invisible e-con e-parent\" data-id=\"378e4d4e\" data-element_type=\"container\" data-e-type=\"container\" data-settings=\"{&quot;animation&quot;:&quot;fadeInUp&quot;,&quot;animation_delay&quot;:500}\">\n\t\t\t\t\t<div class=\"e-con-inner\">\n\t\t<div class=\"elementor-element elementor-element-6c8805ed e-con-full e-flex e-con e-child\" data-id=\"6c8805ed\" data-element_type=\"container\" data-e-type=\"container\">\n\t\t\t\t<div class=\"elementor-element elementor-element-6091da34 elementor-widget elementor-widget-heading\" data-id=\"6091da34\" data-element_type=\"widget\" data-e-type=\"widget\" data-widget_type=\"heading.default\">\n\t\t\t\t\t<h2 class=\"elementor-heading-title elementor-size-default\">Adwokat prawa pracy: Zapewnienie obrony i sprawiedliwo\u015bci w stosunkach pracy.<\/h2>\t\t\t\t<\/div>\n\t\t\t\t<div class=\"elementor-element elementor-element-3254b538 elementor-widget elementor-widget-text-editor\" data-id=\"3254b538\" data-element_type=\"widget\" data-e-type=\"widget\" data-widget_type=\"text-editor.default\">\n\t\t\t\t\t\t\t\t\t<p data-sourcepos=\"5:1-5:394\">Prawo pracy to kluczowa dziedzina reguluj\u0105ca relacje mi\u0119dzy pracownikami a pracodawcami. Niezale\u017cnie od tego, czy jeste\u015b pracownikiem, kt\u00f3ry zmaga si\u0119 z nies\u0142usznym zwolnieniem, dyskryminacj\u0105, czy pracodawc\u0105, kt\u00f3ry d\u0105\u017cy do zapewnienia legalnego i przejrzystego zarz\u0105dzania firm\u0105 \u2013 adwokat prawa pracy w Wilnie jest gotowy udzieli\u0107 Ci wykwalifikowanej pomocy prawnej, pomagaj\u0105c chroni\u0107 Twoje prawa i interesy w stosunkach pracy.<\/p>\n<p data-sourcepos=\"7:1-7:50\">\u00a0<\/p>\n\t\t\t\t\t\t\t\t<\/div>\n\t\t\t\t<\/div>\n\t\t<div class=\"elementor-element elementor-element-1644be35 e-con-full e-flex e-con e-child\" data-id=\"1644be35\" data-element_type=\"container\" data-e-type=\"container\">\n\t\t\t\t<\/div>\n\t\t\t\t\t<\/div>\n\t\t\t\t<\/div>\n\t\t<div class=\"elementor-element elementor-element-78b6da7d e-flex e-con-boxed elementor-invisible e-con e-parent\" data-id=\"78b6da7d\" data-element_type=\"container\" data-e-type=\"container\" data-settings=\"{&quot;background_background&quot;:&quot;classic&quot;,&quot;animation&quot;:&quot;fadeInUp&quot;}\">\n\t\t\t\t\t<div class=\"e-con-inner\">\n\t\t\t\t<div class=\"elementor-element elementor-element-41f8cfc9 elementor-widget elementor-widget-heading\" data-id=\"41f8cfc9\" data-element_type=\"widget\" data-e-type=\"widget\" data-widget_type=\"heading.default\">\n\t\t\t\t\t<h2 class=\"elementor-heading-title elementor-size-default\">Dlaczego potrzebujesz adwokata prawa pracy?<\/h2>\t\t\t\t<\/div>\n\t\t\t\t<div class=\"elementor-element elementor-element-5aa61fa2 elementor-widget elementor-widget-text-editor\" data-id=\"5aa61fa2\" data-element_type=\"widget\" data-e-type=\"widget\" data-widget_type=\"text-editor.default\">\n\t\t\t\t\t\t\t\t\t<p data-sourcepos=\"9:1-9:147\">Prawo pracy jest skomplikowan\u0105 i ci\u0105gle zmieniaj\u0105c\u0105 si\u0119 dziedzin\u0105, wymagaj\u0105c\u0105 g\u0142\u0119bokiej wiedzy i praktycznego do\u015bwiadczenia. Prawnik prawa pracy jest niezb\u0119dny, poniewa\u017c:<\/p>\n<ul data-sourcepos=\"11:1-16:0\">\n<li data-sourcepos=\"11:1-11:158\"><strong>Znaj\u0105 subtelno\u015bci prawa pracy:<\/strong> Doskonale orientuj\u0105 si\u0119 w Kodeksie pracy Rzeczypospolitej Litewskiej oraz innych aktach prawnych reguluj\u0105cych stosunki pracy.<\/li>\n<li data-sourcepos=\"12:1-12:175\"><strong>Pomaga chroni\u0107 prawa pracownik\u00f3w:<\/strong> Broni prawa pracownik\u00f3w w przypadkach nielegalnego zwolnienia, dyskryminacji, niewyp\u0142acenia wynagrodzenia, narusze\u0144 BHP i innych sytuacjach.<\/li>\n<li data-sourcepos=\"13:1-13:162\"><strong>Pomaga pracodawcom zapewni\u0107 legaln\u0105 dzia\u0142alno\u015b\u0107:<\/strong> Doradza pracodawcom w kwestiach prawa pracy, pomagaj\u0105c unika\u0107 problem\u00f3w prawnych i spor\u00f3w z pracownikami.<\/li>\n<li data-sourcepos=\"14:1-14:124\"><strong>Skutecznie rozwi\u0105zuje spory pracownicze:<\/strong> Reprezentuje Twoje interesy podczas negocjacji, mediacji i w s\u0105dach w przypadku spor\u00f3w pracowniczych.<\/li>\n<li data-sourcepos=\"15:1-16:0\"><strong>Taupo j\u016bs\u0173 laik\u0105 ir nervus:<\/strong> perima sud\u0117ting\u0173 darbo teis\u0117s klausim\u0173 sprendim\u0105, tod\u0117l galite sutelkti d\u0117mes\u012f \u012f darb\u0105 ar asmeninius reikalus.<\/li>\n<\/ul>\n<p data-sourcepos=\"17:1-17:55\">\n\t\t\t\t\t\t\t\t<\/div>\n\t\t\t\t\t<\/div>\n\t\t\t\t<\/div>\n\t\t<div class=\"elementor-element elementor-element-1e6fdaf5 e-flex e-con-boxed elementor-invisible e-con e-parent\" data-id=\"1e6fdaf5\" data-element_type=\"container\" data-e-type=\"container\" data-settings=\"{&quot;animation&quot;:&quot;fadeInUp&quot;}\">\n\t\t\t\t\t<div class=\"e-con-inner\">\n\t\t\t\t<div class=\"elementor-element elementor-element-2aaceacb elementor-widget elementor-widget-heading\" data-id=\"2aaceacb\" data-element_type=\"widget\" data-e-type=\"widget\" data-widget_type=\"heading.default\">\n\t\t\t\t\t<h2 class=\"elementor-heading-title elementor-size-default\">Kiedy potrzebujesz pomocy adwokata prawa pracy?<\/h2>\t\t\t\t<\/div>\n\t\t\t\t<div class=\"elementor-element elementor-element-170b1253 elementor-widget elementor-widget-text-editor\" data-id=\"170b1253\" data-element_type=\"widget\" data-e-type=\"widget\" data-widget_type=\"text-editor.default\">\n\t\t\t\t\t\t\t\t\t<p data-sourcepos=\"19:1-19:68\">Us\u0142ugi prawnika prawa pracy s\u0105 szczeg\u00f3lnie potrzebne w nast\u0119puj\u0105cych przypadkach:<\/p>\n<p data-sourcepos=\"21:1-21:17\"><strong>Dla pracownik\u00f3w:<\/strong><\/p>\n<ul data-sourcepos=\"23:1-30:0\">\n<li data-sourcepos=\"23:1-23:156\"><strong>Nieuzasadnione zwolnienie z pracy:<\/strong> Je\u015bli uwa\u017casz, \u017ce zosta\u0142e\u015b nies\u0142usznie zwolniony z pracy, prawnik pomo\u017ce Ci broni\u0107 Twoich praw i dochodzi\u0107 odszkodowania.<\/li>\n<li data-sourcepos=\"24:1-24:144\"><strong>Brak wyp\u0142aty lub op\u00f3\u017anienie w wyp\u0142acie wynagrodzenia:<\/strong> Prawnik pomo\u017ce dochodzi\u0107 zaleg\u0142ego wynagrodzenia, premii, odszkodowa\u0144 i innych \u015bwiadcze\u0144.<\/li>\n<li data-sourcepos=\"25:1-25:188\"><strong>Dyskryminacja w pracy:<\/strong> Je\u015bli do\u015bwiadczy\u0142e\u015b dyskryminacji z powodu p\u0142ci, rasy, wieku, religii, orientacji seksualnej lub innych form dyskryminacji, prawnik pomo\u017ce Ci broni\u0107 Twoich praw.<\/li>\n<li data-sourcepos=\"26:1-26:163\"><strong>Mobing i prze\u015bladowanie w pracy:<\/strong> Je\u015bli do\u015bwiadczasz mobbingu lub prze\u015bladowania w pracy, prawnik pomo\u017ce zako\u0144czy\u0107 nielegalne zachowanie i dochodzi\u0107 odszkodowania za doznane szkody.<\/li>\n<li data-sourcepos=\"27:1-27:155\"><strong>Niedostosowanie si\u0119 do przepis\u00f3w bezpiecze\u0144stwa i higieny pracy::<\/strong> Je\u015bli w pracy nie przestrzegane s\u0105 przepisy BHP i w wyniku tego dozna\u0142e\u015b szkody na zdrowiu, prawnik pomo\u017ce Ci dochodzi\u0107 odszkodowania.<\/li>\n<li data-sourcepos=\"28:1-28:142\"><strong>Spory dotycz\u0105ce warunk\u00f3w umowy o prac\u0119:<\/strong> Je\u015bli nie zgadzasz si\u0119 z warunkami umowy o prac\u0119, prawnik pomo\u017ce rozwi\u0105za\u0107 sp\u00f3r i broni\u0107 Twoich interes\u00f3w.<\/li>\n<li data-sourcepos=\"29:1-30:0\"><strong>Spory zbiorowe dotycz\u0105ce pracy:<\/strong> Prawnik b\u0119dzie reprezentowa\u0107 grupy pracownik\u00f3w w sporach z pracodawcami.<\/li>\n<\/ul>\n<p data-sourcepos=\"31:1-31:16\"><strong>Dla pracodawc\u00f3w:<\/strong><\/p>\n<ul data-sourcepos=\"33:1-39:0\">\n<li data-sourcepos=\"33:1-33:168\"><strong>Przygotowywanie i ocena um\u00f3w o prac\u0119:<\/strong> Prawnik pomo\u017ce przygotowa\u0107 legalne i jasne umowy o prac\u0119, zgodne z wymaganiami prawa i potrzebami Twojego biznesu.<\/li>\n<li data-sourcepos=\"34:1-34:153\"><strong>Przygotowywanie regulaminu pracy i innych dokument\u00f3w wewn\u0119trznych:<\/strong> Prawnik pomo\u017ce przygotowa\u0107 dokumenty wewn\u0119trzne, kt\u00f3re reguluj\u0105 stosunki pracy w firmie.<\/li>\n<li data-sourcepos=\"35:1-35:180\"><strong>Konsultacje w sprawach prawa pracy:<\/strong> Porady dotycz\u0105ce zatrudniania, zwolnienia, wynagrodzenia, czasu pracy, urlopu, BHP i innych kwestii zwi\u0105zanych z prawem pracy.<\/li>\n<li data-sourcepos=\"36:1-36:109\"><strong>Prewencja spor\u00f3w pracowniczych:<\/strong> Prawnik pomo\u017ce stworzy\u0107 system stosunk\u00f3w pracy, kt\u00f3ry zmniejszy ryzyko spor\u00f3w pracowniczych.<\/li>\n<li data-sourcepos=\"37:1-37:132\"><strong>Reprezentacja w sporach pracowniczych:<\/strong> Prawnik b\u0119dzie reprezentowa\u0142 Twoj\u0105 firm\u0119 w sporach z pracownikami przed s\u0105dami i innymi instytucjami.<\/li>\n<li data-sourcepos=\"38:1-39:0\"><strong>Kontrole Inspekcji Pracy:<\/strong> Pomoc prawna i konsultacje podczas kontroli Pa\u0144stwowej Inspekcji Pracy.<\/li>\n<\/ul>\n<h3 data-sourcepos=\"40:1-40:44\"><strong>Us\u0142ugi prawnika prawa pracy w Wilnie<\/strong><\/h3>\n<p data-sourcepos=\"42:1-42:106\">Nasi prawnicy prawa pracy w Wilnie oferuj\u0105 szeroki zakres us\u0142ug dla pracownik\u00f3w i pracodawc\u00f3w, obejmuj\u0105cych:<\/p>\n<ul data-sourcepos=\"44:1-49:0\">\n<li data-sourcepos=\"44:1-44:145\"><strong>Konsultacje w sprawach prawa pracy:<\/strong> Szczeg\u00f3\u0142owe porady we wszystkich kwestiach zwi\u0105zanych z prawem pracy, pomagaj\u0105ce zrozumie\u0107 Twoje prawa i obowi\u0105zki.<\/li>\n<li data-sourcepos=\"45:1-45:139\"><strong>Przygotowywanie i ocen\u0119 dokument\u00f3w:<\/strong> Przygotowywanie um\u00f3w o prac\u0119, pozw\u00f3w, wniosk\u00f3w, skarg i innych dokument\u00f3w prawnych oraz ich ocena prawna.<\/li>\n<li data-sourcepos=\"46:1-46:166\"><strong>Reprezentacj\u0119 w s\u0105dach i innych instytucjach:<\/strong> Profesjonalna reprezentacja w s\u0105dach, Komisjach ds. spor\u00f3w pracowniczych, Pa\u0144stwowej Inspekcji Pracy i innych instytucjach.<\/li>\n<li data-sourcepos=\"47:1-47:123\"><strong>Negocjacje i mediacj\u0119:<\/strong> Pomoc w negocjacjach z pracodawcami lub pracownikami w celu osi\u0105gni\u0119cia ugodowych rozwi\u0105za\u0144 w sporach pracowniczych.<\/li>\n<li data-sourcepos=\"48:1-49:0\"><strong>Audyt prawny (w zakresie prawa pracy):<\/strong> Prawn\u0105 ocen\u0119 dokument\u00f3w i praktyk prawa pracy w firmach, maj\u0105c\u0105 na celu zidentyfikowanie mo\u017cliwych ryzyk i ich eliminacj\u0119.<\/li>\n<\/ul>\n<p data-sourcepos=\"50:1-50:52\">\n\t\t\t\t\t\t\t\t<\/div>\n\t\t\t\t\t<\/div>\n\t\t\t\t<\/div>\n\t\t<div class=\"elementor-element elementor-element-3f56a57e e-flex e-con-boxed elementor-invisible e-con e-parent\" data-id=\"3f56a57e\" data-element_type=\"container\" data-e-type=\"container\" data-settings=\"{&quot;background_background&quot;:&quot;classic&quot;,&quot;animation&quot;:&quot;fadeInUp&quot;}\">\n\t\t\t\t\t<div class=\"e-con-inner\">\n\t\t\t\t<div class=\"elementor-element elementor-element-22673137 elementor-widget elementor-widget-heading\" data-id=\"22673137\" data-element_type=\"widget\" data-e-type=\"widget\" data-widget_type=\"heading.default\">\n\t\t\t\t\t<h2 class=\"elementor-heading-title elementor-size-default\">Dlaczego warto wybra\u0107 naszych adwokat\u00f3w prawa pracy?<\/h2>\t\t\t\t<\/div>\n\t\t<div class=\"elementor-element elementor-element-236b2225 e-con-full e-flex e-con e-child\" data-id=\"236b2225\" data-element_type=\"container\" data-e-type=\"container\">\n\t\t<div class=\"elementor-element elementor-element-3603a886 e-con-full e-flex e-con e-child\" data-id=\"3603a886\" data-element_type=\"container\" data-e-type=\"container\">\n\t\t\t\t<div class=\"elementor-element elementor-element-3c718be1 elementor-widget elementor-widget-text-editor\" data-id=\"3c718be1\" data-element_type=\"widget\" data-e-type=\"widget\" data-widget_type=\"text-editor.default\">\n\t\t\t\t\t\t\t\t\t<ul data-sourcepos=\"52:1-57:0\">\n<li data-sourcepos=\"52:1-52:151\"><strong>Specjalizacja i do\u015bwiadczenie:<\/strong> Nasi prawnicy specjalizuj\u0105 si\u0119 w prawie pracy i maj\u0105 wieloletnie do\u015bwiadczenie w reprezentowaniu zar\u00f3wno pracownik\u00f3w, jak i pracodawc\u00f3w.<\/li>\n<li data-sourcepos=\"53:1-53:148\"><strong>Dog\u0142\u0119bna wiedza z zakresu prawa pracy:<\/strong> Na bie\u017c\u0105co \u015bledzimy nowo\u015bci w prawie pracy i jeste\u015bmy gotowi znale\u017a\u0107 optymalne rozwi\u0105zania nawet w najbardziej skomplikowanych sytuacjach.<\/li>\n<li data-sourcepos=\"54:1-54:125\"><strong>Indywidualne podej\u015bcie:<\/strong> Ka\u017cdemu klientowi po\u015bwi\u0119camy indywidualn\u0105 uwag\u0119 i starannie analizujemy ka\u017cd\u0105 sytuacj\u0119.<\/li>\n<li data-sourcepos=\"55:1-55:134\"><strong>Orientacja na rezultat:<\/strong> D\u0105\u017cymy do efektywnego i szybkiego rozwi\u0105zania problem\u00f3w klient\u00f3w oraz osi\u0105gni\u0119cia najlepszego mo\u017cliwego rezultatu.<\/li>\n<li data-sourcepos=\"56:1-57:0\"><strong>Poufno\u015b\u0107 i profesjonalizm:<\/strong> Gwarantujemy pe\u0142n\u0105 poufno\u015b\u0107 oraz najwy\u017csze standardy zawodowe.<\/li>\n<\/ul>\n<p data-sourcepos=\"58:1-58:24\">\n<p><\/p>\n\t\t\t\t\t\t\t\t<\/div>\n\t\t\t\t<div class=\"elementor-element elementor-element-521664fa elementor-widget elementor-widget-button\" data-id=\"521664fa\" data-element_type=\"widget\" data-e-type=\"widget\" data-widget_type=\"button.default\">\n\t\t\t\t\t\t\t\t\t\t<a class=\"elementor-button elementor-button-link elementor-size-sm\" href=\"\">\n\t\t\t\t\t\t<span class=\"elementor-button-content-wrapper\">\n\t\t\t\t\t\t\t\t\t<span class=\"elementor-button-text\">+37060877800<\/span>\n\t\t\t\t\t<\/span>\n\t\t\t\t\t<\/a>\n\t\t\t\t\t\t\t\t<\/div>\n\t\t\t\t<\/div>\n\t\t<div class=\"elementor-element elementor-element-5ee1e85 e-con-full e-flex e-con e-child\" data-id=\"5ee1e85\" data-element_type=\"container\" data-e-type=\"container\">\n\t\t\t\t<div class=\"elementor-element elementor-element-323bead9 elementor-button-align-stretch elementor-widget elementor-widget-form\" data-id=\"323bead9\" data-element_type=\"widget\" data-e-type=\"widget\" data-settings=\"{&quot;step_next_label&quot;:&quot;Nast\\u0119pny&quot;,&quot;step_previous_label&quot;:&quot;Poprzedni&quot;,&quot;button_width&quot;:&quot;100&quot;,&quot;step_type&quot;:&quot;number_text&quot;,&quot;step_icon_shape&quot;:&quot;circle&quot;}\" data-widget_type=\"form.default\">\n\t\t\t\t\t\t\t<form class=\"elementor-form\" method=\"post\" id=\"ap1\" name=\"Zapytanie\" aria-label=\"Zapytanie\">\n\t\t\t<input type=\"hidden\" name=\"post_id\" value=\"405\"\/>\n\t\t\t<input type=\"hidden\" name=\"form_id\" value=\"323bead9\"\/>\n\t\t\t<input type=\"hidden\" name=\"referer_title\" value=\"Advokat prawa pracy. - Advokato paslaugos\" \/>\n\n\t\t\t\t\t\t\t<input type=\"hidden\" name=\"queried_id\" value=\"405\"\/>\n\t\t\t\n\t\t\t<div class=\"elementor-form-fields-wrapper elementor-labels-\">\n\t\t\t\t\t\t\t\t<div class=\"elementor-field-type-text elementor-field-group elementor-column elementor-field-group-name elementor-col-100 elementor-field-required\">\n\t\t\t\t\t\t\t\t\t\t\t\t<label for=\"form-field-name\" class=\"elementor-field-label elementor-screen-only\">\n\t\t\t\t\t\t\t\tNazwa\t\t\t\t\t\t\t<\/label>\n\t\t\t\t\t\t\t\t\t\t\t\t\t\t<input size=\"1\" type=\"text\" name=\"form_fields[name]\" id=\"form-field-name\" class=\"elementor-field elementor-size-sm  elementor-field-textual\" placeholder=\"Nazwa\" required=\"required\">\n\t\t\t\t\t\t\t\t\t\t\t<\/div>\n\t\t\t\t\t\t\t\t<div class=\"elementor-field-type-email elementor-field-group elementor-column elementor-field-group-email elementor-col-100 elementor-field-required\">\n\t\t\t\t\t\t\t\t\t\t\t\t<label for=\"form-field-email\" class=\"elementor-field-label elementor-screen-only\">\n\t\t\t\t\t\t\t\tE-mail\t\t\t\t\t\t\t<\/label>\n\t\t\t\t\t\t\t\t\t\t\t\t\t\t<input size=\"1\" type=\"email\" name=\"form_fields[email]\" id=\"form-field-email\" class=\"elementor-field elementor-size-sm  elementor-field-textual\" placeholder=\"E-mail\" required=\"required\">\n\t\t\t\t\t\t\t\t\t\t\t<\/div>\n\t\t\t\t\t\t\t\t<div class=\"elementor-field-type-tel elementor-field-group elementor-column elementor-field-group-field_42f4eb6 elementor-col-100 elementor-field-required\">\n\t\t\t\t\t\t\t\t\t\t\t\t<label for=\"form-field-field_42f4eb6\" class=\"elementor-field-label elementor-screen-only\">\n\t\t\t\t\t\t\t\tTelefon\t\t\t\t\t\t\t<\/label>\n\t\t\t\t\t\t\t\t<input size=\"1\" type=\"tel\" name=\"form_fields[field_42f4eb6]\" id=\"form-field-field_42f4eb6\" class=\"elementor-field elementor-size-sm  elementor-field-textual\" placeholder=\"Telefon\" required=\"required\" pattern=\"[0-9()#&amp;+*-=.]+\" title=\"Only numbers and phone characters (#, -, *, etc) are accepted.\">\n\n\t\t\t\t\t\t<\/div>\n\t\t\t\t\t\t\t\t<div class=\"elementor-field-type-textarea elementor-field-group elementor-column elementor-field-group-message elementor-col-100 elementor-field-required\">\n\t\t\t\t\t\t\t\t\t\t\t\t<label for=\"form-field-message\" class=\"elementor-field-label elementor-screen-only\">\n\t\t\t\t\t\t\t\tKr\u00f3tko opisz sytuacj\u0119\t\t\t\t\t\t\t<\/label>\n\t\t\t\t\t\t<textarea class=\"elementor-field-textual elementor-field  elementor-size-sm\" name=\"form_fields[message]\" id=\"form-field-message\" rows=\"7\" placeholder=\"Kr\u00f3tko opisz sytuacj\u0119\" required=\"required\"><\/textarea>\t\t\t\t<\/div>\n\t\t\t\t\t\t\t\t<div class=\"elementor-field-group elementor-column elementor-field-type-submit elementor-col-100 e-form__buttons\">\n\t\t\t\t\t<button class=\"elementor-button elementor-size-sm\" type=\"submit\">\n\t\t\t\t\t\t<span class=\"elementor-button-content-wrapper\">\n\t\t\t\t\t\t\t\t\t\t\t\t\t\t\t\t\t\t\t\t\t\t<span class=\"elementor-button-text\">Wys\u0142a\u0107<\/span>\n\t\t\t\t\t\t\t\t\t\t\t\t\t<\/span>\n\t\t\t\t\t<\/button>\n\t\t\t\t<\/div>\n\t\t\t<\/div>\n\t\t<\/form>\n\t\t\t\t\t\t<\/div>\n\t\t\t\t<\/div>\n\t\t\t\t<\/div>\n\t\t\t\t\t<\/div>\n\t\t\t\t<\/div>\n\t\t\t\t<\/div>\n\t\t","protected":false},"excerpt":{"rendered":"<p>Adwokat prawa pracy: Zapewnienie obrony i sprawiedliwo\u015bci w stosunkach pracy. Prawo pracy to kluczowa dziedzina reguluj\u0105ca relacje mi\u0119dzy pracownikami a pracodawcami. Niezale\u017cnie od tego, czy jeste\u015b pracownikiem, kt\u00f3ry zmaga si\u0119 z nies\u0142usznym zwolnieniem, dyskryminacj\u0105, czy pracodawc\u0105, kt\u00f3ry d\u0105\u017cy do zapewnienia legalnego i przejrzystego zarz\u0105dzania firm\u0105 \u2013 adwokat prawa pracy w Wilnie jest gotowy udzieli\u0107 Ci [&hellip;]<\/p>\n","protected":false},"author":1,"featured_media":0,"parent":387,"menu_order":0,"comment_status":"closed","ping_status":"closed","template":"","meta":{"_acf_changed":false,"footnotes":""},"class_list":["post-405","page","type-page","status-publish","hentry"],"acf":[],"_links":{"self":[{"href":"https:\/\/advokatopaslaugos.lt\/pl\/wp-json\/wp\/v2\/pages\/405","targetHints":{"allow":["GET"]}}],"collection":[{"href":"https:\/\/advokatopaslaugos.lt\/pl\/wp-json\/wp\/v2\/pages"}],"about":[{"href":"https:\/\/advokatopaslaugos.lt\/pl\/wp-json\/wp\/v2\/types\/page"}],"author":[{"embeddable":true,"href":"https:\/\/advokatopaslaugos.lt\/pl\/wp-json\/wp\/v2\/users\/1"}],"replies":[{"embeddable":true,"href":"https:\/\/advokatopaslaugos.lt\/pl\/wp-json\/wp\/v2\/comments?post=405"}],"version-history":[{"count":1,"href":"https:\/\/advokatopaslaugos.lt\/pl\/wp-json\/wp\/v2\/pages\/405\/revisions"}],"predecessor-version":[{"id":406,"href":"https:\/\/advokatopaslaugos.lt\/pl\/wp-json\/wp\/v2\/pages\/405\/revisions\/406"}],"up":[{"embeddable":true,"href":"https:\/\/advokatopaslaugos.lt\/pl\/wp-json\/wp\/v2\/pages\/387"}],"wp:attachment":[{"href":"https:\/\/advokatopaslaugos.lt\/pl\/wp-json\/wp\/v2\/media?parent=405"}],"curies":[{"name":"wp","href":"https:\/\/api.w.org\/{rel}","templated":true}]}}