{"id":410,"date":"2025-02-10T12:42:42","date_gmt":"2025-02-10T10:42:42","guid":{"rendered":"https:\/\/advokatopaslaugos.lt\/uslugi-prawnicze\/prawnik-ekonomiczny\/"},"modified":"2026-04-09T08:44:00","modified_gmt":"2026-04-09T06:44:00","slug":"prawnik-ekonomiczny","status":"publish","type":"page","link":"https:\/\/advokatopaslaugos.lt\/pl\/uslugi-prawnicze\/prawnik-ekonomiczny\/","title":{"rendered":"Prawnik ekonomiczny"},"content":{"rendered":"\t\t<div data-elementor-type=\"wp-page\" data-elementor-id=\"410\" class=\"elementor elementor-410 elementor-22\" data-elementor-post-type=\"page\">\n\t\t\t\t<div class=\"elementor-element elementor-element-5873b3eb e-flex e-con-boxed e-con e-parent\" data-id=\"5873b3eb\" data-element_type=\"container\" data-e-type=\"container\">\n\t\t\t\t\t<div class=\"e-con-inner\">\n\t\t\t\t<div class=\"elementor-element elementor-element-bb557f4 elementor-widget elementor-widget-text-editor\" data-id=\"bb557f4\" data-element_type=\"widget\" data-e-type=\"widget\" data-widget_type=\"text-editor.default\">\n\t\t\t\t\t\t\t\t\t<p><\/p><br>\t\t\t\t\t\t\t\t<\/div>\n\t\t\t\t\t<\/div>\n\t\t\t\t<\/div>\n\t\t<div class=\"elementor-element elementor-element-67921fb1 e-flex e-con-boxed elementor-invisible e-con e-parent\" data-id=\"67921fb1\" data-element_type=\"container\" data-e-type=\"container\" data-settings=\"{&quot;animation&quot;:&quot;fadeInUp&quot;,&quot;animation_delay&quot;:500}\">\n\t\t\t\t\t<div class=\"e-con-inner\">\n\t\t<div class=\"elementor-element elementor-element-595899d3 e-con-full e-flex e-con e-child\" data-id=\"595899d3\" data-element_type=\"container\" data-e-type=\"container\">\n\t\t\t\t<div class=\"elementor-element elementor-element-559fa821 elementor-widget elementor-widget-heading\" data-id=\"559fa821\" data-element_type=\"widget\" data-e-type=\"widget\" data-widget_type=\"heading.default\">\n\t\t\t\t\t<h2 class=\"elementor-heading-title elementor-size-default\">Prawnik ekonomiczny: Pomoc prawna w sporach biznesowych i finansowych<\/h2>\t\t\t\t<\/div>\n\t\t\t\t<div class=\"elementor-element elementor-element-1844644a elementor-widget elementor-widget-text-editor\" data-id=\"1844644a\" data-element_type=\"widget\" data-e-type=\"widget\" data-widget_type=\"text-editor.default\">\n\t\t\t\t\t\t\t\t\t<p data-sourcepos=\"5:1-5:488\">Sprawy gospodarcze to skomplikowana i wyspecjalizowana dziedzina prawa, obejmuj\u0105ca r\u00f3\u017cne spory biznesowe i finansowe. Niezale\u017cnie od tego, czy Twoja firma boryka si\u0119 z niewykonaniem zobowi\u0105za\u0144 umownych, naruszeniem prawa konkurencji, upad\u0142o\u015bci\u0105, sporami inwestycyjnymi czy innymi problemami gospodarczymi, adwokat zajmuj\u0105cy si\u0119 sprawami gospodarczymi w Wilnie jest got\u00f3w zapewni\u0107 Ci profesjonaln\u0105 pomoc prawn\u0105, pomagaj\u0105c chroni\u0107 interesy Twojego biznesu, efektywnie rozwi\u0105zywa\u0107 spory i osi\u0105gn\u0105\u0107 sprawiedliwy rezultat.<\/p><p data-sourcepos=\"7:1-7:53\"><\/p>\t\t\t\t\t\t\t\t<\/div>\n\t\t\t\t<\/div>\n\t\t<div class=\"elementor-element elementor-element-588da8f e-con-full e-flex e-con e-child\" data-id=\"588da8f\" data-element_type=\"container\" data-e-type=\"container\">\n\t\t\t\t<\/div>\n\t\t\t\t\t<\/div>\n\t\t\t\t<\/div>\n\t\t<div class=\"elementor-element elementor-element-346b6bc2 e-flex e-con-boxed elementor-invisible e-con e-parent\" data-id=\"346b6bc2\" data-element_type=\"container\" data-e-type=\"container\" data-settings=\"{&quot;background_background&quot;:&quot;classic&quot;,&quot;animation&quot;:&quot;fadeInUp&quot;}\">\n\t\t\t\t\t<div class=\"e-con-inner\">\n\t\t\t\t<div class=\"elementor-element elementor-element-65b91af7 elementor-widget elementor-widget-heading\" data-id=\"65b91af7\" data-element_type=\"widget\" data-e-type=\"widget\" data-widget_type=\"heading.default\">\n\t\t\t\t\t<h2 class=\"elementor-heading-title elementor-size-default\">Dlaczego potrzebujesz prawnik ekonomiczny?<\/h2>\t\t\t\t<\/div>\n\t\t\t\t<div class=\"elementor-element elementor-element-23174bb1 elementor-widget elementor-widget-text-editor\" data-id=\"23174bb1\" data-element_type=\"widget\" data-e-type=\"widget\" data-widget_type=\"text-editor.default\">\n\t\t\t\t\t\t\t\t\t<p data-sourcepos=\"9:1-9:144\">Sprawy gospodarcze wymagaj\u0105 specyficznej wiedzy i do\u015bwiadczenia w dziedzinie ekonomii, finans\u00f3w i prawa. Adwokat zajmuj\u0105cy si\u0119 sprawami gospodarczymi jest niezb\u0119dny, poniewa\u017c:<\/p><ul data-sourcepos=\"11:1-16:0\"><li data-sourcepos=\"11:1-11:159\">strong>Specjalizuje si\u0119 w sprawach gospodarczych:<\/strong> Posiada g\u0142\u0119bokie zrozumienie proces\u00f3w gospodarczych, praktyki biznesowej oraz akt\u00f3w prawnych reguluj\u0105cych dzia\u0142alno\u015b\u0107 gospodarcz\u0105.<\/li><li data-sourcepos=\"12:1-12:146\"><strong>Zna subtelno\u015bci rozwi\u0105zywania spor\u00f3w gospodarczych:<\/strong> Zna skuteczne metody rozwi\u0105zywania spor\u00f3w gospodarczych zar\u00f3wno na etapie przedprocesowym, jak i s\u0105dowym.<\/li><li data-sourcepos=\"13:1-13:159\"><strong>Chroni interesy Twojego biznesu:<\/strong> Reprezentuje Twoje interesy w sporach z partnerami biznesowymi, konkurentami, instytucjami pa\u0144stwowymi i innymi stronami.<\/li><li data-sourcepos=\"14:1-14:147\"><strong>Pomaga unikn\u0105\u0107 strat finansowych:<\/strong> Profesjonalne przedstawicielstwo prawne pomaga zmniejszy\u0107 straty finansowe i chroni\u0107 maj\u0105tek firmy.<\/li><li data-sourcepos=\"15:1-16:0\"><strong>Oszcz\u0119dza Tw\u00f3j czas i zasoby:<\/strong> Przejmuje rozwi\u0105zanie skomplikowanych spraw gospodarczych, pozwalaj\u0105c Ci skupi\u0107 si\u0119 na g\u0142\u00f3wnej dzia\u0142alno\u015bci biznesowej.<\/li><\/ul><p data-sourcepos=\"17:1-17:47\"><\/p>\t\t\t\t\t\t\t\t<\/div>\n\t\t\t\t\t<\/div>\n\t\t\t\t<\/div>\n\t\t<div class=\"elementor-element elementor-element-529e9eaa e-flex e-con-boxed elementor-invisible e-con e-parent\" data-id=\"529e9eaa\" data-element_type=\"container\" data-e-type=\"container\" data-settings=\"{&quot;animation&quot;:&quot;fadeInUp&quot;}\">\n\t\t\t\t\t<div class=\"e-con-inner\">\n\t\t\t\t<div class=\"elementor-element elementor-element-4035d9f7 elementor-widget elementor-widget-heading\" data-id=\"4035d9f7\" data-element_type=\"widget\" data-e-type=\"widget\" data-widget_type=\"heading.default\">\n\t\t\t\t\t<h2 class=\"elementor-heading-title elementor-size-default\">Us\u0142ugi adwokata ekonomiczny w Wilnie<\/h2>\t\t\t\t<\/div>\n\t\t\t\t<div class=\"elementor-element elementor-element-188003e4 elementor-widget elementor-widget-text-editor\" data-id=\"188003e4\" data-element_type=\"widget\" data-e-type=\"widget\" data-widget_type=\"text-editor.default\">\n\t\t\t\t\t\t\t\t\t<p data-sourcepos=\"19:1-19:98\">Nasi adwokaci zajmuj\u0105cy si\u0119 sprawami gospodarczymi w Wilnie oferuj\u0105 szeroki zakres us\u0142ug dla klient\u00f3w biznesowych, obejmuj\u0105cych:<\/p><br><br><ul data-sourcepos=\"21:1-32:0\">\r\n \t<li data-sourcepos=\"21:1-21:218\"><strong>Konsultacje w sprawach spor\u00f3w ekonomiczny:<\/strong> Szczeg\u00f3\u0142owe konsultacje we wszystkich kwestiach zwi\u0105zanych ze sporami gospodarczymi, pomagaj\u0105ce oceni\u0107 sytuacj\u0119, okre\u015bli\u0107 stanowisko prawne i wybra\u0107 odpowiedni\u0105 strategi\u0119 rozwi\u0105zania sporu.<\/li>\r\n \t<li data-sourcepos=\"22:1-22:170\"><strong>Spory um\u00f3w:<\/strong> Spory dotycz\u0105ce wykonywania lub niewykonywania um\u00f3w handlowych, rozwi\u0105zania um\u00f3w, uznania ich za niewa\u017cne, odszkodowania za straty i innych kwestii.<\/li>\r\n \t<li data-sourcepos=\"23:1-23:194\"><strong>Windykacja nale\u017cno\u015bci:<\/strong> Pomoc prawna w odzyskiwaniu d\u0142ug\u00f3w na podstawie um\u00f3w i innych podstaw prawnych, w tym przygotowanie roszcze\u0144, pozas\u0105dow\u0105 i s\u0105dow\u0105 windykacj\u0119 d\u0142ug\u00f3w oraz post\u0119powanie egzekucyjne.<\/li>\r\n \t<li data-sourcepos=\"24:1-24:163\"><strong>Prawo upad\u0142o\u015bciowe:<\/strong> Pomoc prawna w procesach upad\u0142o\u015bciowych zar\u00f3wno dla wierzycieli, jak i dla firm zagro\u017conych upad\u0142o\u015bci\u0105, zarz\u0105dzanie upad\u0142o\u015bci\u0105, restrukturyzacja.<\/li>\r\n \t<li data-sourcepos=\"25:1-25:211\"><strong>Naruszenia prawa konkurencji:<\/strong> Reprezentowanie w sprawach dotycz\u0105cych nieuczciwej konkurencji, nadu\u017cywania dominuj\u0105cej pozycji, porozumie\u0144 ograniczaj\u0105cych konkurencj\u0119 oraz innych narusze\u0144 prawa konkurencji.<\/li>\r\n \t<li data-sourcepos=\"26:1-26:133\"><strong>Spory inwestycyjne:<\/strong> Spory dotycz\u0105ce inwestycji, um\u00f3w inwestycyjnych, ochrony inwestycji oraz innych kwestii inwestycyjnych.<\/li>\r\n \t<li data-sourcepos=\"27:1-27:122\"><strong>Spory finansowe:<\/strong> Spory z bankami, instytucjami finansowymi, towarzystwami ubezpieczeniowymi oraz innymi uczestnikami rynku finansowego.<\/li>\r\n \t<li data-sourcepos=\"28:1-28:211\"><strong>Spory podatkowe:<\/strong> Spory z inspekcj\u0105 skarbow\u0105 i innymi instytucjami podatkowymi.<\/li>\r\n \t<li data-sourcepos=\"29:1-29:155\"><strong>Spory w sp\u00f3\u0142kach akcyjnych:<\/strong> Spory mi\u0119dzy akcjonariuszami, spory dotycz\u0105ce zakupu-sprzeda\u017cy akcji, zarz\u0105dzania firm\u0105 oraz innych kwestii zwi\u0105zanych z dzia\u0142alno\u015bci\u0105 sp\u00f3\u0142ki akcyjnej.<\/li>\r\n \t<li data-sourcepos=\"30:1-30:180\"><strong>Audyt prawny (due diligence) przed zawarciem transakcji:<\/strong> Ocena sytuacji finansowej i prawnej firm oraz ryzyk zwi\u0105zanych z transakcjami przed zawarciem wa\u017cnych um\u00f3w.<\/li>\r\n \t<li data-sourcepos=\"31:1-32:0\"><strong>Reprezentacja w s\u0105dach i arbitra\u017cu:<\/strong> Profesjonalna reprezentacja we wszystkich instancjach s\u0105dowych oraz w arbitra\u017cu w sprawach gospodarczych.<\/li>\r\n<\/ul><br><p data-sourcepos=\"33:1-33:55\"><\/p>\t\t\t\t\t\t\t\t<\/div>\n\t\t\t\t\t<\/div>\n\t\t\t\t<\/div>\n\t\t<div class=\"elementor-element elementor-element-6e296459 e-flex e-con-boxed elementor-invisible e-con e-parent\" data-id=\"6e296459\" data-element_type=\"container\" data-e-type=\"container\" data-settings=\"{&quot;background_background&quot;:&quot;classic&quot;,&quot;animation&quot;:&quot;fadeInUp&quot;}\">\n\t\t\t\t\t<div class=\"e-con-inner\">\n\t\t\t\t<div class=\"elementor-element elementor-element-19bf0361 elementor-widget elementor-widget-heading\" data-id=\"19bf0361\" data-element_type=\"widget\" data-e-type=\"widget\" data-widget_type=\"heading.default\">\n\t\t\t\t\t<h2 class=\"elementor-heading-title elementor-size-default\">Dlaczego warto wybra\u0107 naszych adwokat\u00f3w spraw ekonomiczny?<\/h2>\t\t\t\t<\/div>\n\t\t<div class=\"elementor-element elementor-element-43fa9e41 e-con-full e-flex e-con e-child\" data-id=\"43fa9e41\" data-element_type=\"container\" data-e-type=\"container\">\n\t\t<div class=\"elementor-element elementor-element-696ec9cd e-con-full e-flex e-con e-child\" data-id=\"696ec9cd\" data-element_type=\"container\" data-e-type=\"container\">\n\t\t\t\t<div class=\"elementor-element elementor-element-33c62d0 elementor-widget elementor-widget-text-editor\" data-id=\"33c62d0\" data-element_type=\"widget\" data-e-type=\"widget\" data-widget_type=\"text-editor.default\">\n\t\t\t\t\t\t\t\t\t<ul><li data-sourcepos=\"35:1-35:175\"><strong>Specjalizacja i do\u015bwiadczenie:<\/strong> Nasi adwokaci specjalizuj\u0105 si\u0119 w sprawach gospodarczych i maj\u0105 wieloletnie do\u015bwiadczenie w reprezentowaniu firm o r\u00f3\u017cnej wielko\u015bci oraz klient\u00f3w prywatnych.<\/li><li data-sourcepos=\"36:1-36:147\"><strong>G\u0142\u0119boka wiedza z zakresu ekonomii i finans\u00f3w:<\/strong> Rozumiemy procesy ekonomiczne i rynki finansowe, co pozwala nam efektywniej rozwi\u0105zywa\u0107 spory gospodarcze.<\/li><li data-sourcepos=\"37:1-37:132\"><strong>My\u015blenie strategiczne:<\/strong> W ka\u017cdej sprawie szukamy optymalnej strategii, bior\u0105c pod uwag\u0119 cele klienta i okoliczno\u015bci sprawy.<\/li><li data-sourcepos=\"38:1-38:135\"><strong>Orientacja na wynik:<\/strong> D\u0105\u017cymy do efektywnego i szybkiego rozwi\u0105zania problem\u00f3w klient\u00f3w oraz osi\u0105gni\u0119cia najlepszego mo\u017cliwego wyniku.<\/li><li data-sourcepos=\"39:1-40:0\"><strong>Poufno\u015b\u0107 i profesjonalizm:<\/strong> Gwarantujemy pe\u0142n\u0105 poufno\u015b\u0107 i najwy\u017csze standardy zawodowe.<\/li><\/ul>\t\t\t\t\t\t\t\t<\/div>\n\t\t\t\t<div class=\"elementor-element elementor-element-25f50cf5 elementor-widget elementor-widget-button\" data-id=\"25f50cf5\" data-element_type=\"widget\" data-e-type=\"widget\" data-widget_type=\"button.default\">\n\t\t\t\t\t\t\t\t\t\t<a class=\"elementor-button elementor-button-link elementor-size-sm\" href=\"\">\n\t\t\t\t\t\t<span class=\"elementor-button-content-wrapper\">\n\t\t\t\t\t\t\t\t\t<span class=\"elementor-button-text\">+37060877800<\/span>\n\t\t\t\t\t<\/span>\n\t\t\t\t\t<\/a>\n\t\t\t\t\t\t\t\t<\/div>\n\t\t\t\t<\/div>\n\t\t<div class=\"elementor-element elementor-element-7e7663ae e-con-full e-flex e-con e-child\" data-id=\"7e7663ae\" data-element_type=\"container\" data-e-type=\"container\">\n\t\t\t\t<div class=\"elementor-element elementor-element-70c012e3 elementor-button-align-stretch elementor-widget elementor-widget-form\" data-id=\"70c012e3\" data-element_type=\"widget\" data-e-type=\"widget\" data-settings=\"{&quot;step_next_label&quot;:&quot;Nast\\u0119pny&quot;,&quot;step_previous_label&quot;:&quot;Poprzedni&quot;,&quot;button_width&quot;:&quot;100&quot;,&quot;step_type&quot;:&quot;number_text&quot;,&quot;step_icon_shape&quot;:&quot;circle&quot;}\" data-widget_type=\"form.default\">\n\t\t\t\t\t\t\t<form class=\"elementor-form\" method=\"post\" id=\"ap1\" name=\"Zapytanie\" aria-label=\"Zapytanie\">\n\t\t\t<input type=\"hidden\" name=\"post_id\" value=\"410\"\/>\n\t\t\t<input type=\"hidden\" name=\"form_id\" value=\"70c012e3\"\/>\n\t\t\t<input type=\"hidden\" name=\"referer_title\" value=\"Prawnik ekonomiczny - Advokato paslaugos\" \/>\n\n\t\t\t\t\t\t\t<input type=\"hidden\" name=\"queried_id\" value=\"410\"\/>\n\t\t\t\n\t\t\t<div class=\"elementor-form-fields-wrapper elementor-labels-\">\n\t\t\t\t\t\t\t\t<div class=\"elementor-field-type-text elementor-field-group elementor-column elementor-field-group-name elementor-col-100 elementor-field-required\">\n\t\t\t\t\t\t\t\t\t\t\t\t<label for=\"form-field-name\" class=\"elementor-field-label elementor-screen-only\">\n\t\t\t\t\t\t\t\tNazwa\t\t\t\t\t\t\t<\/label>\n\t\t\t\t\t\t\t\t\t\t\t\t\t\t<input size=\"1\" type=\"text\" name=\"form_fields[name]\" id=\"form-field-name\" class=\"elementor-field elementor-size-sm  elementor-field-textual\" placeholder=\"Nazwa\" required=\"required\">\n\t\t\t\t\t\t\t\t\t\t\t<\/div>\n\t\t\t\t\t\t\t\t<div class=\"elementor-field-type-email elementor-field-group elementor-column elementor-field-group-email elementor-col-100 elementor-field-required\">\n\t\t\t\t\t\t\t\t\t\t\t\t<label for=\"form-field-email\" class=\"elementor-field-label elementor-screen-only\">\n\t\t\t\t\t\t\t\tE-mail\t\t\t\t\t\t\t<\/label>\n\t\t\t\t\t\t\t\t\t\t\t\t\t\t<input size=\"1\" type=\"email\" name=\"form_fields[email]\" id=\"form-field-email\" class=\"elementor-field elementor-size-sm  elementor-field-textual\" placeholder=\"E-mail\" required=\"required\">\n\t\t\t\t\t\t\t\t\t\t\t<\/div>\n\t\t\t\t\t\t\t\t<div class=\"elementor-field-type-tel elementor-field-group elementor-column elementor-field-group-field_42f4eb6 elementor-col-100 elementor-field-required\">\n\t\t\t\t\t\t\t\t\t\t\t\t<label for=\"form-field-field_42f4eb6\" class=\"elementor-field-label elementor-screen-only\">\n\t\t\t\t\t\t\t\tTelefon\t\t\t\t\t\t\t<\/label>\n\t\t\t\t\t\t\t\t<input size=\"1\" type=\"tel\" name=\"form_fields[field_42f4eb6]\" id=\"form-field-field_42f4eb6\" class=\"elementor-field elementor-size-sm  elementor-field-textual\" placeholder=\"Telefon\" required=\"required\" pattern=\"[0-9()#&amp;+*-=.]+\" title=\"Only numbers and phone characters (#, -, *, etc) are accepted.\">\n\n\t\t\t\t\t\t<\/div>\n\t\t\t\t\t\t\t\t<div class=\"elementor-field-type-textarea elementor-field-group elementor-column elementor-field-group-message elementor-col-100 elementor-field-required\">\n\t\t\t\t\t\t\t\t\t\t\t\t<label for=\"form-field-message\" class=\"elementor-field-label elementor-screen-only\">\n\t\t\t\t\t\t\t\tKr\u00f3tko opisz sytuacj\u0119\t\t\t\t\t\t\t<\/label>\n\t\t\t\t\t\t<textarea class=\"elementor-field-textual elementor-field  elementor-size-sm\" name=\"form_fields[message]\" id=\"form-field-message\" rows=\"7\" placeholder=\"Kr\u00f3tko opisz sytuacj\u0119\" required=\"required\"><\/textarea>\t\t\t\t<\/div>\n\t\t\t\t\t\t\t\t<div class=\"elementor-field-type-recaptcha_v3 elementor-field-group elementor-column elementor-field-group-field_be9806a elementor-col-100 recaptcha_v3-bottomright\">\n\t\t\t\t\t<div class=\"elementor-field\" id=\"form-field-field_be9806a\"><div class=\"elementor-g-recaptcha\" data-sitekey=\"6Ld6W64sAAAAAE8svODokbULx6BQ9y9mrKno0dWl\" data-type=\"v3\" data-action=\"Form\" data-badge=\"bottomright\" data-size=\"invisible\"><\/div><\/div>\t\t\t\t<\/div>\n\t\t\t\t\t\t\t\t<div class=\"elementor-field-group elementor-column elementor-field-type-submit elementor-col-100 e-form__buttons\">\n\t\t\t\t\t<button class=\"elementor-button elementor-size-sm\" type=\"submit\">\n\t\t\t\t\t\t<span class=\"elementor-button-content-wrapper\">\n\t\t\t\t\t\t\t\t\t\t\t\t\t\t\t\t\t\t\t\t\t\t<span class=\"elementor-button-text\">Wys\u0142a\u0107<\/span>\n\t\t\t\t\t\t\t\t\t\t\t\t\t<\/span>\n\t\t\t\t\t<\/button>\n\t\t\t\t<\/div>\n\t\t\t<\/div>\n\t\t<\/form>\n\t\t\t\t\t\t<\/div>\n\t\t\t\t<\/div>\n\t\t\t\t<\/div>\n\t\t\t\t\t<\/div>\n\t\t\t\t<\/div>\n\t\t\t\t<\/div>\n\t\t","protected":false},"excerpt":{"rendered":"<p>Prawnik ekonomiczny: Pomoc prawna w sporach biznesowych i finansowych Sprawy gospodarcze to skomplikowana i wyspecjalizowana dziedzina prawa, obejmuj\u0105ca r\u00f3\u017cne spory biznesowe i finansowe. Niezale\u017cnie od tego, czy Twoja firma boryka si\u0119 z niewykonaniem zobowi\u0105za\u0144 umownych, naruszeniem prawa konkurencji, upad\u0142o\u015bci\u0105, sporami inwestycyjnymi czy innymi problemami gospodarczymi, adwokat zajmuj\u0105cy si\u0119 sprawami gospodarczymi w Wilnie jest got\u00f3w zapewni\u0107 [&hellip;]<\/p>\n","protected":false},"author":1,"featured_media":0,"parent":387,"menu_order":0,"comment_status":"closed","ping_status":"closed","template":"","meta":{"_acf_changed":false,"footnotes":""},"class_list":["post-410","page","type-page","status-publish","hentry"],"acf":[],"_links":{"self":[{"href":"https:\/\/advokatopaslaugos.lt\/pl\/wp-json\/wp\/v2\/pages\/410","targetHints":{"allow":["GET"]}}],"collection":[{"href":"https:\/\/advokatopaslaugos.lt\/pl\/wp-json\/wp\/v2\/pages"}],"about":[{"href":"https:\/\/advokatopaslaugos.lt\/pl\/wp-json\/wp\/v2\/types\/page"}],"author":[{"embeddable":true,"href":"https:\/\/advokatopaslaugos.lt\/pl\/wp-json\/wp\/v2\/users\/1"}],"replies":[{"embeddable":true,"href":"https:\/\/advokatopaslaugos.lt\/pl\/wp-json\/wp\/v2\/comments?post=410"}],"version-history":[{"count":2,"href":"https:\/\/advokatopaslaugos.lt\/pl\/wp-json\/wp\/v2\/pages\/410\/revisions"}],"predecessor-version":[{"id":811,"href":"https:\/\/advokatopaslaugos.lt\/pl\/wp-json\/wp\/v2\/pages\/410\/revisions\/811"}],"up":[{"embeddable":true,"href":"https:\/\/advokatopaslaugos.lt\/pl\/wp-json\/wp\/v2\/pages\/387"}],"wp:attachment":[{"href":"https:\/\/advokatopaslaugos.lt\/pl\/wp-json\/wp\/v2\/media?parent=410"}],"curies":[{"name":"wp","href":"https:\/\/api.w.org\/{rel}","templated":true}]}}