{"id":412,"date":"2025-02-10T12:46:58","date_gmt":"2025-02-10T10:46:58","guid":{"rendered":"https:\/\/advokatopaslaugos.lt\/uslugi-prawnicze\/adwokat-prawa-wlasnosci-intelektualnej\/"},"modified":"2025-04-14T11:39:34","modified_gmt":"2025-04-14T09:39:34","slug":"adwokat-prawa-wlasnosci-intelektualnej","status":"publish","type":"page","link":"https:\/\/advokatopaslaugos.lt\/pl\/uslugi-prawnicze\/adwokat-prawa-wlasnosci-intelektualnej\/","title":{"rendered":"Adwokat prawa w\u0142asno\u015bci intelektualnej"},"content":{"rendered":"\t\t<div data-elementor-type=\"wp-page\" data-elementor-id=\"412\" class=\"elementor elementor-412 elementor-44\" data-elementor-post-type=\"page\">\n\t\t\t\t<div class=\"elementor-element elementor-element-5f861496 e-flex e-con-boxed elementor-invisible e-con e-parent\" data-id=\"5f861496\" data-element_type=\"container\" data-e-type=\"container\" data-settings=\"{&quot;animation&quot;:&quot;fadeInUp&quot;,&quot;animation_delay&quot;:500}\">\n\t\t\t\t\t<div class=\"e-con-inner\">\n\t\t<div class=\"elementor-element elementor-element-28075ca2 e-con-full e-flex e-con e-child\" data-id=\"28075ca2\" data-element_type=\"container\" data-e-type=\"container\">\n\t\t\t\t<div class=\"elementor-element elementor-element-66028567 elementor-widget elementor-widget-heading\" data-id=\"66028567\" data-element_type=\"widget\" data-e-type=\"widget\" data-widget_type=\"heading.default\">\n\t\t\t\t\t<h2 class=\"elementor-heading-title elementor-size-default\">Adwokat prawa w\u0142asno\u015bci intelektualnej: Chro\u0144 swoj\u0105 tw\u00f3rczo\u015b\u0107 i innowacje<\/h2>\t\t\t\t<\/div>\n\t\t\t\t<div class=\"elementor-element elementor-element-529b2ed2 elementor-widget elementor-widget-text-editor\" data-id=\"529b2ed2\" data-element_type=\"widget\" data-e-type=\"widget\" data-widget_type=\"text-editor.default\">\n\t\t\t\t\t\t\t\t\t<p data-sourcepos=\"5:1-5:364\">W\u0142asno\u015b\u0107 intelektualna to cenny zas\u00f3b tworzony przez firmy i osoby prywatne. Obejmuje znaki towarowe, patenty, prawa autorskie, prawa do wzor\u00f3w, tajemnice handlowe oraz inne warto\u015bci niematerialne. Intelektin\u0117s nuosavyb\u0117s teisininkas Vilniuje pasiruo\u0161\u0119s suteikti Jums kvalifikuot\u0105 teisin\u0119 pagalb\u0105 visais su intelektine nuosavybe susijusiais klausimais, pad\u0117damas apsaugoti J\u016bs\u0173 k\u016brybi\u0161kum\u0105, inovacijas ir J\u016bs\u0173 \u012fmon\u0117s konkurencin\u012f prana\u0161um\u0105.<\/p>\n\t\t\t\t\t\t\t\t<\/div>\n\t\t\t\t<\/div>\n\t\t<div class=\"elementor-element elementor-element-20004745 e-con-full e-flex e-con e-child\" data-id=\"20004745\" data-element_type=\"container\" data-e-type=\"container\">\n\t\t\t\t<\/div>\n\t\t\t\t\t<\/div>\n\t\t\t\t<\/div>\n\t\t<div class=\"elementor-element elementor-element-1d5e430c e-flex e-con-boxed elementor-invisible e-con e-parent\" data-id=\"1d5e430c\" data-element_type=\"container\" data-e-type=\"container\" data-settings=\"{&quot;background_background&quot;:&quot;classic&quot;,&quot;animation&quot;:&quot;fadeInUp&quot;}\">\n\t\t\t\t\t<div class=\"e-con-inner\">\n\t\t\t\t<div class=\"elementor-element elementor-element-26d9a4af elementor-widget elementor-widget-heading\" data-id=\"26d9a4af\" data-element_type=\"widget\" data-e-type=\"widget\" data-widget_type=\"heading.default\">\n\t\t\t\t\t<h2 class=\"elementor-heading-title elementor-size-default\">Dlaczego potrzebujesz adwokata prawa w\u0142asno\u015bci intelektualnej?<\/h2>\t\t\t\t<\/div>\n\t\t\t\t<div class=\"elementor-element elementor-element-2a820805 elementor-widget elementor-widget-text-editor\" data-id=\"2a820805\" data-element_type=\"widget\" data-e-type=\"widget\" data-widget_type=\"text-editor.default\">\n\t\t\t\t\t\t\t\t\t<p data-sourcepos=\"9:1-9:126\">Prawo w\u0142asno\u015bci intelektualnej jest skomplikowan\u0105 i stale zmieniaj\u0105c\u0105 si\u0119 dziedzin\u0105. Prawnik specjalizuj\u0105cy si\u0119 w prawie w\u0142asno\u015bci intelektualnej jest niezb\u0119dny, poniewa\u017c:<\/p>\n<ul data-sourcepos=\"11:1-16:0\">\n<li data-sourcepos=\"11:1-11:178\"><strong>Zna si\u0119 na niuansach prawa w\u0142asno\u015bci intelektualnej:<\/strong> Doskonale orientuje si\u0119 w aktach prawnych Republiki Litewskiej i Unii Europejskiej reguluj\u0105cych w\u0142asno\u015b\u0107 intelektualn\u0105.<\/li>\n<li data-sourcepos=\"12:1-12:183\"><strong>Pomaga chroni\u0107 Twoj\u0105 w\u0142asno\u015b\u0107 intelektualn\u0105:<\/strong> Doradza, jak odpowiednio zarejestrowa\u0107 i chroni\u0107 Twoje znaki towarowe, patenty, wzory, prawa autorskie oraz inn\u0105 w\u0142asno\u015b\u0107 intelektualn\u0105.<\/li>\n<li data-sourcepos=\"13:1-13:142\"><strong>Chroni przed naruszeniami:<\/strong> Pomaga zapobiega\u0107 naruszeniom praw w\u0142asno\u015bci intelektualnej oraz broni\u0107 Twoich praw, je\u015bli do narusze\u0144 ju\u017c dosz\u0142o.<\/li>\n<li data-sourcepos=\"14:1-14:118\"><strong>Zwi\u0119ksza warto\u015b\u0107 firmy:<\/strong> Odpowiednio chroniona w\u0142asno\u015b\u0107 intelektualna zwi\u0119ksza warto\u015b\u0107 przedsi\u0119biorstwa i jego konkurencyjno\u015b\u0107 na rynku.<\/li>\n<li data-sourcepos=\"15:1-16:0\"><strong>Skutecznie rozwi\u0105zuje spory dotycz\u0105ce w\u0142asno\u015bci intelektualnej:<\/strong> Reprezentuje Twoje interesy w negocjacjach, mediacjach i s\u0105dach, w przypadku spor\u00f3w dotycz\u0105cych praw w\u0142asno\u015bci intelektualnej.<\/li>\n<\/ul>\n<p data-sourcepos=\"17:1-17:55\">\n\t\t\t\t\t\t\t\t<\/div>\n\t\t\t\t\t<\/div>\n\t\t\t\t<\/div>\n\t\t<div class=\"elementor-element elementor-element-1e1b4d59 e-flex e-con-boxed elementor-invisible e-con e-parent\" data-id=\"1e1b4d59\" data-element_type=\"container\" data-e-type=\"container\" data-settings=\"{&quot;animation&quot;:&quot;fadeInUp&quot;}\">\n\t\t\t\t\t<div class=\"e-con-inner\">\n\t\t\t\t<div class=\"elementor-element elementor-element-eeed9e2 elementor-widget elementor-widget-heading\" data-id=\"eeed9e2\" data-element_type=\"widget\" data-e-type=\"widget\" data-widget_type=\"heading.default\">\n\t\t\t\t\t<h2 class=\"elementor-heading-title elementor-size-default\">Us\u0142ugi adwokata prawa w\u0142asno\u015bci intelektualnej w Wilnie<\/h2>\t\t\t\t<\/div>\n\t\t\t\t<div class=\"elementor-element elementor-element-4d8dd8b2 elementor-widget elementor-widget-text-editor\" data-id=\"4d8dd8b2\" data-element_type=\"widget\" data-e-type=\"widget\" data-widget_type=\"text-editor.default\">\n\t\t\t\t\t\t\t\t\t<p data-sourcepos=\"19:1-19:120\">Nasi prawnicy specjalizuj\u0105cy si\u0119 w prawie w\u0142asno\u015bci intelektualnej w Wilnie oferuj\u0105 szeroki zakres us\u0142ug dla firm i os\u00f3b prywatnych, obejmuj\u0105cych:<\/p>\n<p><\/p>\n<p data-sourcepos=\"21:1-21:12\"><strong>Dla firm:<\/strong><\/p>\n<ul data-sourcepos=\"23:1-32:0\">\n<li data-sourcepos=\"23:1-23:183\"><strong>Rejestracja znak\u00f3w towarowych:<\/strong> Przeprowadzanie procedur rejestracji znak\u00f3w towarowych w Litwie i Unii Europejskiej, wyszukiwanie znak\u00f3w towarowych oraz konsultacje dotycz\u0105ce strategii znak\u00f3w towarowych.<\/li>\n<li data-sourcepos=\"24:1-24:134\"><strong>Prawo patentowe:<\/strong> Przygotowywanie i sk\u0142adanie wniosk\u00f3w patentowych, utrzymanie wa\u017cno\u015bci patent\u00f3w, konsultacje w sprawach ochrony patent\u00f3w.<\/li>\n<li data-sourcepos=\"25:1-25:117\"><strong>Prawo wzornictwa:<\/strong> Rejestracja wzor\u00f3w w Litwie i Unii Europejskiej, konsultacje w sprawach ochrony wzor\u00f3w.<\/li>\n<li data-sourcepos=\"26:1-26:130\"><strong>Prawa autorskie:<\/strong> Konsultacje w sprawach ochrony praw autorskich, przygotowywanie um\u00f3w dotycz\u0105cych praw autorskich, obrona praw autorskich.<\/li>\n<li data-sourcepos=\"27:1-27:119\"><strong>Tajemnice handlowe:<\/strong> Konsultacje w sprawach ochrony tajemnic handlowych, przygotowywanie um\u00f3w o poufno\u015bci.<\/li>\n<li data-sourcepos=\"28:1-28:112\"><strong>Umowy franczyzowe i licencyjne:<\/strong> Sporz\u0105dzanie i ocena prawna um\u00f3w franczyzowych oraz licencyjnych.<\/li>\n<li data-sourcepos=\"29:1-29:111\"><strong>Audyt w\u0142asno\u015bci intelektualnej:<\/strong> Ocena statusu prawnego i ryzyk zwi\u0105zanych z w\u0142asno\u015bci\u0105 intelektualn\u0105 w firmach.<\/li>\n<li data-sourcepos=\"30:1-30:191\"><strong>Rozwi\u0105zywanie spor\u00f3w dotycz\u0105cych w\u0142asno\u015bci intelektualnej:<\/strong> Reprezentowanie w negocjacjach, mediacjach i post\u0119powaniach s\u0105dowych w przypadku narusze\u0144 praw w\u0142asno\u015bci intelektualnej, ich uniewa\u017cnienia lub innych kwestii.<\/li>\n<li data-sourcepos=\"31:1-32:0\"><strong>Zapobieganie nieuczciwej konkurencji i ochrona przed ni\u0105:<\/strong> Pomoc prawna w walce z nieuczciw\u0105 konkurencj\u0105 i w ochronie reputacji firmy.<\/li>\n<\/ul>\n<p data-sourcepos=\"33:1-33:24\"><strong>Dla os\u00f3b prywatnych:<\/strong><\/p>\n<ul data-sourcepos=\"35:1-40:0\">\n<li data-sourcepos=\"35:1-35:129\"><strong>Konsultacje w zakresie praw autorskich:<\/strong> Porady dotycz\u0105ce ochrony praw autorskich, konsultacje dotycz\u0105ce wykorzystania i licencjonowania utwor\u00f3w.<\/li>\n<li data-sourcepos=\"36:1-36:100\"><strong>Konsultacje dotycz\u0105ce znak\u00f3w towarowych:<\/strong> Porady w sprawie rejestracji i ochrony osobistych znak\u00f3w towarowych.<\/li>\n<li data-sourcepos=\"37:1-37:75\"><strong>Konsultacje dotycz\u0105ce praw do wzor\u00f3w:<\/strong> Porady w zakresie ochrony praw do wzor\u00f3w.<\/li>\n<li data-sourcepos=\"38:1-38:106\"><strong>Dziedziczenie w\u0142asno\u015bci intelektualnej:<\/strong> Konsultacje w sprawach dziedziczenia praw w\u0142asno\u015bci intelektualnej.<\/li>\n<li data-sourcepos=\"39:1-40:0\"><strong>Rozwi\u0105zywanie spor\u00f3w dotycz\u0105cych w\u0142asno\u015bci intelektualnej:<\/strong> Reprezentowanie w sporach dotycz\u0105cych narusze\u0144 praw w\u0142asno\u015bci intelektualnej lub innych kwestii.<\/li>\n<\/ul>\n<p><\/p>\n<p data-sourcepos=\"41:1-41:63\">\n\t\t\t\t\t\t\t\t<\/div>\n\t\t\t\t\t<\/div>\n\t\t\t\t<\/div>\n\t\t<div class=\"elementor-element elementor-element-45ab1640 e-flex e-con-boxed elementor-invisible e-con e-parent\" data-id=\"45ab1640\" data-element_type=\"container\" data-e-type=\"container\" data-settings=\"{&quot;background_background&quot;:&quot;classic&quot;,&quot;animation&quot;:&quot;fadeInUp&quot;}\">\n\t\t\t\t\t<div class=\"e-con-inner\">\n\t\t\t\t<div class=\"elementor-element elementor-element-29152278 elementor-widget elementor-widget-heading\" data-id=\"29152278\" data-element_type=\"widget\" data-e-type=\"widget\" data-widget_type=\"heading.default\">\n\t\t\t\t\t<h2 class=\"elementor-heading-title elementor-size-default\">Dlaczego warto wybra\u0107 naszych adwokat\u00f3w prawa w\u0142asno\u015bci intelektualnej?<\/h2>\t\t\t\t<\/div>\n\t\t<div class=\"elementor-element elementor-element-5e48b35b e-con-full e-flex e-con e-child\" data-id=\"5e48b35b\" data-element_type=\"container\" data-e-type=\"container\">\n\t\t<div class=\"elementor-element elementor-element-16078ede e-con-full e-flex e-con e-child\" data-id=\"16078ede\" data-element_type=\"container\" data-e-type=\"container\">\n\t\t\t\t<div class=\"elementor-element elementor-element-2008275e elementor-widget elementor-widget-text-editor\" data-id=\"2008275e\" data-element_type=\"widget\" data-e-type=\"widget\" data-widget_type=\"text-editor.default\">\n\t\t\t\t\t\t\t\t\t<ul data-sourcepos=\"43:1-48:0\">\n<li data-sourcepos=\"43:1-43:189\"><strong>Specjalizacja i do\u015bwiadczenie:<\/strong> Nasi prawnicy specjalizuj\u0105 si\u0119 w prawie w\u0142asno\u015bci intelektualnej i maj\u0105 wieloletnie do\u015bwiadczenie w reprezentowaniu r\u00f3\u017cnych klient\u00f3w w sprawach dotycz\u0105cych w\u0142asno\u015bci intelektualnej.<\/li>\n<li data-sourcepos=\"44:1-44:185\"><strong>G\u0142\u0119boka znajomo\u015b\u0107 prawa w\u0142asno\u015bci intelektualnej:<\/strong> Na bie\u017c\u0105co \u015bledzi nowo\u015bci w prawie w\u0142asno\u015bci intelektualnej i jest got\u00f3w znale\u017a\u0107 optymalne rozwi\u0105zania nawet w najbardziej skomplikowanych sytuacjach.<\/li>\n<li data-sourcepos=\"45:1-45:126\"><strong>Indywidualne podej\u015bcie:<\/strong> Ka\u017cdemu klientowi po\u015bwi\u0119camy indywidualn\u0105 uwag\u0119 i starannie analizujemy ka\u017cd\u0105 sytuacj\u0119.<\/li>\n<li data-sourcepos=\"46:1-46:142\"><strong>Praktyczne poszukiwanie rozwi\u0105za\u0144:<\/strong> Skupiamy si\u0119 na praktycznych i efektywnych rozwi\u0105zaniach, kt\u00f3re odpowiadaj\u0105 potrzebom klient\u00f3w i celom biznesowym.<\/li>\n<li data-sourcepos=\"47:1-48:0\"><strong>Poufno\u015b\u0107 i profesjonalizm:<\/strong> Gwarantujemy pe\u0142n\u0105 poufno\u015b\u0107 oraz najwy\u017csze standardy zawodowe.<\/li>\n<\/ul>\n<p data-sourcepos=\"49:1-49:24\">\n\t\t\t\t\t\t\t\t<\/div>\n\t\t\t\t<div class=\"elementor-element elementor-element-2ea7274b elementor-widget elementor-widget-button\" data-id=\"2ea7274b\" data-element_type=\"widget\" data-e-type=\"widget\" data-widget_type=\"button.default\">\n\t\t\t\t\t\t\t\t\t\t<a class=\"elementor-button elementor-button-link elementor-size-sm\" href=\"\">\n\t\t\t\t\t\t<span class=\"elementor-button-content-wrapper\">\n\t\t\t\t\t\t\t\t\t<span class=\"elementor-button-text\">+37060877800<\/span>\n\t\t\t\t\t<\/span>\n\t\t\t\t\t<\/a>\n\t\t\t\t\t\t\t\t<\/div>\n\t\t\t\t<\/div>\n\t\t<div class=\"elementor-element elementor-element-1da80e4b e-con-full e-flex e-con e-child\" data-id=\"1da80e4b\" data-element_type=\"container\" data-e-type=\"container\">\n\t\t\t\t<div class=\"elementor-element elementor-element-31c3005c elementor-button-align-stretch elementor-widget elementor-widget-form\" data-id=\"31c3005c\" data-element_type=\"widget\" data-e-type=\"widget\" data-settings=\"{&quot;step_next_label&quot;:&quot;Nast\\u0119pny&quot;,&quot;step_previous_label&quot;:&quot;Poprzedni&quot;,&quot;button_width&quot;:&quot;100&quot;,&quot;step_type&quot;:&quot;number_text&quot;,&quot;step_icon_shape&quot;:&quot;circle&quot;}\" data-widget_type=\"form.default\">\n\t\t\t\t\t\t\t<form class=\"elementor-form\" method=\"post\" id=\"ap1\" name=\"Zapytanie\" aria-label=\"Zapytanie\">\n\t\t\t<input type=\"hidden\" name=\"post_id\" value=\"412\"\/>\n\t\t\t<input type=\"hidden\" name=\"form_id\" value=\"31c3005c\"\/>\n\t\t\t<input type=\"hidden\" name=\"referer_title\" value=\"Adwokat prawa w\u0142asno\u015bci intelektualnej - Advokato paslaugos\" \/>\n\n\t\t\t\t\t\t\t<input type=\"hidden\" name=\"queried_id\" value=\"412\"\/>\n\t\t\t\n\t\t\t<div class=\"elementor-form-fields-wrapper elementor-labels-\">\n\t\t\t\t\t\t\t\t<div class=\"elementor-field-type-text elementor-field-group elementor-column elementor-field-group-name elementor-col-100 elementor-field-required\">\n\t\t\t\t\t\t\t\t\t\t\t\t<label for=\"form-field-name\" class=\"elementor-field-label elementor-screen-only\">\n\t\t\t\t\t\t\t\tNazwa\t\t\t\t\t\t\t<\/label>\n\t\t\t\t\t\t\t\t\t\t\t\t\t\t<input size=\"1\" type=\"text\" name=\"form_fields[name]\" id=\"form-field-name\" class=\"elementor-field elementor-size-sm  elementor-field-textual\" placeholder=\"Nazwa\" required=\"required\">\n\t\t\t\t\t\t\t\t\t\t\t<\/div>\n\t\t\t\t\t\t\t\t<div class=\"elementor-field-type-email elementor-field-group elementor-column elementor-field-group-email elementor-col-100 elementor-field-required\">\n\t\t\t\t\t\t\t\t\t\t\t\t<label for=\"form-field-email\" class=\"elementor-field-label elementor-screen-only\">\n\t\t\t\t\t\t\t\tE-mail\t\t\t\t\t\t\t<\/label>\n\t\t\t\t\t\t\t\t\t\t\t\t\t\t<input size=\"1\" type=\"email\" name=\"form_fields[email]\" id=\"form-field-email\" class=\"elementor-field elementor-size-sm  elementor-field-textual\" placeholder=\"E-mail\" required=\"required\">\n\t\t\t\t\t\t\t\t\t\t\t<\/div>\n\t\t\t\t\t\t\t\t<div class=\"elementor-field-type-tel elementor-field-group elementor-column elementor-field-group-field_42f4eb6 elementor-col-100 elementor-field-required\">\n\t\t\t\t\t\t\t\t\t\t\t\t<label for=\"form-field-field_42f4eb6\" class=\"elementor-field-label elementor-screen-only\">\n\t\t\t\t\t\t\t\tTelefon\t\t\t\t\t\t\t<\/label>\n\t\t\t\t\t\t\t\t<input size=\"1\" type=\"tel\" name=\"form_fields[field_42f4eb6]\" id=\"form-field-field_42f4eb6\" class=\"elementor-field elementor-size-sm  elementor-field-textual\" placeholder=\"Telefon\" required=\"required\" pattern=\"[0-9()#&amp;+*-=.]+\" title=\"Only numbers and phone characters (#, -, *, etc) are accepted.\">\n\n\t\t\t\t\t\t<\/div>\n\t\t\t\t\t\t\t\t<div class=\"elementor-field-type-textarea elementor-field-group elementor-column elementor-field-group-message elementor-col-100 elementor-field-required\">\n\t\t\t\t\t\t\t\t\t\t\t\t<label for=\"form-field-message\" class=\"elementor-field-label elementor-screen-only\">\n\t\t\t\t\t\t\t\tKr\u00f3tko opisz sytuacj\u0119\t\t\t\t\t\t\t<\/label>\n\t\t\t\t\t\t<textarea class=\"elementor-field-textual elementor-field  elementor-size-sm\" name=\"form_fields[message]\" id=\"form-field-message\" rows=\"7\" placeholder=\"Kr\u00f3tko opisz sytuacj\u0119\" required=\"required\"><\/textarea>\t\t\t\t<\/div>\n\t\t\t\t\t\t\t\t<div class=\"elementor-field-group elementor-column elementor-field-type-submit elementor-col-100 e-form__buttons\">\n\t\t\t\t\t<button class=\"elementor-button elementor-size-sm\" type=\"submit\">\n\t\t\t\t\t\t<span class=\"elementor-button-content-wrapper\">\n\t\t\t\t\t\t\t\t\t\t\t\t\t\t\t\t\t\t\t\t\t\t<span class=\"elementor-button-text\">Wys\u0142a\u0107<\/span>\n\t\t\t\t\t\t\t\t\t\t\t\t\t<\/span>\n\t\t\t\t\t<\/button>\n\t\t\t\t<\/div>\n\t\t\t<\/div>\n\t\t<\/form>\n\t\t\t\t\t\t<\/div>\n\t\t\t\t<\/div>\n\t\t\t\t<\/div>\n\t\t\t\t\t<\/div>\n\t\t\t\t<\/div>\n\t\t\t\t<\/div>\n\t\t","protected":false},"excerpt":{"rendered":"<p>Adwokat prawa w\u0142asno\u015bci intelektualnej: Chro\u0144 swoj\u0105 tw\u00f3rczo\u015b\u0107 i innowacje W\u0142asno\u015b\u0107 intelektualna to cenny zas\u00f3b tworzony przez firmy i osoby prywatne. Obejmuje znaki towarowe, patenty, prawa autorskie, prawa do wzor\u00f3w, tajemnice handlowe oraz inne warto\u015bci niematerialne. Intelektin\u0117s nuosavyb\u0117s teisininkas Vilniuje pasiruo\u0161\u0119s suteikti Jums kvalifikuot\u0105 teisin\u0119 pagalb\u0105 visais su intelektine nuosavybe susijusiais klausimais, pad\u0117damas apsaugoti J\u016bs\u0173 k\u016brybi\u0161kum\u0105, [&hellip;]<\/p>\n","protected":false},"author":1,"featured_media":0,"parent":387,"menu_order":0,"comment_status":"closed","ping_status":"closed","template":"","meta":{"_acf_changed":false,"footnotes":""},"class_list":["post-412","page","type-page","status-publish","hentry"],"acf":[],"_links":{"self":[{"href":"https:\/\/advokatopaslaugos.lt\/pl\/wp-json\/wp\/v2\/pages\/412","targetHints":{"allow":["GET"]}}],"collection":[{"href":"https:\/\/advokatopaslaugos.lt\/pl\/wp-json\/wp\/v2\/pages"}],"about":[{"href":"https:\/\/advokatopaslaugos.lt\/pl\/wp-json\/wp\/v2\/types\/page"}],"author":[{"embeddable":true,"href":"https:\/\/advokatopaslaugos.lt\/pl\/wp-json\/wp\/v2\/users\/1"}],"replies":[{"embeddable":true,"href":"https:\/\/advokatopaslaugos.lt\/pl\/wp-json\/wp\/v2\/comments?post=412"}],"version-history":[{"count":1,"href":"https:\/\/advokatopaslaugos.lt\/pl\/wp-json\/wp\/v2\/pages\/412\/revisions"}],"predecessor-version":[{"id":413,"href":"https:\/\/advokatopaslaugos.lt\/pl\/wp-json\/wp\/v2\/pages\/412\/revisions\/413"}],"up":[{"embeddable":true,"href":"https:\/\/advokatopaslaugos.lt\/pl\/wp-json\/wp\/v2\/pages\/387"}],"wp:attachment":[{"href":"https:\/\/advokatopaslaugos.lt\/pl\/wp-json\/wp\/v2\/media?parent=412"}],"curies":[{"name":"wp","href":"https:\/\/api.w.org\/{rel}","templated":true}]}}