{"id":414,"date":"2025-02-10T12:40:01","date_gmt":"2025-02-10T10:40:01","guid":{"rendered":"https:\/\/advokatopaslaugos.lt\/uslugi-prawnicze\/adwokat-prawa-handlowego\/"},"modified":"2026-04-09T08:44:44","modified_gmt":"2026-04-09T06:44:44","slug":"adwokat-prawa-handlowego","status":"publish","type":"page","link":"https:\/\/advokatopaslaugos.lt\/pl\/uslugi-prawnicze\/adwokat-prawa-handlowego\/","title":{"rendered":"Adwokat prawa handlowego"},"content":{"rendered":"\t\t<div data-elementor-type=\"wp-page\" data-elementor-id=\"414\" class=\"elementor elementor-414 elementor-16\" data-elementor-post-type=\"page\">\n\t\t\t\t<div class=\"elementor-element elementor-element-5307322a e-flex e-con-boxed elementor-invisible e-con e-parent\" data-id=\"5307322a\" data-element_type=\"container\" data-e-type=\"container\" data-settings=\"{&quot;animation&quot;:&quot;fadeInUp&quot;,&quot;animation_delay&quot;:500}\">\n\t\t\t\t\t<div class=\"e-con-inner\">\n\t\t<div class=\"elementor-element elementor-element-232a7614 e-con-full e-flex e-con e-child\" data-id=\"232a7614\" data-element_type=\"container\" data-e-type=\"container\">\n\t\t\t\t<div class=\"elementor-element elementor-element-27ea7d51 elementor-widget elementor-widget-heading\" data-id=\"27ea7d51\" data-element_type=\"widget\" data-e-type=\"widget\" data-widget_type=\"heading.default\">\n\t\t\t\t\t<h2 class=\"elementor-heading-title elementor-size-default\">Adwokat prawa handlowego: Tw\u00f3j zaufany partner w kwestiach prawa gospodarczego<\/h2>\t\t\t\t<\/div>\n\t\t\t\t<div class=\"elementor-element elementor-element-2ed2a3d4 elementor-widget elementor-widget-text-editor\" data-id=\"2ed2a3d4\" data-element_type=\"widget\" data-e-type=\"widget\" data-widget_type=\"text-editor.default\">\n\t\t\t\t\t\t\t\t\t<p data-sourcepos=\"5:1-5:424\">Prawo handlowe jest kluczow\u0105 cz\u0119\u015bci\u0105 \u015bwiata biznesu, obejmuj\u0105c\u0105 szeroki zakres kwestii prawnych, z kt\u00f3rymi spotykaj\u0105 si\u0119 firmy i przedsi\u0119biorcy. Niezale\u017cnie od tego, czy jeste\u015b pocz\u0105tkuj\u0105cym przedsi\u0119biorc\u0105, czy du\u017c\u0105 korporacj\u0105, prawnik specjalizuj\u0105cy si\u0119 w prawie handlowym w Wilnie jest got\u00f3w udzieli\u0107 Ci wykwalifikowanej pomocy prawnej we wszystkich kwestiach zwi\u0105zanych z prawem biznesowym, pomagaj\u0105c w skutecznym rozwoju firmy, ochronie Twoich interes\u00f3w i unikaniu problem\u00f3w prawnych.<\/p>\n<p><\/p>\n<p data-sourcepos=\"7:1-7:55\">\n\t\t\t\t\t\t\t\t<\/div>\n\t\t\t\t<\/div>\n\t\t<div class=\"elementor-element elementor-element-32baac1d e-con-full e-flex e-con e-child\" data-id=\"32baac1d\" data-element_type=\"container\" data-e-type=\"container\">\n\t\t\t\t<div class=\"elementor-element elementor-element-5051a5d1 elementor-widget elementor-widget-image\" data-id=\"5051a5d1\" data-element_type=\"widget\" data-e-type=\"widget\" data-widget_type=\"image.default\">\n\t\t\t\t\t\t\t\t\t\t\t\t\t\t\t<img fetchpriority=\"high\" decoding=\"async\" width=\"1024\" height=\"607\" src=\"https:\/\/advokatopaslaugos.lt\/wp-content\/uploads\/advokat-1024x607.jpg\" class=\"attachment-large size-large wp-image-695\" alt=\"Vie\u0161\u0173j\u0173 pirkim\u0173 advokatas\" srcset=\"https:\/\/advokatopaslaugos.lt\/wp-content\/uploads\/advokat-1024x607.jpg 1024w, https:\/\/advokatopaslaugos.lt\/wp-content\/uploads\/advokat-300x178.jpg 300w, https:\/\/advokatopaslaugos.lt\/wp-content\/uploads\/advokat-150x89.jpg 150w, https:\/\/advokatopaslaugos.lt\/wp-content\/uploads\/advokat-768x455.jpg 768w, https:\/\/advokatopaslaugos.lt\/wp-content\/uploads\/advokat.jpg 1200w\" sizes=\"(max-width: 1024px) 100vw, 1024px\" \/>\t\t\t\t\t\t\t\t\t\t\t\t\t\t\t<\/div>\n\t\t\t\t<\/div>\n\t\t\t\t\t<\/div>\n\t\t\t\t<\/div>\n\t\t<div class=\"elementor-element elementor-element-4a226151 e-flex e-con-boxed elementor-invisible e-con e-parent\" data-id=\"4a226151\" data-element_type=\"container\" data-e-type=\"container\" data-settings=\"{&quot;background_background&quot;:&quot;classic&quot;,&quot;animation&quot;:&quot;fadeInUp&quot;}\">\n\t\t\t\t\t<div class=\"e-con-inner\">\n\t\t\t\t<div class=\"elementor-element elementor-element-5c27c737 elementor-widget elementor-widget-heading\" data-id=\"5c27c737\" data-element_type=\"widget\" data-e-type=\"widget\" data-widget_type=\"heading.default\">\n\t\t\t\t\t<h2 class=\"elementor-heading-title elementor-size-default\">Dlaczego potrzebujesz adwokata prawa handlowego?<\/h2>\t\t\t\t<\/div>\n\t\t\t\t<div class=\"elementor-element elementor-element-6b0bbdf8 elementor-widget elementor-widget-text-editor\" data-id=\"6b0bbdf8\" data-element_type=\"widget\" data-e-type=\"widget\" data-widget_type=\"text-editor.default\">\n\t\t\t\t\t\t\t\t\t<p data-sourcepos=\"9:1-9:154\">Prawo handlowe jest skomplikowan\u0105 i nieustannie zmieniaj\u0105c\u0105 si\u0119 dziedzin\u0105, wymagaj\u0105c\u0105 specjalistycznej wiedzy i do\u015bwiadczenia. Prawnik specjalizuj\u0105cy si\u0119 w prawie handlowym jest niezb\u0119dny, poniewa\u017c:<\/p>\n<ul data-sourcepos=\"11:1-16:0\">\n<li data-sourcepos=\"11:1-11:237\"><strong>Znajomo\u015b\u0107 niuans\u00f3w prawa biznesowego:<\/strong> poniewa\u017c doskonale orientuje si\u0119 w przepisach prawnych Republiki Litewskiej reguluj\u0105cych dzia\u0142alno\u015b\u0107 gospodarcz\u0105, prawo korporacyjne, prawo um\u00f3w, prawo konkurencji, prawo w\u0142asno\u015bci intelektualnej oraz inne obszary prawa biznesowego.<\/li>\n<li data-sourcepos=\"12:1-12:182\"><strong>Pomaga podejmowa\u0107 decyzje zgodne z prawem:<\/strong> Dostarcza analiz prawnych i porad, kt\u00f3re pomagaj\u0105 podejmowa\u0107 optymalne decyzje biznesowe zgodne z wymogami przepis\u00f3w prawnych.<\/li>\n<li data-sourcepos=\"13:1-13:169\"><strong>Chroni Tw\u00f3j biznes przed ryzykiem:<\/strong> Pomaga oceni\u0107 i zarz\u0105dza\u0107 ryzykami prawnymi zwi\u0105zanymi z dzia\u0142alno\u015bci\u0105 gospodarcz\u0105, zawieraniem um\u00f3w, rozwi\u0105zywaniem spor\u00f3w i innymi aspektami.<\/li>\n<li data-sourcepos=\"14:1-14:204\"><strong>Skutecznie rozwi\u0105zuje spory handlowe:<\/strong> Reprezentuje Twoje interesy w negocjacjach, mediacjach i s\u0105dach, w przypadku spor\u00f3w z partnerami biznesowymi, klientami, konkurentami lub instytucjami pa\u0144stwowymi.<\/li>\n<li data-sourcepos=\"15:1-16:0\"><strong>Oszcz\u0119dza Tw\u00f3j czas i zasoby:<\/strong> Przejmuje rozwi\u0105zywanie kwestii prawnych, pozwalaj\u0105c Ci skupi\u0107 si\u0119 na podstawowej dzia\u0142alno\u015bci gospodarczej i celach strategicznych.<\/li>\n<\/ul>\n\t\t\t\t\t\t\t\t<\/div>\n\t\t\t\t\t<\/div>\n\t\t\t\t<\/div>\n\t\t<div class=\"elementor-element elementor-element-64a8a3db e-flex e-con-boxed elementor-invisible e-con e-parent\" data-id=\"64a8a3db\" data-element_type=\"container\" data-e-type=\"container\" data-settings=\"{&quot;animation&quot;:&quot;fadeInUp&quot;}\">\n\t\t\t\t\t<div class=\"e-con-inner\">\n\t\t\t\t<div class=\"elementor-element elementor-element-2abd00a0 elementor-widget elementor-widget-heading\" data-id=\"2abd00a0\" data-element_type=\"widget\" data-e-type=\"widget\" data-widget_type=\"heading.default\">\n\t\t\t\t\t<h2 class=\"elementor-heading-title elementor-size-default\">Us\u0142ugi adwokata prawa handlowego w Wilnie<\/h2>\t\t\t\t<\/div>\n\t\t\t\t<div class=\"elementor-element elementor-element-22acb8cd elementor-widget elementor-widget-text-editor\" data-id=\"22acb8cd\" data-element_type=\"widget\" data-e-type=\"widget\" data-widget_type=\"text-editor.default\">\n\t\t\t\t\t\t\t\t\t<p data-sourcepos=\"19:1-19:100\">Nasi prawnicy specjalizuj\u0105cy si\u0119 w prawie handlowym w Wilnie \u015bwiadcz\u0105 szeroki zakres us\u0142ug dla klient\u00f3w biznesowych, obejmuj\u0105cych:<\/p>\n<ul data-sourcepos=\"21:1-32:0\">\n<li data-sourcepos=\"21:1-21:184\"><strong>Konsultacje w zakresie prawa handlowego:<\/strong> Szczeg\u00f3\u0142owe porady dotycz\u0105ce wszystkich aspekt\u00f3w prawa handlowego, pomagaj\u0105ce zrozumie\u0107 Twoje prawa i obowi\u0105zki, oceni\u0107 ryzyka i mo\u017cliwo\u015bci.<\/li>\n<li data-sourcepos=\"22:1-22:136\"><strong>Prawo sp\u00f3\u0142ek:<\/strong> Zak\u0142adanie, reorganizacja i likwidacja sp\u00f3\u0142ek, transakcje kupna-sprzeda\u017cy akcji, zarz\u0105dzanie sp\u00f3\u0142kami i odpowiedzialno\u015b\u0107.<\/li>\n<li data-sourcepos=\"23:1-23:147\"><strong>Prawo um\u00f3w:<\/strong> Sporz\u0105dzanie, uzgadnianie i analiza prawna um\u00f3w handlowych, doradztwo w zakresie ich wykonania oraz rozwi\u0105zywanie spor\u00f3w dotycz\u0105cych um\u00f3w.<\/li>\n<li data-sourcepos=\"24:1-24:171\"><strong>Prawo konkurencji:<\/strong> Konsultacje z zakresu prawa konkurencji, reprezentacja przed Urz\u0119dem ds. Konkurencji oraz s\u0105dami, obrona przed dzia\u0142aniami nieuczciwej konkurencji.<\/li>\n<li data-sourcepos=\"25:1-25:174\"><strong>Prawo w\u0142asno\u015bci intelektualnej:<\/strong> Rejestracja znak\u00f3w towarowych, ochrona patentowa, ochrona praw autorskich, doradztwo w zakresie zarz\u0105dzania i ochrony w\u0142asno\u015bci intelektualnej.<\/li>\n<li data-sourcepos=\"26:1-26:161\"><strong>Prawo transportowe i logistyka:<\/strong> Pomoc prawna dla firm transportowych i logistycznych, konwencja CMR, umowy przewozu towar\u00f3w, spory dotycz\u0105ce transportu \u0142adunk\u00f3w.<\/li>\n<li data-sourcepos=\"27:1-27:150\"><strong>Prawo energetyczne:<\/strong> Pomoc prawna dla firm z sektora energetycznego, konsultacje w zakresie regulacji energetycznych, licencjonowania i um\u00f3w.<\/li>\n<li data-sourcepos=\"28:1-28:147\"><strong>Prawo farmaceutyczne:<\/strong> Pomoc prawna dla firm farmaceutycznych, konsultacje w zakresie rejestracji produkt\u00f3w farmaceutycznych, regulacji i marketingu.<\/li>\n<li data-sourcepos=\"29:1-29:169\"><strong>Prawo ochrony danych osobowych (RODO):<\/strong> Konsultacje w zakresie ochrony danych osobowych, wdra\u017canie wymaga\u0144 RODO, reprezentacja przed Pa\u0144stwow\u0105 Inspekcj\u0105 Ochrony Danych Osobowych.<\/li>\n<li data-sourcepos=\"30:1-30:108\"><strong>Rozwi\u0105zywanie spor\u00f3w:<\/strong> Rozwi\u0105zywanie spor\u00f3w handlowych w drodze pozas\u0105dowej i s\u0105dowej, reprezentacja w arbitra\u017cu.<\/li>\n<li data-sourcepos=\"31:1-32:0\"><strong>Audyt prawny (due diligence) przed zawarciem transakcji:<\/strong> Ocena statusu prawnego i ryzyk zwi\u0105zanych z firmami i transakcjami przed zakupem lub inwestycj\u0105.<\/li>\n<\/ul>\n<p><\/p>\n<p data-sourcepos=\"33:1-33:57\">\n\t\t\t\t\t\t\t\t<\/div>\n\t\t\t\t\t<\/div>\n\t\t\t\t<\/div>\n\t\t<div class=\"elementor-element elementor-element-310cddff e-flex e-con-boxed elementor-invisible e-con e-parent\" data-id=\"310cddff\" data-element_type=\"container\" data-e-type=\"container\" data-settings=\"{&quot;background_background&quot;:&quot;classic&quot;,&quot;animation&quot;:&quot;fadeInUp&quot;}\">\n\t\t\t\t\t<div class=\"e-con-inner\">\n\t\t\t\t<div class=\"elementor-element elementor-element-4a6aba44 elementor-widget elementor-widget-heading\" data-id=\"4a6aba44\" data-element_type=\"widget\" data-e-type=\"widget\" data-widget_type=\"heading.default\">\n\t\t\t\t\t<h2 class=\"elementor-heading-title elementor-size-default\">Dlaczego warto wybra\u0107 naszych adwokat\u00f3w prawa handlowego?<\/h2>\t\t\t\t<\/div>\n\t\t<div class=\"elementor-element elementor-element-2cfe05fe e-con-full e-flex e-con e-child\" data-id=\"2cfe05fe\" data-element_type=\"container\" data-e-type=\"container\">\n\t\t<div class=\"elementor-element elementor-element-2c4af952 e-con-full e-flex e-con e-child\" data-id=\"2c4af952\" data-element_type=\"container\" data-e-type=\"container\">\n\t\t\t\t<div class=\"elementor-element elementor-element-6152ceb9 elementor-widget elementor-widget-text-editor\" data-id=\"6152ceb9\" data-element_type=\"widget\" data-e-type=\"widget\" data-widget_type=\"text-editor.default\">\n\t\t\t\t\t\t\t\t\t<ul data-sourcepos=\"35:1-40:0\">\n<li data-sourcepos=\"35:1-35:154\"><strong>Specjalizacja i do\u015bwiadczenie:<\/strong> Nasi prawnicy specjalizuj\u0105 si\u0119 w prawie handlowym i maj\u0105 wieloletnie do\u015bwiadczenie w reprezentowaniu firm r\u00f3\u017cnej wielko\u015bci.<\/li>\n<li data-sourcepos=\"36:1-36:171\"><strong>Dog\u0142\u0119bne zrozumienie biznesu:<\/strong> Rozumiemy potrzeby biznesowe i d\u0105\u017cymy do znalezienia praktycznych i skutecznych rozwi\u0105za\u0144 prawnych, kt\u00f3re pomagaj\u0105 klientom osi\u0105ga\u0107 cele biznesowe.<\/li>\n<li data-sourcepos=\"37:1-37:137\"><strong>Kompleksowe podej\u015bcie:<\/strong> Ka\u017cd\u0105 sytuacj\u0119 oceniamy kompleksowo, bior\u0105c pod uwag\u0119 aspekty prawne, handlowe i praktyczne.<\/li>\n<li data-sourcepos=\"38:1-38:135\"><strong>Nastawienie na rezultat:<\/strong> D\u0105\u017cymy do skutecznego i szybkiego rozwi\u0105zania problem\u00f3w klient\u00f3w oraz osi\u0105gni\u0119cia najlepszego mo\u017cliwego wyniku.<\/li>\n<li data-sourcepos=\"39:1-40:0\"><strong>Poufno\u015b\u0107 i profesjonalizm:<\/strong> Gwarantujemy pe\u0142n\u0105 poufno\u015b\u0107 oraz najwy\u017csze standardy zawodowe.<\/li>\n<\/ul>\n<p><\/p>\n<p data-sourcepos=\"41:1-41:24\">\n\t\t\t\t\t\t\t\t<\/div>\n\t\t\t\t<div class=\"elementor-element elementor-element-61c36925 elementor-widget elementor-widget-button\" data-id=\"61c36925\" data-element_type=\"widget\" data-e-type=\"widget\" data-widget_type=\"button.default\">\n\t\t\t\t\t\t\t\t\t\t<a class=\"elementor-button elementor-button-link elementor-size-sm\" href=\"\">\n\t\t\t\t\t\t<span class=\"elementor-button-content-wrapper\">\n\t\t\t\t\t\t\t\t\t<span class=\"elementor-button-text\">+37060877800<\/span>\n\t\t\t\t\t<\/span>\n\t\t\t\t\t<\/a>\n\t\t\t\t\t\t\t\t<\/div>\n\t\t\t\t<\/div>\n\t\t<div class=\"elementor-element elementor-element-3a565daa e-con-full e-flex e-con e-child\" data-id=\"3a565daa\" data-element_type=\"container\" data-e-type=\"container\">\n\t\t\t\t<div class=\"elementor-element elementor-element-295cf857 elementor-button-align-stretch elementor-widget elementor-widget-form\" data-id=\"295cf857\" data-element_type=\"widget\" data-e-type=\"widget\" data-settings=\"{&quot;step_next_label&quot;:&quot;Nast\\u0119pny&quot;,&quot;step_previous_label&quot;:&quot;Poprzedni&quot;,&quot;button_width&quot;:&quot;100&quot;,&quot;step_type&quot;:&quot;number_text&quot;,&quot;step_icon_shape&quot;:&quot;circle&quot;}\" data-widget_type=\"form.default\">\n\t\t\t\t\t\t\t<form class=\"elementor-form\" method=\"post\" id=\"ap1\" name=\"Zapytanie\" aria-label=\"Zapytanie\">\n\t\t\t<input type=\"hidden\" name=\"post_id\" value=\"414\"\/>\n\t\t\t<input type=\"hidden\" name=\"form_id\" value=\"295cf857\"\/>\n\t\t\t<input type=\"hidden\" name=\"referer_title\" value=\"Adwokat prawa handlowego - Advokato paslaugos\" \/>\n\n\t\t\t\t\t\t\t<input type=\"hidden\" name=\"queried_id\" value=\"414\"\/>\n\t\t\t\n\t\t\t<div class=\"elementor-form-fields-wrapper elementor-labels-\">\n\t\t\t\t\t\t\t\t<div class=\"elementor-field-type-text elementor-field-group elementor-column elementor-field-group-name elementor-col-100 elementor-field-required\">\n\t\t\t\t\t\t\t\t\t\t\t\t<label for=\"form-field-name\" class=\"elementor-field-label elementor-screen-only\">\n\t\t\t\t\t\t\t\tNazwa\t\t\t\t\t\t\t<\/label>\n\t\t\t\t\t\t\t\t\t\t\t\t\t\t<input size=\"1\" type=\"text\" name=\"form_fields[name]\" id=\"form-field-name\" class=\"elementor-field elementor-size-sm  elementor-field-textual\" placeholder=\"Nazwa\" required=\"required\">\n\t\t\t\t\t\t\t\t\t\t\t<\/div>\n\t\t\t\t\t\t\t\t<div class=\"elementor-field-type-email elementor-field-group elementor-column elementor-field-group-email elementor-col-100 elementor-field-required\">\n\t\t\t\t\t\t\t\t\t\t\t\t<label for=\"form-field-email\" class=\"elementor-field-label elementor-screen-only\">\n\t\t\t\t\t\t\t\tE-mail\t\t\t\t\t\t\t<\/label>\n\t\t\t\t\t\t\t\t\t\t\t\t\t\t<input size=\"1\" type=\"email\" name=\"form_fields[email]\" id=\"form-field-email\" class=\"elementor-field elementor-size-sm  elementor-field-textual\" placeholder=\"E-mail\" required=\"required\">\n\t\t\t\t\t\t\t\t\t\t\t<\/div>\n\t\t\t\t\t\t\t\t<div class=\"elementor-field-type-tel elementor-field-group elementor-column elementor-field-group-field_42f4eb6 elementor-col-100 elementor-field-required\">\n\t\t\t\t\t\t\t\t\t\t\t\t<label for=\"form-field-field_42f4eb6\" class=\"elementor-field-label elementor-screen-only\">\n\t\t\t\t\t\t\t\tTelefon\t\t\t\t\t\t\t<\/label>\n\t\t\t\t\t\t\t\t<input size=\"1\" type=\"tel\" name=\"form_fields[field_42f4eb6]\" id=\"form-field-field_42f4eb6\" class=\"elementor-field elementor-size-sm  elementor-field-textual\" placeholder=\"Telefon\" required=\"required\" pattern=\"[0-9()#&amp;+*-=.]+\" title=\"Only numbers and phone characters (#, -, *, etc) are accepted.\">\n\n\t\t\t\t\t\t<\/div>\n\t\t\t\t\t\t\t\t<div class=\"elementor-field-type-textarea elementor-field-group elementor-column elementor-field-group-message elementor-col-100 elementor-field-required\">\n\t\t\t\t\t\t\t\t\t\t\t\t<label for=\"form-field-message\" class=\"elementor-field-label elementor-screen-only\">\n\t\t\t\t\t\t\t\tKr\u00f3tko opisz sytuacj\u0119\t\t\t\t\t\t\t<\/label>\n\t\t\t\t\t\t<textarea class=\"elementor-field-textual elementor-field  elementor-size-sm\" name=\"form_fields[message]\" id=\"form-field-message\" rows=\"7\" placeholder=\"Kr\u00f3tko opisz sytuacj\u0119\" required=\"required\"><\/textarea>\t\t\t\t<\/div>\n\t\t\t\t\t\t\t\t<div class=\"elementor-field-type-recaptcha_v3 elementor-field-group elementor-column elementor-field-group-field_e74a96e elementor-col-100 recaptcha_v3-bottomright\">\n\t\t\t\t\t<div class=\"elementor-field\" id=\"form-field-field_e74a96e\"><div class=\"elementor-g-recaptcha\" data-sitekey=\"6Ld6W64sAAAAAE8svODokbULx6BQ9y9mrKno0dWl\" data-type=\"v3\" data-action=\"Form\" data-badge=\"bottomright\" data-size=\"invisible\"><\/div><\/div>\t\t\t\t<\/div>\n\t\t\t\t\t\t\t\t<div class=\"elementor-field-group elementor-column elementor-field-type-submit elementor-col-100 e-form__buttons\">\n\t\t\t\t\t<button class=\"elementor-button elementor-size-sm\" type=\"submit\">\n\t\t\t\t\t\t<span class=\"elementor-button-content-wrapper\">\n\t\t\t\t\t\t\t\t\t\t\t\t\t\t\t\t\t\t\t\t\t\t<span class=\"elementor-button-text\">Wys\u0142a\u0107<\/span>\n\t\t\t\t\t\t\t\t\t\t\t\t\t<\/span>\n\t\t\t\t\t<\/button>\n\t\t\t\t<\/div>\n\t\t\t<\/div>\n\t\t<\/form>\n\t\t\t\t\t\t<\/div>\n\t\t\t\t<\/div>\n\t\t\t\t<\/div>\n\t\t\t\t\t<\/div>\n\t\t\t\t<\/div>\n\t\t\t\t<\/div>\n\t\t","protected":false},"excerpt":{"rendered":"<p>Adwokat prawa handlowego: Tw\u00f3j zaufany partner w kwestiach prawa gospodarczego Prawo handlowe jest kluczow\u0105 cz\u0119\u015bci\u0105 \u015bwiata biznesu, obejmuj\u0105c\u0105 szeroki zakres kwestii prawnych, z kt\u00f3rymi spotykaj\u0105 si\u0119 firmy i przedsi\u0119biorcy. Niezale\u017cnie od tego, czy jeste\u015b pocz\u0105tkuj\u0105cym przedsi\u0119biorc\u0105, czy du\u017c\u0105 korporacj\u0105, prawnik specjalizuj\u0105cy si\u0119 w prawie handlowym w Wilnie jest got\u00f3w udzieli\u0107 Ci wykwalifikowanej pomocy prawnej we [&hellip;]<\/p>\n","protected":false},"author":1,"featured_media":0,"parent":387,"menu_order":0,"comment_status":"closed","ping_status":"closed","template":"","meta":{"_acf_changed":false,"footnotes":""},"class_list":["post-414","page","type-page","status-publish","hentry"],"acf":[],"_links":{"self":[{"href":"https:\/\/advokatopaslaugos.lt\/pl\/wp-json\/wp\/v2\/pages\/414","targetHints":{"allow":["GET"]}}],"collection":[{"href":"https:\/\/advokatopaslaugos.lt\/pl\/wp-json\/wp\/v2\/pages"}],"about":[{"href":"https:\/\/advokatopaslaugos.lt\/pl\/wp-json\/wp\/v2\/types\/page"}],"author":[{"embeddable":true,"href":"https:\/\/advokatopaslaugos.lt\/pl\/wp-json\/wp\/v2\/users\/1"}],"replies":[{"embeddable":true,"href":"https:\/\/advokatopaslaugos.lt\/pl\/wp-json\/wp\/v2\/comments?post=414"}],"version-history":[{"count":3,"href":"https:\/\/advokatopaslaugos.lt\/pl\/wp-json\/wp\/v2\/pages\/414\/revisions"}],"predecessor-version":[{"id":825,"href":"https:\/\/advokatopaslaugos.lt\/pl\/wp-json\/wp\/v2\/pages\/414\/revisions\/825"}],"up":[{"embeddable":true,"href":"https:\/\/advokatopaslaugos.lt\/pl\/wp-json\/wp\/v2\/pages\/387"}],"wp:attachment":[{"href":"https:\/\/advokatopaslaugos.lt\/pl\/wp-json\/wp\/v2\/media?parent=414"}],"curies":[{"name":"wp","href":"https:\/\/api.w.org\/{rel}","templated":true}]}}