{"id":431,"date":"2025-02-10T12:46:05","date_gmt":"2025-02-10T10:46:05","guid":{"rendered":"https:\/\/advokatopaslaugos.lt\/uslugi-prawnicze\/adwokat-prawa-migracyjnego\/"},"modified":"2025-04-14T13:45:14","modified_gmt":"2025-04-14T11:45:14","slug":"adwokat-prawa-migracyjnego","status":"publish","type":"page","link":"https:\/\/advokatopaslaugos.lt\/pl\/uslugi-prawnicze\/adwokat-prawa-migracyjnego\/","title":{"rendered":"Adwokat prawa migracyjnego"},"content":{"rendered":"\t\t<div data-elementor-type=\"wp-page\" data-elementor-id=\"431\" class=\"elementor elementor-431 elementor-38\" data-elementor-post-type=\"page\">\n\t\t\t\t<div class=\"elementor-element elementor-element-2219e61b e-flex e-con-boxed elementor-invisible e-con e-parent\" data-id=\"2219e61b\" data-element_type=\"container\" data-e-type=\"container\" data-settings=\"{&quot;animation&quot;:&quot;fadeInUp&quot;,&quot;animation_delay&quot;:500}\">\n\t\t\t\t\t<div class=\"e-con-inner\">\n\t\t<div class=\"elementor-element elementor-element-155c667b e-con-full e-flex e-con e-child\" data-id=\"155c667b\" data-element_type=\"container\" data-e-type=\"container\">\n\t\t\t\t<div class=\"elementor-element elementor-element-6f8fefc3 elementor-widget elementor-widget-heading\" data-id=\"6f8fefc3\" data-element_type=\"widget\" data-e-type=\"widget\" data-widget_type=\"heading.default\">\n\t\t\t\t\t<h2 class=\"elementor-heading-title elementor-size-default\">Adwokat prawa migracyjnego: Pomoc prawna w sprawach imigracyjnych i migracyjnych na Litwie<\/h2>\t\t\t\t<\/div>\n\t\t\t\t<div class=\"elementor-element elementor-element-7cbf3dbc elementor-widget elementor-widget-text-editor\" data-id=\"7cbf3dbc\" data-element_type=\"widget\" data-e-type=\"widget\" data-widget_type=\"text-editor.default\">\n\t\t\t\t\t\t\t\t\t<p data-sourcepos=\"5:1-5:426\">Migracja do Litwy lub z Litwy to skomplikowany proces, wymagaj\u0105cy starannego przygotowania prawnego i za\u0142atwienia dokument\u00f3w. Niezale\u017cnie od tego, czy planujesz imigrowa\u0107 do Litwy, uzyska\u0107 zezwolenie na pobyt, obywatelstwo, czy napotka\u0142e\u015b problemy migracyjne, adwokat ds. migracji w Wilnie jest gotowy, aby udzieli\u0107 Ci wykwalifikowanej pomocy prawnej, pomagaj\u0105c pomy\u015blnie przej\u015b\u0107 przez wszystkie etapy procesu migracyjnego i chroni\u0107 Twoje prawa.<\/p>\n<p data-sourcepos=\"7:1-7:48\">\n\t\t\t\t\t\t\t\t<\/div>\n\t\t\t\t<\/div>\n\t\t<div class=\"elementor-element elementor-element-6e3e9ebe e-con-full e-flex e-con e-child\" data-id=\"6e3e9ebe\" data-element_type=\"container\" data-e-type=\"container\">\n\t\t\t\t<\/div>\n\t\t\t\t\t<\/div>\n\t\t\t\t<\/div>\n\t\t<div class=\"elementor-element elementor-element-79c0fbf5 e-flex e-con-boxed elementor-invisible e-con e-parent\" data-id=\"79c0fbf5\" data-element_type=\"container\" data-e-type=\"container\" data-settings=\"{&quot;background_background&quot;:&quot;classic&quot;,&quot;animation&quot;:&quot;fadeInUp&quot;}\">\n\t\t\t\t\t<div class=\"e-con-inner\">\n\t\t\t\t<div class=\"elementor-element elementor-element-4b98e5ea elementor-widget elementor-widget-heading\" data-id=\"4b98e5ea\" data-element_type=\"widget\" data-e-type=\"widget\" data-widget_type=\"heading.default\">\n\t\t\t\t\t<h2 class=\"elementor-heading-title elementor-size-default\">Dlaczego potrzebujesz adwokata prawa migracyjnego?<\/h2>\t\t\t\t<\/div>\n\t\t\t\t<div class=\"elementor-element elementor-element-7976a357 elementor-widget elementor-widget-text-editor\" data-id=\"7976a357\" data-element_type=\"widget\" data-e-type=\"widget\" data-widget_type=\"text-editor.default\">\n\t\t\t\t\t\t\t\t\t<p data-sourcepos=\"9:1-9:100\">Prawo migracyjne to obszar, kt\u00f3ry nieustannie si\u0119 zmienia i jest skomplikowany. Adwokat ds. migracji jest niezb\u0119dny, poniewa\u017c:<\/p>\n<ul data-sourcepos=\"11:1-16:0\">\n<li data-sourcepos=\"11:1-11:191\"><strong>Znajomo\u015b\u0107 przepis\u00f3w migracyjnych:<\/strong> Poniewa\u017c doskonale orientuje si\u0119 w przepisach prawnych Republiki Litewskiej reguluj\u0105cych status prawny cudzoziemc\u00f3w, migracj\u0119, obywatelstwo i inne pokrewne kwestie.<\/li>\n<li data-sourcepos=\"12:1-12:180\"><strong>Pomaga w za\u0142atwieniu dokument\u00f3w:<\/strong> Profesjonalnie przygotowuje i sk\u0142ada wszystkie niezb\u0119dne dokumenty w celu uzyskania wizy, pozwolenia na pobyt, obywatelstwa lub innych dokument\u00f3w migracyjnych.<\/li>\n<li data-sourcepos=\"13:1-13:151\"><strong>Chroni przed b\u0142\u0119dami i odmowami:<\/strong> Pomaga unikn\u0105\u0107 b\u0142\u0119d\u00f3w w dokumentach i procedurach, kt\u00f3re mog\u0105 prowadzi\u0107 do odmowy wydania niezb\u0119dnych dokument\u00f3w.<\/li>\n<li data-sourcepos=\"14:1-14:152\"><strong>Reprezentuje Twoje interesy:<\/strong> Reprezentuje Twoje interesy w Departamencie Migracji, s\u0105dach i innych instytucjach w przypadku spor\u00f3w lub nieporozumie\u0144.<\/li>\n<li data-sourcepos=\"15:1-16:0\"><strong>Oszcz\u0119dza Tw\u00f3j czas i nerwy:<\/strong> Przejmuje rozwi\u0105zanie skomplikowanych kwestii migracyjnych, pozwalaj\u0105c Ci skupi\u0107 si\u0119 na innych wa\u017cnych sprawach.<\/li>\n<\/ul>\n<p><\/p>\n<p data-sourcepos=\"17:1-17:42\">\n\t\t\t\t\t\t\t\t<\/div>\n\t\t\t\t\t<\/div>\n\t\t\t\t<\/div>\n\t\t<div class=\"elementor-element elementor-element-3bf5280b e-flex e-con-boxed elementor-invisible e-con e-parent\" data-id=\"3bf5280b\" data-element_type=\"container\" data-e-type=\"container\" data-settings=\"{&quot;animation&quot;:&quot;fadeInUp&quot;}\">\n\t\t\t\t\t<div class=\"e-con-inner\">\n\t\t\t\t<div class=\"elementor-element elementor-element-3796dd62 elementor-widget elementor-widget-heading\" data-id=\"3796dd62\" data-element_type=\"widget\" data-e-type=\"widget\" data-widget_type=\"heading.default\">\n\t\t\t\t\t<h2 class=\"elementor-heading-title elementor-size-default\">Us\u0142ugi adwokata prawa migracyjnego w Wilnie<\/h2>\t\t\t\t<\/div>\n\t\t\t\t<div class=\"elementor-element elementor-element-3e5b9ad9 elementor-widget elementor-widget-text-editor\" data-id=\"3e5b9ad9\" data-element_type=\"widget\" data-e-type=\"widget\" data-widget_type=\"text-editor.default\">\n\t\t\t\t\t\t\t\t\t<p data-sourcepos=\"19:1-19:113\">Nasi prawnicy zajmuj\u0105cy si\u0119 migracj\u0105 w Wilnie oferuj\u0105 szeroki zakres us\u0142ug dla cudzoziemc\u00f3w i obywateli Litwy, obejmuj\u0105cych:<\/p>\n<p><\/p>\n<p data-sourcepos=\"21:1-21:54\"><strong>Dla cudzoziemc\u00f3w planuj\u0105cych imigrowa\u0107 na Litw\u0119:<\/strong><\/p>\n<ul data-sourcepos=\"23:1-29:0\">\n<li data-sourcepos=\"23:1-23:139\"><strong>Konsultacje w sprawach imigracyjnych:<\/strong> Szczeg\u00f3\u0142owe konsultacje dotycz\u0105ce mo\u017cliwo\u015bci imigracji na Litw\u0119, wymog\u00f3w prawnych i procedur.<\/li>\n<li data-sourcepos=\"24:1-24:97\"><strong>Uzyskiwanie wiz:<\/strong> Pomoc w uzyskaniu wiz do Litwy (wizy Schengen, wizy krajowe i inne).<\/li>\n<li data-sourcepos=\"25:1-25:205\"><strong>Uzyskiwanie pozwole\u0144 na pobyt:<\/strong> Pomoc w uzyskaniu pozwole\u0144 na pobyt czasowy (LLG) i sta\u0142y pobyt (LNG) na Litwie z r\u00f3\u017cnych powod\u00f3w (praca, studia, \u0142\u0105czenie rodzin, inwestycje itp.).<\/li>\n<li data-sourcepos=\"26:1-26:126\"><strong>Uzyskiwanie obywatelstwa:<\/strong> Konsultacje i pomoc w uzyskaniu obywatelstwa litewskiego na podstawie naturalizacji, wyj\u0105tk\u00f3w lub innych podstaw.<\/li>\n<li data-sourcepos=\"27:1-27:94\"><strong>Przygotowanie i t\u0142umaczenie dokument\u00f3w:<\/strong> Przygotowanie, t\u0142umaczenie i legalizacja wymaganych dokument\u00f3w.<\/li>\n<li data-sourcepos=\"28:1-29:0\"><strong>Reprezentacja w Departamencie Migracji:<\/strong> Reprezentacja w Departamencie Migracji i innych instytucjach w sprawach migracyjnych.<\/li>\n<\/ul>\n<p data-sourcepos=\"30:1-30:81\"><strong>Dla obywateli Litwy i cudzoziemc\u00f3w, kt\u00f3rzy napotkali problemy migracyjne:<\/strong><\/p>\n<ul data-sourcepos=\"32:1-38:0\">\n<li data-sourcepos=\"32:1-32:172\"><strong>Konsultacje w sprawach prawa migracyjnego:<\/strong> Porady dotycz\u0105ce sytuacji prawnej cudzoziemc\u00f3w, procedur migracyjnych, kwestii obywatelstwa i innych aspekt\u00f3w prawa migracyjnego.<\/li>\n<li data-sourcepos=\"33:1-33:185\"><strong>Apelacje od decyzji o odmowie wydania wizy lub zezwolenia na pobyt:<\/strong> Pomoc prawna przy przygotowywaniu apelacji od decyzji Departamentu Migracji o odmowie wydania wizy lub zezwolenia na pobyt.<\/li>\n<li data-sourcepos=\"34:1-34:134\"><strong>Reprezentacja w s\u0105dach w sprawach migracyjnych:<\/strong> Reprezentowanie w s\u0105dach w sporach z Departamentem Migracji i innymi instytucjami.<\/li>\n<li data-sourcepos=\"35:1-35:159\"><strong>Pomoc w przypadkach deportacji i zwrotu do kraju pochodzenia:<\/strong> Pomoc prawna w celu wstrzymania procesu deportacji i ochrony przed nielegalnym zwrotem.<\/li>\n<li data-sourcepos=\"36:1-36:100\"><strong>Asylum (przyznanie azylu) kwestie:<\/strong> Konsultacje i pomoc dla os\u00f3b ubiegaj\u0105cych si\u0119 o azyl w Litwie.<\/li>\n<li data-sourcepos=\"37:1-38:0\"><strong>Pomoc prawna w sprawach zjednoczenia rodzin:<\/strong> Pomoc w zapewnieniu prawa do zjednoczenia rodzin na Litwie.<\/li>\n<\/ul>\n<p><\/p>\n\t\t\t\t\t\t\t\t<\/div>\n\t\t\t\t\t<\/div>\n\t\t\t\t<\/div>\n\t\t<div class=\"elementor-element elementor-element-6fc2ebab e-flex e-con-boxed elementor-invisible e-con e-parent\" data-id=\"6fc2ebab\" data-element_type=\"container\" data-e-type=\"container\" data-settings=\"{&quot;background_background&quot;:&quot;classic&quot;,&quot;animation&quot;:&quot;fadeInUp&quot;}\">\n\t\t\t\t\t<div class=\"e-con-inner\">\n\t\t\t\t<div class=\"elementor-element elementor-element-697990fd elementor-widget elementor-widget-heading\" data-id=\"697990fd\" data-element_type=\"widget\" data-e-type=\"widget\" data-widget_type=\"heading.default\">\n\t\t\t\t\t<h2 class=\"elementor-heading-title elementor-size-default\">Dlaczego warto wybra\u0107 naszych adwokat\u00f3w prawa migracyjnego?<\/h2>\t\t\t\t<\/div>\n\t\t<div class=\"elementor-element elementor-element-336a7d70 e-con-full e-flex e-con e-child\" data-id=\"336a7d70\" data-element_type=\"container\" data-e-type=\"container\">\n\t\t<div class=\"elementor-element elementor-element-4ec9e2e1 e-con-full e-flex e-con e-child\" data-id=\"4ec9e2e1\" data-element_type=\"container\" data-e-type=\"container\">\n\t\t\t\t<div class=\"elementor-element elementor-element-7567b03c elementor-widget elementor-widget-text-editor\" data-id=\"7567b03c\" data-element_type=\"widget\" data-e-type=\"widget\" data-widget_type=\"text-editor.default\">\n\t\t\t\t\t\t\t\t\t<ul data-sourcepos=\"41:1-47:0\">\n<li data-sourcepos=\"41:1-41:155\"><strong>Specjalizacja i do\u015bwiadczenie:<\/strong> Nasi prawnicy specjalizuj\u0105 si\u0119 w prawie migracyjnym i maj\u0105 wieloletnie do\u015bwiadczenie w reprezentowaniu klient\u00f3w w kwestiach migracyjnych.<\/li>\n<li data-sourcepos=\"42:1-42:161\"><strong>G\u0142\u0119boka znajomo\u015b\u0107 przepis\u00f3w migracyjnych:<\/strong> Na bie\u017c\u0105co \u015bledzimy zmiany w prawie migracyjnym i jeste\u015bmy gotowi znale\u017a\u0107 optymalne rozwi\u0105zania nawet w najbardziej skomplikowanych sytuacjach.<\/li>\n<li data-sourcepos=\"43:1-43:126\"><strong>Indywidualne podej\u015bcie:<\/strong> Ka\u017cdemu klientowi po\u015bwi\u0119camy indywidualn\u0105 uwag\u0119 i starannie analizujemy ka\u017cd\u0105 sytuacj\u0119.<\/li>\n<li data-sourcepos=\"44:1-44:135\"><strong>Orientacja na wynik:<\/strong> D\u0105\u017cymy do efektywnego i szybkiego rozwi\u0105zywania problem\u00f3w klient\u00f3w i osi\u0105gania jak najlepszych wynik\u00f3w.<\/li>\n<li data-sourcepos=\"45:1-45:120\"><strong>Poufno\u015b\u0107 i profesjonalizm:<\/strong> Gwarantujemy pe\u0142n\u0105 poufno\u015b\u0107 i najwy\u017csze standardy zawodowe.<\/li>\n<li data-sourcepos=\"46:1-47:0\"><strong>J\u0119zyki:<\/strong> \u015awiadczymy us\u0142ugi w j\u0119zyku litewskim, angielskim, rosyjskim i innych j\u0119zykach.<\/li>\n<\/ul>\n<p><\/p>\n<p data-sourcepos=\"48:1-48:24\">\n\t\t\t\t\t\t\t\t<\/div>\n\t\t\t\t<div class=\"elementor-element elementor-element-1d8c4390 elementor-widget elementor-widget-button\" data-id=\"1d8c4390\" data-element_type=\"widget\" data-e-type=\"widget\" data-widget_type=\"button.default\">\n\t\t\t\t\t\t\t\t\t\t<a class=\"elementor-button elementor-button-link elementor-size-sm\" href=\"\">\n\t\t\t\t\t\t<span class=\"elementor-button-content-wrapper\">\n\t\t\t\t\t\t\t\t\t<span class=\"elementor-button-text\">+37060877800<\/span>\n\t\t\t\t\t<\/span>\n\t\t\t\t\t<\/a>\n\t\t\t\t\t\t\t\t<\/div>\n\t\t\t\t<\/div>\n\t\t<div class=\"elementor-element elementor-element-23e3d4b4 e-con-full e-flex e-con e-child\" data-id=\"23e3d4b4\" data-element_type=\"container\" data-e-type=\"container\">\n\t\t\t\t<div class=\"elementor-element elementor-element-247a3edf elementor-button-align-stretch elementor-widget elementor-widget-form\" data-id=\"247a3edf\" data-element_type=\"widget\" data-e-type=\"widget\" data-settings=\"{&quot;step_next_label&quot;:&quot;Nast\\u0119pny&quot;,&quot;step_previous_label&quot;:&quot;Poprzedni&quot;,&quot;button_width&quot;:&quot;100&quot;,&quot;step_type&quot;:&quot;number_text&quot;,&quot;step_icon_shape&quot;:&quot;circle&quot;}\" data-widget_type=\"form.default\">\n\t\t\t\t\t\t\t<form class=\"elementor-form\" method=\"post\" id=\"ap1\" name=\"Zapytanie\" aria-label=\"Zapytanie\">\n\t\t\t<input type=\"hidden\" name=\"post_id\" value=\"431\"\/>\n\t\t\t<input type=\"hidden\" name=\"form_id\" value=\"247a3edf\"\/>\n\t\t\t<input type=\"hidden\" name=\"referer_title\" value=\"Adwokat prawa migracyjnego - Advokato paslaugos\" \/>\n\n\t\t\t\t\t\t\t<input type=\"hidden\" name=\"queried_id\" value=\"431\"\/>\n\t\t\t\n\t\t\t<div class=\"elementor-form-fields-wrapper elementor-labels-\">\n\t\t\t\t\t\t\t\t<div class=\"elementor-field-type-text elementor-field-group elementor-column elementor-field-group-name elementor-col-100 elementor-field-required\">\n\t\t\t\t\t\t\t\t\t\t\t\t<label for=\"form-field-name\" class=\"elementor-field-label elementor-screen-only\">\n\t\t\t\t\t\t\t\tNazwa\t\t\t\t\t\t\t<\/label>\n\t\t\t\t\t\t\t\t\t\t\t\t\t\t<input size=\"1\" type=\"text\" name=\"form_fields[name]\" id=\"form-field-name\" class=\"elementor-field elementor-size-sm  elementor-field-textual\" placeholder=\"Nazwa\" required=\"required\">\n\t\t\t\t\t\t\t\t\t\t\t<\/div>\n\t\t\t\t\t\t\t\t<div class=\"elementor-field-type-email elementor-field-group elementor-column elementor-field-group-email elementor-col-100 elementor-field-required\">\n\t\t\t\t\t\t\t\t\t\t\t\t<label for=\"form-field-email\" class=\"elementor-field-label elementor-screen-only\">\n\t\t\t\t\t\t\t\tE-mail\t\t\t\t\t\t\t<\/label>\n\t\t\t\t\t\t\t\t\t\t\t\t\t\t<input size=\"1\" type=\"email\" name=\"form_fields[email]\" id=\"form-field-email\" class=\"elementor-field elementor-size-sm  elementor-field-textual\" placeholder=\"E-mail\" required=\"required\">\n\t\t\t\t\t\t\t\t\t\t\t<\/div>\n\t\t\t\t\t\t\t\t<div class=\"elementor-field-type-tel elementor-field-group elementor-column elementor-field-group-field_42f4eb6 elementor-col-100 elementor-field-required\">\n\t\t\t\t\t\t\t\t\t\t\t\t<label for=\"form-field-field_42f4eb6\" class=\"elementor-field-label elementor-screen-only\">\n\t\t\t\t\t\t\t\tTelefon\t\t\t\t\t\t\t<\/label>\n\t\t\t\t\t\t\t\t<input size=\"1\" type=\"tel\" name=\"form_fields[field_42f4eb6]\" id=\"form-field-field_42f4eb6\" class=\"elementor-field elementor-size-sm  elementor-field-textual\" placeholder=\"Telefon\" required=\"required\" pattern=\"[0-9()#&amp;+*-=.]+\" title=\"Only numbers and phone characters (#, -, *, etc) are accepted.\">\n\n\t\t\t\t\t\t<\/div>\n\t\t\t\t\t\t\t\t<div class=\"elementor-field-type-textarea elementor-field-group elementor-column elementor-field-group-message elementor-col-100 elementor-field-required\">\n\t\t\t\t\t\t\t\t\t\t\t\t<label for=\"form-field-message\" class=\"elementor-field-label elementor-screen-only\">\n\t\t\t\t\t\t\t\tKr\u00f3tko opisz sytuacj\u0119\t\t\t\t\t\t\t<\/label>\n\t\t\t\t\t\t<textarea class=\"elementor-field-textual elementor-field  elementor-size-sm\" name=\"form_fields[message]\" id=\"form-field-message\" rows=\"7\" placeholder=\"Kr\u00f3tko opisz sytuacj\u0119\" required=\"required\"><\/textarea>\t\t\t\t<\/div>\n\t\t\t\t\t\t\t\t<div class=\"elementor-field-group elementor-column elementor-field-type-submit elementor-col-100 e-form__buttons\">\n\t\t\t\t\t<button class=\"elementor-button elementor-size-sm\" type=\"submit\">\n\t\t\t\t\t\t<span class=\"elementor-button-content-wrapper\">\n\t\t\t\t\t\t\t\t\t\t\t\t\t\t\t\t\t\t\t\t\t\t<span class=\"elementor-button-text\">Wys\u0142a\u0107<\/span>\n\t\t\t\t\t\t\t\t\t\t\t\t\t<\/span>\n\t\t\t\t\t<\/button>\n\t\t\t\t<\/div>\n\t\t\t<\/div>\n\t\t<\/form>\n\t\t\t\t\t\t<\/div>\n\t\t\t\t<\/div>\n\t\t\t\t<\/div>\n\t\t\t\t\t<\/div>\n\t\t\t\t<\/div>\n\t\t\t\t<\/div>\n\t\t","protected":false},"excerpt":{"rendered":"<p>Adwokat prawa migracyjnego: Pomoc prawna w sprawach imigracyjnych i migracyjnych na Litwie Migracja do Litwy lub z Litwy to skomplikowany proces, wymagaj\u0105cy starannego przygotowania prawnego i za\u0142atwienia dokument\u00f3w. Niezale\u017cnie od tego, czy planujesz imigrowa\u0107 do Litwy, uzyska\u0107 zezwolenie na pobyt, obywatelstwo, czy napotka\u0142e\u015b problemy migracyjne, adwokat ds. migracji w Wilnie jest gotowy, aby udzieli\u0107 Ci [&hellip;]<\/p>\n","protected":false},"author":1,"featured_media":0,"parent":387,"menu_order":0,"comment_status":"closed","ping_status":"closed","template":"","meta":{"_acf_changed":false,"footnotes":""},"class_list":["post-431","page","type-page","status-publish","hentry"],"acf":[],"_links":{"self":[{"href":"https:\/\/advokatopaslaugos.lt\/pl\/wp-json\/wp\/v2\/pages\/431","targetHints":{"allow":["GET"]}}],"collection":[{"href":"https:\/\/advokatopaslaugos.lt\/pl\/wp-json\/wp\/v2\/pages"}],"about":[{"href":"https:\/\/advokatopaslaugos.lt\/pl\/wp-json\/wp\/v2\/types\/page"}],"author":[{"embeddable":true,"href":"https:\/\/advokatopaslaugos.lt\/pl\/wp-json\/wp\/v2\/users\/1"}],"replies":[{"embeddable":true,"href":"https:\/\/advokatopaslaugos.lt\/pl\/wp-json\/wp\/v2\/comments?post=431"}],"version-history":[{"count":1,"href":"https:\/\/advokatopaslaugos.lt\/pl\/wp-json\/wp\/v2\/pages\/431\/revisions"}],"predecessor-version":[{"id":432,"href":"https:\/\/advokatopaslaugos.lt\/pl\/wp-json\/wp\/v2\/pages\/431\/revisions\/432"}],"up":[{"embeddable":true,"href":"https:\/\/advokatopaslaugos.lt\/pl\/wp-json\/wp\/v2\/pages\/387"}],"wp:attachment":[{"href":"https:\/\/advokatopaslaugos.lt\/pl\/wp-json\/wp\/v2\/media?parent=431"}],"curies":[{"name":"wp","href":"https:\/\/api.w.org\/{rel}","templated":true}]}}