{"id":484,"date":"2025-02-10T12:46:29","date_gmt":"2025-02-10T10:46:29","guid":{"rendered":"https:\/\/advokatopaslaugos.lt\/uslugi-prawnicze\/adwokat-ds-nieruchomosci\/"},"modified":"2025-04-14T14:45:54","modified_gmt":"2025-04-14T12:45:54","slug":"adwokat-ds-nieruchomosci","status":"publish","type":"page","link":"https:\/\/advokatopaslaugos.lt\/pl\/uslugi-prawnicze\/adwokat-ds-nieruchomosci\/","title":{"rendered":"Adwokat ds. nieruchomo\u015bci"},"content":{"rendered":"\t\t<div data-elementor-type=\"wp-page\" data-elementor-id=\"484\" class=\"elementor elementor-484 elementor-41\" data-elementor-post-type=\"page\">\n\t\t\t\t<div class=\"elementor-element elementor-element-5be4688 e-flex e-con-boxed elementor-invisible e-con e-parent\" data-id=\"5be4688\" data-element_type=\"container\" data-e-type=\"container\" data-settings=\"{&quot;animation&quot;:&quot;fadeInUp&quot;,&quot;animation_delay&quot;:500}\">\n\t\t\t\t\t<div class=\"e-con-inner\">\n\t\t<div class=\"elementor-element elementor-element-57a66ef e-con-full e-flex e-con e-child\" data-id=\"57a66ef\" data-element_type=\"container\" data-e-type=\"container\">\n\t\t\t\t<div class=\"elementor-element elementor-element-148bc23 elementor-widget elementor-widget-heading\" data-id=\"148bc23\" data-element_type=\"widget\" data-e-type=\"widget\" data-widget_type=\"heading.default\">\n\t\t\t\t\t<h2 class=\"elementor-heading-title elementor-size-default\">Prawnik ds. nieruchomo\u015bci: Tw\u00f3j zaufany partner w transakcjach<\/h2>\t\t\t\t<\/div>\n\t\t\t\t<div class=\"elementor-element elementor-element-0e3c449 elementor-widget elementor-widget-text-editor\" data-id=\"0e3c449\" data-element_type=\"widget\" data-e-type=\"widget\" data-widget_type=\"text-editor.default\">\n\t\t\t\t\t\t\t\t\t<p data-sourcepos=\"5:1-5:364\">Planujesz kupi\u0107, sprzeda\u0107 lub wynaj\u0105\u0107 nieruchomo\u015b\u0107 w Wilnie lub gdzie indziej na Litwie? Transakcje w obrocie nieruchomo\u015bciami to wa\u017cne etapy w \u017cyciu, w kt\u00f3rych nieoceniona mo\u017ce okaza\u0107 si\u0119 profesjonalna pomoc prawna. Us\u0142ugi prawnika nie tylko zapewni\u0105 p\u0142ynno\u015b\u0107 i bezpiecze\u0144stwo Twojej transakcji, ale tak\u017ce pomog\u0105 Ci unikn\u0105\u0107 potencjalnych spor\u00f3w i strat finansowych w przysz\u0142o\u015bci.<\/p>\n<p data-sourcepos=\"7:1-7:56\">\u00a0<\/p>\n\t\t\t\t\t\t\t\t<\/div>\n\t\t\t\t<\/div>\n\t\t<div class=\"elementor-element elementor-element-0dc9342 e-con-full e-flex e-con e-child\" data-id=\"0dc9342\" data-element_type=\"container\" data-e-type=\"container\">\n\t\t\t\t<div class=\"elementor-element elementor-element-4abb887 elementor-widget elementor-widget-image\" data-id=\"4abb887\" data-element_type=\"widget\" data-e-type=\"widget\" data-widget_type=\"image.default\">\n\t\t\t\t\t\t\t\t\t\t\t\t\t\t\t<img fetchpriority=\"high\" decoding=\"async\" width=\"1024\" height=\"682\" src=\"https:\/\/advokatopaslaugos.lt\/wp-content\/uploads\/ap1-1024x682.png\" class=\"attachment-large size-large wp-image-349\" alt=\"\" srcset=\"https:\/\/advokatopaslaugos.lt\/wp-content\/uploads\/ap1-1024x682.png 1024w, https:\/\/advokatopaslaugos.lt\/wp-content\/uploads\/ap1-300x200.png 300w, https:\/\/advokatopaslaugos.lt\/wp-content\/uploads\/ap1-150x100.png 150w, https:\/\/advokatopaslaugos.lt\/wp-content\/uploads\/ap1-768x511.png 768w, https:\/\/advokatopaslaugos.lt\/wp-content\/uploads\/ap1.png 1506w\" sizes=\"(max-width: 1024px) 100vw, 1024px\" \/>\t\t\t\t\t\t\t\t\t\t\t\t\t\t\t<\/div>\n\t\t\t\t<\/div>\n\t\t\t\t\t<\/div>\n\t\t\t\t<\/div>\n\t\t<div class=\"elementor-element elementor-element-4768533 e-flex e-con-boxed elementor-invisible e-con e-parent\" data-id=\"4768533\" data-element_type=\"container\" data-e-type=\"container\" data-settings=\"{&quot;background_background&quot;:&quot;classic&quot;,&quot;animation&quot;:&quot;fadeInUp&quot;}\">\n\t\t\t\t\t<div class=\"e-con-inner\">\n\t\t\t\t<div class=\"elementor-element elementor-element-f954a5a elementor-widget elementor-widget-heading\" data-id=\"f954a5a\" data-element_type=\"widget\" data-e-type=\"widget\" data-widget_type=\"heading.default\">\n\t\t\t\t\t<h2 class=\"elementor-heading-title elementor-size-default\">Dlaczego warto skontaktowa\u0107 si\u0119 z prawnikiem specjalizuj\u0105cym si\u0119 w prawie nieruchomo\u015bci?<\/h2>\t\t\t\t<\/div>\n\t\t\t\t<div class=\"elementor-element elementor-element-999311e elementor-widget elementor-widget-text-editor\" data-id=\"999311e\" data-element_type=\"widget\" data-e-type=\"widget\" data-widget_type=\"text-editor.default\">\n\t\t\t\t\t\t\t\t\t<p data-sourcepos=\"9:1-9:151\">Prawnik specjalizuj\u0105cy si\u0119 w prawie nieruchomo\u015bci to nie tylko przedstawiciel w s\u0105dzie, ale tak\u017ce rzetelny doradca i asystent na wszystkich etapach transakcji. Pomo\u017cemy Ci:<\/p>\n<ul data-sourcepos=\"11:1-17:0\">\n<li data-sourcepos=\"11:1-11:67\"><strong>Konsultowa\u0107 i doradza\u0107<\/strong> we wszystkich kwestiach zwi\u0105zanych z nieruchomo\u015bciami.<\/li>\n<li data-sourcepos=\"12:1-12:94\"><strong>Przygotowywa\u0107 i przegl\u0105da\u0107<\/strong> umowy kupna-sprzeda\u017cy nieruchomo\u015bci, umowy najmu i inne.<\/li>\n<li data-sourcepos=\"13:1-13:99\"><strong>Reprezentowa\u0107 Twoje interesy<\/strong> w negocjacjach ze sprzedawcami, kupuj\u0105cymi, po\u015brednikami i innymi stronami.<\/li>\n<li data-sourcepos=\"14:1-14:80\"><strong>Ocenia\u0107 ryzyko<\/strong> i konsekwencje prawne przed podj\u0119ciem wa\u017cnych decyzji.<\/li>\n<li data-sourcepos=\"15:1-15:73\"><strong>Zapewni\u0107 legalno\u015b\u0107 transakcji<\/strong> i zgodno\u015b\u0107 z obowi\u0105zuj\u0105cymi przepisami.<\/li>\n<li data-sourcepos=\"16:1-17:0\"><strong>Pomoc w rozwi\u0105zywaniu spor\u00f3w<\/strong>, kt\u00f3re pojawiaj\u0105 si\u0119 w trakcie transakcji dotycz\u0105cych nieruchomo\u015bci.<\/li>\n<\/ul>\n\t\t\t\t\t\t\t\t<\/div>\n\t\t\t\t\t<\/div>\n\t\t\t\t<\/div>\n\t\t<div class=\"elementor-element elementor-element-b77114d e-flex e-con-boxed elementor-invisible e-con e-parent\" data-id=\"b77114d\" data-element_type=\"container\" data-e-type=\"container\" data-settings=\"{&quot;animation&quot;:&quot;fadeInUp&quot;}\">\n\t\t\t\t\t<div class=\"e-con-inner\">\n\t\t\t\t<div class=\"elementor-element elementor-element-7c0fecd elementor-widget elementor-widget-heading\" data-id=\"7c0fecd\" data-element_type=\"widget\" data-e-type=\"widget\" data-widget_type=\"heading.default\">\n\t\t\t\t\t<h2 class=\"elementor-heading-title elementor-size-default\">Kiedy potrzebna jest pomoc prawnika specjalizuj\u0105cego si\u0119 w prawie nieruchomo\u015bci?<\/h2>\t\t\t\t<\/div>\n\t\t\t\t<div class=\"elementor-element elementor-element-e6ac865 elementor-widget elementor-widget-text-editor\" data-id=\"e6ac865\" data-element_type=\"widget\" data-e-type=\"widget\" data-widget_type=\"text-editor.default\">\n\t\t\t\t\t\t\t\t\t<p data-sourcepos=\"20:1-20:75\">Ludzie najcz\u0119\u015bciej zwracaj\u0105 si\u0119 do prawnika specjalizuj\u0105cego si\u0119 w nieruchomo\u015bciach w nast\u0119puj\u0105cych przypadkach:<\/p>\n<ul data-sourcepos=\"22:1-27:0\">\n<li data-sourcepos=\"22:1-22:170\"><strong>Przy zakupie pierwszego domu:<\/strong> Pierwszy dom to du\u017ca inwestycja i nowe do\u015bwiadczenie. Skorzystanie z us\u0142ug prawnika pomo\u017ce Ci zachowa\u0107 spok\u00f3j i pewno\u015b\u0107 siebie, chroni\u0105c Ci\u0119 przed potencjalnymi b\u0142\u0119dami.<\/li>\n<li data-sourcepos=\"23:1-23:176\"><strong>Przy zakupie lub sprzeda\u017cy aktyw\u00f3w o du\u017cej warto\u015bci:<\/strong> Im wy\u017csza warto\u015b\u0107 aktyw\u00f3w, tym wi\u0119ksze ryzyko. Profesjonalny prawnik zapewni maksymaln\u0105 ochron\u0119 Twoich interes\u00f3w.<\/li>\n<li data-sourcepos=\"24:1-24:156\"><strong>W przypadku spor\u00f3w:<\/strong> Je\u015bli w trakcie procesu zakupu i sprzeda\u017cy pojawi\u0105 si\u0119 nieporozumienia ze sprzedawc\u0105, kupuj\u0105cym lub agentem, prawnik pomo\u017ce Ci znale\u017a\u0107 uczciwe i zgodne z prawem rozwi\u0105zanie.<\/li>\n<li data-sourcepos=\"25:1-25:158\"><strong>Podczas zawierania z\u0142o\u017conych transakcji:<\/strong> Przy zakupie nieruchomo\u015bci z kredytem hipotecznym, na aukcji, z licytacji lub w innych szczeg\u00f3lnych okoliczno\u015bciach, pomoc prawnika jest niezb\u0119dna.<\/li>\n<li data-sourcepos=\"26:1-27:0\"><strong>Podczas wynajmu nieruchomo\u015bci:<\/strong> Prawnik pomo\u017ce Ci przygotowa\u0107 umow\u0119 najmu, kt\u00f3ra b\u0119dzie odpowiada\u0107 Twoim interesom i ochroni Ci\u0119 przed mo\u017cliwymi problemami z najemcami lub wynajmuj\u0105cymi.<\/li>\n<\/ul>\n\t\t\t\t\t\t\t\t<\/div>\n\t\t\t\t\t<\/div>\n\t\t\t\t<\/div>\n\t\t<div class=\"elementor-element elementor-element-9e6077e e-flex e-con-boxed elementor-invisible e-con e-parent\" data-id=\"9e6077e\" data-element_type=\"container\" data-e-type=\"container\" data-settings=\"{&quot;background_background&quot;:&quot;classic&quot;,&quot;animation&quot;:&quot;fadeInUp&quot;}\">\n\t\t\t\t\t<div class=\"e-con-inner\">\n\t\t\t\t<div class=\"elementor-element elementor-element-766604e elementor-widget elementor-widget-heading\" data-id=\"766604e\" data-element_type=\"widget\" data-e-type=\"widget\" data-widget_type=\"heading.default\">\n\t\t\t\t\t<h2 class=\"elementor-heading-title elementor-size-default\">Pomoc prawnika - Tw\u00f3j spok\u00f3j i bezpiecze\u0144stwo<\/h2>\t\t\t\t<\/div>\n\t\t<div class=\"elementor-element elementor-element-dffcdf3 e-con-full e-flex e-con e-child\" data-id=\"dffcdf3\" data-element_type=\"container\" data-e-type=\"container\">\n\t\t<div class=\"elementor-element elementor-element-338f06a e-con-full e-flex e-con e-child\" data-id=\"338f06a\" data-element_type=\"container\" data-e-type=\"container\">\n\t\t\t\t<div class=\"elementor-element elementor-element-6a1b670 elementor-widget elementor-widget-text-editor\" data-id=\"6a1b670\" data-element_type=\"widget\" data-e-type=\"widget\" data-widget_type=\"text-editor.default\">\n\t\t\t\t\t\t\t\t\t<p data-sourcepos=\"9:1-9:151\">Transakcje na rynku nieruchomo\u015bci mog\u0105 by\u0107 skomplikowane i stresuj\u0105ce emocjonalnie. Maj\u0105c u boku zaufanego prawnika, b\u0119dziesz czu\u0107 si\u0119 spokojniejszy i pewniejszy siebie, wiedz\u0105c, \u017ce Twoje interesy s\u0105 profesjonalnie reprezentowane.<\/p>\n\t\t\t\t\t\t\t\t<\/div>\n\t\t\t\t<div class=\"elementor-element elementor-element-5dda1df elementor-widget elementor-widget-button\" data-id=\"5dda1df\" data-element_type=\"widget\" data-e-type=\"widget\" data-widget_type=\"button.default\">\n\t\t\t\t\t\t\t\t\t\t<a class=\"elementor-button elementor-button-link elementor-size-sm\" href=\"\">\n\t\t\t\t\t\t<span class=\"elementor-button-content-wrapper\">\n\t\t\t\t\t\t\t\t\t<span class=\"elementor-button-text\">+37060877800<\/span>\n\t\t\t\t\t<\/span>\n\t\t\t\t\t<\/a>\n\t\t\t\t\t\t\t\t<\/div>\n\t\t\t\t<\/div>\n\t\t<div class=\"elementor-element elementor-element-9fa4009 e-con-full e-flex e-con e-child\" data-id=\"9fa4009\" data-element_type=\"container\" data-e-type=\"container\">\n\t\t\t\t<div class=\"elementor-element elementor-element-653315c elementor-button-align-stretch elementor-widget elementor-widget-form\" data-id=\"653315c\" data-element_type=\"widget\" data-e-type=\"widget\" data-settings=\"{&quot;step_next_label&quot;:&quot;Nast\\u0119pny&quot;,&quot;step_previous_label&quot;:&quot;Poprzedni&quot;,&quot;button_width&quot;:&quot;100&quot;,&quot;step_type&quot;:&quot;number_text&quot;,&quot;step_icon_shape&quot;:&quot;circle&quot;}\" data-widget_type=\"form.default\">\n\t\t\t\t\t\t\t<form class=\"elementor-form\" method=\"post\" id=\"ap1\" name=\"Zapytanie\" aria-label=\"Zapytanie\">\n\t\t\t<input type=\"hidden\" name=\"post_id\" value=\"484\"\/>\n\t\t\t<input type=\"hidden\" name=\"form_id\" value=\"653315c\"\/>\n\t\t\t<input type=\"hidden\" name=\"referer_title\" value=\"Adwokat ds. nieruchomo\u015bci - Advokato paslaugos\" \/>\n\n\t\t\t\t\t\t\t<input type=\"hidden\" name=\"queried_id\" value=\"484\"\/>\n\t\t\t\n\t\t\t<div class=\"elementor-form-fields-wrapper elementor-labels-\">\n\t\t\t\t\t\t\t\t<div class=\"elementor-field-type-text elementor-field-group elementor-column elementor-field-group-name elementor-col-100 elementor-field-required\">\n\t\t\t\t\t\t\t\t\t\t\t\t<label for=\"form-field-name\" class=\"elementor-field-label elementor-screen-only\">\n\t\t\t\t\t\t\t\tNazwa\t\t\t\t\t\t\t<\/label>\n\t\t\t\t\t\t\t\t\t\t\t\t\t\t<input size=\"1\" type=\"text\" name=\"form_fields[name]\" id=\"form-field-name\" class=\"elementor-field elementor-size-sm  elementor-field-textual\" placeholder=\"Nazwa\" required=\"required\">\n\t\t\t\t\t\t\t\t\t\t\t<\/div>\n\t\t\t\t\t\t\t\t<div class=\"elementor-field-type-email elementor-field-group elementor-column elementor-field-group-email elementor-col-100 elementor-field-required\">\n\t\t\t\t\t\t\t\t\t\t\t\t<label for=\"form-field-email\" class=\"elementor-field-label elementor-screen-only\">\n\t\t\t\t\t\t\t\tE-mail\t\t\t\t\t\t\t<\/label>\n\t\t\t\t\t\t\t\t\t\t\t\t\t\t<input size=\"1\" type=\"email\" name=\"form_fields[email]\" id=\"form-field-email\" class=\"elementor-field elementor-size-sm  elementor-field-textual\" placeholder=\"E-mail\" required=\"required\">\n\t\t\t\t\t\t\t\t\t\t\t<\/div>\n\t\t\t\t\t\t\t\t<div class=\"elementor-field-type-tel elementor-field-group elementor-column elementor-field-group-field_42f4eb6 elementor-col-100 elementor-field-required\">\n\t\t\t\t\t\t\t\t\t\t\t\t<label for=\"form-field-field_42f4eb6\" class=\"elementor-field-label elementor-screen-only\">\n\t\t\t\t\t\t\t\tTelefon\t\t\t\t\t\t\t<\/label>\n\t\t\t\t\t\t\t\t<input size=\"1\" type=\"tel\" name=\"form_fields[field_42f4eb6]\" id=\"form-field-field_42f4eb6\" class=\"elementor-field elementor-size-sm  elementor-field-textual\" placeholder=\"Telefon\" required=\"required\" pattern=\"[0-9()#&amp;+*-=.]+\" title=\"Only numbers and phone characters (#, -, *, etc) are accepted.\">\n\n\t\t\t\t\t\t<\/div>\n\t\t\t\t\t\t\t\t<div class=\"elementor-field-type-textarea elementor-field-group elementor-column elementor-field-group-message elementor-col-100 elementor-field-required\">\n\t\t\t\t\t\t\t\t\t\t\t\t<label for=\"form-field-message\" class=\"elementor-field-label elementor-screen-only\">\n\t\t\t\t\t\t\t\tKr\u00f3tko opisz sytuacj\u0119\t\t\t\t\t\t\t<\/label>\n\t\t\t\t\t\t<textarea class=\"elementor-field-textual elementor-field  elementor-size-sm\" name=\"form_fields[message]\" id=\"form-field-message\" rows=\"7\" placeholder=\"Kr\u00f3tko opisz sytuacj\u0119\" required=\"required\"><\/textarea>\t\t\t\t<\/div>\n\t\t\t\t\t\t\t\t<div class=\"elementor-field-group elementor-column elementor-field-type-submit elementor-col-100 e-form__buttons\">\n\t\t\t\t\t<button class=\"elementor-button elementor-size-sm\" type=\"submit\">\n\t\t\t\t\t\t<span class=\"elementor-button-content-wrapper\">\n\t\t\t\t\t\t\t\t\t\t\t\t\t\t\t\t\t\t\t\t\t\t<span class=\"elementor-button-text\">Wys\u0142a\u0107<\/span>\n\t\t\t\t\t\t\t\t\t\t\t\t\t<\/span>\n\t\t\t\t\t<\/button>\n\t\t\t\t<\/div>\n\t\t\t<\/div>\n\t\t<\/form>\n\t\t\t\t\t\t<\/div>\n\t\t\t\t<\/div>\n\t\t\t\t<\/div>\n\t\t\t\t\t<\/div>\n\t\t\t\t<\/div>\n\t\t\t\t<\/div>\n\t\t","protected":false},"excerpt":{"rendered":"<p>Prawnik ds. nieruchomo\u015bci: Tw\u00f3j zaufany partner w transakcjach Planujesz kupi\u0107, sprzeda\u0107 lub wynaj\u0105\u0107 nieruchomo\u015b\u0107 w Wilnie lub gdzie indziej na Litwie? Transakcje w obrocie nieruchomo\u015bciami to wa\u017cne etapy w \u017cyciu, w kt\u00f3rych nieoceniona mo\u017ce okaza\u0107 si\u0119 profesjonalna pomoc prawna. Us\u0142ugi prawnika nie tylko zapewni\u0105 p\u0142ynno\u015b\u0107 i bezpiecze\u0144stwo Twojej transakcji, ale tak\u017ce pomog\u0105 Ci unikn\u0105\u0107 potencjalnych [&hellip;]<\/p>\n","protected":false},"author":1,"featured_media":349,"parent":387,"menu_order":0,"comment_status":"closed","ping_status":"closed","template":"","meta":{"_acf_changed":false,"footnotes":""},"class_list":["post-484","page","type-page","status-publish","has-post-thumbnail","hentry"],"acf":[],"_links":{"self":[{"href":"https:\/\/advokatopaslaugos.lt\/pl\/wp-json\/wp\/v2\/pages\/484","targetHints":{"allow":["GET"]}}],"collection":[{"href":"https:\/\/advokatopaslaugos.lt\/pl\/wp-json\/wp\/v2\/pages"}],"about":[{"href":"https:\/\/advokatopaslaugos.lt\/pl\/wp-json\/wp\/v2\/types\/page"}],"author":[{"embeddable":true,"href":"https:\/\/advokatopaslaugos.lt\/pl\/wp-json\/wp\/v2\/users\/1"}],"replies":[{"embeddable":true,"href":"https:\/\/advokatopaslaugos.lt\/pl\/wp-json\/wp\/v2\/comments?post=484"}],"version-history":[{"count":1,"href":"https:\/\/advokatopaslaugos.lt\/pl\/wp-json\/wp\/v2\/pages\/484\/revisions"}],"predecessor-version":[{"id":485,"href":"https:\/\/advokatopaslaugos.lt\/pl\/wp-json\/wp\/v2\/pages\/484\/revisions\/485"}],"up":[{"embeddable":true,"href":"https:\/\/advokatopaslaugos.lt\/pl\/wp-json\/wp\/v2\/pages\/387"}],"wp:featuredmedia":[{"embeddable":true,"href":"https:\/\/advokatopaslaugos.lt\/pl\/wp-json\/wp\/v2\/media\/349"}],"wp:attachment":[{"href":"https:\/\/advokatopaslaugos.lt\/pl\/wp-json\/wp\/v2\/media?parent=484"}],"curies":[{"name":"wp","href":"https:\/\/api.w.org\/{rel}","templated":true}]}}