{"id":494,"date":"2025-02-10T12:45:12","date_gmt":"2025-02-10T10:45:12","guid":{"rendered":"https:\/\/advokatopaslaugos.lt\/uslugi-prawnicze\/adwokat-ds-zobowiazan-i-umow\/"},"modified":"2025-04-14T14:57:11","modified_gmt":"2025-04-14T12:57:11","slug":"adwokat-ds-zobowiazan-i-umow","status":"publish","type":"page","link":"https:\/\/advokatopaslaugos.lt\/pl\/uslugi-prawnicze\/adwokat-ds-zobowiazan-i-umow\/","title":{"rendered":"Adwokat ds. zobowi\u0105za\u0144 i um\u00f3w"},"content":{"rendered":"\t\t<div data-elementor-type=\"wp-page\" data-elementor-id=\"494\" class=\"elementor elementor-494 elementor-32\" data-elementor-post-type=\"page\">\n\t\t\t\t<div class=\"elementor-element elementor-element-6d912583 e-flex e-con-boxed elementor-invisible e-con e-parent\" data-id=\"6d912583\" data-element_type=\"container\" data-e-type=\"container\" data-settings=\"{&quot;animation&quot;:&quot;fadeInUp&quot;,&quot;animation_delay&quot;:500}\">\n\t\t\t\t\t<div class=\"e-con-inner\">\n\t\t<div class=\"elementor-element elementor-element-264cbd71 e-con-full e-flex e-con e-child\" data-id=\"264cbd71\" data-element_type=\"container\" data-e-type=\"container\">\n\t\t\t\t<div class=\"elementor-element elementor-element-5810f035 elementor-widget elementor-widget-heading\" data-id=\"5810f035\" data-element_type=\"widget\" data-e-type=\"widget\" data-widget_type=\"heading.default\">\n\t\t\t\t\t<h2 class=\"elementor-heading-title elementor-size-default\">Adwokat zobowi\u0105za\u0144 i um\u00f3w: Pomoc prawna w sprawach zawierania i wykonywania um\u00f3w<\/h2>\t\t\t\t<\/div>\n\t\t\t\t<div class=\"elementor-element elementor-element-7e3a819b elementor-widget elementor-widget-text-editor\" data-id=\"7e3a819b\" data-element_type=\"widget\" data-e-type=\"widget\" data-widget_type=\"text-editor.default\">\n\t\t\t\t\t\t\t\t\t<p data-sourcepos=\"5:1-5:364\">Prawo zobowi\u0105za\u0144 i um\u00f3w stanowi fundamentaln\u0105 cz\u0119\u015b\u0107 stosunk\u00f3w handlowych i cywilnych, reguluj\u0105c wiele codziennych sytuacji &#8211; od prostych transakcji kupna i sprzeda\u017cy po skomplikowane kontrakty handlowe. Niezale\u017cnie od tego, czy jeste\u015b przedsi\u0119biorc\u0105, czy osob\u0105 fizyczn\u0105, prawnik ds. zobowi\u0105za\u0144 i um\u00f3w w Wilnie jest gotowy udzieli\u0107 Ci wykwalifikowanej pomocy prawnej we wszystkich kwestiach zawierania, wykonywania i rozwi\u0105zywania um\u00f3w, zapewniaj\u0105c ochron\u0119 Twoich praw i interes\u00f3w.<\/p>\n\t\t\t\t\t\t\t\t<\/div>\n\t\t\t\t<\/div>\n\t\t<div class=\"elementor-element elementor-element-6d2e5f3d e-con-full e-flex e-con e-child\" data-id=\"6d2e5f3d\" data-element_type=\"container\" data-e-type=\"container\">\n\t\t\t\t<\/div>\n\t\t\t\t\t<\/div>\n\t\t\t\t<\/div>\n\t\t<div class=\"elementor-element elementor-element-6e85222d e-flex e-con-boxed elementor-invisible e-con e-parent\" data-id=\"6e85222d\" data-element_type=\"container\" data-e-type=\"container\" data-settings=\"{&quot;background_background&quot;:&quot;classic&quot;,&quot;animation&quot;:&quot;fadeInUp&quot;}\">\n\t\t\t\t\t<div class=\"e-con-inner\">\n\t\t\t\t<div class=\"elementor-element elementor-element-6f3200ce elementor-widget elementor-widget-heading\" data-id=\"6f3200ce\" data-element_type=\"widget\" data-e-type=\"widget\" data-widget_type=\"heading.default\">\n\t\t\t\t\t<h2 class=\"elementor-heading-title elementor-size-default\">Dlaczego potrzebujesz prawnika specjalizuj\u0105cego si\u0119 w umowach i zobowi\u0105zaniach?<\/h2>\t\t\t\t<\/div>\n\t\t\t\t<div class=\"elementor-element elementor-element-5e72c4e0 elementor-widget elementor-widget-text-editor\" data-id=\"5e72c4e0\" data-element_type=\"widget\" data-e-type=\"widget\" data-widget_type=\"text-editor.default\">\n\t\t\t\t\t\t\t\t\t<p data-sourcepos=\"9:1-9:141\">Prawo um\u00f3w jest dynamiczne i wymaga ci\u0105g\u0142ej aktualizacji oraz dog\u0142\u0119bnego zrozumienia. Prawnik ds. zobowi\u0105za\u0144 i um\u00f3w jest niezb\u0119dny, poniewa\u017c:<\/p>\n<ul data-sourcepos=\"11:1-16:0\">\n<li data-sourcepos=\"11:1-11:153\"><strong>Zna zawi\u0142o\u015bci prawa um\u00f3w:<\/strong> Zna dobrze Kodeks cywilny i inne akty prawne reguluj\u0105ce umowy i zobowi\u0105zania.<\/li>\n<li data-sourcepos=\"12:1-12:139\"><strong>Pomaga zawiera\u0107 bezpieczne umowy:<\/strong> Upewnia si\u0119, \u017ce zawierane przez Ciebie umowy s\u0105 prawnie uzasadnione, jasne i zgodne z Twoimi interesami.<\/li>\n<li data-sourcepos=\"13:1-13:109\"><strong>Chroni przed ryzykiem:<\/strong> Pomaga oceni\u0107 ryzyko zobowi\u0105za\u0144 umownych i zapewni\u0107 \u015brodki ochronne.<\/li>\n<li data-sourcepos=\"14:1-14:134\"><strong>Skutecznie rozwi\u0105zuje spory:<\/strong> Reprezentuje Twoje interesy w negocjacjach i przed s\u0105dem, w przypadku spory dotycz\u0105ce wykonania lub niewykonania um\u00f3w.<\/li>\n<li data-sourcepos=\"15:1-16:0\"><strong>Oszcz\u0119dza Tw\u00f3j czas i pieni\u0105dze:<\/strong> Profesjonalna pomoc prawna pomaga unikn\u0105\u0107 kosztownych b\u0142\u0119d\u00f3w i spor\u00f3w prawnych w przysz\u0142o\u015bci.<\/li>\n<\/ul>\n<p data-sourcepos=\"17:1-17:53\">\u00a0<\/p>\n\t\t\t\t\t\t\t\t<\/div>\n\t\t\t\t\t<\/div>\n\t\t\t\t<\/div>\n\t\t<div class=\"elementor-element elementor-element-69a4c888 e-flex e-con-boxed elementor-invisible e-con e-parent\" data-id=\"69a4c888\" data-element_type=\"container\" data-e-type=\"container\" data-settings=\"{&quot;animation&quot;:&quot;fadeInUp&quot;}\">\n\t\t\t\t\t<div class=\"e-con-inner\">\n\t\t\t\t<div class=\"elementor-element elementor-element-9e50bd4 elementor-widget elementor-widget-heading\" data-id=\"9e50bd4\" data-element_type=\"widget\" data-e-type=\"widget\" data-widget_type=\"heading.default\">\n\t\t\t\t\t<h2 class=\"elementor-heading-title elementor-size-default\">Us\u0142ugi prawnicze w zakresie zobowi\u0105za\u0144 i um\u00f3w w Wilnie<\/h2>\t\t\t\t<\/div>\n\t\t\t\t<div class=\"elementor-element elementor-element-3cb1033a elementor-widget elementor-widget-text-editor\" data-id=\"3cb1033a\" data-element_type=\"widget\" data-e-type=\"widget\" data-widget_type=\"text-editor.default\">\n\t\t\t\t\t\t\t\t\t<p data-sourcepos=\"19:1-19:118\">Nasi prawnicy ds. zobowi\u0105za\u0144 i um\u00f3w w Wilnie \u015bwiadcz\u0105 szeroki zakres us\u0142ug dla firm i os\u00f3b prywatnych, w tym:<\/p>\n<p data-sourcepos=\"21:1-21:12\"><strong>Dla firm:<\/strong><\/p>\n<ul data-sourcepos=\"23:1-28:0\">\n<li data-sourcepos=\"23:1-23:212\"><strong>Przygotowywanie i ocena um\u00f3w handlowych:<\/strong> Przygotowywanie, negocjowanie i ocena prawna um\u00f3w zakupu i sprzeda\u017cy, dostaw, podwykonawstwa, dzier\u017cawy, franczyzy, dystrybucji, \u015bwiadczenia us\u0142ug i innych um\u00f3w handlowych.<\/li>\n<li data-sourcepos=\"24:1-24:124\"><strong>Konsultacje dotycz\u0105ce realizacji um\u00f3w:<\/strong> Porady dotycz\u0105ce realizacji um\u00f3w, wype\u0142niania zobowi\u0105za\u0144 i mo\u017cliwych konsekwencji prawnych.<\/li>\n<li data-sourcepos=\"25:1-25:166\"><strong>Rozwi\u0105zywanie spor\u00f3w umownych:<\/strong> Reprezentacja w negocjacjach, mediacjach i przed s\u0105dem w sporach wynikaj\u0105cych z wykonania, rozwi\u0105zania lub uniewa\u017cnienia um\u00f3w.<\/li>\n<li data-sourcepos=\"26:1-26:148\"><strong>Windykacja nale\u017cno\u015bci:<\/strong> Pomoc prawna w windykacji nale\u017cno\u015bci wynikaj\u0105cych z um\u00f3w, w tym przygotowywanie roszcze\u0144, windykacja przeds\u0105dowa i s\u0105dowa.<\/li>\n<li data-sourcepos=\"27:1-28:0\"><strong>Audyt prawny (due diligence) przed zawarciem um\u00f3w:<\/strong> Ocena stron umowy i ryzyk transakcji przed zawarciem istotnych um\u00f3w.<\/li>\n<\/ul>\n<p data-sourcepos=\"29:1-29:24\"><strong>Dla os\u00f3b prywatnych:<\/strong><\/p>\n<ul data-sourcepos=\"31:1-36:0\">\n<li data-sourcepos=\"31:1-31:207\"><strong>Sporz\u0105dzanie i opiniowanie um\u00f3w cywilnych:<\/strong> Przygotowanie i opiniowanie prawne um\u00f3w kupna i sprzeda\u017cy (nieruchomo\u015bci, samochod\u00f3w itp.), po\u017cyczki, darowizny, najmu, kontraktu i innych um\u00f3w cywilnoprawnych.<\/li>\n<li data-sourcepos=\"32:1-32:137\"><strong>Konsultacje w zakresie um\u00f3w konsumenckich:<\/strong> Porady dotycz\u0105ce um\u00f3w konsumenckich, ochrony praw konsument\u00f3w i rozwi\u0105zywania spor\u00f3w z przedsi\u0119biorcami.<\/li>\n<li data-sourcepos=\"33:1-33:145\"><strong>Rozstrzyganie spor\u00f3w umownych:<\/strong> Reprezentacja w negocjacjach, mediacjach i przed s\u0105dami w sporach wynikaj\u0105cych z wykonania lub niewykonania um\u00f3w cywilnoprawnych.<\/li>\n<li data-sourcepos=\"34:1-34:163\"><strong>Rozwi\u0105zywanie i uniewa\u017cnianie um\u00f3w:<\/strong> Pomoc prawna w zakresie rozwi\u0105zywania um\u00f3w lub uznawania ich za niewa\u017cne, je\u017celi istnieje podstawa prawna.<\/li>\n<li data-sourcepos=\"35:1-36:0\"><strong>Konsultacje w zakresie zawierania i wykonywania um\u00f3w:<\/strong> Og\u00f3lne konsultacje w zakresie zagadnie\u0144 prawa um\u00f3w.<\/li>\n<\/ul>\n<p \u017ar\u00f3d\u0142o danychpos=\"37:1-37:61\">\u00a0<\/p>\n\t\t\t\t\t\t\t\t<\/div>\n\t\t\t\t\t<\/div>\n\t\t\t\t<\/div>\n\t\t<div class=\"elementor-element elementor-element-128db97a e-flex e-con-boxed elementor-invisible e-con e-parent\" data-id=\"128db97a\" data-element_type=\"container\" data-e-type=\"container\" data-settings=\"{&quot;background_background&quot;:&quot;classic&quot;,&quot;animation&quot;:&quot;fadeInUp&quot;}\">\n\t\t\t\t\t<div class=\"e-con-inner\">\n\t\t\t\t<div class=\"elementor-element elementor-element-8afa9f6 elementor-widget elementor-widget-heading\" data-id=\"8afa9f6\" data-element_type=\"widget\" data-e-type=\"widget\" data-widget_type=\"heading.default\">\n\t\t\t\t\t<h2 class=\"elementor-heading-title elementor-size-default\">Dlaczego warto wybra\u0107 naszych prawnik\u00f3w specjalizuj\u0105cych si\u0119 w zobowi\u0105zaniach i umowach?<\/h2>\t\t\t\t<\/div>\n\t\t<div class=\"elementor-element elementor-element-248ae9df e-con-full e-flex e-con e-child\" data-id=\"248ae9df\" data-element_type=\"container\" data-e-type=\"container\">\n\t\t<div class=\"elementor-element elementor-element-28fc4257 e-con-full e-flex e-con e-child\" data-id=\"28fc4257\" data-element_type=\"container\" data-e-type=\"container\">\n\t\t\t\t<div class=\"elementor-element elementor-element-e88534a elementor-widget elementor-widget-text-editor\" data-id=\"e88534a\" data-element_type=\"widget\" data-e-type=\"widget\" data-widget_type=\"text-editor.default\">\n\t\t\t\t\t\t\t\t\t<ul data-sourcepos=\"39:1-43:0\">\n<li data-sourcepos=\"39:1-39:173\"><strong>Specjalizacja i do\u015bwiadczenie:<\/strong> Nasi prawnicy specjalizuj\u0105 si\u0119 w prawie zobowi\u0105za\u0144 i um\u00f3w oraz maj\u0105 wieloletnie do\u015bwiadczenie w reprezentowaniu klient\u00f3w biznesowych i prywatnych.<\/li>\n<li data-sourcepos=\"40:1-40:126\"><strong>Indywidualne podej\u015bcie:<\/strong> po\u015bwi\u0119camy ka\u017cdemu klientowi indywidualn\u0105 uwag\u0119 i dok\u0142adnie analizujemy ka\u017cd\u0105 sytuacj\u0119.<\/li>\n<li data-sourcepos=\"41:1-41:124\"><strong>Poszukiwanie praktycznych rozwi\u0105za\u0144:<\/strong> Skupiamy si\u0119 na praktycznych i skutecznych rozwi\u0105zaniach, kt\u00f3re odpowiadaj\u0105 potrzebom naszych klient\u00f3w.<\/li>\n<li data-sourcepos=\"42:1-43:0\"><strong>Poufno\u015b\u0107 i profesjonalizm:<\/strong> Gwarantujemy ca\u0142kowit\u0105 poufno\u015b\u0107 i najwy\u017csze standardy zawodowe.<\/li>\n<\/ul>\n<p data-sourcepos=\"44:1-44:24\">\n\t\t\t\t\t\t\t\t<\/div>\n\t\t\t\t<div class=\"elementor-element elementor-element-34a69c40 elementor-widget elementor-widget-button\" data-id=\"34a69c40\" data-element_type=\"widget\" data-e-type=\"widget\" data-widget_type=\"button.default\">\n\t\t\t\t\t\t\t\t\t\t<a class=\"elementor-button elementor-button-link elementor-size-sm\" href=\"\">\n\t\t\t\t\t\t<span class=\"elementor-button-content-wrapper\">\n\t\t\t\t\t\t\t\t\t<span class=\"elementor-button-text\">+37060877800<\/span>\n\t\t\t\t\t<\/span>\n\t\t\t\t\t<\/a>\n\t\t\t\t\t\t\t\t<\/div>\n\t\t\t\t<\/div>\n\t\t<div class=\"elementor-element elementor-element-31c97b15 e-con-full e-flex e-con e-child\" data-id=\"31c97b15\" data-element_type=\"container\" data-e-type=\"container\">\n\t\t\t\t<div class=\"elementor-element elementor-element-3ad47742 elementor-button-align-stretch elementor-widget elementor-widget-form\" data-id=\"3ad47742\" data-element_type=\"widget\" data-e-type=\"widget\" data-settings=\"{&quot;step_next_label&quot;:&quot;Nast\\u0119pny&quot;,&quot;step_previous_label&quot;:&quot;Poprzedni&quot;,&quot;button_width&quot;:&quot;100&quot;,&quot;step_type&quot;:&quot;number_text&quot;,&quot;step_icon_shape&quot;:&quot;circle&quot;}\" data-widget_type=\"form.default\">\n\t\t\t\t\t\t\t<form class=\"elementor-form\" method=\"post\" id=\"ap1\" name=\"Zapytanie\" aria-label=\"Zapytanie\">\n\t\t\t<input type=\"hidden\" name=\"post_id\" value=\"494\"\/>\n\t\t\t<input type=\"hidden\" name=\"form_id\" value=\"3ad47742\"\/>\n\t\t\t<input type=\"hidden\" name=\"referer_title\" value=\"Adwokat ds. zobowi\u0105za\u0144 i um\u00f3w - Advokato paslaugos\" \/>\n\n\t\t\t\t\t\t\t<input type=\"hidden\" name=\"queried_id\" value=\"494\"\/>\n\t\t\t\n\t\t\t<div class=\"elementor-form-fields-wrapper elementor-labels-\">\n\t\t\t\t\t\t\t\t<div class=\"elementor-field-type-text elementor-field-group elementor-column elementor-field-group-name elementor-col-100 elementor-field-required\">\n\t\t\t\t\t\t\t\t\t\t\t\t<label for=\"form-field-name\" class=\"elementor-field-label elementor-screen-only\">\n\t\t\t\t\t\t\t\tNazwa\t\t\t\t\t\t\t<\/label>\n\t\t\t\t\t\t\t\t\t\t\t\t\t\t<input size=\"1\" type=\"text\" name=\"form_fields[name]\" id=\"form-field-name\" class=\"elementor-field elementor-size-sm  elementor-field-textual\" placeholder=\"Nazwa\" required=\"required\">\n\t\t\t\t\t\t\t\t\t\t\t<\/div>\n\t\t\t\t\t\t\t\t<div class=\"elementor-field-type-email elementor-field-group elementor-column elementor-field-group-email elementor-col-100 elementor-field-required\">\n\t\t\t\t\t\t\t\t\t\t\t\t<label for=\"form-field-email\" class=\"elementor-field-label elementor-screen-only\">\n\t\t\t\t\t\t\t\tE-mail\t\t\t\t\t\t\t<\/label>\n\t\t\t\t\t\t\t\t\t\t\t\t\t\t<input size=\"1\" type=\"email\" name=\"form_fields[email]\" id=\"form-field-email\" class=\"elementor-field elementor-size-sm  elementor-field-textual\" placeholder=\"E-mail\" required=\"required\">\n\t\t\t\t\t\t\t\t\t\t\t<\/div>\n\t\t\t\t\t\t\t\t<div class=\"elementor-field-type-tel elementor-field-group elementor-column elementor-field-group-field_42f4eb6 elementor-col-100 elementor-field-required\">\n\t\t\t\t\t\t\t\t\t\t\t\t<label for=\"form-field-field_42f4eb6\" class=\"elementor-field-label elementor-screen-only\">\n\t\t\t\t\t\t\t\tTelefon\t\t\t\t\t\t\t<\/label>\n\t\t\t\t\t\t\t\t<input size=\"1\" type=\"tel\" name=\"form_fields[field_42f4eb6]\" id=\"form-field-field_42f4eb6\" class=\"elementor-field elementor-size-sm  elementor-field-textual\" placeholder=\"Telefon\" required=\"required\" pattern=\"[0-9()#&amp;+*-=.]+\" title=\"Only numbers and phone characters (#, -, *, etc) are accepted.\">\n\n\t\t\t\t\t\t<\/div>\n\t\t\t\t\t\t\t\t<div class=\"elementor-field-type-textarea elementor-field-group elementor-column elementor-field-group-message elementor-col-100 elementor-field-required\">\n\t\t\t\t\t\t\t\t\t\t\t\t<label for=\"form-field-message\" class=\"elementor-field-label elementor-screen-only\">\n\t\t\t\t\t\t\t\tKr\u00f3tko opisz sytuacj\u0119\t\t\t\t\t\t\t<\/label>\n\t\t\t\t\t\t<textarea class=\"elementor-field-textual elementor-field  elementor-size-sm\" name=\"form_fields[message]\" id=\"form-field-message\" rows=\"7\" placeholder=\"Kr\u00f3tko opisz sytuacj\u0119\" required=\"required\"><\/textarea>\t\t\t\t<\/div>\n\t\t\t\t\t\t\t\t<div class=\"elementor-field-group elementor-column elementor-field-type-submit elementor-col-100 e-form__buttons\">\n\t\t\t\t\t<button class=\"elementor-button elementor-size-sm\" type=\"submit\">\n\t\t\t\t\t\t<span class=\"elementor-button-content-wrapper\">\n\t\t\t\t\t\t\t\t\t\t\t\t\t\t\t\t\t\t\t\t\t\t<span class=\"elementor-button-text\">Wys\u0142a\u0107<\/span>\n\t\t\t\t\t\t\t\t\t\t\t\t\t<\/span>\n\t\t\t\t\t<\/button>\n\t\t\t\t<\/div>\n\t\t\t<\/div>\n\t\t<\/form>\n\t\t\t\t\t\t<\/div>\n\t\t\t\t<\/div>\n\t\t\t\t<\/div>\n\t\t\t\t\t<\/div>\n\t\t\t\t<\/div>\n\t\t\t\t<\/div>\n\t\t","protected":false},"excerpt":{"rendered":"<p>Adwokat zobowi\u0105za\u0144 i um\u00f3w: Pomoc prawna w sprawach zawierania i wykonywania um\u00f3w Prawo zobowi\u0105za\u0144 i um\u00f3w stanowi fundamentaln\u0105 cz\u0119\u015b\u0107 stosunk\u00f3w handlowych i cywilnych, reguluj\u0105c wiele codziennych sytuacji &#8211; od prostych transakcji kupna i sprzeda\u017cy po skomplikowane kontrakty handlowe. Niezale\u017cnie od tego, czy jeste\u015b przedsi\u0119biorc\u0105, czy osob\u0105 fizyczn\u0105, prawnik ds. zobowi\u0105za\u0144 i um\u00f3w w Wilnie jest [&hellip;]<\/p>\n","protected":false},"author":1,"featured_media":0,"parent":387,"menu_order":0,"comment_status":"closed","ping_status":"closed","template":"","meta":{"_acf_changed":false,"footnotes":""},"class_list":["post-494","page","type-page","status-publish","hentry"],"acf":[],"_links":{"self":[{"href":"https:\/\/advokatopaslaugos.lt\/pl\/wp-json\/wp\/v2\/pages\/494","targetHints":{"allow":["GET"]}}],"collection":[{"href":"https:\/\/advokatopaslaugos.lt\/pl\/wp-json\/wp\/v2\/pages"}],"about":[{"href":"https:\/\/advokatopaslaugos.lt\/pl\/wp-json\/wp\/v2\/types\/page"}],"author":[{"embeddable":true,"href":"https:\/\/advokatopaslaugos.lt\/pl\/wp-json\/wp\/v2\/users\/1"}],"replies":[{"embeddable":true,"href":"https:\/\/advokatopaslaugos.lt\/pl\/wp-json\/wp\/v2\/comments?post=494"}],"version-history":[{"count":1,"href":"https:\/\/advokatopaslaugos.lt\/pl\/wp-json\/wp\/v2\/pages\/494\/revisions"}],"predecessor-version":[{"id":495,"href":"https:\/\/advokatopaslaugos.lt\/pl\/wp-json\/wp\/v2\/pages\/494\/revisions\/495"}],"up":[{"embeddable":true,"href":"https:\/\/advokatopaslaugos.lt\/pl\/wp-json\/wp\/v2\/pages\/387"}],"wp:attachment":[{"href":"https:\/\/advokatopaslaugos.lt\/pl\/wp-json\/wp\/v2\/media?parent=494"}],"curies":[{"name":"wp","href":"https:\/\/api.w.org\/{rel}","templated":true}]}}