{"id":500,"date":"2025-02-16T15:33:28","date_gmt":"2025-02-16T13:33:28","guid":{"rendered":"https:\/\/advokatopaslaugos.lt\/kontakty\/"},"modified":"2025-09-04T12:16:17","modified_gmt":"2025-09-04T10:16:17","slug":"kontakty","status":"publish","type":"page","link":"https:\/\/advokatopaslaugos.lt\/pl\/kontakty\/","title":{"rendered":"Kontakty"},"content":{"rendered":"\t\t<div data-elementor-type=\"wp-page\" data-elementor-id=\"500\" class=\"elementor elementor-500 elementor-242\" data-elementor-post-type=\"page\">\n\t\t\t\t<div class=\"elementor-element elementor-element-f343232 e-flex e-con-boxed elementor-invisible e-con e-parent\" data-id=\"f343232\" data-element_type=\"container\" data-e-type=\"container\" data-settings=\"{&quot;animation&quot;:&quot;fadeInUp&quot;,&quot;animation_delay&quot;:500}\">\n\t\t\t\t\t<div class=\"e-con-inner\">\n\t\t<div class=\"elementor-element elementor-element-1afe817 e-con-full e-flex e-con e-child\" data-id=\"1afe817\" data-element_type=\"container\" data-e-type=\"container\">\n\t\t\t\t<div class=\"elementor-element elementor-element-0f1cffc elementor-widget elementor-widget-heading\" data-id=\"0f1cffc\" data-element_type=\"widget\" data-e-type=\"widget\" data-widget_type=\"heading.default\">\n\t\t\t\t\t<h2 class=\"elementor-heading-title elementor-size-default\">Szukasz do\u015bwiadczonego prawnika?<\/h2>\t\t\t\t<\/div>\n\t\t\t\t<div class=\"elementor-element elementor-element-29725e7 elementor-widget elementor-widget-text-editor\" data-id=\"29725e7\" data-element_type=\"widget\" data-e-type=\"widget\" data-widget_type=\"text-editor.default\">\n\t\t\t\t\t\t\t\t\t<p>Skontaktuj si\u0119 z nami! Zapewnimy Ci wysokiej jako\u015bci pomoc prawn\u0105 i profesjonalne us\u0142ugi adwokata na terenie ca\u0142ej Litwy, a tak\u017ce za granic\u0105.<\/p>\n<p><\/p>\n<p data-sourcepos=\"36:1-36:87\">Z\u0142\u00f3\u017c zapytanie za pomoc\u0105 formularza na naszej stronie internetowej lub skontaktuj si\u0119 z nami telefonicznie.<\/p>\n<p><\/p>\n<p>Us\u0142ugi prawne zgodnie z Twoimi preferencjami zapewni do\u015bwiadczony specjalista i\/lub adwokat. Pytaj, ch\u0119tnie pomo\u017cemy lub doradzimy.<\/p>\n<p><\/p>\n<p><strong>UAB Finaura<\/strong><br \/>Numer firmy: 302520515<br \/>Ukmerg\u0117s g. 221, Wilno<\/p>\n<p><\/p>\n\t\t\t\t\t\t\t\t<\/div>\n\t\t\t\t<\/div>\n\t\t<div class=\"elementor-element elementor-element-130fd86 e-con-full e-flex e-con e-child\" data-id=\"130fd86\" data-element_type=\"container\" data-e-type=\"container\">\n\t\t\t\t<div class=\"elementor-element elementor-element-7bbd6a8 elementor-widget elementor-widget-heading\" data-id=\"7bbd6a8\" data-element_type=\"widget\" data-e-type=\"widget\" data-widget_type=\"heading.default\">\n\t\t\t\t\t<h3 class=\"elementor-heading-title elementor-size-default\">Formularz zapytania<\/h3>\t\t\t\t<\/div>\n\t\t\t\t<div class=\"elementor-element elementor-element-eefe5b0 elementor-button-align-stretch elementor-widget elementor-widget-form\" data-id=\"eefe5b0\" data-element_type=\"widget\" data-e-type=\"widget\" data-settings=\"{&quot;step_next_label&quot;:&quot;Nast\\u0119pny&quot;,&quot;step_previous_label&quot;:&quot;Poprzedni&quot;,&quot;button_width&quot;:&quot;100&quot;,&quot;step_type&quot;:&quot;number_text&quot;,&quot;step_icon_shape&quot;:&quot;circle&quot;}\" data-widget_type=\"form.default\">\n\t\t\t\t\t\t\t<form class=\"elementor-form\" method=\"post\" id=\"ap1\" name=\"Nowy formularz\" aria-label=\"Nowy formularz\">\n\t\t\t<input type=\"hidden\" name=\"post_id\" value=\"500\"\/>\n\t\t\t<input type=\"hidden\" name=\"form_id\" value=\"eefe5b0\"\/>\n\t\t\t<input type=\"hidden\" name=\"referer_title\" value=\"Kontakty - Advokato paslaugos\" \/>\n\n\t\t\t\t\t\t\t<input type=\"hidden\" name=\"queried_id\" value=\"500\"\/>\n\t\t\t\n\t\t\t<div class=\"elementor-form-fields-wrapper elementor-labels-\">\n\t\t\t\t\t\t\t\t<div class=\"elementor-field-type-text elementor-field-group elementor-column elementor-field-group-name elementor-col-100 elementor-field-required\">\n\t\t\t\t\t\t\t\t\t\t\t\t<label for=\"form-field-name\" class=\"elementor-field-label elementor-screen-only\">\n\t\t\t\t\t\t\t\tNazwa\t\t\t\t\t\t\t<\/label>\n\t\t\t\t\t\t\t\t\t\t\t\t\t\t<input size=\"1\" type=\"text\" name=\"form_fields[name]\" id=\"form-field-name\" class=\"elementor-field elementor-size-sm  elementor-field-textual\" placeholder=\"Nazwa\" required=\"required\">\n\t\t\t\t\t\t\t\t\t\t\t<\/div>\n\t\t\t\t\t\t\t\t<div class=\"elementor-field-type-email elementor-field-group elementor-column elementor-field-group-email elementor-col-100 elementor-field-required\">\n\t\t\t\t\t\t\t\t\t\t\t\t<label for=\"form-field-email\" class=\"elementor-field-label elementor-screen-only\">\n\t\t\t\t\t\t\t\tE-mail\t\t\t\t\t\t\t<\/label>\n\t\t\t\t\t\t\t\t\t\t\t\t\t\t<input size=\"1\" type=\"email\" name=\"form_fields[email]\" id=\"form-field-email\" class=\"elementor-field elementor-size-sm  elementor-field-textual\" placeholder=\"E-mail\" required=\"required\">\n\t\t\t\t\t\t\t\t\t\t\t<\/div>\n\t\t\t\t\t\t\t\t<div class=\"elementor-field-type-tel elementor-field-group elementor-column elementor-field-group-field_42f4eb6 elementor-col-100 elementor-field-required\">\n\t\t\t\t\t\t\t\t\t\t\t\t<label for=\"form-field-field_42f4eb6\" class=\"elementor-field-label elementor-screen-only\">\n\t\t\t\t\t\t\t\tTelefon\t\t\t\t\t\t\t<\/label>\n\t\t\t\t\t\t\t\t<input size=\"1\" type=\"tel\" name=\"form_fields[field_42f4eb6]\" id=\"form-field-field_42f4eb6\" class=\"elementor-field elementor-size-sm  elementor-field-textual\" placeholder=\"Telefon\" required=\"required\" pattern=\"[0-9()#&amp;+*-=.]+\" title=\"Only numbers and phone characters (#, -, *, etc) are accepted.\">\n\n\t\t\t\t\t\t<\/div>\n\t\t\t\t\t\t\t\t<div class=\"elementor-field-type-select elementor-field-group elementor-column elementor-field-group-field_9d96080 elementor-col-100 elementor-field-required\">\n\t\t\t\t\t\t\t\t\t\t\t\t<label for=\"form-field-field_9d96080\" class=\"elementor-field-label elementor-screen-only\">\n\t\t\t\t\t\t\t\tDziedzina\t\t\t\t\t\t\t<\/label>\n\t\t\t\t\t\t\t\t<div class=\"elementor-field elementor-select-wrapper remove-before \">\n\t\t\t<div class=\"select-caret-down-wrapper\">\n\t\t\t\t<svg aria-hidden=\"true\" class=\"e-font-icon-svg e-eicon-caret-down\" viewBox=\"0 0 571.4 571.4\" xmlns=\"http:\/\/www.w3.org\/2000\/svg\"><path d=\"M571 393Q571 407 561 418L311 668Q300 679 286 679T261 668L11 418Q0 407 0 393T11 368 36 357H536Q550 357 561 368T571 393Z\"><\/path><\/svg>\t\t\t<\/div>\n\t\t\t<select name=\"form_fields[field_9d96080]\" id=\"form-field-field_9d96080\" class=\"elementor-field-textual elementor-size-sm\" required=\"required\">\n\t\t\t\t\t\t\t\t\t<option value=\"Nie wiem, jaki obszar&lt;br&gt;Prawo pracy&lt;br&gt;Prawo zam\u00f3wie\u0144 publicznych&lt;br&gt;Prawo cywilne i rozwodowe&lt;br&gt;Prawo um\u00f3w&lt;br&gt;Prawo karne&lt;br&gt;Prawo ubezpieczeniowe&lt;br&gt;Prawo papier\u00f3w warto\u015bciowych&lt;br&gt;Prawo rodzinne&lt;br&gt;Prawo migracyjne&lt;br&gt;Spory podatkowe&lt;br&gt;Biznes prawo&lt;br&gt;Podzia\u0142 maj\u0105tku&lt;br&gt;Prawo gruntowe i nieruchomo\u015bci\">Nie wiem, jaki obszar&lt;br&gt;Prawo pracy&lt;br&gt;Prawo zam\u00f3wie\u0144 publicznych&lt;br&gt;Prawo cywilne i rozwodowe&lt;br&gt;Prawo um\u00f3w&lt;br&gt;Prawo karne&lt;br&gt;Prawo ubezpieczeniowe&lt;br&gt;Prawo papier\u00f3w warto\u015bciowych&lt;br&gt;Prawo rodzinne&lt;br&gt;Prawo migracyjne&lt;br&gt;Spory podatkowe&lt;br&gt;Biznes prawo&lt;br&gt;Podzia\u0142 maj\u0105tku&lt;br&gt;Prawo gruntowe i nieruchomo\u015bci<\/option>\n\t\t\t\t\t\t\t<\/select>\n\t\t<\/div>\n\t\t\t\t\t\t<\/div>\n\t\t\t\t\t\t\t\t<div class=\"elementor-field-type-textarea elementor-field-group elementor-column elementor-field-group-message elementor-col-100 elementor-field-required\">\n\t\t\t\t\t\t\t\t\t\t\t\t<label for=\"form-field-message\" class=\"elementor-field-label elementor-screen-only\">\n\t\t\t\t\t\t\t\tKr\u00f3tko opisz sytuacj\u0119\t\t\t\t\t\t\t<\/label>\n\t\t\t\t\t\t<textarea class=\"elementor-field-textual elementor-field  elementor-size-sm\" name=\"form_fields[message]\" id=\"form-field-message\" rows=\"7\" placeholder=\"Kr\u00f3tko opisz sytuacj\u0119\" required=\"required\"><\/textarea>\t\t\t\t<\/div>\n\t\t\t\t\t\t\t\t<div class=\"elementor-field-group elementor-column elementor-field-type-submit elementor-col-100 e-form__buttons\">\n\t\t\t\t\t<button class=\"elementor-button elementor-size-sm\" type=\"submit\">\n\t\t\t\t\t\t<span class=\"elementor-button-content-wrapper\">\n\t\t\t\t\t\t\t\t\t\t\t\t\t\t\t\t\t\t\t\t\t\t<span class=\"elementor-button-text\">Wys\u0142a\u0107<\/span>\n\t\t\t\t\t\t\t\t\t\t\t\t\t<\/span>\n\t\t\t\t\t<\/button>\n\t\t\t\t<\/div>\n\t\t\t<\/div>\n\t\t<\/form>\n\t\t\t\t\t\t<\/div>\n\t\t\t\t<\/div>\n\t\t\t\t\t<\/div>\n\t\t\t\t<\/div>\n\t\t\t\t<\/div>\n\t\t","protected":false},"excerpt":{"rendered":"<p>Szukasz do\u015bwiadczonego prawnika? Skontaktuj si\u0119 z nami! Zapewnimy Ci wysokiej jako\u015bci pomoc prawn\u0105 i profesjonalne us\u0142ugi adwokata na terenie ca\u0142ej Litwy, a tak\u017ce za granic\u0105. Z\u0142\u00f3\u017c zapytanie za pomoc\u0105 formularza na naszej stronie internetowej lub skontaktuj si\u0119 z nami telefonicznie. Us\u0142ugi prawne zgodnie z Twoimi preferencjami zapewni do\u015bwiadczony specjalista i\/lub adwokat. Pytaj, ch\u0119tnie pomo\u017cemy lub [&hellip;]<\/p>\n","protected":false},"author":1,"featured_media":0,"parent":0,"menu_order":0,"comment_status":"closed","ping_status":"closed","template":"","meta":{"_acf_changed":false,"footnotes":""},"class_list":["post-500","page","type-page","status-publish","hentry"],"acf":[],"_links":{"self":[{"href":"https:\/\/advokatopaslaugos.lt\/pl\/wp-json\/wp\/v2\/pages\/500","targetHints":{"allow":["GET"]}}],"collection":[{"href":"https:\/\/advokatopaslaugos.lt\/pl\/wp-json\/wp\/v2\/pages"}],"about":[{"href":"https:\/\/advokatopaslaugos.lt\/pl\/wp-json\/wp\/v2\/types\/page"}],"author":[{"embeddable":true,"href":"https:\/\/advokatopaslaugos.lt\/pl\/wp-json\/wp\/v2\/users\/1"}],"replies":[{"embeddable":true,"href":"https:\/\/advokatopaslaugos.lt\/pl\/wp-json\/wp\/v2\/comments?post=500"}],"version-history":[{"count":2,"href":"https:\/\/advokatopaslaugos.lt\/pl\/wp-json\/wp\/v2\/pages\/500\/revisions"}],"predecessor-version":[{"id":710,"href":"https:\/\/advokatopaslaugos.lt\/pl\/wp-json\/wp\/v2\/pages\/500\/revisions\/710"}],"wp:attachment":[{"href":"https:\/\/advokatopaslaugos.lt\/pl\/wp-json\/wp\/v2\/media?parent=500"}],"curies":[{"name":"wp","href":"https:\/\/api.w.org\/{rel}","templated":true}]}}