{"id":529,"date":"2025-02-10T12:48:09","date_gmt":"2025-02-10T10:48:09","guid":{"rendered":"https:\/\/advokatopaslaugos.lt\/uslugi-prawnicze\/adwokat-rozwodowy\/"},"modified":"2025-04-15T08:12:26","modified_gmt":"2025-04-15T06:12:26","slug":"adwokat-rozwodowy","status":"publish","type":"page","link":"https:\/\/advokatopaslaugos.lt\/pl\/uslugi-prawnicze\/adwokat-rozwodowy\/","title":{"rendered":"Adwokat rozwodowy"},"content":{"rendered":"\t\t<div data-elementor-type=\"wp-page\" data-elementor-id=\"529\" class=\"elementor elementor-529 elementor-50\" data-elementor-post-type=\"page\">\n\t\t\t\t<div class=\"elementor-element elementor-element-152b534 e-flex e-con-boxed elementor-invisible e-con e-parent\" data-id=\"152b534\" data-element_type=\"container\" data-e-type=\"container\" data-settings=\"{&quot;animation&quot;:&quot;fadeInUp&quot;,&quot;animation_delay&quot;:500}\">\n\t\t\t\t\t<div class=\"e-con-inner\">\n\t\t<div class=\"elementor-element elementor-element-12f35e40 e-con-full e-flex e-con e-child\" data-id=\"12f35e40\" data-element_type=\"container\" data-e-type=\"container\">\n\t\t\t\t<div class=\"elementor-element elementor-element-640923df elementor-widget elementor-widget-heading\" data-id=\"640923df\" data-element_type=\"widget\" data-e-type=\"widget\" data-widget_type=\"heading.default\">\n\t\t\t\t\t<h2 class=\"elementor-heading-title elementor-size-default\">Adwokat rozwodowy: Pomoc prawna w post\u0119powaniu rozwodowym i sprawach alimentacyjnych<\/h2>\t\t\t\t<\/div>\n\t\t\t\t<div class=\"elementor-element elementor-element-2576119c elementor-widget elementor-widget-text-editor\" data-id=\"2576119c\" data-element_type=\"widget\" data-e-type=\"widget\" data-widget_type=\"text-editor.default\">\n\t\t\t\t\t\t\t\t\t<p data-sourcepos=\"5:1-5:288\">Rozw\u00f3d to proces skomplikowany pod wzgl\u0119dem emocjonalnym i niejasny pod wzgl\u0119dem prawnym. Cho\u0107 rozw\u00f3d nigdy nie jest przyjemnym wydarzeniem, jest to niezwykle wa\u017cny proces, czasami nawet wa\u017cniejszy ni\u017c zawarcie zwi\u0105zku ma\u0142\u017ce\u0144skiego. Rozw\u00f3d wymaga nie tylko przygotowania emocjonalnego, ale tak\u017ce prawnego, poniewa\u017c jest wiele kwestii do om\u00f3wienia:<\/p>\n<ul data-sourcepos=\"7:1-10:0\">\n<li data-sourcepos=\"7:1-7:78\"><strong>Podzia\u0142 maj\u0105tku:<\/strong> Sprawiedliwy i uczciwy podzia\u0142 wsp\u00f3lnie nabytego maj\u0105tku.<\/li>\n<li data-sourcepos=\"8:1-8:140\"><strong>Miejsce zamieszkania dzieci i procedura kontakt\u00f3w:<\/strong> Porozumienie w sprawie ustalenia miejsca zamieszkania dzieci i procedury kontakt\u00f3w rodzic\u00f3w z dzie\u0107mi.<\/li>\n<li data-sourcepos=\"9:1-10:0\"><strong>Alimenty:<\/strong> Zapewnienie odpowiedniego wsparcia dla dzieci i ustalenie wysoko\u015bci aliment\u00f3w.<\/li>\n<\/ul>\n<p data-sourcepos=\"11:1-11:190\">Profesjonalny prawnik rozwodowy w Wilnie pomo\u017ce Ci znale\u017a\u0107 najlepsze rozwi\u0105zania wszystkich tych kwestii, chroni\u0105c Twoje interesy i pomagaj\u0105c Ci unikn\u0105\u0107 d\u0142ugiego i m\u0119cz\u0105cego procesu prawnego.<\/li>\n<\/ul>\n<p data-sourcepos=\"11:1-11:190\">Profesjonalny prawnik rozwodowy w Wilnie pomo\u017ce Ci znale\u017a\u0107 najlepsze rozwi\u0105zania wszystkich tych problem\u00f3w &#8230; spor\u00f3w.<\/p>\n\t\t\t\t\t\t\t\t<\/div>\n\t\t\t\t<\/div>\n\t\t<div class=\"elementor-element elementor-element-32b1a577 e-con-full e-flex e-con e-child\" data-id=\"32b1a577\" data-element_type=\"container\" data-e-type=\"container\">\n\t\t\t\t<\/div>\n\t\t\t\t\t<\/div>\n\t\t\t\t<\/div>\n\t\t<div class=\"elementor-element elementor-element-61f593d6 e-flex e-con-boxed elementor-invisible e-con e-parent\" data-id=\"61f593d6\" data-element_type=\"container\" data-e-type=\"container\" data-settings=\"{&quot;background_background&quot;:&quot;classic&quot;,&quot;animation&quot;:&quot;fadeInUp&quot;}\">\n\t\t\t\t\t<div class=\"e-con-inner\">\n\t\t\t\t<div class=\"elementor-element elementor-element-1f20a001 elementor-widget elementor-widget-heading\" data-id=\"1f20a001\" data-element_type=\"widget\" data-e-type=\"widget\" data-widget_type=\"heading.default\">\n\t\t\t\t\t<h2 class=\"elementor-heading-title elementor-size-default\">Dlaczego wa\u017cne jest, aby skontaktowa\u0107 si\u0119 z prawnikiem zajmuj\u0105cym si\u0119 rozwodami?<\/h2>\t\t\t\t<\/div>\n\t\t\t\t<div class=\"elementor-element elementor-element-4993ca43 elementor-widget elementor-widget-text-editor\" data-id=\"4993ca43\" data-element_type=\"widget\" data-e-type=\"widget\" data-widget_type=\"text-editor.default\">\n\t\t\t\t\t\t\t\t\t<p data-sourcepos=\"15:1-15:67\">Prawnik rozwodowy to Tw\u00f3j niezawodny partner, kt\u00f3ry pomo\u017ce Ci:<\/p>\n<ul data-sourcepos=\"17:1-23:0\">\n<li data-sourcepos=\"17:1-17:72\"><strong>Udzieli konsultacji i porad<\/strong> we wszystkich kwestiach zwi\u0105zanych z rozwodem i prawem rodzinnym.<\/li>\n<li data-sourcepos=\"18:1-18:143\"><strong>Przygotuje dokumenty rozwodowe:<\/strong> pozew rozwodowy, wnioski o podzia\u0142 maj\u0105tku, alimenty i inne niezb\u0119dne dokumenty.<\/li>\n<li data-sourcepos=\"19:1-19:114\"><strong>Reprezentowa\u0107 Twoje interesy w s\u0105dzie:<\/strong> Profesjonalne przedstawicielstwo w s\u0105dzie zapewni ochron\u0119 Twoich praw.<\/li>\n<li data-sourcepos=\"20:1-20:122\"><strong>Pom\u00f3c Ci osi\u0105gn\u0105\u0107 polubowne porozumienie:<\/strong> Prawnik pomo\u017ce znale\u017a\u0107 wzajemnie akceptowalne rozwi\u0105zania w negocjacjach z ma\u0142\u017conkiem.<\/li>\n<li data-sourcepos=\"21:1-21:142\"><strong>Rozwi\u0105zywanie problem\u00f3w z alimentami:<\/strong> Okre\u015bl odpowiedni\u0105 kwot\u0119 i procedur\u0119 aliment\u00f3w, bior\u0105c pod uwag\u0119 potrzeby dziecka i mo\u017cliwo\u015bci rodzic\u00f3w.<\/li>\n<li data-sourcepos=\"22:1-23:0\"><strong>Podwy\u017cszenie lub obni\u017cenie aliment\u00f3w:<\/strong> Je\u015bli istniej\u0105 ku temu podstawy, prawnik pomo\u017ce zainicjowa\u0107 przegl\u0105d kwoty aliment\u00f3w w s\u0105dzie.<\/li>\n<\/ul>\n<p data-sourcepos=\"24:1-24:45\">\u00a0<\/p>\n\t\t\t\t\t\t\t\t<\/div>\n\t\t\t\t\t<\/div>\n\t\t\t\t<\/div>\n\t\t<div class=\"elementor-element elementor-element-5ab4e973 e-flex e-con-boxed elementor-invisible e-con e-parent\" data-id=\"5ab4e973\" data-element_type=\"container\" data-e-type=\"container\" data-settings=\"{&quot;animation&quot;:&quot;fadeInUp&quot;}\">\n\t\t\t\t\t<div class=\"e-con-inner\">\n\t\t\t\t<div class=\"elementor-element elementor-element-18df4baa elementor-widget elementor-widget-heading\" data-id=\"18df4baa\" data-element_type=\"widget\" data-e-type=\"widget\" data-widget_type=\"heading.default\">\n\t\t\t\t\t<h2 class=\"elementor-heading-title elementor-size-default\">Kwestie aliment\u00f3w w post\u0119powaniu rozwodowym<\/h2>\t\t\t\t<\/div>\n\t\t\t\t<div class=\"elementor-element elementor-element-6f0ee5e5 elementor-widget elementor-widget-text-editor\" data-id=\"6f0ee5e5\" data-element_type=\"widget\" data-e-type=\"widget\" data-widget_type=\"text-editor.default\">\n\t\t\t\t\t\t\t\t\t<p data-sourcepos=\"26:1-26:237\">Alimenty s\u0105 jednym z najwa\u017cniejszych aspekt\u00f3w rozwodu. Orzecznictwo litewskie podkre\u015bla, \u017ce \u200b\u200balimenty musz\u0105 zapewnia\u0107 nie tylko zaspokojenie minimalnych potrzeb fizjologicznych dziecka, lecz tak\u017ce stwarza\u0107 warunki do jego pe\u0142nego rozwoju. Obejmuje to:<\/p>\n<ul data-sourcepos=\"28:1-32:0\">\n<li data-sourcepos=\"28:1-28:32\"><strong>Odpowiednie od\u017cywianie i odzie\u017c.<\/strong><\/li>\n<li data-sourcepos=\"29:1-29:26\"><strong>Opiek\u0119 zdrowotn\u0105.<\/strong><\/li>\n<li data-sourcepos=\"30:1-30:26\"><strong>Wychowanie i edukacj\u0119.<\/strong><\/li>\n<li data-sourcepos=\"31:1-32:0\"><strong>Czas wolny i hobby.<\/strong><\/li>\n<\/ul>\n<p data-sourcepos=\"33:1-33:167\">Oboje rodzice ponosz\u0105 r\u00f3wn\u0105 odpowiedzialno\u015b\u0107 za utrzymanie i wychowanie dziecka. Prawnik pomo\u017ce Ci upewni\u0107 si\u0119, \u017ce prawa Twojego dziecka do odpowiedniego wsparcia b\u0119d\u0105 chronione w trakcie procesu rozwodowego.<\/p>\n<p data-sourcepos=\"35:1-35:24\">\u00a0<\/p>\n\t\t\t\t\t\t\t\t<\/div>\n\t\t\t\t\t<\/div>\n\t\t\t\t<\/div>\n\t\t<div class=\"elementor-element elementor-element-efa4d5a e-flex e-con-boxed elementor-invisible e-con e-parent\" data-id=\"efa4d5a\" data-element_type=\"container\" data-e-type=\"container\" data-settings=\"{&quot;background_background&quot;:&quot;classic&quot;,&quot;animation&quot;:&quot;fadeInUp&quot;}\">\n\t\t\t\t\t<div class=\"e-con-inner\">\n\t\t\t\t<div class=\"elementor-element elementor-element-4173845 elementor-widget elementor-widget-heading\" data-id=\"4173845\" data-element_type=\"widget\" data-e-type=\"widget\" data-widget_type=\"heading.default\">\n\t\t\t\t\t<h2 class=\"elementor-heading-title elementor-size-default\">Podwy\u017cka aliment\u00f3w<\/h2>\t\t\t\t<\/div>\n\t\t\t\t<div class=\"elementor-element elementor-element-0874dd4 elementor-widget elementor-widget-text-editor\" data-id=\"0874dd4\" data-element_type=\"widget\" data-e-type=\"widget\" data-widget_type=\"text-editor.default\">\n\t\t\t\t\t\t\t\t\t<p data-sourcepos=\"15:1-15:67\">W miar\u0119 zmiany warunk\u00f3w \u017cycia mo\u017ce zaistnie\u0107 potrzeba podwy\u017cszenia aliment\u00f3w. Prawnik pomo\u017ce Ci zebra\u0107 niezb\u0119dne dowody i przygotowa\u0107 uzasadnienie prawne Twojego roszczenia o podwy\u017cszenie aliment\u00f3w w s\u0105dzie.<\/p>\n\t\t\t\t\t\t\t\t<\/div>\n\t\t\t\t\t<\/div>\n\t\t\t\t<\/div>\n\t\t<div class=\"elementor-element elementor-element-34e681f6 e-flex e-con-boxed elementor-invisible e-con e-parent\" data-id=\"34e681f6\" data-element_type=\"container\" data-e-type=\"container\" data-settings=\"{&quot;animation&quot;:&quot;fadeInUp&quot;}\">\n\t\t\t\t\t<div class=\"e-con-inner\">\n\t\t\t\t<div class=\"elementor-element elementor-element-b63613a elementor-widget elementor-widget-heading\" data-id=\"b63613a\" data-element_type=\"widget\" data-e-type=\"widget\" data-widget_type=\"heading.default\">\n\t\t\t\t\t<h2 class=\"elementor-heading-title elementor-size-default\">Wybierz godnego zaufania prawnika rozwodowego<\/h2>\t\t\t\t<\/div>\n\t\t<div class=\"elementor-element elementor-element-576b3ccf e-con-full e-flex e-con e-child\" data-id=\"576b3ccf\" data-element_type=\"container\" data-e-type=\"container\">\n\t\t<div class=\"elementor-element elementor-element-74059b25 e-con-full e-flex e-con e-child\" data-id=\"74059b25\" data-element_type=\"container\" data-e-type=\"container\">\n\t\t\t\t<div class=\"elementor-element elementor-element-71c28bf8 elementor-widget elementor-widget-text-editor\" data-id=\"71c28bf8\" data-element_type=\"widget\" data-e-type=\"widget\" data-widget_type=\"text-editor.default\">\n\t\t\t\t\t\t\t\t\t<p data-sourcepos=\"9:1-9:151\">Rozw\u00f3d to nie tylko proces prawny, ale i bardzo osobisty. Wa\u017cne jest, aby wybra\u0107 prawnika, kt\u00f3remu mo\u017cesz zaufa\u0107 nie tylko jako profesjonali\u015bcie, ale tak\u017ce jako osobie, kt\u00f3ra rozumie Tw\u00f3j stan emocjonalny i potrzeby. Nasi prawnicy w Wilnie s\u0105 gotowi zapewni\u0107 Pa\u0144stwu nie tylko fachow\u0105 pomoc prawn\u0105, ale tak\u017ce ludzkie wsparcie w tym trudnym dla Pa\u0144stwa okresie.<\/p>\n\t\t\t\t\t\t\t\t<\/div>\n\t\t\t\t<div class=\"elementor-element elementor-element-7b44eacd elementor-widget elementor-widget-button\" data-id=\"7b44eacd\" data-element_type=\"widget\" data-e-type=\"widget\" data-widget_type=\"button.default\">\n\t\t\t\t\t\t\t\t\t\t<a class=\"elementor-button elementor-button-link elementor-size-sm\" href=\"\">\n\t\t\t\t\t\t<span class=\"elementor-button-content-wrapper\">\n\t\t\t\t\t\t\t\t\t<span class=\"elementor-button-text\">+37060877800<\/span>\n\t\t\t\t\t<\/span>\n\t\t\t\t\t<\/a>\n\t\t\t\t\t\t\t\t<\/div>\n\t\t\t\t<\/div>\n\t\t<div class=\"elementor-element elementor-element-48139aac e-con-full e-flex e-con e-child\" data-id=\"48139aac\" data-element_type=\"container\" data-e-type=\"container\">\n\t\t\t\t<div class=\"elementor-element elementor-element-640e8933 elementor-button-align-stretch elementor-widget elementor-widget-form\" data-id=\"640e8933\" data-element_type=\"widget\" data-e-type=\"widget\" data-settings=\"{&quot;step_next_label&quot;:&quot;Nast\\u0119pny&quot;,&quot;step_previous_label&quot;:&quot;Poprzedni&quot;,&quot;button_width&quot;:&quot;100&quot;,&quot;step_type&quot;:&quot;number_text&quot;,&quot;step_icon_shape&quot;:&quot;circle&quot;}\" data-widget_type=\"form.default\">\n\t\t\t\t\t\t\t<form class=\"elementor-form\" method=\"post\" id=\"ap1\" name=\"Zapytanie\" aria-label=\"Zapytanie\">\n\t\t\t<input type=\"hidden\" name=\"post_id\" value=\"529\"\/>\n\t\t\t<input type=\"hidden\" name=\"form_id\" value=\"640e8933\"\/>\n\t\t\t<input type=\"hidden\" name=\"referer_title\" value=\"Adwokat rozwodowy - Advokato paslaugos\" \/>\n\n\t\t\t\t\t\t\t<input type=\"hidden\" name=\"queried_id\" value=\"529\"\/>\n\t\t\t\n\t\t\t<div class=\"elementor-form-fields-wrapper elementor-labels-\">\n\t\t\t\t\t\t\t\t<div class=\"elementor-field-type-text elementor-field-group elementor-column elementor-field-group-name elementor-col-100 elementor-field-required\">\n\t\t\t\t\t\t\t\t\t\t\t\t<label for=\"form-field-name\" class=\"elementor-field-label elementor-screen-only\">\n\t\t\t\t\t\t\t\tNazwa\t\t\t\t\t\t\t<\/label>\n\t\t\t\t\t\t\t\t\t\t\t\t\t\t<input size=\"1\" type=\"text\" name=\"form_fields[name]\" id=\"form-field-name\" class=\"elementor-field elementor-size-sm  elementor-field-textual\" placeholder=\"Nazwa\" required=\"required\">\n\t\t\t\t\t\t\t\t\t\t\t<\/div>\n\t\t\t\t\t\t\t\t<div class=\"elementor-field-type-email elementor-field-group elementor-column elementor-field-group-email elementor-col-100 elementor-field-required\">\n\t\t\t\t\t\t\t\t\t\t\t\t<label for=\"form-field-email\" class=\"elementor-field-label elementor-screen-only\">\n\t\t\t\t\t\t\t\tE-mail\t\t\t\t\t\t\t<\/label>\n\t\t\t\t\t\t\t\t\t\t\t\t\t\t<input size=\"1\" type=\"email\" name=\"form_fields[email]\" id=\"form-field-email\" class=\"elementor-field elementor-size-sm  elementor-field-textual\" placeholder=\"E-mail\" required=\"required\">\n\t\t\t\t\t\t\t\t\t\t\t<\/div>\n\t\t\t\t\t\t\t\t<div class=\"elementor-field-type-tel elementor-field-group elementor-column elementor-field-group-field_42f4eb6 elementor-col-100 elementor-field-required\">\n\t\t\t\t\t\t\t\t\t\t\t\t<label for=\"form-field-field_42f4eb6\" class=\"elementor-field-label elementor-screen-only\">\n\t\t\t\t\t\t\t\tTelefon\t\t\t\t\t\t\t<\/label>\n\t\t\t\t\t\t\t\t<input size=\"1\" type=\"tel\" name=\"form_fields[field_42f4eb6]\" id=\"form-field-field_42f4eb6\" class=\"elementor-field elementor-size-sm  elementor-field-textual\" placeholder=\"Telefon\" required=\"required\" pattern=\"[0-9()#&amp;+*-=.]+\" title=\"Only numbers and phone characters (#, -, *, etc) are accepted.\">\n\n\t\t\t\t\t\t<\/div>\n\t\t\t\t\t\t\t\t<div class=\"elementor-field-type-textarea elementor-field-group elementor-column elementor-field-group-message elementor-col-100 elementor-field-required\">\n\t\t\t\t\t\t\t\t\t\t\t\t<label for=\"form-field-message\" class=\"elementor-field-label elementor-screen-only\">\n\t\t\t\t\t\t\t\tKr\u00f3tko opisz sytuacj\u0119\t\t\t\t\t\t\t<\/label>\n\t\t\t\t\t\t<textarea class=\"elementor-field-textual elementor-field  elementor-size-sm\" name=\"form_fields[message]\" id=\"form-field-message\" rows=\"7\" placeholder=\"Kr\u00f3tko opisz sytuacj\u0119\" required=\"required\"><\/textarea>\t\t\t\t<\/div>\n\t\t\t\t\t\t\t\t<div class=\"elementor-field-group elementor-column elementor-field-type-submit elementor-col-100 e-form__buttons\">\n\t\t\t\t\t<button class=\"elementor-button elementor-size-sm\" type=\"submit\">\n\t\t\t\t\t\t<span class=\"elementor-button-content-wrapper\">\n\t\t\t\t\t\t\t\t\t\t\t\t\t\t\t\t\t\t\t\t\t\t<span class=\"elementor-button-text\">Wys\u0142a\u0107<\/span>\n\t\t\t\t\t\t\t\t\t\t\t\t\t<\/span>\n\t\t\t\t\t<\/button>\n\t\t\t\t<\/div>\n\t\t\t<\/div>\n\t\t<\/form>\n\t\t\t\t\t\t<\/div>\n\t\t\t\t<\/div>\n\t\t\t\t<\/div>\n\t\t\t\t\t<\/div>\n\t\t\t\t<\/div>\n\t\t\t\t<\/div>\n\t\t","protected":false},"excerpt":{"rendered":"<p>Adwokat rozwodowy: Pomoc prawna w post\u0119powaniu rozwodowym i sprawach alimentacyjnych Rozw\u00f3d to proces skomplikowany pod wzgl\u0119dem emocjonalnym i niejasny pod wzgl\u0119dem prawnym. Cho\u0107 rozw\u00f3d nigdy nie jest przyjemnym wydarzeniem, jest to niezwykle wa\u017cny proces, czasami nawet wa\u017cniejszy ni\u017c zawarcie zwi\u0105zku ma\u0142\u017ce\u0144skiego. Rozw\u00f3d wymaga nie tylko przygotowania emocjonalnego, ale tak\u017ce prawnego, poniewa\u017c jest wiele kwestii do [&hellip;]<\/p>\n","protected":false},"author":1,"featured_media":0,"parent":387,"menu_order":0,"comment_status":"closed","ping_status":"closed","template":"","meta":{"_acf_changed":false,"footnotes":""},"class_list":["post-529","page","type-page","status-publish","hentry"],"acf":[],"_links":{"self":[{"href":"https:\/\/advokatopaslaugos.lt\/pl\/wp-json\/wp\/v2\/pages\/529","targetHints":{"allow":["GET"]}}],"collection":[{"href":"https:\/\/advokatopaslaugos.lt\/pl\/wp-json\/wp\/v2\/pages"}],"about":[{"href":"https:\/\/advokatopaslaugos.lt\/pl\/wp-json\/wp\/v2\/types\/page"}],"author":[{"embeddable":true,"href":"https:\/\/advokatopaslaugos.lt\/pl\/wp-json\/wp\/v2\/users\/1"}],"replies":[{"embeddable":true,"href":"https:\/\/advokatopaslaugos.lt\/pl\/wp-json\/wp\/v2\/comments?post=529"}],"version-history":[{"count":1,"href":"https:\/\/advokatopaslaugos.lt\/pl\/wp-json\/wp\/v2\/pages\/529\/revisions"}],"predecessor-version":[{"id":530,"href":"https:\/\/advokatopaslaugos.lt\/pl\/wp-json\/wp\/v2\/pages\/529\/revisions\/530"}],"up":[{"embeddable":true,"href":"https:\/\/advokatopaslaugos.lt\/pl\/wp-json\/wp\/v2\/pages\/387"}],"wp:attachment":[{"href":"https:\/\/advokatopaslaugos.lt\/pl\/wp-json\/wp\/v2\/media?parent=529"}],"curies":[{"name":"wp","href":"https:\/\/api.w.org\/{rel}","templated":true}]}}