{"id":537,"date":"2025-02-10T12:40:46","date_gmt":"2025-02-10T10:40:46","guid":{"rendered":"https:\/\/advokatopaslaugos.lt\/uslugi-prawnicze\/adwokat-ds-przemocy-domowej\/"},"modified":"2025-04-15T08:22:59","modified_gmt":"2025-04-15T06:22:59","slug":"adwokat-ds-przemocy-domowej","status":"publish","type":"page","link":"https:\/\/advokatopaslaugos.lt\/pl\/uslugi-prawnicze\/adwokat-ds-przemocy-domowej\/","title":{"rendered":"Adwokat ds. przemocy domowej"},"content":{"rendered":"\t\t<div data-elementor-type=\"wp-page\" data-elementor-id=\"537\" class=\"elementor elementor-537 elementor-19\" data-elementor-post-type=\"page\">\n\t\t\t\t<div class=\"elementor-element elementor-element-e04293 e-flex e-con-boxed elementor-invisible e-con e-parent\" data-id=\"e04293\" data-element_type=\"container\" data-e-type=\"container\" data-settings=\"{&quot;animation&quot;:&quot;fadeInUp&quot;,&quot;animation_delay&quot;:500}\">\n\t\t\t\t\t<div class=\"e-con-inner\">\n\t\t<div class=\"elementor-element elementor-element-78c9add1 e-con-full e-flex e-con e-child\" data-id=\"78c9add1\" data-element_type=\"container\" data-e-type=\"container\">\n\t\t\t\t<div class=\"elementor-element elementor-element-3787051b elementor-widget elementor-widget-heading\" data-id=\"3787051b\" data-element_type=\"widget\" data-e-type=\"widget\" data-widget_type=\"heading.default\">\n\t\t\t\t\t<h2 class=\"elementor-heading-title elementor-size-default\">Adwokat ds. przemocy domowej: ochrona i pomoc prawna dla ofiar przemocy<\/h2>\t\t\t\t<\/div>\n\t\t\t\t<div class=\"elementor-element elementor-element-60f07676 elementor-widget elementor-widget-text-editor\" data-id=\"60f07676\" data-element_type=\"widget\" data-e-type=\"widget\" data-widget_type=\"text-editor.default\">\n\t\t\t\t\t\t\t\t\t<p data-sourcepos=\"5:1-5:438\">Przemoc domowa jest zjawiskiem niedopuszczalnym i nie do zniesienia, kt\u00f3re szkodzi nie tylko zdrowiu fizycznemu, ale tak\u017ce emocjonalnemu i psychicznemu cz\u0142owieka. Je\u017celi Ty lub Twoi bliscy do\u015bwiadczyli\u015bcie przemocy domowej, wa\u017cne jest, aby\u015b wiedzia\u0142, \u017ce nie jeste\u015b sam i \u017ce mo\u017cesz skorzysta\u0107 z pomocy prawnej. Prawnik specjalizuj\u0105cy si\u0119 w przemocy domowej w Wilnie jest gotowy zapewni\u0107 Ci profesjonaln\u0105 pomoc, ochron\u0119 i wsparcie, pomagaj\u0105c przerwa\u0107 cykl przemocy i przywr\u00f3ci\u0107 bezpieczne \u015brodowisko.<\/p>\n<p data-sourcepos=\"7:1-7:45\">\u00a0<\/p>\n\t\t\t\t\t\t\t\t<\/div>\n\t\t\t\t<\/div>\n\t\t<div class=\"elementor-element elementor-element-38bb6bbb e-con-full e-flex e-con e-child\" data-id=\"38bb6bbb\" data-element_type=\"container\" data-e-type=\"container\">\n\t\t\t\t<\/div>\n\t\t\t\t\t<\/div>\n\t\t\t\t<\/div>\n\t\t<div class=\"elementor-element elementor-element-3482fac e-flex e-con-boxed elementor-invisible e-con e-parent\" data-id=\"3482fac\" data-element_type=\"container\" data-e-type=\"container\" data-settings=\"{&quot;background_background&quot;:&quot;classic&quot;,&quot;animation&quot;:&quot;fadeInUp&quot;}\">\n\t\t\t\t\t<div class=\"e-con-inner\">\n\t\t\t\t<div class=\"elementor-element elementor-element-629bd968 elementor-widget elementor-widget-heading\" data-id=\"629bd968\" data-element_type=\"widget\" data-e-type=\"widget\" data-widget_type=\"heading.default\">\n\t\t\t\t\t<h2 class=\"elementor-heading-title elementor-size-default\">Dlaczego warto zwr\u00f3ci\u0107 si\u0119 do prawnika specjalizuj\u0105cego si\u0119 w przemocy domowej?<\/h2>\t\t\t\t<\/div>\n\t\t\t\t<div class=\"elementor-element elementor-element-1484e4e7 elementor-widget elementor-widget-text-editor\" data-id=\"1484e4e7\" data-element_type=\"widget\" data-e-type=\"widget\" data-widget_type=\"text-editor.default\">\n\t\t\t\t\t\t\t\t\t<p data-sourcepos=\"9:1-9:128\">Prawnik specjalizuj\u0105cy si\u0119 w sprawach przemocy domowej to wyspecjalizowany prawnik, kt\u00f3ry rozumie dynamik\u0119 przemocy domowej i jest gotowy pom\u00f3c Ci:<\/p>\n<ul data-sourcepos=\"11:1-18:0\">\n<li data-sourcepos=\"11:1-11:101\"><strong>Konsultowa\u0107 i doradza\u0107<\/strong> we wszystkich kwestiach zwi\u0105zanych z przemoc\u0105 domow\u0105, wyja\u015bniaj\u0105c Twoje prawa i opcje.<\/li>\n<li data-sourcepos=\"12:1-12:81\"><strong>Oceni\u0107 sytuacj\u0119<\/strong> i okre\u015bli\u0107 najbardziej odpowiedni\u0105 strategi\u0119 pomocy prawnej.<\/li>\n<li data-sourcepos=\"13:1-13:148\"><strong>Przygotowa\u0107 niezb\u0119dne dokumenty:<\/strong> Wnioski o nakaz ochrony, roszczenia rozwodowe, ustalenie miejsca zamieszkania dzieci i inne dokumenty.<\/li>\n<li data-sourcepos=\"14:1-14:99\"><strong>Reprezentowa\u0107 Twoje interesy w s\u0105dzie:<\/strong> Zapewni\u0107 Twoje bezpiecze\u0144stwo i ochron\u0119 praw w s\u0105dzie post\u0119powania.<\/li>\n<li data-sourcepos=\"15:1-15:132\"><strong>Pom\u00f3\u017c uzyska\u0107 nakaz ochrony:<\/strong> Niezw\u0142ocznie zainicjuj odbi\u00f3r nakazu ochrony, aby zapewni\u0107 bezpiecze\u0144stwo sobie i swoim dzieciom.<\/li>\n<li data-sourcepos=\"16:1-16:176\"><strong>Koordynuj pomoc z innymi instytucjami:<\/strong> Wsp\u00f3\u0142pracuj z policj\u0105, pracownikami socjalnymi i innymi instytucjami, aby zapewni\u0107 kompleksow\u0105 pomoc.<\/li>\n<li data-sourcepos=\"17:1-18:0\"><strong>Wsparcie i zapewnienie wsparcia emocjonalnego:<\/strong> Zrozum sw\u00f3j stan emocjonalny i zapewnij niezb\u0119dne wsparcie w trudnym okresie.<\/li>\n<\/ul>\n<p data-sourcepos=\"19:1-19:52\">\u00a0<\/p>\n\t\t\t\t\t\t\t\t<\/div>\n\t\t\t\t\t<\/div>\n\t\t\t\t<\/div>\n\t\t<div class=\"elementor-element elementor-element-37abf27c e-flex e-con-boxed elementor-invisible e-con e-parent\" data-id=\"37abf27c\" data-element_type=\"container\" data-e-type=\"container\" data-settings=\"{&quot;animation&quot;:&quot;fadeInUp&quot;}\">\n\t\t\t\t\t<div class=\"e-con-inner\">\n\t\t\t\t<div class=\"elementor-element elementor-element-31b2d4be elementor-widget elementor-widget-heading\" data-id=\"31b2d4be\" data-element_type=\"widget\" data-e-type=\"widget\" data-widget_type=\"heading.default\">\n\t\t\t\t\t<h2 class=\"elementor-heading-title elementor-size-default\">Kiedy potrzebna jest pomoc prawnika specjalizuj\u0105cego si\u0119 w przemocy domowej?<\/h2>\t\t\t\t<\/div>\n\t\t\t\t<div class=\"elementor-element elementor-element-144c953c elementor-widget elementor-widget-text-editor\" data-id=\"144c953c\" data-element_type=\"widget\" data-e-type=\"widget\" data-widget_type=\"text-editor.default\">\n\t\t\t\t\t\t\t\t\t<p data-sourcepos=\"21:1-21:79\">Skontaktuj si\u0119 z prawnikiem specjalizuj\u0105cym si\u0119 w przemocy domowej, je\u015bli do\u015bwiadczasz jakiejkolwiek formy przemocy:<\/p>\n<ul data-sourcepos=\"23:1-28:0\">\n<li data-sourcepos=\"23:1-23:92\"><strong>Przemoc fizyczna:<\/strong> bicie, popychanie, duszenie, obra\u017cenia i inne fizyczne ataki.<\/li>\n<li data-sourcepos=\"24:1-24:158\"><strong>Przemoc psychiczna:<\/strong> obelgi, gro\u017aby, kontrola, manipulacja, ci\u0105g\u0142a krytyka, izolacja od bliskich i inne formy terroru emocjonalnego.<\/li>\n<li data-sourcepos=\"25:1-25:93\"><strong>Przemoc ekonomiczna:<\/strong> kontrola finansowa, zakaz pracy, pozbawienie \u015brodk\u00f3w do \u017cycia.<\/li>\n<li data-sourcepos=\"26:1-26:126\"><strong>Przemoc seksualna:<\/strong> wymuszony kontakt seksualny lub jakikolwiek inny rodzaj przemocy seksualnej &#8230;7:1-28:158&#8243;><strong>Przemoc seksualna:<\/strong> przymusowy kontakt seksualny lub jakikolwiek inny rodzaj przemocy seksualnej.<\/li>\n<li data-sourcepos=\"28:1-29:168\"><strong>Przemoc seksualna:<\/strong> przymusowy kontakt seksualny lub jakikolwiek inny rodzaj przemocy seksualnej.<\/li>\n<li data-sourcepos=\"29:1-30:168\"><strong>Przemoc seksualna:<\/strong> przymusowy kontakt seksualny lub jakikolwiek inny rodzaj przemocy seksualnej.<\/li>\n<li data-sourcepos=\"29:1-30:168\"><strong>Przemoc seksualna:<\/strong> przymusowy kontakt seksualny lub jakikolwiek inny rodzaj przemocy seksualnej.<\/li>\n<li data-sourcepos=\"29:1-30:168\"><strong>Przemoc seksualna: dzia\u0142a bez Twojej zgody.<\/li>\n<li data-sourcepos=\"27:1-28:0\"><strong>Przemoc spo\u0142eczna:<\/strong> Izolacja od \u017cycia spo\u0142ecznego, zakaz komunikacji z przyjaci\u00f3\u0142mi i rodzin\u0105.<\/li>\n<\/ul>\n\t\t\t\t\t\t\t\t<\/div>\n\t\t\t\t<div class=\"elementor-element elementor-element-e255d3a elementor-widget elementor-widget-heading\" data-id=\"e255d3a\" data-element_type=\"widget\" data-e-type=\"widget\" data-widget_type=\"heading.default\">\n\t\t\t\t\t<h2 class=\"elementor-heading-title elementor-size-default\">Nakaz ochrony \u2013 szybka pomoc dla ofiar przemocy<\/h2>\t\t\t\t<\/div>\n\t\t\t\t<div class=\"elementor-element elementor-element-8c13429 elementor-widget elementor-widget-text-editor\" data-id=\"8c13429\" data-element_type=\"widget\" data-e-type=\"widget\" data-widget_type=\"text-editor.default\">\n\t\t\t\t\t\t\t\t\t<p data-sourcepos=\"31:1-31:200\">Nakaz ochrony jest instrumentem prawnym maj\u0105cym na celu szybk\u0105 ochron\u0119 ofiar przemocy przed ich sprawc\u0105. Prawnik specjalizuj\u0105cy si\u0119 w sprawach przemocy domowej pomo\u017ce Ci szybko i skutecznie uzyska\u0107 nakaz ochrony, kt\u00f3ry mo\u017ce obejmowa\u0107:<\/p>\n<ul data-sourcepos=\"33:1-37:0\">\n<li data-sourcepos=\"33:1-33:64\"><strong>Nakazanie sprawcy przemocy opuszczenia miejsca zamieszkania.<\/strong><\/li>\n<li data-sourcepos=\"34:1-34:60\"><strong>Nakaz s\u0105dowy zakazuj\u0105cy sprawcy przemocy zbli\u017cania si\u0119 do Ciebie i Twoich dzieci.<\/strong><\/li>\n<li data-sourcepos=\"35:1-35:62\"><strong>Nakaz s\u0105dowy zakazuj\u0105cy sprawcy przemocy komunikowania si\u0119 z Tob\u0105 i Twoimi dzie\u0107mi.<\/strong><\/li>\n<li data-sourcepos=\"36:1-37:0\"><strong>Inne \u015brodki ochronne niezb\u0119dne do zapewnienia Twojego bezpiecze\u0144stwa.<\/strong><\/li>\n<\/ul>\n<p data-sourcepos=\"38:1-38:33\">\u00a0<\/p>\n\t\t\t\t\t\t\t\t<\/div>\n\t\t\t\t\t<\/div>\n\t\t\t\t<\/div>\n\t\t<div class=\"elementor-element elementor-element-7bd7846e e-flex e-con-boxed elementor-invisible e-con e-parent\" data-id=\"7bd7846e\" data-element_type=\"container\" data-e-type=\"container\" data-settings=\"{&quot;background_background&quot;:&quot;classic&quot;,&quot;animation&quot;:&quot;fadeInUp&quot;}\">\n\t\t\t\t\t<div class=\"e-con-inner\">\n\t\t\t\t<div class=\"elementor-element elementor-element-44b7be9e elementor-widget elementor-widget-heading\" data-id=\"44b7be9e\" data-element_type=\"widget\" data-e-type=\"widget\" data-widget_type=\"heading.default\">\n\t\t\t\t\t<h2 class=\"elementor-heading-title elementor-size-default\">Nie b\u00f3j si\u0119 prosi\u0107 o pomoc!<\/h2>\t\t\t\t<\/div>\n\t\t<div class=\"elementor-element elementor-element-1451885e e-con-full e-flex e-con e-child\" data-id=\"1451885e\" data-element_type=\"container\" data-e-type=\"container\">\n\t\t<div class=\"elementor-element elementor-element-1fef682d e-con-full e-flex e-con e-child\" data-id=\"1fef682d\" data-element_type=\"container\" data-e-type=\"container\">\n\t\t\t\t<div class=\"elementor-element elementor-element-150889c5 elementor-widget elementor-widget-text-editor\" data-id=\"150889c5\" data-element_type=\"widget\" data-e-type=\"widget\" data-widget_type=\"text-editor.default\">\n\t\t\t\t\t\t\t\t\t<p data-sourcepos=\"40:1-40:198\">Przemoc domowa nie jest twoj\u0105 win\u0105. Masz prawo do bezpiecze\u0144stwa i pomocy. Skontaktuj si\u0119 z prawnikiem specjalizuj\u0105cym si\u0119 w przemocy domowej w Wilnie, a pomo\u017cemy Ci podj\u0105\u0107 pierwszy krok w kierunku bezpieczniejszego i spokojniejszego \u017cycia.<\/p>\n<p data-sourcepos=\"42:1-42:24\">\u00a0<\/p>\n\t\t\t\t\t\t\t\t<\/div>\n\t\t\t\t<div class=\"elementor-element elementor-element-28de22fc elementor-widget elementor-widget-button\" data-id=\"28de22fc\" data-element_type=\"widget\" data-e-type=\"widget\" data-widget_type=\"button.default\">\n\t\t\t\t\t\t\t\t\t\t<a class=\"elementor-button elementor-button-link elementor-size-sm\" href=\"\">\n\t\t\t\t\t\t<span class=\"elementor-button-content-wrapper\">\n\t\t\t\t\t\t\t\t\t<span class=\"elementor-button-text\">+37060877800<\/span>\n\t\t\t\t\t<\/span>\n\t\t\t\t\t<\/a>\n\t\t\t\t\t\t\t\t<\/div>\n\t\t\t\t<\/div>\n\t\t<div class=\"elementor-element elementor-element-26de7b34 e-con-full e-flex e-con e-child\" data-id=\"26de7b34\" data-element_type=\"container\" data-e-type=\"container\">\n\t\t\t\t<div class=\"elementor-element elementor-element-577579dc elementor-button-align-stretch elementor-widget elementor-widget-form\" data-id=\"577579dc\" data-element_type=\"widget\" data-e-type=\"widget\" data-settings=\"{&quot;step_next_label&quot;:&quot;Nast\\u0119pny&quot;,&quot;step_previous_label&quot;:&quot;Poprzedni&quot;,&quot;button_width&quot;:&quot;100&quot;,&quot;step_type&quot;:&quot;number_text&quot;,&quot;step_icon_shape&quot;:&quot;circle&quot;}\" data-widget_type=\"form.default\">\n\t\t\t\t\t\t\t<form class=\"elementor-form\" method=\"post\" id=\"ap1\" name=\"Zapytanie\" aria-label=\"Zapytanie\">\n\t\t\t<input type=\"hidden\" name=\"post_id\" value=\"537\"\/>\n\t\t\t<input type=\"hidden\" name=\"form_id\" value=\"577579dc\"\/>\n\t\t\t<input type=\"hidden\" name=\"referer_title\" value=\"Adwokat ds. przemocy domowej - Advokato paslaugos\" \/>\n\n\t\t\t\t\t\t\t<input type=\"hidden\" name=\"queried_id\" value=\"537\"\/>\n\t\t\t\n\t\t\t<div class=\"elementor-form-fields-wrapper elementor-labels-\">\n\t\t\t\t\t\t\t\t<div class=\"elementor-field-type-text elementor-field-group elementor-column elementor-field-group-name elementor-col-100 elementor-field-required\">\n\t\t\t\t\t\t\t\t\t\t\t\t<label for=\"form-field-name\" class=\"elementor-field-label elementor-screen-only\">\n\t\t\t\t\t\t\t\tNazwa\t\t\t\t\t\t\t<\/label>\n\t\t\t\t\t\t\t\t\t\t\t\t\t\t<input size=\"1\" type=\"text\" name=\"form_fields[name]\" id=\"form-field-name\" class=\"elementor-field elementor-size-sm  elementor-field-textual\" placeholder=\"Nazwa\" required=\"required\">\n\t\t\t\t\t\t\t\t\t\t\t<\/div>\n\t\t\t\t\t\t\t\t<div class=\"elementor-field-type-email elementor-field-group elementor-column elementor-field-group-email elementor-col-100 elementor-field-required\">\n\t\t\t\t\t\t\t\t\t\t\t\t<label for=\"form-field-email\" class=\"elementor-field-label elementor-screen-only\">\n\t\t\t\t\t\t\t\tE-mail\t\t\t\t\t\t\t<\/label>\n\t\t\t\t\t\t\t\t\t\t\t\t\t\t<input size=\"1\" type=\"email\" name=\"form_fields[email]\" id=\"form-field-email\" class=\"elementor-field elementor-size-sm  elementor-field-textual\" placeholder=\"E-mail\" required=\"required\">\n\t\t\t\t\t\t\t\t\t\t\t<\/div>\n\t\t\t\t\t\t\t\t<div class=\"elementor-field-type-tel elementor-field-group elementor-column elementor-field-group-field_42f4eb6 elementor-col-100 elementor-field-required\">\n\t\t\t\t\t\t\t\t\t\t\t\t<label for=\"form-field-field_42f4eb6\" class=\"elementor-field-label elementor-screen-only\">\n\t\t\t\t\t\t\t\tTelefon\t\t\t\t\t\t\t<\/label>\n\t\t\t\t\t\t\t\t<input size=\"1\" type=\"tel\" name=\"form_fields[field_42f4eb6]\" id=\"form-field-field_42f4eb6\" class=\"elementor-field elementor-size-sm  elementor-field-textual\" placeholder=\"Telefon\" required=\"required\" pattern=\"[0-9()#&amp;+*-=.]+\" title=\"Only numbers and phone characters (#, -, *, etc) are accepted.\">\n\n\t\t\t\t\t\t<\/div>\n\t\t\t\t\t\t\t\t<div class=\"elementor-field-type-textarea elementor-field-group elementor-column elementor-field-group-message elementor-col-100 elementor-field-required\">\n\t\t\t\t\t\t\t\t\t\t\t\t<label for=\"form-field-message\" class=\"elementor-field-label elementor-screen-only\">\n\t\t\t\t\t\t\t\tKr\u00f3tko opisz sytuacj\u0119\t\t\t\t\t\t\t<\/label>\n\t\t\t\t\t\t<textarea class=\"elementor-field-textual elementor-field  elementor-size-sm\" name=\"form_fields[message]\" id=\"form-field-message\" rows=\"7\" placeholder=\"Kr\u00f3tko opisz sytuacj\u0119\" required=\"required\"><\/textarea>\t\t\t\t<\/div>\n\t\t\t\t\t\t\t\t<div class=\"elementor-field-group elementor-column elementor-field-type-submit elementor-col-100 e-form__buttons\">\n\t\t\t\t\t<button class=\"elementor-button elementor-size-sm\" type=\"submit\">\n\t\t\t\t\t\t<span class=\"elementor-button-content-wrapper\">\n\t\t\t\t\t\t\t\t\t\t\t\t\t\t\t\t\t\t\t\t\t\t<span class=\"elementor-button-text\">Wys\u0142a\u0107<\/span>\n\t\t\t\t\t\t\t\t\t\t\t\t\t<\/span>\n\t\t\t\t\t<\/button>\n\t\t\t\t<\/div>\n\t\t\t<\/div>\n\t\t<\/form>\n\t\t\t\t\t\t<\/div>\n\t\t\t\t<\/div>\n\t\t\t\t<\/div>\n\t\t\t\t\t<\/div>\n\t\t\t\t<\/div>\n\t\t\t\t<\/div>\n\t\t","protected":false},"excerpt":{"rendered":"<p>Adwokat ds. przemocy domowej: ochrona i pomoc prawna dla ofiar przemocy Przemoc domowa jest zjawiskiem niedopuszczalnym i nie do zniesienia, kt\u00f3re szkodzi nie tylko zdrowiu fizycznemu, ale tak\u017ce emocjonalnemu i psychicznemu cz\u0142owieka. Je\u017celi Ty lub Twoi bliscy do\u015bwiadczyli\u015bcie przemocy domowej, wa\u017cne jest, aby\u015b wiedzia\u0142, \u017ce nie jeste\u015b sam i \u017ce mo\u017cesz skorzysta\u0107 z pomocy prawnej. [&hellip;]<\/p>\n","protected":false},"author":1,"featured_media":0,"parent":387,"menu_order":0,"comment_status":"closed","ping_status":"closed","template":"","meta":{"_acf_changed":false,"footnotes":""},"class_list":["post-537","page","type-page","status-publish","hentry"],"acf":[],"_links":{"self":[{"href":"https:\/\/advokatopaslaugos.lt\/pl\/wp-json\/wp\/v2\/pages\/537","targetHints":{"allow":["GET"]}}],"collection":[{"href":"https:\/\/advokatopaslaugos.lt\/pl\/wp-json\/wp\/v2\/pages"}],"about":[{"href":"https:\/\/advokatopaslaugos.lt\/pl\/wp-json\/wp\/v2\/types\/page"}],"author":[{"embeddable":true,"href":"https:\/\/advokatopaslaugos.lt\/pl\/wp-json\/wp\/v2\/users\/1"}],"replies":[{"embeddable":true,"href":"https:\/\/advokatopaslaugos.lt\/pl\/wp-json\/wp\/v2\/comments?post=537"}],"version-history":[{"count":1,"href":"https:\/\/advokatopaslaugos.lt\/pl\/wp-json\/wp\/v2\/pages\/537\/revisions"}],"predecessor-version":[{"id":538,"href":"https:\/\/advokatopaslaugos.lt\/pl\/wp-json\/wp\/v2\/pages\/537\/revisions\/538"}],"up":[{"embeddable":true,"href":"https:\/\/advokatopaslaugos.lt\/pl\/wp-json\/wp\/v2\/pages\/387"}],"wp:attachment":[{"href":"https:\/\/advokatopaslaugos.lt\/pl\/wp-json\/wp\/v2\/media?parent=537"}],"curies":[{"name":"wp","href":"https:\/\/api.w.org\/{rel}","templated":true}]}}