{"id":545,"date":"2025-02-10T12:38:57","date_gmt":"2025-02-10T10:38:57","guid":{"rendered":"https:\/\/advokatopaslaugos.lt\/uslugi-prawnicze\/prawnik-ds-zamowien-publicznych\/"},"modified":"2025-04-15T08:33:31","modified_gmt":"2025-04-15T06:33:31","slug":"prawnik-ds-zamowien-publicznych","status":"publish","type":"page","link":"https:\/\/advokatopaslaugos.lt\/pl\/uslugi-prawnicze\/prawnik-ds-zamowien-publicznych\/","title":{"rendered":"Prawnik ds. zam\u00f3wie\u0144 publicznych"},"content":{"rendered":"\t\t<div data-elementor-type=\"wp-page\" data-elementor-id=\"545\" class=\"elementor elementor-545 elementor-13\" data-elementor-post-type=\"page\">\n\t\t\t\t<div class=\"elementor-element elementor-element-56579160 e-flex e-con-boxed elementor-invisible e-con e-parent\" data-id=\"56579160\" data-element_type=\"container\" data-e-type=\"container\" data-settings=\"{&quot;animation&quot;:&quot;fadeInUp&quot;,&quot;animation_delay&quot;:500}\">\n\t\t\t\t\t<div class=\"e-con-inner\">\n\t\t<div class=\"elementor-element elementor-element-181912aa e-con-full e-flex e-con e-child\" data-id=\"181912aa\" data-element_type=\"container\" data-e-type=\"container\">\n\t\t\t\t<div class=\"elementor-element elementor-element-767156d0 elementor-widget elementor-widget-heading\" data-id=\"767156d0\" data-element_type=\"widget\" data-e-type=\"widget\" data-widget_type=\"heading.default\">\n\t\t\t\t\t<h2 class=\"elementor-heading-title elementor-size-default\">Radca prawny ds. zam\u00f3wie\u0144 publicznych: Pomoc prawna w procesach zam\u00f3wie\u0144 publicznych<\/h2>\t\t\t\t<\/div>\n\t\t\t\t<div class=\"elementor-element elementor-element-65be0900 elementor-widget elementor-widget-text-editor\" data-id=\"65be0900\" data-element_type=\"widget\" data-e-type=\"widget\" data-widget_type=\"text-editor.default\">\n\t\t\t\t\t\t\t\t\t<p data-sourcepos=\"5:1-5:364\">Zam\u00f3wienia publiczne to skomplikowana i \u015bci\u015ble regulowana dziedzina, w kt\u00f3rej sukces zale\u017cy nie tylko od dobrych produkt\u00f3w lub us\u0142ug, ale tak\u017ce od nienagannego przygotowania prawnego. Niezale\u017cnie od tego, czy jeste\u015b podmiotem zamawiaj\u0105cym, czy dostawc\u0105, prawnik specjalizuj\u0105cy si\u0119 w zam\u00f3wieniach publicznych w Wilnie jest gotowy udzieli\u0107 Ci wykwalifikowanej pomocy prawnej na wszystkich etapach zam\u00f3wie\u0144 publicznych, zapewniaj\u0105c ochron\u0119 Twoich interes\u00f3w i pomagaj\u0105c Ci osi\u0105gn\u0105\u0107 pomy\u015blny wynik.<\/p>\n\t\t\t\t\t\t\t\t<\/div>\n\t\t\t\t<\/div>\n\t\t<div class=\"elementor-element elementor-element-70ac1041 e-con-full e-flex e-con e-child\" data-id=\"70ac1041\" data-element_type=\"container\" data-e-type=\"container\">\n\t\t\t\t<\/div>\n\t\t\t\t\t<\/div>\n\t\t\t\t<\/div>\n\t\t<div class=\"elementor-element elementor-element-5d70aea6 e-flex e-con-boxed elementor-invisible e-con e-parent\" data-id=\"5d70aea6\" data-element_type=\"container\" data-e-type=\"container\" data-settings=\"{&quot;background_background&quot;:&quot;classic&quot;,&quot;animation&quot;:&quot;fadeInUp&quot;}\">\n\t\t\t\t\t<div class=\"e-con-inner\">\n\t\t\t\t<div class=\"elementor-element elementor-element-53e4168b elementor-widget elementor-widget-heading\" data-id=\"53e4168b\" data-element_type=\"widget\" data-e-type=\"widget\" data-widget_type=\"heading.default\">\n\t\t\t\t\t<h2 class=\"elementor-heading-title elementor-size-default\">Dlaczego potrzebujesz prawnika specjalizuj\u0105cego si\u0119 w zam\u00f3wieniach publicznych?<\/h2>\t\t\t\t<\/div>\n\t\t\t\t<div class=\"elementor-element elementor-element-3bbd20a elementor-widget elementor-widget-text-editor\" data-id=\"3bbd20a\" data-element_type=\"widget\" data-e-type=\"widget\" data-widget_type=\"text-editor.default\">\n\t\t\t\t\t\t\t\t\t<p data-sourcepos=\"9:1-9:115\">Procesy zam\u00f3wie\u0144 publicznych wymagaj\u0105 specjalistycznej wiedzy i do\u015bwiadczenia. Prawnik ds. zam\u00f3wie\u0144 publicznych jest niezb\u0119dny, poniewa\u017c:<\/p>\n<ul data-sourcepos=\"11:1-16:0\">\n<li data-sourcepos=\"11:1-11:131\"><strong>Zna przepisy dotycz\u0105ce zam\u00f3wie\u0144 publicznych:<\/strong> Zna dobrze skomplikowane prawo zam\u00f3wie\u0144 publicznych i inne akty prawne.<\/li>\n<li data-sourcepos=\"12:1-12:146\"><strong>Pomaga unika\u0107 b\u0142\u0119d\u00f3w:<\/strong> Zapewnia, \u017ce \u200b\u200bTwoje dzia\u0142ania spe\u0142niaj\u0105 wszystkie wymogi prawne i pomaga unika\u0107 kosztownych b\u0142\u0119d\u00f3w.<\/li>\n<li data-sourcepos=\"13:1-13:98\"><strong>Chroni Twoje interesy:<\/strong> Reprezentuje Twoje interesy w sporach i negocjacjach z innymi stronami.<\/li>\n<li data-sourcepos=\"14:1-14:157\"><strong>Zwi\u0119ksza prawdopodobie\u0144stwo sukcesu:<\/strong> Profesjonalne przygotowanie prawne zwi\u0119ksza Twoje szanse na wygranie zam\u00f3wienia publicznego lub skuteczn\u0105 obron\u0119 przed roszczeniami.<\/li>\n<li data-sourcepos=\"15:1-16:0\"><strong>Oszcz\u0119dza Tw\u00f3j czas i zasoby:<\/strong> przejmuje rozwi\u0105zywanie problem\u00f3w prawnych, pozwalaj\u0105c Ci skupi\u0107 si\u0119 na Twojej podstawowej dzia\u0142alno\u015bci.<\/li>\n<\/ul>\n<p data-sourcepos=\"17:1-17:47\">\u00a0<\/p>\n\t\t\t\t\t\t\t\t<\/div>\n\t\t\t\t\t<\/div>\n\t\t\t\t<\/div>\n\t\t<div class=\"elementor-element elementor-element-5767c704 e-flex e-con-boxed elementor-invisible e-con e-parent\" data-id=\"5767c704\" data-element_type=\"container\" data-e-type=\"container\" data-settings=\"{&quot;animation&quot;:&quot;fadeInUp&quot;}\">\n\t\t\t\t\t<div class=\"e-con-inner\">\n\t\t\t\t<div class=\"elementor-element elementor-element-687a24a9 elementor-widget elementor-widget-heading\" data-id=\"687a24a9\" data-element_type=\"widget\" data-e-type=\"widget\" data-widget_type=\"heading.default\">\n\t\t\t\t\t<h2 class=\"elementor-heading-title elementor-size-default\">Us\u0142ugi prawnika ds. zam\u00f3wie\u0144 publicznych w Wilnie<\/h2>\t\t\t\t<\/div>\n\t\t\t\t<div class=\"elementor-element elementor-element-4b8e940d elementor-widget elementor-widget-text-editor\" data-id=\"4b8e940d\" data-element_type=\"widget\" data-e-type=\"widget\" data-widget_type=\"text-editor.default\">\n\t\t\t\t\t\t\t\t\t<p data-sourcepos=\"19:1-19:113\">Nasi prawnicy ds. zam\u00f3wie\u0144 publicznych w Wilnie \u015bwiadcz\u0105 szeroki zakres us\u0142ug dla instytucji zamawiaj\u0105cych i dostawc\u00f3w:<\/p>\n<p data-sourcepos=\"21:1-21:34\"><strong>Dla instytucji zamawiaj\u0105cych:<\/strong><\/p>\n<ul data-sourcepos=\"23:1-28:0\">\n<li data-sourcepos=\"23:1-23:176\"><strong>Konsultacje w kwestiach zam\u00f3wie\u0144 publicznych:<\/strong> Kompleksowe konsultacje we wszystkich kwestiach zam\u00f3wie\u0144 publicznych, pomoc w przygotowaniu i realizacji zam\u00f3wie\u0144 zgodnie z wymogami prawnymi.<\/li>\n<li data-sourcepos=\"24:1-24:158\"><strong>Przygotowywanie i ocena dokument\u00f3w przetargowych:<\/strong> Przygotowywanie i ocena prawna warunk\u00f3w zam\u00f3wienia, specyfikacji technicznych, projekt\u00f3w um\u00f3w i innych dokument\u00f3w.<\/li>\n<li data-sourcepos=\"25:1-25:134\"><strong>Zam\u00f3wienia publiczne Nadz\u00f3r nad wdra\u017caniem procedur:<\/strong> Pomoc prawna na ka\u017cdym etapie Etapy post\u0119powania o udzielenie zam\u00f3wienia publicznego, od og\u0142oszenia do zawarcia umowy.<\/li>\n<li data-sourcepos=\"26:1-26:110\"><strong>Rozstrzyganie spor\u00f3w:<\/strong> Reprezentacja w sporach z dostawcami, przygotowywanie i rozpatrywanie roszcze\u0144 i pozw\u00f3w.<\/li>\n<li data-sourcepos=\"27:1-28:0\"><strong>Szkolenia i seminaria:<\/strong> Szkolenia z zakresu zam\u00f3wie\u0144 publicznych dla pracownik\u00f3w instytucji zamawiaj\u0105cych.<\/li>\n<\/ul>\n<p data-sourcepos=\"29:1-29:14\"><strong>Dla dostawc\u00f3w:<\/strong><\/p>\n<ul data-sourcepos=\"31:1-36:0\">\n<li data-sourcepos=\"31:1-31:153\"><strong>Konsultacje dotycz\u0105ce udzia\u0142u w zam\u00f3wieniach publicznych:<\/strong> Doradztwo w zakresie udzia\u0142u w zam\u00f3wieniach publicznych, przygotowywanie ofert i wymog\u00f3w prawnych.<\/li>\n<li data-sourcepos=\"32:1-32:141\"><strong>Przygotowywanie i ocena ofert:<\/strong> Doradztwo prawne pomoc w przygotowywaniu ofert w celu zapewnienia ich zgodno\u015bci z warunkami zam\u00f3wie\u0144 publicznych i przepisami prawa.<\/li>\n<li data-sourcepos=\"33:1-33:116\"><strong>Analiza dokument\u00f3w zam\u00f3wie\u0144 publicznych:<\/strong> analiza warunk\u00f3w zam\u00f3wie\u0144 publicznych i innych dokument\u00f3w w celu oceny ryzyk i szans.<\/li>\n<li data-sourcepos=\"34:1-34:123\"><strong>Przygotowywanie roszcze\u0144 i skarg:<\/strong> pomoc prawna w przygotowywaniu roszcze\u0144 i skarg dotycz\u0105cych dzia\u0142a\u0144 podmiot\u00f3w zamawiaj\u0105cych.<\/li>\n<li data-sourcepos=\"35:1-36:0\"><strong>Reprezentacja w sporach:<\/strong> Reprezentacja w sporach z podmiotami zamawiaj\u0105cymi, w tym w sprawach s\u0105dowych.<\/li>\n<\/ul>\n<p data-sourcepos=\"37:1-37:55\">\u00a0<\/p>\n\t\t\t\t\t\t\t\t<\/div>\n\t\t\t\t\t<\/div>\n\t\t\t\t<\/div>\n\t\t<div class=\"elementor-element elementor-element-379ee563 e-flex e-con-boxed elementor-invisible e-con e-parent\" data-id=\"379ee563\" data-element_type=\"container\" data-e-type=\"container\" data-settings=\"{&quot;background_background&quot;:&quot;classic&quot;,&quot;animation&quot;:&quot;fadeInUp&quot;}\">\n\t\t\t\t\t<div class=\"e-con-inner\">\n\t\t\t\t<div class=\"elementor-element elementor-element-34ec0789 elementor-widget elementor-widget-heading\" data-id=\"34ec0789\" data-element_type=\"widget\" data-e-type=\"widget\" data-widget_type=\"heading.default\">\n\t\t\t\t\t<h2 class=\"elementor-heading-title elementor-size-default\">Dlaczego warto wybra\u0107 naszych prawnik\u00f3w specjalizuj\u0105cych si\u0119 w zam\u00f3wieniach publicznych?<\/h2>\t\t\t\t<\/div>\n\t\t<div class=\"elementor-element elementor-element-5e82c067 e-con-full e-flex e-con e-child\" data-id=\"5e82c067\" data-element_type=\"container\" data-e-type=\"container\">\n\t\t<div class=\"elementor-element elementor-element-5330cf31 e-con-full e-flex e-con e-child\" data-id=\"5330cf31\" data-element_type=\"container\" data-e-type=\"container\">\n\t\t\t\t<div class=\"elementor-element elementor-element-803cdf9 elementor-widget elementor-widget-text-editor\" data-id=\"803cdf9\" data-element_type=\"widget\" data-e-type=\"widget\" data-widget_type=\"text-editor.default\">\n\t\t\t\t\t\t\t\t\t<ul data-sourcepos=\"39:1-43:0\">\n<li data-sourcepos=\"39:1-39:179\"><strong>Specjalizacja i do\u015bwiadczenie:<\/strong> Nasi prawnicy specjalizuj\u0105 si\u0119 w prawie zam\u00f3wie\u0144 publicznych i maj\u0105 wieloletnie do\u015bwiadczenie w reprezentowaniu zar\u00f3wno zamawiaj\u0105cych, jak i dostawc\u00f3w.<\/li>\n<li data-sourcepos=\"40:1-40:107\"><strong>Praktyczne podej\u015bcie:<\/strong> Skupiamy si\u0119 na praktycznych rozwi\u0105zaniach i szukamy realnych korzy\u015bci dla naszych klient\u00f3w.<\/li>\n<li data-sourcepos=\"41:1-41:122\"><strong>Reakcja i efektywno\u015b\u0107:<\/strong> Szybko reagujemy na potrzeby klient\u00f3w i skutecznie rozwi\u0105zujemy pojawiaj\u0105ce si\u0119 problemy.<\/li>\n<li data-sourcepos=\"42:1-43:0\"><strong>Poufno\u015b\u0107 i profesjonalizm:<\/strong> Gwarantujemy ca\u0142kowit\u0105 poufno\u015b\u0107 i najwy\u017csze standardy zawodowe.<\/li>\n<\/ul>\n<p data-sourcepos=\"44:1-44:24\">\n\t\t\t\t\t\t\t\t<\/div>\n\t\t\t\t<div class=\"elementor-element elementor-element-52787508 elementor-widget elementor-widget-button\" data-id=\"52787508\" data-element_type=\"widget\" data-e-type=\"widget\" data-widget_type=\"button.default\">\n\t\t\t\t\t\t\t\t\t\t<a class=\"elementor-button elementor-button-link elementor-size-sm\" href=\"\">\n\t\t\t\t\t\t<span class=\"elementor-button-content-wrapper\">\n\t\t\t\t\t\t\t\t\t<span class=\"elementor-button-text\">+37060877800<\/span>\n\t\t\t\t\t<\/span>\n\t\t\t\t\t<\/a>\n\t\t\t\t\t\t\t\t<\/div>\n\t\t\t\t<\/div>\n\t\t<div class=\"elementor-element elementor-element-2f0473b6 e-con-full e-flex e-con e-child\" data-id=\"2f0473b6\" data-element_type=\"container\" data-e-type=\"container\">\n\t\t\t\t<div class=\"elementor-element elementor-element-55336dd0 elementor-button-align-stretch elementor-widget elementor-widget-form\" data-id=\"55336dd0\" data-element_type=\"widget\" data-e-type=\"widget\" data-settings=\"{&quot;step_next_label&quot;:&quot;Nast\\u0119pny&quot;,&quot;step_previous_label&quot;:&quot;Poprzedni&quot;,&quot;button_width&quot;:&quot;100&quot;,&quot;step_type&quot;:&quot;number_text&quot;,&quot;step_icon_shape&quot;:&quot;circle&quot;}\" data-widget_type=\"form.default\">\n\t\t\t\t\t\t\t<form class=\"elementor-form\" method=\"post\" id=\"ap1\" name=\"Zapytanie\" aria-label=\"Zapytanie\">\n\t\t\t<input type=\"hidden\" name=\"post_id\" value=\"545\"\/>\n\t\t\t<input type=\"hidden\" name=\"form_id\" value=\"55336dd0\"\/>\n\t\t\t<input type=\"hidden\" name=\"referer_title\" value=\"Prawnik ds. zam\u00f3wie\u0144 publicznych - Advokato paslaugos\" \/>\n\n\t\t\t\t\t\t\t<input type=\"hidden\" name=\"queried_id\" value=\"545\"\/>\n\t\t\t\n\t\t\t<div class=\"elementor-form-fields-wrapper elementor-labels-\">\n\t\t\t\t\t\t\t\t<div class=\"elementor-field-type-text elementor-field-group elementor-column elementor-field-group-name elementor-col-100 elementor-field-required\">\n\t\t\t\t\t\t\t\t\t\t\t\t<label for=\"form-field-name\" class=\"elementor-field-label elementor-screen-only\">\n\t\t\t\t\t\t\t\tNazwa\t\t\t\t\t\t\t<\/label>\n\t\t\t\t\t\t\t\t\t\t\t\t\t\t<input size=\"1\" type=\"text\" name=\"form_fields[name]\" id=\"form-field-name\" class=\"elementor-field elementor-size-sm  elementor-field-textual\" placeholder=\"Nazwa\" required=\"required\">\n\t\t\t\t\t\t\t\t\t\t\t<\/div>\n\t\t\t\t\t\t\t\t<div class=\"elementor-field-type-email elementor-field-group elementor-column elementor-field-group-email elementor-col-100 elementor-field-required\">\n\t\t\t\t\t\t\t\t\t\t\t\t<label for=\"form-field-email\" class=\"elementor-field-label elementor-screen-only\">\n\t\t\t\t\t\t\t\tE-mail\t\t\t\t\t\t\t<\/label>\n\t\t\t\t\t\t\t\t\t\t\t\t\t\t<input size=\"1\" type=\"email\" name=\"form_fields[email]\" id=\"form-field-email\" class=\"elementor-field elementor-size-sm  elementor-field-textual\" placeholder=\"E-mail\" required=\"required\">\n\t\t\t\t\t\t\t\t\t\t\t<\/div>\n\t\t\t\t\t\t\t\t<div class=\"elementor-field-type-tel elementor-field-group elementor-column elementor-field-group-field_42f4eb6 elementor-col-100 elementor-field-required\">\n\t\t\t\t\t\t\t\t\t\t\t\t<label for=\"form-field-field_42f4eb6\" class=\"elementor-field-label elementor-screen-only\">\n\t\t\t\t\t\t\t\tTelefon\t\t\t\t\t\t\t<\/label>\n\t\t\t\t\t\t\t\t<input size=\"1\" type=\"tel\" name=\"form_fields[field_42f4eb6]\" id=\"form-field-field_42f4eb6\" class=\"elementor-field elementor-size-sm  elementor-field-textual\" placeholder=\"Telefon\" required=\"required\" pattern=\"[0-9()#&amp;+*-=.]+\" title=\"Only numbers and phone characters (#, -, *, etc) are accepted.\">\n\n\t\t\t\t\t\t<\/div>\n\t\t\t\t\t\t\t\t<div class=\"elementor-field-type-textarea elementor-field-group elementor-column elementor-field-group-message elementor-col-100 elementor-field-required\">\n\t\t\t\t\t\t\t\t\t\t\t\t<label for=\"form-field-message\" class=\"elementor-field-label elementor-screen-only\">\n\t\t\t\t\t\t\t\tKr\u00f3tko opisz sytuacj\u0119\t\t\t\t\t\t\t<\/label>\n\t\t\t\t\t\t<textarea class=\"elementor-field-textual elementor-field  elementor-size-sm\" name=\"form_fields[message]\" id=\"form-field-message\" rows=\"7\" placeholder=\"Kr\u00f3tko opisz sytuacj\u0119\" required=\"required\"><\/textarea>\t\t\t\t<\/div>\n\t\t\t\t\t\t\t\t<div class=\"elementor-field-group elementor-column elementor-field-type-submit elementor-col-100 e-form__buttons\">\n\t\t\t\t\t<button class=\"elementor-button elementor-size-sm\" type=\"submit\">\n\t\t\t\t\t\t<span class=\"elementor-button-content-wrapper\">\n\t\t\t\t\t\t\t\t\t\t\t\t\t\t\t\t\t\t\t\t\t\t<span class=\"elementor-button-text\">Wys\u0142a\u0107<\/span>\n\t\t\t\t\t\t\t\t\t\t\t\t\t<\/span>\n\t\t\t\t\t<\/button>\n\t\t\t\t<\/div>\n\t\t\t<\/div>\n\t\t<\/form>\n\t\t\t\t\t\t<\/div>\n\t\t\t\t<\/div>\n\t\t\t\t<\/div>\n\t\t\t\t\t<\/div>\n\t\t\t\t<\/div>\n\t\t\t\t<\/div>\n\t\t","protected":false},"excerpt":{"rendered":"<p>Radca prawny ds. zam\u00f3wie\u0144 publicznych: Pomoc prawna w procesach zam\u00f3wie\u0144 publicznych Zam\u00f3wienia publiczne to skomplikowana i \u015bci\u015ble regulowana dziedzina, w kt\u00f3rej sukces zale\u017cy nie tylko od dobrych produkt\u00f3w lub us\u0142ug, ale tak\u017ce od nienagannego przygotowania prawnego. Niezale\u017cnie od tego, czy jeste\u015b podmiotem zamawiaj\u0105cym, czy dostawc\u0105, prawnik specjalizuj\u0105cy si\u0119 w zam\u00f3wieniach publicznych w Wilnie jest gotowy [&hellip;]<\/p>\n","protected":false},"author":1,"featured_media":0,"parent":387,"menu_order":0,"comment_status":"closed","ping_status":"closed","template":"","meta":{"_acf_changed":false,"footnotes":""},"class_list":["post-545","page","type-page","status-publish","hentry"],"acf":[],"_links":{"self":[{"href":"https:\/\/advokatopaslaugos.lt\/pl\/wp-json\/wp\/v2\/pages\/545","targetHints":{"allow":["GET"]}}],"collection":[{"href":"https:\/\/advokatopaslaugos.lt\/pl\/wp-json\/wp\/v2\/pages"}],"about":[{"href":"https:\/\/advokatopaslaugos.lt\/pl\/wp-json\/wp\/v2\/types\/page"}],"author":[{"embeddable":true,"href":"https:\/\/advokatopaslaugos.lt\/pl\/wp-json\/wp\/v2\/users\/1"}],"replies":[{"embeddable":true,"href":"https:\/\/advokatopaslaugos.lt\/pl\/wp-json\/wp\/v2\/comments?post=545"}],"version-history":[{"count":1,"href":"https:\/\/advokatopaslaugos.lt\/pl\/wp-json\/wp\/v2\/pages\/545\/revisions"}],"predecessor-version":[{"id":546,"href":"https:\/\/advokatopaslaugos.lt\/pl\/wp-json\/wp\/v2\/pages\/545\/revisions\/546"}],"up":[{"embeddable":true,"href":"https:\/\/advokatopaslaugos.lt\/pl\/wp-json\/wp\/v2\/pages\/387"}],"wp:attachment":[{"href":"https:\/\/advokatopaslaugos.lt\/pl\/wp-json\/wp\/v2\/media?parent=545"}],"curies":[{"name":"wp","href":"https:\/\/api.w.org\/{rel}","templated":true}]}}