{"id":553,"date":"2025-02-11T11:42:45","date_gmt":"2025-02-11T09:42:45","guid":{"rendered":"https:\/\/advokatopaslaugos.lt\/uslugi-prawnicze\/adwokat-prawa-nieruchomosci\/"},"modified":"2026-04-09T08:49:26","modified_gmt":"2026-04-09T06:49:26","slug":"adwokat-prawa-nieruchomosci","status":"publish","type":"page","link":"https:\/\/advokatopaslaugos.lt\/pl\/uslugi-prawnicze\/adwokat-prawa-nieruchomosci\/","title":{"rendered":"Adwokat prawa nieruchomo\u015bci"},"content":{"rendered":"\t\t<div data-elementor-type=\"wp-page\" data-elementor-id=\"553\" class=\"elementor elementor-553 elementor-60\" data-elementor-post-type=\"page\">\n\t\t\t\t<div class=\"elementor-element elementor-element-596c0853 e-flex e-con-boxed elementor-invisible e-con e-parent\" data-id=\"596c0853\" data-element_type=\"container\" data-e-type=\"container\" data-settings=\"{&quot;animation&quot;:&quot;fadeInUp&quot;,&quot;animation_delay&quot;:500}\">\n\t\t\t\t\t<div class=\"e-con-inner\">\n\t\t<div class=\"elementor-element elementor-element-5af24659 e-con-full e-flex e-con e-child\" data-id=\"5af24659\" data-element_type=\"container\" data-e-type=\"container\">\n\t\t\t\t<div class=\"elementor-element elementor-element-3a4a78d elementor-widget elementor-widget-heading\" data-id=\"3a4a78d\" data-element_type=\"widget\" data-e-type=\"widget\" data-widget_type=\"heading.default\">\n\t\t\t\t\t<h2 class=\"elementor-heading-title elementor-size-default\">Adwokat prawa nieruchomo\u015bci: Pomoc prawna w sprawach dotycz\u0105cych ziemi i nieruchomo\u015bci<\/h2>\t\t\t\t<\/div>\n\t\t\t\t<div class=\"elementor-element elementor-element-13cd84c1 elementor-widget elementor-widget-text-editor\" data-id=\"13cd84c1\" data-element_type=\"widget\" data-e-type=\"widget\" data-widget_type=\"text-editor.default\">\n\t\t\t\t\t\t\t\t\t<p data-sourcepos=\"5:1-5:402\">Prawo nieruchomo\u015bci to skomplikowana i nieustannie zmieniaj\u0105ca si\u0119 ga\u0142\u0105\u017a prawa, reguluj\u0105ca w\u0142asno\u015b\u0107 ziemi, jej u\u017cytkowanie, zarz\u0105dzanie i dysponowanie ni\u0105. Niezale\u017cnie od tego, czy jeste\u015b w\u0142a\u015bcicielem ziemi, najemc\u0105, czy planujesz zakup dzia\u0142ki, prawnik specjalizuj\u0105cy si\u0119 w prawie nieruchomo\u015bci w Wilnie jest got\u00f3w udzieli\u0107 Ci kwalifikowanej pomocy prawnej we wszystkich kwestiach zwi\u0105zanych z prawem nieruchomo\u015bci, pomagaj\u0105c chroni\u0107 Tw\u00f3j maj\u0105tek i unika\u0107 problem\u00f3w prawnych.<\/p>\n<p><\/p>\n<p data-sourcepos=\"7:1-7:49\">\n\t\t\t\t\t\t\t\t<\/div>\n\t\t\t\t<\/div>\n\t\t<div class=\"elementor-element elementor-element-68cd2930 e-con-full e-flex e-con e-child\" data-id=\"68cd2930\" data-element_type=\"container\" data-e-type=\"container\">\n\t\t\t\t<\/div>\n\t\t\t\t\t<\/div>\n\t\t\t\t<\/div>\n\t\t<div class=\"elementor-element elementor-element-53ee9938 e-flex e-con-boxed elementor-invisible e-con e-parent\" data-id=\"53ee9938\" data-element_type=\"container\" data-e-type=\"container\" data-settings=\"{&quot;background_background&quot;:&quot;classic&quot;,&quot;animation&quot;:&quot;fadeInUp&quot;}\">\n\t\t\t\t\t<div class=\"e-con-inner\">\n\t\t\t\t<div class=\"elementor-element elementor-element-1cde2190 elementor-widget elementor-widget-heading\" data-id=\"1cde2190\" data-element_type=\"widget\" data-e-type=\"widget\" data-widget_type=\"heading.default\">\n\t\t\t\t\t<h2 class=\"elementor-heading-title elementor-size-default\">Kiedy potrzebuj\u0105 Pa\u0144stwo adwokata prawa nieruchomo\u015bci?<\/h2>\t\t\t\t<\/div>\n\t\t\t\t<div class=\"elementor-element elementor-element-6ff4499b elementor-widget elementor-widget-text-editor\" data-id=\"6ff4499b\" data-element_type=\"widget\" data-e-type=\"widget\" data-widget_type=\"text-editor.default\">\n\t\t\t\t\t\t\t\t\t<p data-sourcepos=\"9:1-9:129\">Prawnik specjalizuj\u0105cy si\u0119 w prawie gruntowym mo\u017ce by\u0107 potrzebny w r\u00f3\u017cnych sytuacjach zwi\u0105zanych z gruntami i nieruchomo\u015bciami, w tym:<\/p>\n<ul data-sourcepos=\"11:1-17:0\">\n<li data-sourcepos=\"11:1-11:166\"><strong>Kwestie w\u0142asno\u015bci grunt\u00f3w:<\/strong> rejestracja praw w\u0142asno\u015bci do grunt\u00f3w, restytucja, spory o prawa w\u0142asno\u015bci, s\u0142u\u017cebno\u015bci, u\u017cytkowanie i inne prawa rzeczowe.<\/li>\n<li data-sourcepos=\"12:1-12:209\"><strong>Kwestie u\u017cytkowania grunt\u00f3w i zarz\u0105dzania nimi:<\/strong> zmiana u\u017cytkowania grunt\u00f3w, planowanie terytorialne, pozwolenia na budow\u0119, dzier\u017cawa grunt\u00f3w, u\u017cytkowanie, podatki gruntowe i inne kwestie zwi\u0105zane z u\u017cytkowaniem grunt\u00f3w i zarz\u0105dzaniem nimi.<\/li>\n<li data-sourcepos=\"13:1-13:165\"><strong>Transakcje gruntowe:<\/strong> zakup i sprzeda\u017c grunt\u00f3w, darowizny, sporz\u0105dzanie i ocena prawna um\u00f3w wymiany, konsultacje dotycz\u0105ce bezpiecze\u0144stwa transakcji i skutk\u00f3w prawnych.<\/li>\n<li data-sourcepos=\"14:1-14:196\"><strong>Spory o ziemi\u0119:<\/strong> Spory z s\u0105siadami dotycz\u0105ce granic, s\u0142u\u017cebno\u015bci, procedur u\u017cytkowania, spory z instytucjami pa\u0144stwowymi dotycz\u0105ce u\u017cytkowania i zarz\u0105dzania gruntami, przejmowanie grunt\u00f3w na potrzeby publiczne.<\/li>\n<li data-sourcepos=\"15:1-15:150\"><strong>Reforma rolna i prywatyzacja:<\/strong> Pomoc prawna w procesach reformy rolnej i prywatyzacji, konsultacje dotycz\u0105ce zwrotu ziemi i odszkodowa\u0144.<\/li>\n<li data-sourcepos=\"16:1-17:0\"><strong>Rozw\u00f3j obszar\u00f3w wiejskich i rolnictwo:<\/strong> Pomoc prawna dla rolnik\u00f3w i mieszka\u0144c\u00f3w obszar\u00f3w wiejskich, konsultacje dotycz\u0105ce regulacji dzia\u0142alno\u015bci rolniczej, uzyskiwania wsparcia i innych kwestii.<\/li>\n<\/ul>\n<p data-sourcepos=\"18:1-18:44\">\u00a0<\/p>\n\t\t\t\t\t\t\t\t<\/div>\n\t\t\t\t\t<\/div>\n\t\t\t\t<\/div>\n\t\t<div class=\"elementor-element elementor-element-75e294cb e-flex e-con-boxed elementor-invisible e-con e-parent\" data-id=\"75e294cb\" data-element_type=\"container\" data-e-type=\"container\" data-settings=\"{&quot;animation&quot;:&quot;fadeInUp&quot;}\">\n\t\t\t\t\t<div class=\"e-con-inner\">\n\t\t\t\t<div class=\"elementor-element elementor-element-ea4d68b elementor-widget elementor-widget-heading\" data-id=\"ea4d68b\" data-element_type=\"widget\" data-e-type=\"widget\" data-widget_type=\"heading.default\">\n\t\t\t\t\t<h2 class=\"elementor-heading-title elementor-size-default\">Us\u0142ugi adwokata prawa nieruchomo\u015bci w Wilnie<\/h2>\t\t\t\t<\/div>\n\t\t\t\t<div class=\"elementor-element elementor-element-4345e3cd elementor-widget elementor-widget-text-editor\" data-id=\"4345e3cd\" data-element_type=\"widget\" data-e-type=\"widget\" data-widget_type=\"text-editor.default\">\n\t\t\t\t\t\t\t\t\t<p data-sourcepos=\"20:1-20:78\">Nasi prawnicy specjalizuj\u0105cy si\u0119 w prawie gruntowym w Wilnie \u015bwiadcz\u0105 szeroki zakres us\u0142ug, w tym:<\/p>\n<ul data-sourcepos=\"22:1-28:0\">\n<li data-sourcepos=\"22:1-22:146\"><strong>Konsultacje w kwestiach prawa gruntowego:<\/strong> Kompleksowe konsultacje we wszystkich kwestiach prawa gruntowego, pomagaj\u0105ce zrozumie\u0107 Twoje prawa i obowi\u0105zki.<\/li>\n<li data-sourcepos=\"23:1-23:133\"><strong>Przygotowywanie i ocena dokument\u00f3w:<\/strong> Przygotowywanie i ocena prawna um\u00f3w, roszcze\u0144, wniosk\u00f3w, skarg i innych dokument\u00f3w prawnych.<\/li>\n<li data-sourcepos=\"24:1-24:156\"><strong>Reprezentacja w s\u0105dzie i innych instytucjach:<\/strong> Profesjonalna reprezentacja w s\u0105dach, Krajowej S\u0142u\u017cbie Ziemi, gminach i innych instytucjach.<\/li>\n<li data-sourcepos=\"25:1-25:112\"><strong>Negocjacje i mediacje:<\/strong> pomoc w negocjacjach z innymi stronami w celu osi\u0105gni\u0119cia pokojowych porozumie\u0144 w sporach o ziemi\u0119.<\/li>\n<li data-sourcepos=\"26:1-26:127\"><strong>Audyt prawny (nale\u017cyta staranno\u015b\u0107):<\/strong> ocena statusu prawnego i ryzyka dzia\u0142ek gruntu przed zakupem lub zainwestowaniem w ziemi\u0119.<\/li>\n<li data-sourcepos=\"27:1-28:0\"><strong>Konsultacje z zakresu prawa rolnego:<\/strong> specjalistyczne konsultacje dla rolnik\u00f3w i przedsi\u0119biorstw rolnych.<\/li>\n<\/ul>\n<p data-sourcepos=\"29:1-29:52\">\u00a0<\/p>\n\t\t\t\t\t\t\t\t<\/div>\n\t\t\t\t\t<\/div>\n\t\t\t\t<\/div>\n\t\t<div class=\"elementor-element elementor-element-2491eba7 e-flex e-con-boxed elementor-invisible e-con e-parent\" data-id=\"2491eba7\" data-element_type=\"container\" data-e-type=\"container\" data-settings=\"{&quot;background_background&quot;:&quot;classic&quot;,&quot;animation&quot;:&quot;fadeInUp&quot;}\">\n\t\t\t\t\t<div class=\"e-con-inner\">\n\t\t\t\t<div class=\"elementor-element elementor-element-54f076e3 elementor-widget elementor-widget-heading\" data-id=\"54f076e3\" data-element_type=\"widget\" data-e-type=\"widget\" data-widget_type=\"heading.default\">\n\t\t\t\t\t<h2 class=\"elementor-heading-title elementor-size-default\">Dlaczego warto wybra\u0107 naszych adwokat\u00f3w prawa nieruchomo\u015bci?<\/h2>\t\t\t\t<\/div>\n\t\t<div class=\"elementor-element elementor-element-40a80c74 e-con-full e-flex e-con e-child\" data-id=\"40a80c74\" data-element_type=\"container\" data-e-type=\"container\">\n\t\t<div class=\"elementor-element elementor-element-4475198f e-con-full e-flex e-con e-child\" data-id=\"4475198f\" data-element_type=\"container\" data-e-type=\"container\">\n\t\t\t\t<div class=\"elementor-element elementor-element-7fb80964 elementor-widget elementor-widget-text-editor\" data-id=\"7fb80964\" data-element_type=\"widget\" data-e-type=\"widget\" data-widget_type=\"text-editor.default\">\n\t\t\t\t\t\t\t\t\t<ul data-sourcepos=\"31:1-35:0\">\n<li data-sourcepos=\"31:1-31:142\"><strong>Specjalizacja i do\u015bwiadczenie:<\/strong> Nasi prawnicy specjalizuj\u0105 si\u0119 w prawie nieruchomo\u015bci i maj\u0105 wieloletnie do\u015bwiadczenie w rozwi\u0105zywaniu r\u00f3\u017cnych kwestii zwi\u0105zanych z nieruchomo\u015bciami.<\/li>\n<li data-sourcepos=\"32:1-32:137\"><strong>Kompleksowe podej\u015bcie:<\/strong> Ocenamy ka\u017cd\u0105 sytuacj\u0119 kompleksowo, uwzgl\u0119dniaj\u0105c aspekty prawne, ekonomiczne i praktyczne.<\/li>\n<li data-sourcepos=\"33:1-33:135\"><strong>Nastawienie na rezultat:<\/strong> D\u0105\u017cymy do skutecznego i szybkiego rozwi\u0105zania problem\u00f3w klient\u00f3w oraz osi\u0105gni\u0119cia jak najlepszego rezultatu.<\/li>\n<li data-sourcepos=\"34:1-35:0\"><strong>Poufno\u015b\u0107 i profesjonalizm:<\/strong> Gwarantujemy pe\u0142n\u0105 poufno\u015b\u0107 oraz najwy\u017csze standardy zawodowe.<\/li>\n<\/ul>\n<p><\/p>\n<p data-sourcepos=\"36:1-36:24\">\n\t\t\t\t\t\t\t\t<\/div>\n\t\t\t\t<div class=\"elementor-element elementor-element-6d3d93b elementor-widget elementor-widget-button\" data-id=\"6d3d93b\" data-element_type=\"widget\" data-e-type=\"widget\" data-widget_type=\"button.default\">\n\t\t\t\t\t\t\t\t\t\t<a class=\"elementor-button elementor-button-link elementor-size-sm\" href=\"\">\n\t\t\t\t\t\t<span class=\"elementor-button-content-wrapper\">\n\t\t\t\t\t\t\t\t\t<span class=\"elementor-button-text\">+37060877800<\/span>\n\t\t\t\t\t<\/span>\n\t\t\t\t\t<\/a>\n\t\t\t\t\t\t\t\t<\/div>\n\t\t\t\t<\/div>\n\t\t<div class=\"elementor-element elementor-element-7f4554c8 e-con-full e-flex e-con e-child\" data-id=\"7f4554c8\" data-element_type=\"container\" data-e-type=\"container\">\n\t\t\t\t<div class=\"elementor-element elementor-element-41e20ffa elementor-button-align-stretch elementor-widget elementor-widget-form\" data-id=\"41e20ffa\" data-element_type=\"widget\" data-e-type=\"widget\" data-settings=\"{&quot;step_next_label&quot;:&quot;Nast\\u0119pny&quot;,&quot;step_previous_label&quot;:&quot;Poprzedni&quot;,&quot;button_width&quot;:&quot;100&quot;,&quot;step_type&quot;:&quot;number_text&quot;,&quot;step_icon_shape&quot;:&quot;circle&quot;}\" data-widget_type=\"form.default\">\n\t\t\t\t\t\t\t<form class=\"elementor-form\" method=\"post\" id=\"ap1\" name=\"Zapytanie\" aria-label=\"Zapytanie\">\n\t\t\t<input type=\"hidden\" name=\"post_id\" value=\"553\"\/>\n\t\t\t<input type=\"hidden\" name=\"form_id\" value=\"41e20ffa\"\/>\n\t\t\t<input type=\"hidden\" name=\"referer_title\" value=\"Adwokat prawa nieruchomo\u015bci - Advokato paslaugos\" \/>\n\n\t\t\t\t\t\t\t<input type=\"hidden\" name=\"queried_id\" value=\"553\"\/>\n\t\t\t\n\t\t\t<div class=\"elementor-form-fields-wrapper elementor-labels-\">\n\t\t\t\t\t\t\t\t<div class=\"elementor-field-type-text elementor-field-group elementor-column elementor-field-group-name elementor-col-100 elementor-field-required\">\n\t\t\t\t\t\t\t\t\t\t\t\t<label for=\"form-field-name\" class=\"elementor-field-label elementor-screen-only\">\n\t\t\t\t\t\t\t\tNazwa\t\t\t\t\t\t\t<\/label>\n\t\t\t\t\t\t\t\t\t\t\t\t\t\t<input size=\"1\" type=\"text\" name=\"form_fields[name]\" id=\"form-field-name\" class=\"elementor-field elementor-size-sm  elementor-field-textual\" placeholder=\"Nazwa\" required=\"required\">\n\t\t\t\t\t\t\t\t\t\t\t<\/div>\n\t\t\t\t\t\t\t\t<div class=\"elementor-field-type-email elementor-field-group elementor-column elementor-field-group-email elementor-col-100 elementor-field-required\">\n\t\t\t\t\t\t\t\t\t\t\t\t<label for=\"form-field-email\" class=\"elementor-field-label elementor-screen-only\">\n\t\t\t\t\t\t\t\tE-mail\t\t\t\t\t\t\t<\/label>\n\t\t\t\t\t\t\t\t\t\t\t\t\t\t<input size=\"1\" type=\"email\" name=\"form_fields[email]\" id=\"form-field-email\" class=\"elementor-field elementor-size-sm  elementor-field-textual\" placeholder=\"E-mail\" required=\"required\">\n\t\t\t\t\t\t\t\t\t\t\t<\/div>\n\t\t\t\t\t\t\t\t<div class=\"elementor-field-type-tel elementor-field-group elementor-column elementor-field-group-field_42f4eb6 elementor-col-100 elementor-field-required\">\n\t\t\t\t\t\t\t\t\t\t\t\t<label for=\"form-field-field_42f4eb6\" class=\"elementor-field-label elementor-screen-only\">\n\t\t\t\t\t\t\t\tTelefon\t\t\t\t\t\t\t<\/label>\n\t\t\t\t\t\t\t\t<input size=\"1\" type=\"tel\" name=\"form_fields[field_42f4eb6]\" id=\"form-field-field_42f4eb6\" class=\"elementor-field elementor-size-sm  elementor-field-textual\" placeholder=\"Telefon\" required=\"required\" pattern=\"[0-9()#&amp;+*-=.]+\" title=\"Only numbers and phone characters (#, -, *, etc) are accepted.\">\n\n\t\t\t\t\t\t<\/div>\n\t\t\t\t\t\t\t\t<div class=\"elementor-field-type-textarea elementor-field-group elementor-column elementor-field-group-message elementor-col-100 elementor-field-required\">\n\t\t\t\t\t\t\t\t\t\t\t\t<label for=\"form-field-message\" class=\"elementor-field-label elementor-screen-only\">\n\t\t\t\t\t\t\t\tKr\u00f3tko opisz sytuacj\u0119\t\t\t\t\t\t\t<\/label>\n\t\t\t\t\t\t<textarea class=\"elementor-field-textual elementor-field  elementor-size-sm\" name=\"form_fields[message]\" id=\"form-field-message\" rows=\"7\" placeholder=\"Kr\u00f3tko opisz sytuacj\u0119\" required=\"required\"><\/textarea>\t\t\t\t<\/div>\n\t\t\t\t\t\t\t\t<div class=\"elementor-field-type-recaptcha_v3 elementor-field-group elementor-column elementor-field-group-field_d9c0cd2 elementor-col-100 recaptcha_v3-bottomright\">\n\t\t\t\t\t<div class=\"elementor-field\" id=\"form-field-field_d9c0cd2\"><div class=\"elementor-g-recaptcha\" data-sitekey=\"6Ld6W64sAAAAAE8svODokbULx6BQ9y9mrKno0dWl\" data-type=\"v3\" data-action=\"Form\" data-badge=\"bottomright\" data-size=\"invisible\"><\/div><\/div>\t\t\t\t<\/div>\n\t\t\t\t\t\t\t\t<div class=\"elementor-field-group elementor-column elementor-field-type-submit elementor-col-100 e-form__buttons\">\n\t\t\t\t\t<button class=\"elementor-button elementor-size-sm\" type=\"submit\">\n\t\t\t\t\t\t<span class=\"elementor-button-content-wrapper\">\n\t\t\t\t\t\t\t\t\t\t\t\t\t\t\t\t\t\t\t\t\t\t<span class=\"elementor-button-text\">Wys\u0142a\u0107<\/span>\n\t\t\t\t\t\t\t\t\t\t\t\t\t<\/span>\n\t\t\t\t\t<\/button>\n\t\t\t\t<\/div>\n\t\t\t<\/div>\n\t\t<\/form>\n\t\t\t\t\t\t<\/div>\n\t\t\t\t<\/div>\n\t\t\t\t<\/div>\n\t\t\t\t\t<\/div>\n\t\t\t\t<\/div>\n\t\t\t\t<\/div>\n\t\t","protected":false},"excerpt":{"rendered":"<p>Adwokat prawa nieruchomo\u015bci: Pomoc prawna w sprawach dotycz\u0105cych ziemi i nieruchomo\u015bci Prawo nieruchomo\u015bci to skomplikowana i nieustannie zmieniaj\u0105ca si\u0119 ga\u0142\u0105\u017a prawa, reguluj\u0105ca w\u0142asno\u015b\u0107 ziemi, jej u\u017cytkowanie, zarz\u0105dzanie i dysponowanie ni\u0105. Niezale\u017cnie od tego, czy jeste\u015b w\u0142a\u015bcicielem ziemi, najemc\u0105, czy planujesz zakup dzia\u0142ki, prawnik specjalizuj\u0105cy si\u0119 w prawie nieruchomo\u015bci w Wilnie jest got\u00f3w udzieli\u0107 Ci kwalifikowanej [&hellip;]<\/p>\n","protected":false},"author":1,"featured_media":0,"parent":387,"menu_order":0,"comment_status":"closed","ping_status":"closed","template":"","meta":{"_acf_changed":false,"footnotes":""},"class_list":["post-553","page","type-page","status-publish","hentry"],"acf":[],"_links":{"self":[{"href":"https:\/\/advokatopaslaugos.lt\/pl\/wp-json\/wp\/v2\/pages\/553","targetHints":{"allow":["GET"]}}],"collection":[{"href":"https:\/\/advokatopaslaugos.lt\/pl\/wp-json\/wp\/v2\/pages"}],"about":[{"href":"https:\/\/advokatopaslaugos.lt\/pl\/wp-json\/wp\/v2\/types\/page"}],"author":[{"embeddable":true,"href":"https:\/\/advokatopaslaugos.lt\/pl\/wp-json\/wp\/v2\/users\/1"}],"replies":[{"embeddable":true,"href":"https:\/\/advokatopaslaugos.lt\/pl\/wp-json\/wp\/v2\/comments?post=553"}],"version-history":[{"count":2,"href":"https:\/\/advokatopaslaugos.lt\/pl\/wp-json\/wp\/v2\/pages\/553\/revisions"}],"predecessor-version":[{"id":884,"href":"https:\/\/advokatopaslaugos.lt\/pl\/wp-json\/wp\/v2\/pages\/553\/revisions\/884"}],"up":[{"embeddable":true,"href":"https:\/\/advokatopaslaugos.lt\/pl\/wp-json\/wp\/v2\/pages\/387"}],"wp:attachment":[{"href":"https:\/\/advokatopaslaugos.lt\/pl\/wp-json\/wp\/v2\/media?parent=553"}],"curies":[{"name":"wp","href":"https:\/\/api.w.org\/{rel}","templated":true}]}}