{"id":954,"date":"2026-02-05T17:45:19","date_gmt":"2026-02-05T15:45:19","guid":{"rendered":"https:\/\/advokatopaslaugos.lt\/adwokat-w-kownie\/"},"modified":"2026-04-09T09:38:55","modified_gmt":"2026-04-09T07:38:55","slug":"adwokat-w-kownie","status":"publish","type":"page","link":"https:\/\/advokatopaslaugos.lt\/pl\/adwokat-w-kownie\/","title":{"rendered":"Adwokat w Kownie"},"content":{"rendered":"\t\t<div data-elementor-type=\"wp-page\" data-elementor-id=\"954\" class=\"elementor elementor-954 elementor-747\" data-elementor-post-type=\"page\">\n\t\t\t\t<div class=\"elementor-element elementor-element-253f3e0 e-flex e-con-boxed elementor-invisible e-con e-parent\" data-id=\"253f3e0\" data-element_type=\"container\" data-e-type=\"container\" data-settings=\"{&quot;animation&quot;:&quot;fadeInUp&quot;,&quot;animation_delay&quot;:500}\">\n\t\t\t\t\t<div class=\"e-con-inner\">\n\t\t<div class=\"elementor-element elementor-element-1df445d e-con-full e-flex e-con e-child\" data-id=\"1df445d\" data-element_type=\"container\" data-e-type=\"container\">\n\t\t\t\t<div class=\"elementor-element elementor-element-40eccb6 elementor-widget elementor-widget-heading\" data-id=\"40eccb6\" data-element_type=\"widget\" data-e-type=\"widget\" data-widget_type=\"heading.default\">\n\t\t\t\t\t<h1 class=\"elementor-heading-title elementor-size-default\">Adwokat w Kownie<\/h1>\t\t\t\t<\/div>\n\t\t\t\t<div class=\"elementor-element elementor-element-e12e7f7 elementor-widget elementor-widget-text-editor\" data-id=\"e12e7f7\" data-element_type=\"widget\" data-e-type=\"widget\" data-widget_type=\"text-editor.default\">\n\t\t\t\t\t\t\t\t\t<p>Do\u015bwiadczony adwokat w Kownie to Tw\u00f3j g\u0142\u00f3wny sojusznik w rozwi\u0105zywaniu skomplikowanych dylemat\u00f3w prawnych. Niezale\u017cnie od tego, czy potrzebujesz adwokata ds. prawa cywilnego do codziennych spor\u00f3w, czy wyspecjalizowanego adwokata ds. rozwod\u00f3w oraz adwokata ds. prawa rodzinnego do wra\u017cliwych spraw osobistych, profesjonalna pomoc gwarantuje spok\u00f3j ducha. W sytuacjach przemocy szybk\u0105 reakcj\u0119 zapewnia adwokat ds. przemocy domowej, natomiast w kwestiach stosunk\u00f3w pracy doradza adwokat ds. prawa pracy. Interesy maj\u0105tkowe i transakcje pomo\u017ce opanowa\u0107 kompetentny adwokat ds. nieruchomo\u015bci, adwokat ds. prawa ziemi oraz wykwalifikowany adwokat ds. zobowi\u0105za\u0144 i um\u00f3w, zapewniaj\u0105cy bezpiecze\u0144stwo prawne zawieranych porozumie\u0144.<\/p>\n\t\t\t\t\t\t\t\t<\/div>\n\t\t\t\t<\/div>\n\t\t<div class=\"elementor-element elementor-element-6b5df66 e-con-full e-flex e-con e-child\" data-id=\"6b5df66\" data-element_type=\"container\" data-e-type=\"container\">\n\t\t\t\t<div class=\"elementor-element elementor-element-f386bec elementor-widget elementor-widget-image\" data-id=\"f386bec\" data-element_type=\"widget\" data-e-type=\"widget\" data-widget_type=\"image.default\">\n\t\t\t\t\t\t\t\t\t\t\t\t\t\t\t<img fetchpriority=\"high\" decoding=\"async\" width=\"1024\" height=\"607\" src=\"https:\/\/advokatopaslaugos.lt\/wp-content\/uploads\/advokat-1024x607.jpg\" class=\"attachment-large size-large wp-image-695\" alt=\"Vie\u0161\u0173j\u0173 pirkim\u0173 advokatas\" srcset=\"https:\/\/advokatopaslaugos.lt\/wp-content\/uploads\/advokat-1024x607.jpg 1024w, https:\/\/advokatopaslaugos.lt\/wp-content\/uploads\/advokat-300x178.jpg 300w, https:\/\/advokatopaslaugos.lt\/wp-content\/uploads\/advokat-150x89.jpg 150w, https:\/\/advokatopaslaugos.lt\/wp-content\/uploads\/advokat-768x455.jpg 768w, https:\/\/advokatopaslaugos.lt\/wp-content\/uploads\/advokat.jpg 1200w\" sizes=\"(max-width: 1024px) 100vw, 1024px\" \/>\t\t\t\t\t\t\t\t\t\t\t\t\t\t\t<\/div>\n\t\t\t\t<\/div>\n\t\t\t\t\t<\/div>\n\t\t\t\t<\/div>\n\t\t<div class=\"elementor-element elementor-element-1d48a93 e-flex e-con-boxed elementor-invisible e-con e-parent\" data-id=\"1d48a93\" data-element_type=\"container\" data-e-type=\"container\" data-settings=\"{&quot;background_background&quot;:&quot;classic&quot;,&quot;animation&quot;:&quot;fadeInUp&quot;}\">\n\t\t\t\t\t<div class=\"e-con-inner\">\n\t\t\t\t<div class=\"elementor-element elementor-element-d09ccb4 elementor-widget elementor-widget-heading\" data-id=\"d09ccb4\" data-element_type=\"widget\" data-e-type=\"widget\" data-widget_type=\"heading.default\">\n\t\t\t\t\t<h2 class=\"elementor-heading-title elementor-size-default\">Profesjonalna pomoc prawna<\/h2>\t\t\t\t<\/div>\n\t\t<div class=\"elementor-element elementor-element-711aee8 e-con-full e-flex e-con e-child\" data-id=\"711aee8\" data-element_type=\"container\" data-e-type=\"container\">\n\t\t<div class=\"elementor-element elementor-element-ff3ebd3 e-con-full e-flex e-con e-child\" data-id=\"ff3ebd3\" data-element_type=\"container\" data-e-type=\"container\">\n\t\t\t\t<div class=\"elementor-element elementor-element-af3b13b elementor-widget elementor-widget-text-editor\" data-id=\"af3b13b\" data-element_type=\"widget\" data-e-type=\"widget\" data-widget_type=\"text-editor.default\">\n\t\t\t\t\t\t\t\t\t<p data-path-to-node=\"0\">W sferze biznesu i specyficznych proces\u00f3w adwokat w Kownie pomaga pokonywa\u0107 bariery biurokratyczne oraz prawne. Pomocn\u0105 d\u0142o\u0144 oferuj\u0105 tu adwokat ds. prawa komercyjnego oraz adwokat ds. zam\u00f3wie\u0144 publicznych, natomiast optymalizacj\u0105 podatkow\u0105 zajmuje si\u0119 adwokat ds. prawa podatkowego.<\/p>\n<p>&nbsp;<\/p>\n<p data-path-to-node=\"1\">W przypadku kontakt\u00f3w z instytucjami pa\u0144stwowymi wsparcie zapewni adwokat ds. prawa administracyjnego lub adwokat ds. migracji. Dla innowacyjnych firm szczeg\u00f3lnie istotny jest adwokat ds. w\u0142asno\u015bci intelektualnej, a w obronie praw w skomplikowanych sprawach w proces anga\u017cuj\u0105 si\u0119 adwokat ds. prawa karnego oraz adwokat ds. spraw gospodarczych.<\/p>\n\t\t\t\t\t\t\t\t<\/div>\n\t\t\t\t<div class=\"elementor-element elementor-element-4e69e34 elementor-widget elementor-widget-button\" data-id=\"4e69e34\" data-element_type=\"widget\" data-e-type=\"widget\" data-widget_type=\"button.default\">\n\t\t\t\t\t\t\t\t\t\t<a class=\"elementor-button elementor-button-link elementor-size-sm\" href=\"\">\n\t\t\t\t\t\t<span class=\"elementor-button-content-wrapper\">\n\t\t\t\t\t\t\t\t\t<span class=\"elementor-button-text\">+37060877800<\/span>\n\t\t\t\t\t<\/span>\n\t\t\t\t\t<\/a>\n\t\t\t\t\t\t\t\t<\/div>\n\t\t\t\t<\/div>\n\t\t<div class=\"elementor-element elementor-element-08fbe36 e-con-full e-flex e-con e-child\" data-id=\"08fbe36\" data-element_type=\"container\" data-e-type=\"container\">\n\t\t\t\t<div class=\"elementor-element elementor-element-51d5713 elementor-button-align-stretch elementor-widget elementor-widget-form\" data-id=\"51d5713\" data-element_type=\"widget\" data-e-type=\"widget\" data-settings=\"{&quot;step_next_label&quot;:&quot;Nast\\u0119pny&quot;,&quot;step_previous_label&quot;:&quot;Poprzedni&quot;,&quot;button_width&quot;:&quot;100&quot;,&quot;step_type&quot;:&quot;number_text&quot;,&quot;step_icon_shape&quot;:&quot;circle&quot;}\" data-widget_type=\"form.default\">\n\t\t\t\t\t\t\t<form class=\"elementor-form\" method=\"post\" id=\"ap1\" name=\"Zapytanie\" aria-label=\"Zapytanie\">\n\t\t\t<input type=\"hidden\" name=\"post_id\" value=\"954\"\/>\n\t\t\t<input type=\"hidden\" name=\"form_id\" value=\"51d5713\"\/>\n\t\t\t<input type=\"hidden\" name=\"referer_title\" value=\"Adwokat w Kownie - Advokato paslaugos\" \/>\n\n\t\t\t\t\t\t\t<input type=\"hidden\" name=\"queried_id\" value=\"954\"\/>\n\t\t\t\n\t\t\t<div class=\"elementor-form-fields-wrapper elementor-labels-\">\n\t\t\t\t\t\t\t\t<div class=\"elementor-field-type-text elementor-field-group elementor-column elementor-field-group-name elementor-col-100 elementor-field-required\">\n\t\t\t\t\t\t\t\t\t\t\t\t<label for=\"form-field-name\" class=\"elementor-field-label elementor-screen-only\">\n\t\t\t\t\t\t\t\tNazwa\t\t\t\t\t\t\t<\/label>\n\t\t\t\t\t\t\t\t\t\t\t\t\t\t<input size=\"1\" type=\"text\" name=\"form_fields[name]\" id=\"form-field-name\" class=\"elementor-field elementor-size-sm  elementor-field-textual\" placeholder=\"Nazwa\" required=\"required\">\n\t\t\t\t\t\t\t\t\t\t\t<\/div>\n\t\t\t\t\t\t\t\t<div class=\"elementor-field-type-email elementor-field-group elementor-column elementor-field-group-email elementor-col-100 elementor-field-required\">\n\t\t\t\t\t\t\t\t\t\t\t\t<label for=\"form-field-email\" class=\"elementor-field-label elementor-screen-only\">\n\t\t\t\t\t\t\t\tE-mail\t\t\t\t\t\t\t<\/label>\n\t\t\t\t\t\t\t\t\t\t\t\t\t\t<input size=\"1\" type=\"email\" name=\"form_fields[email]\" id=\"form-field-email\" class=\"elementor-field elementor-size-sm  elementor-field-textual\" placeholder=\"E-mail\" required=\"required\">\n\t\t\t\t\t\t\t\t\t\t\t<\/div>\n\t\t\t\t\t\t\t\t<div class=\"elementor-field-type-tel elementor-field-group elementor-column elementor-field-group-field_42f4eb6 elementor-col-100 elementor-field-required\">\n\t\t\t\t\t\t\t\t\t\t\t\t<label for=\"form-field-field_42f4eb6\" class=\"elementor-field-label elementor-screen-only\">\n\t\t\t\t\t\t\t\tTelefon\t\t\t\t\t\t\t<\/label>\n\t\t\t\t\t\t\t\t<input size=\"1\" type=\"tel\" name=\"form_fields[field_42f4eb6]\" id=\"form-field-field_42f4eb6\" class=\"elementor-field elementor-size-sm  elementor-field-textual\" placeholder=\"Telefon\" required=\"required\" pattern=\"[0-9()#&amp;+*-=.]+\" title=\"Only numbers and phone characters (#, -, *, etc) are accepted.\">\n\n\t\t\t\t\t\t<\/div>\n\t\t\t\t\t\t\t\t<div class=\"elementor-field-type-textarea elementor-field-group elementor-column elementor-field-group-message elementor-col-100 elementor-field-required\">\n\t\t\t\t\t\t\t\t\t\t\t\t<label for=\"form-field-message\" class=\"elementor-field-label elementor-screen-only\">\n\t\t\t\t\t\t\t\tKr\u00f3tko opisz sytuacj\u0119\t\t\t\t\t\t\t<\/label>\n\t\t\t\t\t\t<textarea class=\"elementor-field-textual elementor-field  elementor-size-sm\" name=\"form_fields[message]\" id=\"form-field-message\" rows=\"7\" placeholder=\"Kr\u00f3tko opisz sytuacj\u0119\" required=\"required\"><\/textarea>\t\t\t\t<\/div>\n\t\t\t\t\t\t\t\t<div class=\"elementor-field-type-recaptcha_v3 elementor-field-group elementor-column elementor-field-group-field_27448fa elementor-col-100 recaptcha_v3-bottomright\">\n\t\t\t\t\t<div class=\"elementor-field\" id=\"form-field-field_27448fa\"><div class=\"elementor-g-recaptcha\" data-sitekey=\"6Ld6W64sAAAAAE8svODokbULx6BQ9y9mrKno0dWl\" data-type=\"v3\" data-action=\"Form\" data-badge=\"bottomright\" data-size=\"invisible\"><\/div><\/div>\t\t\t\t<\/div>\n\t\t\t\t\t\t\t\t<div class=\"elementor-field-group elementor-column elementor-field-type-submit elementor-col-100 e-form__buttons\">\n\t\t\t\t\t<button class=\"elementor-button elementor-size-sm\" type=\"submit\">\n\t\t\t\t\t\t<span class=\"elementor-button-content-wrapper\">\n\t\t\t\t\t\t\t\t\t\t\t\t\t\t\t\t\t\t\t\t\t\t<span class=\"elementor-button-text\">Wys\u0142a\u0107<\/span>\n\t\t\t\t\t\t\t\t\t\t\t\t\t<\/span>\n\t\t\t\t\t<\/button>\n\t\t\t\t<\/div>\n\t\t\t<\/div>\n\t\t<\/form>\n\t\t\t\t\t\t<\/div>\n\t\t\t\t<\/div>\n\t\t\t\t<\/div>\n\t\t\t\t\t<\/div>\n\t\t\t\t<\/div>\n\t\t\t\t<\/div>\n\t\t","protected":false},"excerpt":{"rendered":"<p>Adwokat w Kownie Do\u015bwiadczony adwokat w Kownie to Tw\u00f3j g\u0142\u00f3wny sojusznik w rozwi\u0105zywaniu skomplikowanych dylemat\u00f3w prawnych. Niezale\u017cnie od tego, czy potrzebujesz adwokata ds. prawa cywilnego do codziennych spor\u00f3w, czy wyspecjalizowanego adwokata ds. rozwod\u00f3w oraz adwokata ds. prawa rodzinnego do wra\u017cliwych spraw osobistych, profesjonalna pomoc gwarantuje spok\u00f3j ducha. W sytuacjach przemocy szybk\u0105 reakcj\u0119 zapewnia adwokat ds. [&hellip;]<\/p>\n","protected":false},"author":1,"featured_media":0,"parent":0,"menu_order":0,"comment_status":"closed","ping_status":"closed","template":"","meta":{"_acf_changed":false,"footnotes":""},"class_list":["post-954","page","type-page","status-publish","hentry"],"acf":[],"_links":{"self":[{"href":"https:\/\/advokatopaslaugos.lt\/pl\/wp-json\/wp\/v2\/pages\/954","targetHints":{"allow":["GET"]}}],"collection":[{"href":"https:\/\/advokatopaslaugos.lt\/pl\/wp-json\/wp\/v2\/pages"}],"about":[{"href":"https:\/\/advokatopaslaugos.lt\/pl\/wp-json\/wp\/v2\/types\/page"}],"author":[{"embeddable":true,"href":"https:\/\/advokatopaslaugos.lt\/pl\/wp-json\/wp\/v2\/users\/1"}],"replies":[{"embeddable":true,"href":"https:\/\/advokatopaslaugos.lt\/pl\/wp-json\/wp\/v2\/comments?post=954"}],"version-history":[{"count":3,"href":"https:\/\/advokatopaslaugos.lt\/pl\/wp-json\/wp\/v2\/pages\/954\/revisions"}],"predecessor-version":[{"id":971,"href":"https:\/\/advokatopaslaugos.lt\/pl\/wp-json\/wp\/v2\/pages\/954\/revisions\/971"}],"wp:attachment":[{"href":"https:\/\/advokatopaslaugos.lt\/pl\/wp-json\/wp\/v2\/media?parent=954"}],"curies":[{"name":"wp","href":"https:\/\/api.w.org\/{rel}","templated":true}]}}