{"id":962,"date":"2026-02-05T17:49:23","date_gmt":"2026-02-05T15:49:23","guid":{"rendered":"https:\/\/advokatopaslaugos.lt\/adwokat-w-wilnie\/"},"modified":"2026-04-09T09:34:40","modified_gmt":"2026-04-09T07:34:40","slug":"adwokat-w-wilnie","status":"publish","type":"page","link":"https:\/\/advokatopaslaugos.lt\/pl\/adwokat-w-wilnie\/","title":{"rendered":"Adwokat w Wilnie"},"content":{"rendered":"\t\t<div data-elementor-type=\"wp-page\" data-elementor-id=\"962\" class=\"elementor elementor-962 elementor-764\" data-elementor-post-type=\"page\">\n\t\t\t\t<div class=\"elementor-element elementor-element-424b22e e-flex e-con-boxed elementor-invisible e-con e-parent\" data-id=\"424b22e\" data-element_type=\"container\" data-e-type=\"container\" data-settings=\"{&quot;animation&quot;:&quot;fadeInUp&quot;,&quot;animation_delay&quot;:500}\">\n\t\t\t\t\t<div class=\"e-con-inner\">\n\t\t<div class=\"elementor-element elementor-element-18a86b3 e-con-full e-flex e-con e-child\" data-id=\"18a86b3\" data-element_type=\"container\" data-e-type=\"container\">\n\t\t\t\t<div class=\"elementor-element elementor-element-dff6361 elementor-widget elementor-widget-heading\" data-id=\"dff6361\" data-element_type=\"widget\" data-e-type=\"widget\" data-widget_type=\"heading.default\">\n\t\t\t\t\t<h1 class=\"elementor-heading-title elementor-size-default\">Adwokat w Wilnie<\/h1>\t\t\t\t<\/div>\n\t\t\t\t<div class=\"elementor-element elementor-element-549b2e6 elementor-widget elementor-widget-text-editor\" data-id=\"549b2e6\" data-element_type=\"widget\" data-e-type=\"widget\" data-widget_type=\"text-editor.default\">\n\t\t\t\t\t\t\t\t\t<p>Wykwalifikowany adwokat w Wilnie to Twoja gwarancja sprawiedliwo\u015bci w najbardziej skomplikowanych procesach prawnych. Pracuj\u0105cy w stolicy adwokat do spraw karnych oraz adwokat do spraw gospodarczych zapewni\u0105 profesjonaln\u0105 obron\u0119, a adwokat do spraw administracyjnych pomo\u017ce w sporach z organami w\u0142adzy. Do rozwi\u0105zywania problem\u00f3w rodzinnych anga\u017cowany jest adwokat od prawa rodzinnego lub wyspecjalizowany adwokat od rozwod\u00f3w, a bezpiecze\u0144stwo zapewnia adwokat do spraw przemocy domowej. Stosunki cywilne pomaga regulowa\u0107 adwokat do spraw cywilnych oraz adwokat do spraw zobowi\u0105za\u0144 i um\u00f3w, natomiast spory mi\u0119dzy pracodawcami a pracownikami rozstrzyga adwokat do spraw prawa pracy.<\/p>\n\t\t\t\t\t\t\t\t<\/div>\n\t\t\t\t<\/div>\n\t\t<div class=\"elementor-element elementor-element-298626b e-con-full e-flex e-con e-child\" data-id=\"298626b\" data-element_type=\"container\" data-e-type=\"container\">\n\t\t\t\t<div class=\"elementor-element elementor-element-6118531 elementor-widget elementor-widget-image\" data-id=\"6118531\" data-element_type=\"widget\" data-e-type=\"widget\" data-widget_type=\"image.default\">\n\t\t\t\t\t\t\t\t\t\t\t\t\t\t\t<img fetchpriority=\"high\" decoding=\"async\" width=\"1024\" height=\"607\" src=\"https:\/\/advokatopaslaugos.lt\/wp-content\/uploads\/advokat-1024x607.jpg\" class=\"attachment-large size-large wp-image-695\" alt=\"Vie\u0161\u0173j\u0173 pirkim\u0173 advokatas\" srcset=\"https:\/\/advokatopaslaugos.lt\/wp-content\/uploads\/advokat-1024x607.jpg 1024w, https:\/\/advokatopaslaugos.lt\/wp-content\/uploads\/advokat-300x178.jpg 300w, https:\/\/advokatopaslaugos.lt\/wp-content\/uploads\/advokat-150x89.jpg 150w, https:\/\/advokatopaslaugos.lt\/wp-content\/uploads\/advokat-768x455.jpg 768w, https:\/\/advokatopaslaugos.lt\/wp-content\/uploads\/advokat.jpg 1200w\" sizes=\"(max-width: 1024px) 100vw, 1024px\" \/>\t\t\t\t\t\t\t\t\t\t\t\t\t\t\t<\/div>\n\t\t\t\t<\/div>\n\t\t\t\t\t<\/div>\n\t\t\t\t<\/div>\n\t\t<div class=\"elementor-element elementor-element-80e99ce e-flex e-con-boxed elementor-invisible e-con e-parent\" data-id=\"80e99ce\" data-element_type=\"container\" data-e-type=\"container\" data-settings=\"{&quot;background_background&quot;:&quot;classic&quot;,&quot;animation&quot;:&quot;fadeInUp&quot;}\">\n\t\t\t\t\t<div class=\"e-con-inner\">\n\t\t\t\t<div class=\"elementor-element elementor-element-553da19 elementor-widget elementor-widget-heading\" data-id=\"553da19\" data-element_type=\"widget\" data-e-type=\"widget\" data-widget_type=\"heading.default\">\n\t\t\t\t\t<h2 class=\"elementor-heading-title elementor-size-default\">Profesjonalna pomoc prawna<\/h2>\t\t\t\t<\/div>\n\t\t<div class=\"elementor-element elementor-element-f65205c e-con-full e-flex e-con e-child\" data-id=\"f65205c\" data-element_type=\"container\" data-e-type=\"container\">\n\t\t<div class=\"elementor-element elementor-element-32dbc12 e-con-full e-flex e-con e-child\" data-id=\"32dbc12\" data-element_type=\"container\" data-e-type=\"container\">\n\t\t\t\t<div class=\"elementor-element elementor-element-e796356 elementor-widget elementor-widget-text-editor\" data-id=\"e796356\" data-element_type=\"widget\" data-e-type=\"widget\" data-widget_type=\"text-editor.default\">\n\t\t\t\t\t\t\t\t\t<p>W nowoczesnym \u015bwiecie biznesu adwokat w Wilnie staje si\u0119 niezast\u0105pionym partnerem: adwokat do spraw prawa komercyjnego oraz adwokat do spraw w\u0142asno\u015bci intelektualnej pomagaj\u0105 chroni\u0107 warto\u015b\u0107 firmy. Specyficzne kwestie skutecznie rozwi\u0105zuj\u0105 adwokat do spraw prawa podatkowego, adwokat do spraw zam\u00f3wie\u0144 publicznych oraz adwokat do spraw migracji. Je\u015bli Twoje pytania dotycz\u0105 maj\u0105tku, profesjonaln\u0105 opini\u0119 przedstawi adwokat do spraw nieruchomo\u015bci oraz adwokat do spraw prawa ziemskiego. Wybieraj\u0105c eksperta z odpowiedniej dziedziny w Wilnie, zapewnisz sobie wszechstronne bezpiecze\u0144stwo prawne i profesjonaln\u0105 reprezentacj\u0119 w dowolnej instytucji.<\/p>\n\t\t\t\t\t\t\t\t<\/div>\n\t\t\t\t<div class=\"elementor-element elementor-element-ec666a5 elementor-widget elementor-widget-button\" data-id=\"ec666a5\" data-element_type=\"widget\" data-e-type=\"widget\" data-widget_type=\"button.default\">\n\t\t\t\t\t\t\t\t\t\t<a class=\"elementor-button elementor-button-link elementor-size-sm\" href=\"\">\n\t\t\t\t\t\t<span class=\"elementor-button-content-wrapper\">\n\t\t\t\t\t\t\t\t\t<span class=\"elementor-button-text\">+37060877800<\/span>\n\t\t\t\t\t<\/span>\n\t\t\t\t\t<\/a>\n\t\t\t\t\t\t\t\t<\/div>\n\t\t\t\t<\/div>\n\t\t<div class=\"elementor-element elementor-element-2b54524 e-con-full e-flex e-con e-child\" data-id=\"2b54524\" data-element_type=\"container\" data-e-type=\"container\">\n\t\t\t\t<div class=\"elementor-element elementor-element-81b99f7 elementor-button-align-stretch elementor-widget elementor-widget-form\" data-id=\"81b99f7\" data-element_type=\"widget\" data-e-type=\"widget\" data-settings=\"{&quot;step_next_label&quot;:&quot;Nast\\u0119pny&quot;,&quot;step_previous_label&quot;:&quot;Poprzedni&quot;,&quot;button_width&quot;:&quot;100&quot;,&quot;step_type&quot;:&quot;number_text&quot;,&quot;step_icon_shape&quot;:&quot;circle&quot;}\" data-widget_type=\"form.default\">\n\t\t\t\t\t\t\t<form class=\"elementor-form\" method=\"post\" id=\"ap1\" name=\"Zapytanie\" aria-label=\"Zapytanie\">\n\t\t\t<input type=\"hidden\" name=\"post_id\" value=\"962\"\/>\n\t\t\t<input type=\"hidden\" name=\"form_id\" value=\"81b99f7\"\/>\n\t\t\t<input type=\"hidden\" name=\"referer_title\" value=\"Adwokat w Wilnie - Advokato paslaugos\" \/>\n\n\t\t\t\t\t\t\t<input type=\"hidden\" name=\"queried_id\" value=\"962\"\/>\n\t\t\t\n\t\t\t<div class=\"elementor-form-fields-wrapper elementor-labels-\">\n\t\t\t\t\t\t\t\t<div class=\"elementor-field-type-text elementor-field-group elementor-column elementor-field-group-name elementor-col-100 elementor-field-required\">\n\t\t\t\t\t\t\t\t\t\t\t\t<label for=\"form-field-name\" class=\"elementor-field-label elementor-screen-only\">\n\t\t\t\t\t\t\t\tNazwa\t\t\t\t\t\t\t<\/label>\n\t\t\t\t\t\t\t\t\t\t\t\t\t\t<input size=\"1\" type=\"text\" name=\"form_fields[name]\" id=\"form-field-name\" class=\"elementor-field elementor-size-sm  elementor-field-textual\" placeholder=\"Nazwa\" required=\"required\">\n\t\t\t\t\t\t\t\t\t\t\t<\/div>\n\t\t\t\t\t\t\t\t<div class=\"elementor-field-type-email elementor-field-group elementor-column elementor-field-group-email elementor-col-100 elementor-field-required\">\n\t\t\t\t\t\t\t\t\t\t\t\t<label for=\"form-field-email\" class=\"elementor-field-label elementor-screen-only\">\n\t\t\t\t\t\t\t\tE-mail\t\t\t\t\t\t\t<\/label>\n\t\t\t\t\t\t\t\t\t\t\t\t\t\t<input size=\"1\" type=\"email\" name=\"form_fields[email]\" id=\"form-field-email\" class=\"elementor-field elementor-size-sm  elementor-field-textual\" placeholder=\"E-mail\" required=\"required\">\n\t\t\t\t\t\t\t\t\t\t\t<\/div>\n\t\t\t\t\t\t\t\t<div class=\"elementor-field-type-tel elementor-field-group elementor-column elementor-field-group-field_42f4eb6 elementor-col-100 elementor-field-required\">\n\t\t\t\t\t\t\t\t\t\t\t\t<label for=\"form-field-field_42f4eb6\" class=\"elementor-field-label elementor-screen-only\">\n\t\t\t\t\t\t\t\tTelefon\t\t\t\t\t\t\t<\/label>\n\t\t\t\t\t\t\t\t<input size=\"1\" type=\"tel\" name=\"form_fields[field_42f4eb6]\" id=\"form-field-field_42f4eb6\" class=\"elementor-field elementor-size-sm  elementor-field-textual\" placeholder=\"Telefon\" required=\"required\" pattern=\"[0-9()#&amp;+*-=.]+\" title=\"Only numbers and phone characters (#, -, *, etc) are accepted.\">\n\n\t\t\t\t\t\t<\/div>\n\t\t\t\t\t\t\t\t<div class=\"elementor-field-type-textarea elementor-field-group elementor-column elementor-field-group-message elementor-col-100 elementor-field-required\">\n\t\t\t\t\t\t\t\t\t\t\t\t<label for=\"form-field-message\" class=\"elementor-field-label elementor-screen-only\">\n\t\t\t\t\t\t\t\tKr\u00f3tko opisz sytuacj\u0119\t\t\t\t\t\t\t<\/label>\n\t\t\t\t\t\t<textarea class=\"elementor-field-textual elementor-field  elementor-size-sm\" name=\"form_fields[message]\" id=\"form-field-message\" rows=\"7\" placeholder=\"Kr\u00f3tko opisz sytuacj\u0119\" required=\"required\"><\/textarea>\t\t\t\t<\/div>\n\t\t\t\t\t\t\t\t<div class=\"elementor-field-type-recaptcha_v3 elementor-field-group elementor-column elementor-field-group-field_68a4a6d elementor-col-100 recaptcha_v3-bottomright\">\n\t\t\t\t\t<div class=\"elementor-field\" id=\"form-field-field_68a4a6d\"><div class=\"elementor-g-recaptcha\" data-sitekey=\"6Ld6W64sAAAAAE8svODokbULx6BQ9y9mrKno0dWl\" data-type=\"v3\" data-action=\"Form\" data-badge=\"bottomright\" data-size=\"invisible\"><\/div><\/div>\t\t\t\t<\/div>\n\t\t\t\t\t\t\t\t<div class=\"elementor-field-group elementor-column elementor-field-type-submit elementor-col-100 e-form__buttons\">\n\t\t\t\t\t<button class=\"elementor-button elementor-size-sm\" type=\"submit\">\n\t\t\t\t\t\t<span class=\"elementor-button-content-wrapper\">\n\t\t\t\t\t\t\t\t\t\t\t\t\t\t\t\t\t\t\t\t\t\t<span class=\"elementor-button-text\">Wys\u0142a\u0107<\/span>\n\t\t\t\t\t\t\t\t\t\t\t\t\t<\/span>\n\t\t\t\t\t<\/button>\n\t\t\t\t<\/div>\n\t\t\t<\/div>\n\t\t<\/form>\n\t\t\t\t\t\t<\/div>\n\t\t\t\t<\/div>\n\t\t\t\t<\/div>\n\t\t\t\t\t<\/div>\n\t\t\t\t<\/div>\n\t\t\t\t<\/div>\n\t\t","protected":false},"excerpt":{"rendered":"<p>Adwokat w Wilnie Wykwalifikowany adwokat w Wilnie to Twoja gwarancja sprawiedliwo\u015bci w najbardziej skomplikowanych procesach prawnych. Pracuj\u0105cy w stolicy adwokat do spraw karnych oraz adwokat do spraw gospodarczych zapewni\u0105 profesjonaln\u0105 obron\u0119, a adwokat do spraw administracyjnych pomo\u017ce w sporach z organami w\u0142adzy. Do rozwi\u0105zywania problem\u00f3w rodzinnych anga\u017cowany jest adwokat od prawa rodzinnego lub wyspecjalizowany adwokat [&hellip;]<\/p>\n","protected":false},"author":1,"featured_media":0,"parent":0,"menu_order":0,"comment_status":"closed","ping_status":"closed","template":"","meta":{"_acf_changed":false,"footnotes":""},"class_list":["post-962","page","type-page","status-publish","hentry"],"acf":[],"_links":{"self":[{"href":"https:\/\/advokatopaslaugos.lt\/pl\/wp-json\/wp\/v2\/pages\/962","targetHints":{"allow":["GET"]}}],"collection":[{"href":"https:\/\/advokatopaslaugos.lt\/pl\/wp-json\/wp\/v2\/pages"}],"about":[{"href":"https:\/\/advokatopaslaugos.lt\/pl\/wp-json\/wp\/v2\/types\/page"}],"author":[{"embeddable":true,"href":"https:\/\/advokatopaslaugos.lt\/pl\/wp-json\/wp\/v2\/users\/1"}],"replies":[{"embeddable":true,"href":"https:\/\/advokatopaslaugos.lt\/pl\/wp-json\/wp\/v2\/comments?post=962"}],"version-history":[{"count":1,"href":"https:\/\/advokatopaslaugos.lt\/pl\/wp-json\/wp\/v2\/pages\/962\/revisions"}],"predecessor-version":[{"id":963,"href":"https:\/\/advokatopaslaugos.lt\/pl\/wp-json\/wp\/v2\/pages\/962\/revisions\/963"}],"wp:attachment":[{"href":"https:\/\/advokatopaslaugos.lt\/pl\/wp-json\/wp\/v2\/media?parent=962"}],"curies":[{"name":"wp","href":"https:\/\/api.w.org\/{rel}","templated":true}]}}