{"id":966,"date":"2026-02-05T17:49:23","date_gmt":"2026-02-05T15:49:23","guid":{"rendered":"https:\/\/advokatopaslaugos.lt\/%d0%b0%d0%b4%d0%b2%d0%be%d0%ba%d0%b0%d1%82-%d1%83-%d0%b2%d1%96%d0%bb%d1%8c%d0%bd%d1%8e%d1%81%d1%96\/"},"modified":"2026-04-09T09:38:12","modified_gmt":"2026-04-09T07:38:12","slug":"%d0%b0%d0%b4%d0%b2%d0%be%d0%ba%d0%b0%d1%82-%d1%83-%d0%b2%d1%96%d0%bb%d1%8c%d0%bd%d1%8e%d1%81%d1%96","status":"publish","type":"page","link":"https:\/\/advokatopaslaugos.lt\/uk\/%d0%b0%d0%b4%d0%b2%d0%be%d0%ba%d0%b0%d1%82-%d1%83-%d0%b2%d1%96%d0%bb%d1%8c%d0%bd%d1%8e%d1%81%d1%96\/","title":{"rendered":"\u0410\u0434\u0432\u043e\u043a\u0430\u0442 \u0443 \u0412\u0456\u043b\u044c\u043d\u044e\u0441\u0456"},"content":{"rendered":"\t\t<div data-elementor-type=\"wp-page\" data-elementor-id=\"966\" class=\"elementor elementor-966 elementor-764\" data-elementor-post-type=\"page\">\n\t\t\t\t<div class=\"elementor-element elementor-element-424b22e e-flex e-con-boxed elementor-invisible e-con e-parent\" data-id=\"424b22e\" data-element_type=\"container\" data-e-type=\"container\" data-settings=\"{&quot;animation&quot;:&quot;fadeInUp&quot;,&quot;animation_delay&quot;:500}\">\n\t\t\t\t\t<div class=\"e-con-inner\">\n\t\t<div class=\"elementor-element elementor-element-18a86b3 e-con-full e-flex e-con e-child\" data-id=\"18a86b3\" data-element_type=\"container\" data-e-type=\"container\">\n\t\t\t\t<div class=\"elementor-element elementor-element-dff6361 elementor-widget elementor-widget-heading\" data-id=\"dff6361\" data-element_type=\"widget\" data-e-type=\"widget\" data-widget_type=\"heading.default\">\n\t\t\t\t\t<h1 class=\"elementor-heading-title elementor-size-default\">\u0410\u0434\u0432\u043e\u043a\u0430\u0442 \u0443 \u0412\u0456\u043b\u044c\u043d\u044e\u0441\u0456<\/h1>\t\t\t\t<\/div>\n\t\t\t\t<div class=\"elementor-element elementor-element-549b2e6 elementor-widget elementor-widget-text-editor\" data-id=\"549b2e6\" data-element_type=\"widget\" data-e-type=\"widget\" data-widget_type=\"text-editor.default\">\n\t\t\t\t\t\t\t\t\t<p>\u041a\u0432\u0430\u043b\u0456\u0444\u0456\u043a\u043e\u0432\u0430\u043d\u0438\u0439 \u0430\u0434\u0432\u043e\u043a\u0430\u0442 \u0443 \u0412\u0456\u043b\u044c\u043d\u044e\u0441\u0456 \u2013 \u0446\u0435 \u0432\u0430\u0448 \u0433\u0430\u0440\u0430\u043d\u0442 \u0441\u043f\u0440\u0430\u0432\u0435\u0434\u043b\u0438\u0432\u043e\u0441\u0442\u0456 \u0443 \u043d\u0430\u0439\u0441\u043a\u043b\u0430\u0434\u043d\u0456\u0448\u0438\u0445 \u044e\u0440\u0438\u0434\u0438\u0447\u043d\u0438\u0445 \u043f\u0440\u043e\u0446\u0435\u0441\u0430\u0445. \u0410\u0434\u0432\u043e\u043a\u0430\u0442 \u0443 \u043a\u0440\u0438\u043c\u0456\u043d\u0430\u043b\u044c\u043d\u0438\u0445 \u0441\u043f\u0440\u0430\u0432\u0430\u0445 \u0442\u0430 \u0430\u0434\u0432\u043e\u043a\u0430\u0442 \u0437 \u0435\u043a\u043e\u043d\u043e\u043c\u0456\u0447\u043d\u0438\u0445 \u0437\u043b\u043e\u0447\u0438\u043d\u0456\u0432, \u044f\u043a\u0456 \u043f\u0440\u0430\u0446\u044e\u044e\u0442\u044c \u0443 \u0441\u0442\u043e\u043b\u0438\u0446\u0456, \u0437\u0430\u0431\u0435\u0437\u043f\u0435\u0447\u0430\u0442\u044c \u043f\u0440\u043e\u0444\u0435\u0441\u0456\u0439\u043d\u0438\u0439 \u0437\u0430\u0445\u0438\u0441\u0442, \u0430 \u0430\u0434\u0432\u043e\u043a\u0430\u0442 \u0437 \u0430\u0434\u043c\u0456\u043d\u0456\u0441\u0442\u0440\u0430\u0442\u0438\u0432\u043d\u043e\u0433\u043e \u043f\u0440\u0430\u0432\u0430 \u0434\u043e\u043f\u043e\u043c\u043e\u0436\u0435 \u0443 \u0441\u043f\u043e\u0440\u0430\u0445 \u0437 \u043e\u0440\u0433\u0430\u043d\u0430\u043c\u0438 \u0432\u043b\u0430\u0434\u0438. \u0414\u043b\u044f \u0432\u0438\u0440\u0456\u0448\u0435\u043d\u043d\u044f \u0441\u0456\u043c\u0435\u0439\u043d\u0438\u0445 \u043f\u0440\u043e\u0431\u043b\u0435\u043c \u0437\u0430\u043b\u0443\u0447\u0430\u0454\u0442\u044c\u0441\u044f \u0430\u0434\u0432\u043e\u043a\u0430\u0442 \u0437 \u0441\u0456\u043c\u0435\u0439\u043d\u043e\u0433\u043e \u043f\u0440\u0430\u0432\u0430 \u0430\u0431\u043e \u0441\u043f\u0435\u0446\u0456\u0430\u043b\u0456\u0437\u043e\u0432\u0430\u043d\u0438\u0439 \u0430\u0434\u0432\u043e\u043a\u0430\u0442 \u0437 \u0440\u043e\u0437\u043b\u0443\u0447\u0435\u043d\u044c, \u0430 \u0431\u0435\u0437\u043f\u0435\u043a\u0443 \u0437\u0430\u0431\u0435\u0437\u043f\u0435\u0447\u0443\u0454 \u0430\u0434\u0432\u043e\u043a\u0430\u0442 \u0437 \u043f\u0438\u0442\u0430\u043d\u044c \u0434\u043e\u043c\u0430\u0448\u043d\u044c\u043e\u0433\u043e \u043d\u0430\u0441\u0438\u043b\u044c\u0441\u0442\u0432\u0430. \u0426\u0438\u0432\u0456\u043b\u044c\u043d\u0456 \u0432\u0456\u0434\u043d\u043e\u0441\u0438\u043d\u0438 \u0434\u043e\u043f\u043e\u043c\u0430\u0433\u0430\u044e\u0442\u044c \u0440\u0435\u0433\u0443\u043b\u044e\u0432\u0430\u0442\u0438 \u0430\u0434\u0432\u043e\u043a\u0430\u0442 \u0437 \u0446\u0438\u0432\u0456\u043b\u044c\u043d\u043e\u0433\u043e \u043f\u0440\u0430\u0432\u0430 \u0442\u0430 \u0430\u0434\u0432\u043e\u043a\u0430\u0442 \u0456\u0437 \u0437\u043e\u0431\u043e\u0432&#8217;\u044f\u0437\u0430\u043d\u044c \u0456 \u0434\u043e\u0433\u043e\u0432\u043e\u0440\u0456\u0432, \u0430 \u0441\u043f\u043e\u0440\u0438 \u043c\u0456\u0436 \u0440\u043e\u0431\u043e\u0442\u043e\u0434\u0430\u0432\u0446\u044f\u043c\u0438 \u0442\u0430 \u043f\u0440\u0430\u0446\u0456\u0432\u043d\u0438\u043a\u0430\u043c\u0438 \u0432\u0438\u0440\u0456\u0448\u0443\u0454 \u0430\u0434\u0432\u043e\u043a\u0430\u0442 \u0437 \u0442\u0440\u0443\u0434\u043e\u0432\u043e\u0433\u043e \u043f\u0440\u0430\u0432\u0430.<\/p>\n\t\t\t\t\t\t\t\t<\/div>\n\t\t\t\t<\/div>\n\t\t<div class=\"elementor-element elementor-element-298626b e-con-full e-flex e-con e-child\" data-id=\"298626b\" data-element_type=\"container\" data-e-type=\"container\">\n\t\t\t\t<div class=\"elementor-element elementor-element-6118531 elementor-widget elementor-widget-image\" data-id=\"6118531\" data-element_type=\"widget\" data-e-type=\"widget\" data-widget_type=\"image.default\">\n\t\t\t\t\t\t\t\t\t\t\t\t\t\t\t<img fetchpriority=\"high\" decoding=\"async\" width=\"1024\" height=\"607\" src=\"https:\/\/advokatopaslaugos.lt\/wp-content\/uploads\/advokat-1024x607.jpg\" class=\"attachment-large size-large wp-image-695\" alt=\"Vie\u0161\u0173j\u0173 pirkim\u0173 advokatas\" srcset=\"https:\/\/advokatopaslaugos.lt\/wp-content\/uploads\/advokat-1024x607.jpg 1024w, https:\/\/advokatopaslaugos.lt\/wp-content\/uploads\/advokat-300x178.jpg 300w, https:\/\/advokatopaslaugos.lt\/wp-content\/uploads\/advokat-150x89.jpg 150w, https:\/\/advokatopaslaugos.lt\/wp-content\/uploads\/advokat-768x455.jpg 768w, https:\/\/advokatopaslaugos.lt\/wp-content\/uploads\/advokat.jpg 1200w\" sizes=\"(max-width: 1024px) 100vw, 1024px\" \/>\t\t\t\t\t\t\t\t\t\t\t\t\t\t\t<\/div>\n\t\t\t\t<\/div>\n\t\t\t\t\t<\/div>\n\t\t\t\t<\/div>\n\t\t<div class=\"elementor-element elementor-element-80e99ce e-flex e-con-boxed elementor-invisible e-con e-parent\" data-id=\"80e99ce\" data-element_type=\"container\" data-e-type=\"container\" data-settings=\"{&quot;background_background&quot;:&quot;classic&quot;,&quot;animation&quot;:&quot;fadeInUp&quot;}\">\n\t\t\t\t\t<div class=\"e-con-inner\">\n\t\t\t\t<div class=\"elementor-element elementor-element-553da19 elementor-widget elementor-widget-heading\" data-id=\"553da19\" data-element_type=\"widget\" data-e-type=\"widget\" data-widget_type=\"heading.default\">\n\t\t\t\t\t<h2 class=\"elementor-heading-title elementor-size-default\">\u041f\u0440\u043e\u0444\u0435\u0441\u0456\u0439\u043d\u0430 \u0434\u043e\u043f\u043e\u043c\u043e\u0433\u0430<\/h2>\t\t\t\t<\/div>\n\t\t<div class=\"elementor-element elementor-element-f65205c e-con-full e-flex e-con e-child\" data-id=\"f65205c\" data-element_type=\"container\" data-e-type=\"container\">\n\t\t<div class=\"elementor-element elementor-element-32dbc12 e-con-full e-flex e-con e-child\" data-id=\"32dbc12\" data-element_type=\"container\" data-e-type=\"container\">\n\t\t\t\t<div class=\"elementor-element elementor-element-e796356 elementor-widget elementor-widget-text-editor\" data-id=\"e796356\" data-element_type=\"widget\" data-e-type=\"widget\" data-widget_type=\"text-editor.default\">\n\t\t\t\t\t\t\t\t\t<p>\u0423 \u0441\u0443\u0447\u0430\u0441\u043d\u043e\u043c\u0443 \u0441\u0432\u0456\u0442\u0456 \u0431\u0456\u0437\u043d\u0435\u0441\u0443 \u0430\u0434\u0432\u043e\u043a\u0430\u0442 \u0443 \u0412\u0456\u043b\u044c\u043d\u044e\u0441\u0456 \u0441\u0442\u0430\u0454 \u043d\u0435\u0437\u0430\u043c\u0456\u043d\u043d\u0438\u043c \u043f\u0430\u0440\u0442\u043d\u0435\u0440\u043e\u043c: \u0430\u0434\u0432\u043e\u043a\u0430\u0442 \u0456\u0437 \u043a\u043e\u043c\u0435\u0440\u0446\u0456\u0439\u043d\u043e\u0433\u043e \u043f\u0440\u0430\u0432\u0430 \u0442\u0430 \u0430\u0434\u0432\u043e\u043a\u0430\u0442 \u0437 \u0456\u043d\u0442\u0435\u043b\u0435\u043a\u0442\u0443\u0430\u043b\u044c\u043d\u043e\u0457 \u0432\u043b\u0430\u0441\u043d\u043e\u0441\u0442\u0456 \u0434\u043e\u043f\u043e\u043c\u0430\u0433\u0430\u044e\u0442\u044c \u0437\u0430\u0445\u0438\u0441\u0442\u0438\u0442\u0438 \u0446\u0456\u043d\u043d\u0456\u0441\u0442\u044c \u043a\u043e\u043c\u043f\u0430\u043d\u0456\u0457. \u0421\u043f\u0435\u0446\u0438\u0444\u0456\u0447\u043d\u0456 \u043f\u0438\u0442\u0430\u043d\u043d\u044f \u0443\u0441\u043f\u0456\u0448\u043d\u043e \u0432\u0438\u0440\u0456\u0448\u0443\u044e\u0442\u044c \u0430\u0434\u0432\u043e\u043a\u0430\u0442 \u0456\u0437 \u043f\u043e\u0434\u0430\u0442\u043a\u043e\u0432\u043e\u0433\u043e \u043f\u0440\u0430\u0432\u0430, \u0430\u0434\u0432\u043e\u043a\u0430\u0442 \u0456\u0437 \u0434\u0435\u0440\u0436\u0430\u0432\u043d\u0438\u0445 \u0437\u0430\u043a\u0443\u043f\u0456\u0432\u0435\u043b\u044c \u0442\u0430 \u0430\u0434\u0432\u043e\u043a\u0430\u0442 \u0456\u0437 \u043c\u0456\u0433\u0440\u0430\u0446\u0456\u0439\u043d\u0438\u0445 \u043f\u0438\u0442\u0430\u043d\u044c. \u042f\u043a\u0449\u043e \u0432\u0430\u0448\u0456 \u043f\u0438\u0442\u0430\u043d\u043d\u044f \u043f\u043e\u0432&#8217;\u044f\u0437\u0430\u043d\u0456 \u0437 \u043c\u0430\u0439\u043d\u043e\u043c, \u043f\u0440\u043e\u0444\u0435\u0441\u0456\u0439\u043d\u0443 \u0434\u0443\u043c\u043a\u0443 \u043d\u0430\u0434\u0430\u0434\u0443\u0442\u044c \u0430\u0434\u0432\u043e\u043a\u0430\u0442 \u0456\u0437 \u043d\u0435\u0440\u0443\u0445\u043e\u043c\u043e\u0441\u0442\u0456 \u0442\u0430 \u0430\u0434\u0432\u043e\u043a\u0430\u0442 \u0456\u0437 \u0437\u0435\u043c\u0435\u043b\u044c\u043d\u043e\u0433\u043e \u043f\u0440\u0430\u0432\u0430. \u041e\u0431\u0440\u0430\u0432\u0448\u0438 \u0435\u043a\u0441\u043f\u0435\u0440\u0442\u0430 \u0432\u0456\u0434\u043f\u043e\u0432\u0456\u0434\u043d\u043e\u0457 \u0433\u0430\u043b\u0443\u0437\u0456 \u0443 \u0412\u0456\u043b\u044c\u043d\u044e\u0441\u0456, \u0432\u0438 \u0437\u0430\u0431\u0435\u0437\u043f\u0435\u0447\u0438\u0442\u0435 \u0441\u043e\u0431\u0456 \u0432\u0441\u0435\u0431\u0456\u0447\u043d\u0443 \u043f\u0440\u0430\u0432\u043e\u0432\u0443 \u0431\u0435\u0437\u043f\u0435\u043a\u0443 \u0442\u0430 \u043f\u0440\u043e\u0444\u0435\u0441\u0456\u0439\u043d\u0435 \u043f\u0440\u0435\u0434\u0441\u0442\u0430\u0432\u043d\u0438\u0446\u0442\u0432\u043e \u0432 \u0431\u0443\u0434\u044c-\u044f\u043a\u0456\u0439 \u0443\u0441\u0442\u0430\u043d\u043e\u0432\u0456.<\/p>\n\t\t\t\t\t\t\t\t<\/div>\n\t\t\t\t<div class=\"elementor-element elementor-element-ec666a5 elementor-widget elementor-widget-button\" data-id=\"ec666a5\" data-element_type=\"widget\" data-e-type=\"widget\" data-widget_type=\"button.default\">\n\t\t\t\t\t\t\t\t\t\t<a class=\"elementor-button elementor-button-link elementor-size-sm\" href=\"tel:+37060877800\">\n\t\t\t\t\t\t<span class=\"elementor-button-content-wrapper\">\n\t\t\t\t\t\t\t\t\t<span class=\"elementor-button-text\">+37060877800<\/span>\n\t\t\t\t\t<\/span>\n\t\t\t\t\t<\/a>\n\t\t\t\t\t\t\t\t<\/div>\n\t\t\t\t<\/div>\n\t\t<div class=\"elementor-element elementor-element-2b54524 e-con-full e-flex e-con e-child\" data-id=\"2b54524\" data-element_type=\"container\" data-e-type=\"container\">\n\t\t\t\t<div class=\"elementor-element elementor-element-81b99f7 elementor-button-align-stretch elementor-widget elementor-widget-form\" data-id=\"81b99f7\" data-element_type=\"widget\" data-e-type=\"widget\" data-settings=\"{&quot;step_next_label&quot;:&quot;\\u0414\\u0430\\u043b\\u0456&quot;,&quot;step_previous_label&quot;:&quot;\\u041f\\u043e\\u043f\\u0435\\u0440\\u0435\\u0434\\u043d\\u0456\\u0439&quot;,&quot;button_width&quot;:&quot;100&quot;,&quot;step_type&quot;:&quot;number_text&quot;,&quot;step_icon_shape&quot;:&quot;circle&quot;}\" data-widget_type=\"form.default\">\n\t\t\t\t\t\t\t<form class=\"elementor-form\" method=\"post\" id=\"ap1\" name=\"\u0417\u0430\u043f\u0438\u0442\" aria-label=\"\u0417\u0430\u043f\u0438\u0442\">\n\t\t\t<input type=\"hidden\" name=\"post_id\" value=\"966\"\/>\n\t\t\t<input type=\"hidden\" name=\"form_id\" value=\"81b99f7\"\/>\n\t\t\t<input type=\"hidden\" name=\"referer_title\" value=\"\u0410\u0434\u0432\u043e\u043a\u0430\u0442 \u0443 \u0412\u0456\u043b\u044c\u043d\u044e\u0441\u0456 - Advokato paslaugos\" \/>\n\n\t\t\t\t\t\t\t<input type=\"hidden\" name=\"queried_id\" value=\"966\"\/>\n\t\t\t\n\t\t\t<div class=\"elementor-form-fields-wrapper elementor-labels-\">\n\t\t\t\t\t\t\t\t<div class=\"elementor-field-type-text elementor-field-group elementor-column elementor-field-group-name elementor-col-100 elementor-field-required\">\n\t\t\t\t\t\t\t\t\t\t\t\t<label for=\"form-field-name\" class=\"elementor-field-label elementor-screen-only\">\n\t\t\t\t\t\t\t\t\u0406\u043c'\u044f\t\t\t\t\t\t\t<\/label>\n\t\t\t\t\t\t\t\t\t\t\t\t\t\t<input size=\"1\" type=\"text\" name=\"form_fields[name]\" id=\"form-field-name\" class=\"elementor-field elementor-size-sm  elementor-field-textual\" placeholder=\"\u0406\u043c&#039;\u044f\" required=\"required\">\n\t\t\t\t\t\t\t\t\t\t\t<\/div>\n\t\t\t\t\t\t\t\t<div class=\"elementor-field-type-email elementor-field-group elementor-column elementor-field-group-email elementor-col-100 elementor-field-required\">\n\t\t\t\t\t\t\t\t\t\t\t\t<label for=\"form-field-email\" class=\"elementor-field-label elementor-screen-only\">\n\t\t\t\t\t\t\t\t\u0415\u043b\u0435\u043a\u0442\u0440\u043e\u043d\u043d\u0430 \u043f\u043e\u0448\u0442\u0430\t\t\t\t\t\t\t<\/label>\n\t\t\t\t\t\t\t\t\t\t\t\t\t\t<input size=\"1\" type=\"email\" name=\"form_fields[email]\" id=\"form-field-email\" class=\"elementor-field elementor-size-sm  elementor-field-textual\" placeholder=\"\u0415\u043b\u0435\u043a\u0442\u0440\u043e\u043d\u043d\u0430 \u043f\u043e\u0448\u0442\u0430\" required=\"required\">\n\t\t\t\t\t\t\t\t\t\t\t<\/div>\n\t\t\t\t\t\t\t\t<div class=\"elementor-field-type-tel elementor-field-group elementor-column elementor-field-group-field_42f4eb6 elementor-col-100 elementor-field-required\">\n\t\t\t\t\t\t\t\t\t\t\t\t<label for=\"form-field-field_42f4eb6\" class=\"elementor-field-label elementor-screen-only\">\n\t\t\t\t\t\t\t\t\u0422\u0435\u043b\u0435\u0444\u043e\u043d\t\t\t\t\t\t\t<\/label>\n\t\t\t\t\t\t\t\t<input size=\"1\" type=\"tel\" name=\"form_fields[field_42f4eb6]\" id=\"form-field-field_42f4eb6\" class=\"elementor-field elementor-size-sm  elementor-field-textual\" placeholder=\"\u0422\u0435\u043b\u0435\u0444\u043e\u043d\" required=\"required\" pattern=\"[0-9()#&amp;+*-=.]+\" title=\"Only numbers and phone characters (#, -, *, etc) are accepted.\">\n\n\t\t\t\t\t\t<\/div>\n\t\t\t\t\t\t\t\t<div class=\"elementor-field-type-textarea elementor-field-group elementor-column elementor-field-group-message elementor-col-100 elementor-field-required\">\n\t\t\t\t\t\t\t\t\t\t\t\t<label for=\"form-field-message\" class=\"elementor-field-label elementor-screen-only\">\n\t\t\t\t\t\t\t\t\u041a\u043e\u0440\u043e\u0442\u043a\u043e \u043e\u043f\u0438\u0448\u0456\u0442\u044c \u0441\u0438\u0442\u0443\u0430\u0446\u0456\u044e\t\t\t\t\t\t\t<\/label>\n\t\t\t\t\t\t<textarea class=\"elementor-field-textual elementor-field  elementor-size-sm\" name=\"form_fields[message]\" id=\"form-field-message\" rows=\"7\" placeholder=\"\u041a\u043e\u0440\u043e\u0442\u043a\u043e \u043e\u043f\u0438\u0448\u0456\u0442\u044c \u0441\u0438\u0442\u0443\u0430\u0446\u0456\u044e\" required=\"required\"><\/textarea>\t\t\t\t<\/div>\n\t\t\t\t\t\t\t\t<div class=\"elementor-field-type-recaptcha_v3 elementor-field-group elementor-column elementor-field-group-field_68a4a6d elementor-col-100 recaptcha_v3-bottomright\">\n\t\t\t\t\t<div class=\"elementor-field\" id=\"form-field-field_68a4a6d\"><div class=\"elementor-g-recaptcha\" data-sitekey=\"6Ld6W64sAAAAAE8svODokbULx6BQ9y9mrKno0dWl\" data-type=\"v3\" data-action=\"Form\" data-badge=\"bottomright\" data-size=\"invisible\"><\/div><\/div>\t\t\t\t<\/div>\n\t\t\t\t\t\t\t\t<div class=\"elementor-field-group elementor-column elementor-field-type-submit elementor-col-100 e-form__buttons\">\n\t\t\t\t\t<button class=\"elementor-button elementor-size-sm\" type=\"submit\">\n\t\t\t\t\t\t<span class=\"elementor-button-content-wrapper\">\n\t\t\t\t\t\t\t\t\t\t\t\t\t\t\t\t\t\t\t\t\t\t<span class=\"elementor-button-text\">\u041d\u0430\u0434\u0456\u0441\u043b\u0430\u0442\u0438<\/span>\n\t\t\t\t\t\t\t\t\t\t\t\t\t<\/span>\n\t\t\t\t\t<\/button>\n\t\t\t\t<\/div>\n\t\t\t<\/div>\n\t\t<\/form>\n\t\t\t\t\t\t<\/div>\n\t\t\t\t<\/div>\n\t\t\t\t<\/div>\n\t\t\t\t\t<\/div>\n\t\t\t\t<\/div>\n\t\t\t\t<\/div>\n\t\t","protected":false},"excerpt":{"rendered":"<p>\u0410\u0434\u0432\u043e\u043a\u0430\u0442 \u0443 \u0412\u0456\u043b\u044c\u043d\u044e\u0441\u0456 \u041a\u0432\u0430\u043b\u0456\u0444\u0456\u043a\u043e\u0432\u0430\u043d\u0438\u0439 \u0430\u0434\u0432\u043e\u043a\u0430\u0442 \u0443 \u0412\u0456\u043b\u044c\u043d\u044e\u0441\u0456 \u2013 \u0446\u0435 \u0432\u0430\u0448 \u0433\u0430\u0440\u0430\u043d\u0442 \u0441\u043f\u0440\u0430\u0432\u0435\u0434\u043b\u0438\u0432\u043e\u0441\u0442\u0456 \u0443 \u043d\u0430\u0439\u0441\u043a\u043b\u0430\u0434\u043d\u0456\u0448\u0438\u0445 \u044e\u0440\u0438\u0434\u0438\u0447\u043d\u0438\u0445 \u043f\u0440\u043e\u0446\u0435\u0441\u0430\u0445. \u0410\u0434\u0432\u043e\u043a\u0430\u0442 \u0443 \u043a\u0440\u0438\u043c\u0456\u043d\u0430\u043b\u044c\u043d\u0438\u0445 \u0441\u043f\u0440\u0430\u0432\u0430\u0445 \u0442\u0430 \u0430\u0434\u0432\u043e\u043a\u0430\u0442 \u0437 \u0435\u043a\u043e\u043d\u043e\u043c\u0456\u0447\u043d\u0438\u0445 \u0437\u043b\u043e\u0447\u0438\u043d\u0456\u0432, \u044f\u043a\u0456 \u043f\u0440\u0430\u0446\u044e\u044e\u0442\u044c \u0443 \u0441\u0442\u043e\u043b\u0438\u0446\u0456, \u0437\u0430\u0431\u0435\u0437\u043f\u0435\u0447\u0430\u0442\u044c \u043f\u0440\u043e\u0444\u0435\u0441\u0456\u0439\u043d\u0438\u0439 \u0437\u0430\u0445\u0438\u0441\u0442, \u0430 \u0430\u0434\u0432\u043e\u043a\u0430\u0442 \u0437 \u0430\u0434\u043c\u0456\u043d\u0456\u0441\u0442\u0440\u0430\u0442\u0438\u0432\u043d\u043e\u0433\u043e \u043f\u0440\u0430\u0432\u0430 \u0434\u043e\u043f\u043e\u043c\u043e\u0436\u0435 \u0443 \u0441\u043f\u043e\u0440\u0430\u0445 \u0437 \u043e\u0440\u0433\u0430\u043d\u0430\u043c\u0438 \u0432\u043b\u0430\u0434\u0438. \u0414\u043b\u044f \u0432\u0438\u0440\u0456\u0448\u0435\u043d\u043d\u044f \u0441\u0456\u043c\u0435\u0439\u043d\u0438\u0445 \u043f\u0440\u043e\u0431\u043b\u0435\u043c \u0437\u0430\u043b\u0443\u0447\u0430\u0454\u0442\u044c\u0441\u044f \u0430\u0434\u0432\u043e\u043a\u0430\u0442 \u0437 \u0441\u0456\u043c\u0435\u0439\u043d\u043e\u0433\u043e \u043f\u0440\u0430\u0432\u0430 \u0430\u0431\u043e \u0441\u043f\u0435\u0446\u0456\u0430\u043b\u0456\u0437\u043e\u0432\u0430\u043d\u0438\u0439 \u0430\u0434\u0432\u043e\u043a\u0430\u0442 [&hellip;]<\/p>\n","protected":false},"author":1,"featured_media":0,"parent":0,"menu_order":0,"comment_status":"closed","ping_status":"closed","template":"","meta":{"_acf_changed":false,"footnotes":""},"class_list":["post-966","page","type-page","status-publish","hentry"],"acf":[],"_links":{"self":[{"href":"https:\/\/advokatopaslaugos.lt\/uk\/wp-json\/wp\/v2\/pages\/966","targetHints":{"allow":["GET"]}}],"collection":[{"href":"https:\/\/advokatopaslaugos.lt\/uk\/wp-json\/wp\/v2\/pages"}],"about":[{"href":"https:\/\/advokatopaslaugos.lt\/uk\/wp-json\/wp\/v2\/types\/page"}],"author":[{"embeddable":true,"href":"https:\/\/advokatopaslaugos.lt\/uk\/wp-json\/wp\/v2\/users\/1"}],"replies":[{"embeddable":true,"href":"https:\/\/advokatopaslaugos.lt\/uk\/wp-json\/wp\/v2\/comments?post=966"}],"version-history":[{"count":1,"href":"https:\/\/advokatopaslaugos.lt\/uk\/wp-json\/wp\/v2\/pages\/966\/revisions"}],"predecessor-version":[{"id":967,"href":"https:\/\/advokatopaslaugos.lt\/uk\/wp-json\/wp\/v2\/pages\/966\/revisions\/967"}],"wp:attachment":[{"href":"https:\/\/advokatopaslaugos.lt\/uk\/wp-json\/wp\/v2\/media?parent=966"}],"curies":[{"name":"wp","href":"https:\/\/api.w.org\/{rel}","templated":true}]}}